{"id":4982,"date":"2025-10-27T17:22:17","date_gmt":"2025-10-27T17:22:17","guid":{"rendered":"https:\/\/airsps.com\/stock\/kategorilenmemis\/mi-8amt-satilik-2017-dusuk-saatli-helikopter-malaysia\/"},"modified":"2025-11-15T15:26:24","modified_gmt":"2025-11-15T15:26:24","slug":"mi-8amt-satilik-2017-dusuk-saatli-helikopter-malaysia","status":"publish","type":"product","link":"https:\/\/airsps.com\/tr\/stok\/satilik-ucaklar\/satilik-helikopterler\/mi-8amt-satilik-2017-dusuk-saatli-helikopter-malaysia\/","title":{"rendered":"Mi-8AMT (2017) D\u00fc\u015f\u00fck Saatli, Tam Donan\u0131ml\u0131 &#8211; Malezya"},"content":{"rendered":"<h3 data-start=\"1267\" data-end=\"1292\"><strong data-start=\"1271\" data-end=\"1292\">U\u00e7ak Genel Bak\u0131\u015f<\/strong><\/h3>\n<p data-start=\"1293\" data-end=\"1642\">2017 y\u0131l\u0131nda \u00fcretilen bu <a title=\"Sat\u0131l\u0131k Mi-8AMT Kargo Helikopteri\" href=\"https:\/\/airsps.com\/stock\/aircraft-for-sale\/helicopters\/mi-8amt-cargo-helicopter-for-sale-2009-3506\/\" rel=\"\">Mil Mi-8AMT<\/a> (ihracat tan\u0131m\u0131yla <a title=\"2005 Mi-17 V5 Nakliye\" href=\"https:\/\/airsps.com\/stock\/aircraft-for-sale\/helicopters\/2005-mi-17-v5-transport-helicopter-for-sale-1741\/\" rel=\"\">Mi-17-1V olarak da bilinir<\/a>), ola\u011fan\u00fcst\u00fc \u00e7ok y\u00f6nl\u00fcl\u00fc\u011f\u00fc, y\u00fck kapasitesi ve her t\u00fcrl\u00fc hava ko\u015fulunda performans\u0131yla bilinen ikonik Mi-8 serisinin en son evrimini temsil ediyor.<br data-start=\"1546\" data-end=\"1549\"><strong data-start=\"1558\" data-end=\"1570\">Malezya&#8217;da<\/strong> konu\u015flu helikopter, inceleme ve teslimat i\u00e7in hemen haz\u0131r.<\/p>\n<h3 data-start=\"1872\" data-end=\"1908\"><strong data-start=\"1876\" data-end=\"1908\">Performans ve Yetenekler<\/strong><\/h3>\n<p data-start=\"1909\" data-end=\"2134\">\u0130ki adet TV3-117VM motoruyla donat\u0131lan bu Mi-8AMT, ola\u011fan\u00fcst\u00fc g\u00fcvenilirlik, s\u0131cak ve y\u00fcksek performans ve g\u00fc\u00e7l\u00fc kald\u0131rma kabiliyeti sunuyor. Hem sivil hem de kamu operasyonlar\u0131 i\u00e7in tasarlanan helikopter, a\u015fa\u011f\u0131dakiler i\u00e7in idealdir:<\/p>\n<ul data-start=\"2135\" data-end=\"2298\">\n<li data-start=\"2135\" data-end=\"2166\">\n<p data-start=\"2137\" data-end=\"2166\">Yolcu ve VIP ta\u015f\u0131mac\u0131l\u0131\u011f\u0131<\/p>\n<\/li>\n<li data-start=\"2167\" data-end=\"2203\">\n<p data-start=\"2169\" data-end=\"2203\">Kargo ve d\u0131\u015f y\u00fck g\u00f6revleri<\/p>\n<\/li>\n<li data-start=\"2204\" data-end=\"2242\">\n<p data-start=\"2206\" data-end=\"2242\">Arama ve kurtarma (SAR) operasyonlar\u0131<\/p>\n<\/li>\n<li data-start=\"2243\" data-end=\"2265\">\n<p data-start=\"2245\" data-end=\"2265\">Arama ve kurtarma (SAR) operasyonlar\u0131<\/p>\n<\/li>\n<li data-start=\"2266\" data-end=\"2298\">\n<p data-start=\"2268\" data-end=\"2298\">T\u0131bbi tahliye (MEDEVAC)<\/p>\n<\/li>\n<\/ul>\n<p data-start=\"2300\" data-end=\"2504\"><strong data-start=\"2304\" data-end=\"2315\">Mi-8AMT<\/strong>, sa\u011flam g\u00f6vdesi, uzun hizmet \u00f6mr\u00fc ve d\u00fcnya \u00e7ap\u0131nda par\u00e7a bulunabilirli\u011fiyle olduk\u00e7a be\u011feniliyor; bu da onu g\u00fcvenilir, \u00e7ok ama\u00e7l\u0131 d\u00f6ner kanatl\u0131 u\u00e7ak arayan operat\u00f6rler i\u00e7in ak\u0131ll\u0131 bir yat\u0131r\u0131m haline getiriyor.<\/p>\n<h3 data-start=\"2506\" data-end=\"2536\"><strong data-start=\"2510\" data-end=\"2536\">Aviyonik ve Ekipman<\/strong><\/h3>\n<p data-start=\"2537\" data-end=\"2676\">Bu helikopter, optimum u\u00e7u\u015f g\u00fcvenli\u011fi ve g\u00f6rev esnekli\u011fi sa\u011flayan modern bir aviyonik paketiyle donat\u0131lm\u0131\u015ft\u0131r. Bu helikopter, optimum u\u00e7u\u015f g\u00fcvenli\u011fi ve g\u00f6rev esnekli\u011fi sa\u011flayan modern bir aviyonik paketiyle donat\u0131lm\u0131\u015ft\u0131r.<\/p>\n<ul data-start=\"2677\" data-end=\"2857\">\n<li data-start=\"2677\" data-end=\"2707\">\n<p data-start=\"2679\" data-end=\"2707\">Dijital u\u00e7u\u015f aletleri<\/p>\n<\/li>\n<li data-start=\"2708\" data-end=\"2753\">\n<p data-start=\"2710\" data-end=\"2753\">\u00c7ift navigasyon ve ileti\u015fim sistemleri<\/p>\n<\/li>\n<li data-start=\"2754\" data-end=\"2785\">\n<p data-start=\"2756\" data-end=\"2785\">Hava durumu radar\u0131 ve otopilot<\/p>\n<\/li>\n<li data-start=\"2786\" data-end=\"2857\">\n<p data-start=\"2788\" data-end=\"2857\">\u0130ste\u011fe ba\u011fl\u0131 g\u00f6rev yap\u0131land\u0131rmalar\u0131 (kargo, yolcu veya karma d\u00fczen)<\/p>\n<\/li>\n<\/ul>\n<p data-start=\"2859\" data-end=\"2929\">Talep \u00fczerine ek \u00f6zelle\u015ftirmeler veya revizyonlar ayarlanabilir.<\/p>\n<h3 data-start=\"2931\" data-end=\"2968\"><strong data-start=\"2935\" data-end=\"2968\">Bak\u0131m ve Dok\u00fcmantasyon<\/strong><\/h3>\n<p data-start=\"2969\" data-end=\"3063\">T\u00fcm bak\u0131mlar \u00fcretici ve d\u00fczenleyici standartlara uygun olarak yap\u0131lm\u0131\u015ft\u0131r.<\/p>\n<ul data-start=\"3064\" data-end=\"3198\">\n<li data-start=\"3064\" data-end=\"3106\">\n<p data-start=\"3066\" data-end=\"3106\">Tam bak\u0131m kay\u0131tlar\u0131 mevcuttur<\/p>\n<\/li>\n<li data-start=\"3107\" data-end=\"3144\">\n<p data-start=\"3109\" data-end=\"3144\">No accident or damage history<\/p>\n<\/li>\n<li data-start=\"3145\" data-end=\"3198\">\n<p data-start=\"3147\" data-end=\"3198\">Kaza veya hasar ge\u00e7mi\u015fi yok<\/p>\n<\/li>\n<\/ul>\n<p data-start=\"3200\" data-end=\"3279\">U\u00e7ak kontroll\u00fc ko\u015fullarda muhafaza edilerek <strong data-start=\"3260\" data-end=\"3276\">u\u00e7u\u015fa haz\u0131r<\/strong> halde tutuluyor.<\/p>\n<h3 data-start=\"3281\" data-end=\"3316\"><strong data-start=\"3285\" data-end=\"3316\">Bu Mi-8AMT Neden \u00d6ne \u00c7\u0131k\u0131yor?<\/strong><\/h3>\n<p data-start=\"3317\" data-end=\"3531\">\u2705 D\u00fc\u015f\u00fck toplam s\u00fcre \u2014 sadece 1.252 saat<br data-start=\"3356\" data-end=\"3359\">\u2705 M\u00fckemmel mekanik durum<br data-start=\"3391\" data-end=\"3394\">\u2705 TV3-117VM motorlar\u0131yla donat\u0131lm\u0131\u015ft\u0131r<br data-start=\"3431\" data-end=\"3434\">\u2705 Kolay teslimat i\u00e7in stratejik <strong data-start=\"3446\" data-end=\"3471\">Asya-Pasifik konumu<\/strong> (Malezya)<br data-start=\"3500\" data-end=\"3503\">\u2705 Rekabet\u00e7i piyasa fiyat\u0131<\/p>\n<p data-start=\"3533\" data-end=\"3673\">Bu helikopter, Sovyet m\u00fchendisli\u011finin g\u00fcvenilirli\u011fini modern y\u00fckseltmelerle birle\u015ftirerek, s\u0131n\u0131f\u0131 i\u00e7in rakipsiz bir operasyonel de\u011fer sunuyor.<\/p>\n<h3 data-start=\"3675\" data-end=\"3712\"><strong data-start=\"3679\" data-end=\"3712\">Fiyat ve Detaylar \u0130\u00e7in \u0130leti\u015fime Ge\u00e7in<\/strong><\/h3>\n<p data-start=\"3713\" data-end=\"3899\">Tam \u00f6zellikler, fiyatland\u0131rma ve inceleme d\u00fczenlemeleri i\u00e7in l\u00fctfen <a class=\"decorated-link cursor-pointer\" title=\"AirSPS \u0130leti\u015fim\" href=\"https:\/\/airsps.com\/contacts\/\" rel=\"\" data-start=\"3785\" data-end=\"3827\">do\u011frudan bizimle ileti\u015fime ge\u00e7in<\/a>.<br data-start=\"3830\" data-end=\"3833\">K\u00fcresel ihracat deste\u011fi ve feribot sefer se\u00e7enekleri mevcuttur.<\/p>\n","protected":false},"excerpt":{"rendered":"<p data-start=\"947\" data-end=\"1265\">Sat\u0131l\u0131k g\u00fcvenilir bir <strong data-start=\"970\" data-end=\"1001\">Mi-8AMT<\/strong> helikopteri mi ar\u0131yorsunuz? 2017 Mi-8AMT, d\u00fc\u015f\u00fck u\u00e7u\u015f saatleri, kan\u0131tlanm\u0131\u015f performans ve operasyonel haz\u0131rl\u0131\u011f\u0131n benzersiz bir kombinasyonunu sunuyor. S\u0131f\u0131rdan bu <strong data-start=\"1127\" data-end=\"1158\">yana toplamda yaln\u0131zca 1.252 u\u00e7u\u015f saati<\/strong> bulunan bu u\u00e7ak, \u015fu anda k\u00fcresel pazarda bulunan <a title=\"Sat\u0131l\u0131k helikopterler\" href=\"\/?product_cat=helicopters-for-sale\" rel=\"\">en iyi durumdaki Mi-8&#8217;lerden<\/a> biri olarak \u00f6ne \u00e7\u0131k\u0131yor.<\/p>\n<h2 data-start=\"857\" data-end=\"946\"><strong data-start=\"861\" data-end=\"946\">Sat\u0131l\u0131kt\u0131r: Mi-8AMT Helikopter &#8211; Ola\u011fan\u00fcst\u00fc Durum &amp; Operasyona Haz\u0131r<\/strong><\/h2>\n<h3 data-start=\"1644\" data-end=\"1667\"><strong data-start=\"1644\" data-end=\"1667\">Temel \u00d6zellikler:<\/strong><\/h3>\n<ul data-start=\"1668\" data-end=\"1870\">\n<li data-start=\"1668\" data-end=\"1690\">\n<p data-start=\"1670\" data-end=\"1690\"><strong data-start=\"1670\" data-end=\"1680\">Model:<\/strong> Mi-8AMT<\/p>\n<\/li>\n<li data-start=\"1691\" data-end=\"1724\">\n<p data-start=\"1693\" data-end=\"1724\"><strong data-start=\"1693\" data-end=\"1717\">\u00dcretim Y\u0131l\u0131:<\/strong> 2017<\/p>\n<\/li>\n<li data-start=\"1725\" data-end=\"1758\">\n<p data-start=\"1727\" data-end=\"1758\"><strong data-start=\"1727\" data-end=\"1750\">Toplam U\u00e7u\u015f Saati:<\/strong> 1.252<\/p>\n<\/li>\n<li data-start=\"1759\" data-end=\"1800\">\n<p data-start=\"1761\" data-end=\"1800\">Motorlar: 2 \u00d7 <a title=\"Sat\u0131l\u0131k TV3-117VM Helikopter Motoru\" href=\"https:\/\/airsps.com\/stock\/aircraft-parts-sales\/tv3-117vm-helicopter-engine\/\" rel=\"\">Klimov TV3-117VM<\/a><\/p>\n<\/li>\n<li data-start=\"1801\" data-end=\"1827\">\n<p data-start=\"1803\" data-end=\"1827\"><strong data-start=\"1803\" data-end=\"1816\">Konum:<\/strong> Malezya<\/p>\n<\/li>\n<li data-start=\"1828\" data-end=\"1870\">\n<p data-start=\"1830\" data-end=\"1870\"><strong data-start=\"1830\" data-end=\"1844\">Durum: <\/strong>M\u00fckemmel, u\u00e7u\u015fa haz\u0131r<\/p>\n<\/li>\n<\/ul>\n","protected":false},"featured_media":4937,"comment_status":"closed","ping_status":"closed","template":"","meta":[],"product_brand":[],"product_cat":[112],"product_tag":[],"class_list":{"0":"post-4982","1":"product","2":"type-product","3":"status-publish","4":"has-post-thumbnail","5":"","6":"product_cat-satilik-helikopterler","8":"first","9":"instock","10":"sold-individually","11":"shipping-taxable","12":"product-type-simple"},"yoast_head":"<!-- This site is optimized with the Yoast SEO Premium plugin v27.1 (Yoast SEO v27.1.1) - https:\/\/yoast.com\/product\/yoast-seo-premium-wordpress\/ -->\n<title>Sat\u0131l\u0131k Mi-8AMT (2017) | D\u00fc\u015f\u00fck Saatli Helikopter | Malezya<\/title>\n<meta name=\"description\" content=\"Malezya&#039;da sat\u0131l\u0131k 2017 Mi-8AMT helikopteri sat\u0131n al\u0131n \u2014 sadece 1.252 u\u00e7u\u015f saati, TV3-117VM motorlar\u0131yla g\u00fc\u00e7lendirilmi\u015f, m\u00fckemmel durumda ve kullan\u0131ma haz\u0131r. Bug\u00fcn bizimle ileti\u015fime ge\u00e7in.\" \/>\n<meta name=\"robots\" content=\"index, follow, max-snippet:-1, max-image-preview:large, max-video-preview:-1\" \/>\n<link rel=\"canonical\" href=\"https:\/\/airsps.com\/tr\/stok\/satilik-ucaklar\/satilik-helikopterler\/mi-8amt-satilik-2017-dusuk-saatli-helikopter-malaysia\/\" \/>\n<script type=\"application\/ld+json\" class=\"yoast-schema-graph\">{\"@context\":\"https:\/\/schema.org\",\"@graph\":[{\"@type\":\"BreadcrumbList\",\"@id\":\"https:\/\/airsps.com\/tr\/stok\/satilik-ucaklar\/satilik-helikopterler\/mi-8amt-satilik-2017-dusuk-saatli-helikopter-malaysia\/#breadcrumb\",\"itemListElement\":[{\"@type\":\"ListItem\",\"position\":1,\"name\":\"Ana\",\"item\":\"https:\/\/airsps.com\/tr\/\"},{\"@type\":\"ListItem\",\"position\":2,\"name\":\"Stok\",\"item\":\"https:\/\/airsps.com\/tr\/stok\/\"},{\"@type\":\"ListItem\",\"position\":3,\"name\":\"Sat\u0131l\u0131k U\u00e7aklar\",\"item\":\"https:\/\/airsps.com\/tr\/depo\/satilik-ucaklar\/\"},{\"@type\":\"ListItem\",\"position\":4,\"name\":\"Sat\u0131l\u0131k Helikopterler\",\"item\":\"https:\/\/airsps.com\/tr\/depo\/satilik-ucaklar\/satilik-helikopterler\/\"},{\"@type\":\"ListItem\",\"position\":5,\"name\":\"Mi-8AMT (2017) D\u00fc\u015f\u00fck Saatli, Tam Donan\u0131ml\u0131 &#8211; Malezya\"}]}]}<\/script>\n<!-- \/ Yoast SEO Premium plugin. -->","yoast_head_json":{"title":"Sat\u0131l\u0131k Mi-8AMT (2017) | D\u00fc\u015f\u00fck Saatli Helikopter | Malezya","description":"Malezya'da sat\u0131l\u0131k 2017 Mi-8AMT helikopteri sat\u0131n al\u0131n \u2014 sadece 1.252 u\u00e7u\u015f saati, TV3-117VM motorlar\u0131yla g\u00fc\u00e7lendirilmi\u015f, m\u00fckemmel durumda ve kullan\u0131ma haz\u0131r. Bug\u00fcn bizimle ileti\u015fime ge\u00e7in.","robots":{"index":"index","follow":"follow","max-snippet":"max-snippet:-1","max-image-preview":"max-image-preview:large","max-video-preview":"max-video-preview:-1"},"canonical":"https:\/\/airsps.com\/tr\/stok\/satilik-ucaklar\/satilik-helikopterler\/mi-8amt-satilik-2017-dusuk-saatli-helikopter-malaysia\/","schema":{"@context":"https:\/\/schema.org","@graph":[{"@type":"BreadcrumbList","@id":"https:\/\/airsps.com\/tr\/stok\/satilik-ucaklar\/satilik-helikopterler\/mi-8amt-satilik-2017-dusuk-saatli-helikopter-malaysia\/#breadcrumb","itemListElement":[{"@type":"ListItem","position":1,"name":"Ana","item":"https:\/\/airsps.com\/tr\/"},{"@type":"ListItem","position":2,"name":"Stok","item":"https:\/\/airsps.com\/tr\/stok\/"},{"@type":"ListItem","position":3,"name":"Sat\u0131l\u0131k U\u00e7aklar","item":"https:\/\/airsps.com\/tr\/depo\/satilik-ucaklar\/"},{"@type":"ListItem","position":4,"name":"Sat\u0131l\u0131k Helikopterler","item":"https:\/\/airsps.com\/tr\/depo\/satilik-ucaklar\/satilik-helikopterler\/"},{"@type":"ListItem","position":5,"name":"Mi-8AMT (2017) D\u00fc\u015f\u00fck Saatli, Tam Donan\u0131ml\u0131 &#8211; Malezya"}]}]}},"_links":{"self":[{"href":"https:\/\/airsps.com\/tr\/wp-json\/wp\/v2\/product\/4982","targetHints":{"allow":["GET"]}}],"collection":[{"href":"https:\/\/airsps.com\/tr\/wp-json\/wp\/v2\/product"}],"about":[{"href":"https:\/\/airsps.com\/tr\/wp-json\/wp\/v2\/types\/product"}],"replies":[{"embeddable":true,"href":"https:\/\/airsps.com\/tr\/wp-json\/wp\/v2\/comments?post=4982"}],"wp:featuredmedia":[{"embeddable":true,"href":"https:\/\/airsps.com\/tr\/wp-json\/wp\/v2\/media\/4937"}],"wp:attachment":[{"href":"https:\/\/airsps.com\/tr\/wp-json\/wp\/v2\/media?parent=4982"}],"wp:term":[{"taxonomy":"product_brand","embeddable":true,"href":"https:\/\/airsps.com\/tr\/wp-json\/wp\/v2\/product_brand?post=4982"},{"taxonomy":"product_cat","embeddable":true,"href":"https:\/\/airsps.com\/tr\/wp-json\/wp\/v2\/product_cat?post=4982"},{"taxonomy":"product_tag","embeddable":true,"href":"https:\/\/airsps.com\/tr\/wp-json\/wp\/v2\/product_tag?post=4982"}],"curies":[{"name":"wp","href":"https:\/\/api.w.org\/{rel}","templated":true}]}}