{"id":4850,"date":"2025-10-05T06:10:50","date_gmt":"2025-10-05T06:10:50","guid":{"rendered":"https:\/\/airsps.com\/stock\/kategorilenmemis\/tv3-117vm-helikopter-motoru\/"},"modified":"2025-10-12T13:34:50","modified_gmt":"2025-10-12T13:34:50","slug":"tv3-117vm-helikopter-motoru","status":"publish","type":"product","link":"https:\/\/airsps.com\/tr\/stok\/ucak-parcalari-satisi\/tv3-117vm-helikopter-motoru\/","title":{"rendered":"TV3-117VM Helikopter Motoru"},"content":{"rendered":"<h2>Uyumlu Helikopterler<\/h2>\n<ul>\n<li><strong>Mi-8MT \/ Mi-17<\/strong> orta boy nakliye helikopterleri<\/li>\n<li><strong>Mi-171 \/ Mi-171Sh<\/strong> \u00e7ok ama\u00e7l\u0131 helikopterler<\/li>\n<li><strong>Mi-24 \/ Mi-35<\/strong> sald\u0131r\u0131 ve sald\u0131r\u0131 nakliye helikopterleri<\/li>\n<li><strong>Ka-32<\/strong> genel ama\u00e7l\u0131 helikopterler (\u00f6zel modifikasyonlar)<\/li>\n<\/ul>\n<h2>Bak\u0131m ve Onar\u0131m Uygulamalar\u0131<\/h2>\n<p><strong>TV3-117VM motoru<\/strong>, a\u015fa\u011f\u0131dakiler i\u00e7in komple yedek par\u00e7a olarak tedarik edilmektedir:<\/p>\n<ul>\n<li><strong>Motor de\u011fi\u015fimi <\/strong>\u2014 helikopterlerin hizmet \u00f6mr\u00fcn\u00fcn uzat\u0131lmas\u0131 ve g\u00fcvenli \u00e7al\u0131\u015fmas\u0131n\u0131 sa\u011flar.<\/li>\n<li><strong>Revizyon programlar\u0131 <\/strong>\u2014 binlerce saatlik kullan\u0131mdan sonra motorlar\u0131 neredeyse yeni durumuna getirme.<\/li>\n<li><strong>Filo y\u00fckseltmeleri<\/strong> \u2014 g\u00fcvenilirli\u011fi art\u0131rmak ve ar\u0131za s\u00fcresini azaltmak i\u00e7in eski veya a\u015f\u0131nm\u0131\u015f motorlar\u0131n de\u011fi\u015ftirilmesi.<\/li>\n<\/ul>\n<h2>Stokta Sat\u0131l\u0131k TV3-117VM Motorlar Mevcuttur<\/h2>\n<!-- TV3-117VM Engines - Responsive Card Layout for WordPress --><p><style>.engine-cards{display:grid;grid-template-columns:repeat(auto-fit,minmax(280px,1fr));gap:16px;margin:20px 0}.engine-card{border:1px solid #ddd;border-radius:10px;padding:16px;background:#fff;display:flex;flex-direction:column;justify-content:space-between;box-shadow:0 2px 6px rgba(0,0,0,.08)}.engine-card h3{margin:0 0 8px;font-size:18px;color:#111827}.engine-card p{margin:4px 0;font-size:14px;color:#374151}.engine-card .price{font-weight:700;color:#065f46;margin:8px 0;font-size:16px}.engine-card a.button{display:inline-block;text-align:center;background:#0ea5e9;color:#fff!important;padding:10px 14px;border-radius:8px;text-decoration:none;font-weight:600;margin-top:12px;transition:background 0.2s}.engine-card a.button:hover{background:#0284c7}<\/style><\/p><div class=\"engine-cards\"><div class=\"engine-card\"><h3>Engine TV3-117VM<\/h3><strong>Year \/ Condition:<\/strong> 2025, New <strong>Quantity:<\/strong> 10 <strong>Location:<\/strong> Russia, Ready for export\r\n<p class=\"price\">$1,400,000<\/p><a class=\"button\" title=\"AirSPS Bussiness WhatsApp\" href=\"https:\/\/wa.me\/15852826595\" rel=\"nofollow\">Request Quote<\/a><\/div><div class=\"engine-card\"><h3>Engine TV3-117VM<\/h3><strong>Year \/ Condition:<\/strong> 1992, TSO 3321 h, Full overhaul 09.2025 <strong>Quantity:<\/strong> 1 <strong>Location:<\/strong> UAE\r\n<p class=\"price\">$1,150,000<\/p><a class=\"button\" title=\"AirSPS Bussiness WhatsApp\" href=\"https:\/\/wa.me\/15852826595\" rel=\"nofollow\">Request Quote<\/a><\/div><div class=\"engine-card\"><h3>Engine TV3-117VM<\/h3><strong>Year \/ Condition:<\/strong> 1992, TSO 2250 h, Full overhaul 09.2025 <strong>Quantity:<\/strong> 1 <strong>Location:<\/strong> UAE\r\n<p class=\"price\">$1,150,000<\/p><a class=\"button\" title=\"AirSPS Bussiness WhatsApp\" href=\"https:\/\/wa.me\/15852826595\" rel=\"nofollow\">Request Quote<\/a><\/div><div class=\"engine-card\"><h3>Engine TV3-117VM<\/h3><strong>Year \/ Condition:<\/strong> 1992, TSO 300 h, Full overhaul 10.2025 <strong>Quantity:<\/strong> 2 <strong>Location:<\/strong> UAE\r\n<p class=\"price\">$1,350,000<\/p><a class=\"button\" title=\"AirSPS Bussiness WhatsApp\" href=\"https:\/\/wa.me\/15852826595\" rel=\"nofollow\">Request Quote<\/a><\/div><div class=\"engine-card\"><h3>Engine TV3-117VM Series 02<\/h3><strong>Year \/ Condition:<\/strong> 2000, TSO 2800 h, Full overhaul 11.2025 <strong>Quantity:<\/strong> 1 <strong>Location:<\/strong> UAE\r\n<p class=\"price\">$1,300,000<\/p><a class=\"button\" title=\"AirSPS Bussiness WhatsApp\" href=\"https:\/\/wa.me\/15852826595\" rel=\"nofollow\">Request Quote<\/a><\/div><div class=\"engine-card\"><h3>Engine TV3-117VM Series 02<\/h3><strong>Year \/ Condition:<\/strong> 2000, TSO 3000 h, Full overhaul 11.2025 <strong>Quantity:<\/strong> 1 <strong>Location:<\/strong> UAE\r\n<p class=\"price\">$1,300,000<\/p><a class=\"button\" title=\"AirSPS Bussiness WhatsApp\" href=\"https:\/\/wa.me\/15852826595\" rel=\"nofollow\">Request Quote<\/a><\/div><div class=\"engine-card\"><h3>Engine TV3-117VM<\/h3><strong>Year \/ Condition:<\/strong> 1993, TSO 4499 h, Full overhaul 2023 <strong>Quantity:<\/strong> 1 <strong>Location:<\/strong> Russia, Ready for export\r\n<p class=\"price\">$1,150,000<\/p><a class=\"button\" title=\"AirSPS Bussiness WhatsApp\" href=\"https:\/\/wa.me\/15852826595\" rel=\"nofollow\">Request Quote<\/a><\/div><\/div>\n<h2>Neden Bizim Tedarikimizi Se\u00e7melisiniz?<\/h2>\n<ul>\n<li>\ud83c\udf0d Afrika, Asya ve Latin Amerika&#8217;ya h\u0131zl\u0131 teslimat.<\/li>\n<li>\u2705 Hemen montaja haz\u0131r, sertifikal\u0131 ve denetlenmi\u015f motorlar.<\/li>\n<li>\ud83d\udd27 Yeni \u00fcr\u00fcnlerden tamamen yenilenmi\u015f \u00fcnitelere kadar \u00e7e\u015fitli se\u00e7enekler mevcuttur.<\/li>\n<li>\ud83d\udcb0 Rekabet\u00e7i fiyatlar ve esnek ihracat \u00e7\u00f6z\u00fcmleri.<\/li>\n<\/ul>\n<h2>Teklif \u0130steyin<\/h2>\n<p>Stoklar\u0131m\u0131zda bulunan <strong>TV3-117VM helikopter motorlar\u0131<\/strong> hakk\u0131nda ayr\u0131nt\u0131lar, teslimat programlar\u0131 ve \u00f6zel fiyat teklifleri i\u00e7in <a title=\"AirSPS \u0130leti\u015fim\" href=\"https:\/\/airsps.com\/tr\/kisiler\/\" rel=\"\">sat\u0131\u015f ekibimizle<\/a> ileti\u015fime ge\u00e7in.<\/p>\n","protected":false},"excerpt":{"rendered":"<p><strong>TV3-117VM motoru<\/strong>, <strong>Mi-8\/17, Mi-171, Mi-24\/35 ve Ka-32 helikopterlerinde<\/strong> yayg\u0131n olarak kullan\u0131lan g\u00fcvenilir bir turbo\u015faft g\u00fc\u00e7 \u00fcnitesidir. Zorlu s\u0131cak ve y\u00fcksek ko\u015fullarda \u00e7al\u0131\u015fmak \u00fczere tasarlanm\u0131\u015ft\u0131r ve sivil ve askeri havac\u0131l\u0131k filolar\u0131 i\u00e7in g\u00fcvenilir motorlara ihtiya\u00e7 duyan <strong>Afrika, Asya ve Latin Amerika&#8217;daki<\/strong> operat\u00f6rler i\u00e7in kritik \u00f6neme sahip bir yedek par\u00e7ad\u0131r.<\/p>\n","protected":false},"featured_media":4810,"comment_status":"closed","ping_status":"closed","template":"","meta":[],"product_brand":[],"product_cat":[144],"product_tag":[],"class_list":{"0":"post-4850","1":"product","2":"type-product","3":"status-publish","4":"has-post-thumbnail","5":"","6":"product_cat-ucak-parcalari-satisi","8":"first","9":"instock","10":"sold-individually","11":"shipping-taxable","12":"product-type-simple"},"yoast_head":"<!-- This site is optimized with the Yoast SEO Premium plugin v27.1 (Yoast SEO v27.1.1) - https:\/\/yoast.com\/product\/yoast-seo-premium-wordpress\/ -->\n<title>Mi-8, Mi-17 i\u00e7in TV3-117VM Helikopter Motoru | Havac\u0131l\u0131k Yedek Par\u00e7alar\u0131<\/title>\n<meta name=\"description\" content=\"Mi-8, Mi-17, Mi-171 i\u00e7in TV3-117VM helikopter motoru sat\u0131n al\u0131n. Motor de\u011fi\u015fimi ve revizyonu i\u00e7in sertifikal\u0131 yedek par\u00e7a. Fast delivery to Africa, Asia and Latin America\" \/>\n<meta name=\"robots\" content=\"index, follow, max-snippet:-1, max-image-preview:large, max-video-preview:-1\" \/>\n<link rel=\"canonical\" href=\"https:\/\/airsps.com\/tr\/stok\/ucak-parcalari-satisi\/tv3-117vm-helikopter-motoru\/\" \/>\n<script type=\"application\/ld+json\" class=\"yoast-schema-graph\">{\"@context\":\"https:\/\/schema.org\",\"@graph\":[{\"@type\":\"BreadcrumbList\",\"@id\":\"https:\/\/airsps.com\/tr\/stok\/ucak-parcalari-satisi\/tv3-117vm-helikopter-motoru\/#breadcrumb\",\"itemListElement\":[{\"@type\":\"ListItem\",\"position\":1,\"name\":\"Ana\",\"item\":\"https:\/\/airsps.com\/tr\/\"},{\"@type\":\"ListItem\",\"position\":2,\"name\":\"Stok\",\"item\":\"https:\/\/airsps.com\/tr\/stok\/\"},{\"@type\":\"ListItem\",\"position\":3,\"name\":\"Sat\u0131l\u0131k U\u00e7ak ve Helikopter Par\u00e7alar\u0131\",\"item\":\"https:\/\/airsps.com\/tr\/depo\/ucak-parcalari-satisi\/\"},{\"@type\":\"ListItem\",\"position\":4,\"name\":\"TV3-117VM Helikopter Motoru\"}]}]}<\/script>\n<!-- \/ Yoast SEO Premium plugin. -->","yoast_head_json":{"title":"Mi-8, Mi-17 i\u00e7in TV3-117VM Helikopter Motoru | Havac\u0131l\u0131k Yedek Par\u00e7alar\u0131","description":"Mi-8, Mi-17, Mi-171 i\u00e7in TV3-117VM helikopter motoru sat\u0131n al\u0131n. Motor de\u011fi\u015fimi ve revizyonu i\u00e7in sertifikal\u0131 yedek par\u00e7a. Fast delivery to Africa, Asia and Latin America","robots":{"index":"index","follow":"follow","max-snippet":"max-snippet:-1","max-image-preview":"max-image-preview:large","max-video-preview":"max-video-preview:-1"},"canonical":"https:\/\/airsps.com\/tr\/stok\/ucak-parcalari-satisi\/tv3-117vm-helikopter-motoru\/","schema":{"@context":"https:\/\/schema.org","@graph":[{"@type":"BreadcrumbList","@id":"https:\/\/airsps.com\/tr\/stok\/ucak-parcalari-satisi\/tv3-117vm-helikopter-motoru\/#breadcrumb","itemListElement":[{"@type":"ListItem","position":1,"name":"Ana","item":"https:\/\/airsps.com\/tr\/"},{"@type":"ListItem","position":2,"name":"Stok","item":"https:\/\/airsps.com\/tr\/stok\/"},{"@type":"ListItem","position":3,"name":"Sat\u0131l\u0131k U\u00e7ak ve Helikopter Par\u00e7alar\u0131","item":"https:\/\/airsps.com\/tr\/depo\/ucak-parcalari-satisi\/"},{"@type":"ListItem","position":4,"name":"TV3-117VM Helikopter Motoru"}]}]}},"_links":{"self":[{"href":"https:\/\/airsps.com\/tr\/wp-json\/wp\/v2\/product\/4850","targetHints":{"allow":["GET"]}}],"collection":[{"href":"https:\/\/airsps.com\/tr\/wp-json\/wp\/v2\/product"}],"about":[{"href":"https:\/\/airsps.com\/tr\/wp-json\/wp\/v2\/types\/product"}],"replies":[{"embeddable":true,"href":"https:\/\/airsps.com\/tr\/wp-json\/wp\/v2\/comments?post=4850"}],"wp:featuredmedia":[{"embeddable":true,"href":"https:\/\/airsps.com\/tr\/wp-json\/wp\/v2\/media\/4810"}],"wp:attachment":[{"href":"https:\/\/airsps.com\/tr\/wp-json\/wp\/v2\/media?parent=4850"}],"wp:term":[{"taxonomy":"product_brand","embeddable":true,"href":"https:\/\/airsps.com\/tr\/wp-json\/wp\/v2\/product_brand?post=4850"},{"taxonomy":"product_cat","embeddable":true,"href":"https:\/\/airsps.com\/tr\/wp-json\/wp\/v2\/product_cat?post=4850"},{"taxonomy":"product_tag","embeddable":true,"href":"https:\/\/airsps.com\/tr\/wp-json\/wp\/v2\/product_tag?post=4850"}],"curies":[{"name":"wp","href":"https:\/\/api.w.org\/{rel}","templated":true}]}}