{"id":4711,"date":"2025-09-06T16:18:47","date_gmt":"2025-09-06T16:18:47","guid":{"rendered":"https:\/\/airsps.com\/?post_type=product&#038;p=4711"},"modified":"2025-10-31T19:19:31","modified_gmt":"2025-10-31T19:19:31","slug":"mi-8amt-kargo-helikopteri-satilik-2009-3506","status":"publish","type":"product","link":"https:\/\/airsps.com\/tr\/stok\/satilik-ucaklar\/satilik-helikopterler\/mi-8amt-kargo-helikopteri-satilik-2009-3506\/","title":{"rendered":"Mi-8AMT Kargo Helikopteri 2009 3506"},"content":{"rendered":"<h2>U\u00e7ak Genel Bak\u0131\u015f<\/h2>\n<p>Bu Mi-8AMT Kargo Helikopteri (2009) art\u0131k sat\u0131n al\u0131nabilir. G\u00fcvenilirli\u011fi, \u00e7ok y\u00f6nl\u00fcl\u00fc\u011f\u00fc ve y\u00fcksek y\u00fck kapasitesiyle d\u00fcnya \u00e7ap\u0131nda tan\u0131nan Mi-8AMT, operasyonel olarak en ba\u015far\u0131l\u0131 kargo ve genel maksat helikopterlerinden biridir.<\/p>\n<p><strong>Toplamda sadece 3.506 u\u00e7u\u015f saati<\/strong> olan bu helikopter m\u00fckemmel durumda. Bir sonraki b\u00fcy\u00fck <strong>revizyonun 2025 y\u0131l\u0131nda yap\u0131lmas\u0131 planlan\u0131yor<\/strong> ve <strong>revizyon sonras\u0131 sadece 6 saat<\/strong> \u00e7al\u0131\u015fmas\u0131 gerekiyor. Bu sayede uzun bir operasyonel ya\u015fam d\u00f6ng\u00fcs\u00fc ve k\u0131sa vadeli bak\u0131m maliyetlerinin d\u00fc\u015f\u00fcr\u00fclmesi sa\u011flan\u0131yor.<\/p>\n<p>Bu helikopter, kan\u0131tlanm\u0131\u015f, a\u011f\u0131r hizmet tipi bir nakliye \u00e7\u00f6z\u00fcm\u00fcne ihtiya\u00e7 duyan <strong>Afrika, Asya, G\u00fcney Amerika, Orta Do\u011fu ve Do\u011fu Avrupa&#8217;daki<\/strong> operat\u00f6rler i\u00e7in idealdir.<\/p>\n<h2>Neden Mi-8AMT&#8217;yi Se\u00e7melisiniz?<\/h2>\n<p><strong>Mi-8AMT<\/strong>, en zorlu ortamlarda bile g\u00f6rev yapabilen, <strong>\u00e7ok ama\u00e7l\u0131 bir kargo ve genel maksat helikopteri<\/strong> olarak d\u00fcnya \u00e7ap\u0131nda tan\u0131nmaktad\u0131r.<\/p>\n<h3>\u2708\ufe0f Performans ve Yetenekler<\/h3>\n<ul>\n<li>Dahili veya harici ask\u0131da <strong>4.000 kg&#8217;a (8.800 lbs)<\/strong> kadar maksimum y\u00fck kapasitesi<\/li>\n<li>Ta\u015f\u0131ma i\u00e7in yap\u0131land\u0131r\u0131ld\u0131\u011f\u0131nda <strong>24 yolcuya<\/strong> kadar oturma kapasitesi<\/li>\n<li>S\u0131cak, y\u00fcksek irtifa ve <strong>a\u015f\u0131r\u0131 hava ko\u015fullar\u0131nda kan\u0131tlanm\u0131\u015f operasyonel g\u00fcvenilirlik<\/strong><\/li>\n<li>Uzak b\u00f6lgelere uygun k\u0131sa kalk\u0131\u015f ve ini\u015f performans\u0131<\/li>\n<\/ul>\n<h3>\ud83c\udf0d Uluslararas\u0131 Operasyonlar i\u00e7in \u0130deal<\/h3>\n<p>Mi-8AMT, <strong>d\u00fcnya \u00e7ap\u0131nda ticari operat\u00f6rler, insani yard\u0131m misyonlar\u0131 ve devlet kurumlar\u0131<\/strong> taraf\u0131ndan g\u00fcveniliyor. Uyum sa\u011flama yetene\u011fi onu \u015funlar i\u00e7in m\u00fckemmel k\u0131lar:<\/p>\n<ul>\n<li>Kargo ta\u015f\u0131mac\u0131l\u0131\u011f\u0131 ve lojistik<\/li>\n<li>\u0130nsani yard\u0131m ve afet yard\u0131m operasyonlar\u0131<\/li>\n<li>Petrol ve gaz sekt\u00f6r\u00fc deste\u011fi<\/li>\n<li>T\u0131bbi tahliye ve yard\u0131mc\u0131 g\u00f6revler<\/li>\n<\/ul>\n<h2>Ticari Avantaj<\/h2>\n<p>Bu <strong>2009 Mi-8AMT Kargo Helikopteri&#8217;ne<\/strong> yat\u0131r\u0131m yapmak, filo operat\u00f6rleri i\u00e7in g\u00fc\u00e7l\u00fc bir getiri sa\u011fl\u0131yor:<\/p>\n<ul>\n<li><strong>D\u00fc\u015f\u00fck toplam saatler<\/strong>, hizmet \u00f6mr\u00fcn\u00fcn uzamas\u0131 anlam\u0131na gelir<\/li>\n<li><strong>2025&#8217;te yap\u0131lacak olan revizyon<\/strong>, acil bak\u0131m masraflar\u0131n\u0131 azaltacak<\/li>\n<li>Kan\u0131tlanm\u0131\u015f sat\u0131\u015f sonras\u0131 destek ve yedek par\u00e7a bulunabilirli\u011fine sahip<strong> y\u00fcksek talep g\u00f6ren u\u00e7aklar<\/strong><\/li>\n<li>Ya\u015f\u0131 ve durumu g\u00f6z \u00f6n\u00fcne al\u0131nd\u0131\u011f\u0131nda rekabet\u00e7i fiyat noktas\u0131<\/li>\n<\/ul>\n<h2>Daha Fazla Bilgi \u0130steyin<\/h2>\n<p>Bu <strong>Mi-8AMT Kargo Helikopteri<\/strong> <strong>8.000.000 USD&#8217;ye<\/strong> <strong>hemen sat\u0131\u015fa<\/strong> sunulmu\u015ftur.<\/p>\n<p>\ud83d\udcde <strong>Bug\u00fcn Sat\u0131\u015f Ekibimizle ileti\u015fime ge\u00e7in<\/strong> ve \u015funlar\u0131 al\u0131n:<\/p>\n<ul>\n<li>Tam teknik \u00f6zellikler<\/li>\n<li>Bak\u0131m ve servis ge\u00e7mi\u015fi<\/li>\n<li>B\u00f6lgenize \u00f6zel teslimat se\u00e7enekleri<\/li>\n<li>Finansman ve operasyonel destek paketleri<\/li>\n<\/ul>\n<p>\ud83d\udce9 \u015eimdi talebinizi g\u00f6nderin ve operasyonlar\u0131n\u0131z i\u00e7in bu g\u00fcvenilir <strong>kargo helikopterini<\/strong> g\u00fcvence alt\u0131na al\u0131n.<\/p>\n","protected":false},"excerpt":{"rendered":"<h2 data-start=\"1123\" data-end=\"1146\">Temel \u00d6zellikler<\/h2>\n<ul data-start=\"1147\" data-end=\"1402\">\n<li data-start=\"1147\" data-end=\"1186\">\n<p data-start=\"1149\" data-end=\"1186\"><strong data-start=\"1149\" data-end=\"1159\">Model:<\/strong> Mi-8AMT Kargo Helikopteri<\/p>\n<\/li>\n<li data-start=\"1187\" data-end=\"1220\">\n<p data-start=\"1189\" data-end=\"1220\"><strong data-start=\"1189\" data-end=\"1213\">\u00dcretim Y\u0131l\u0131:<\/strong> 2009<\/p>\n<\/li>\n<li data-start=\"1221\" data-end=\"1254\">\n<p data-start=\"1223\" data-end=\"1254\"><strong data-start=\"1223\" data-end=\"1246\">Toplam U\u00e7u\u015f Saati:<\/strong> 3.506<\/p>\n<\/li>\n<li data-start=\"1255\" data-end=\"1307\">\n<p data-start=\"1257\" data-end=\"1307\"><strong data-start=\"1257\" data-end=\"1275\">Bir sonraki bak\u0131m:<\/strong> 2025 (bak\u0131mdan bu yana 6 saat ge\u00e7ti)<\/p>\n<\/li>\n<li data-start=\"1342\" data-end=\"1402\">\n<p data-start=\"1344\" data-end=\"1402\"><strong data-start=\"1344\" data-end=\"1358\">Durum:<\/strong> M\u00fckemmel, hemen kullan\u0131ma haz\u0131r<\/p>\n<\/li>\n<\/ul>\n","protected":false},"featured_media":4653,"comment_status":"closed","ping_status":"closed","template":"","meta":[],"product_brand":[],"product_cat":[112],"product_tag":[],"class_list":{"0":"post-4711","1":"product","2":"type-product","3":"status-publish","4":"has-post-thumbnail","5":"","6":"product_cat-satilik-helikopterler","8":"first","9":"instock","10":"sold-individually","11":"shipping-taxable","12":"product-type-simple"},"yoast_head":"<!-- This site is optimized with the Yoast SEO Premium plugin v27.1 (Yoast SEO v27.1.1) - https:\/\/yoast.com\/product\/yoast-seo-premium-wordpress\/ -->\n<title>Sat\u0131l\u0131k Mi-8AMT Kargo Helikopteri 2009\/2025<\/title>\n<meta name=\"description\" content=\"Kargo ve yolcu ta\u015f\u0131mac\u0131l\u0131\u011f\u0131 i\u00e7in tasarlanan Mi-8AMT Kargo Helikopteri&#039;ne g\u00f6z at\u0131n. Arama ve kurtarma (SAR) i\u00e7in hafif nakliye helikopteri\" \/>\n<meta name=\"robots\" content=\"index, follow, max-snippet:-1, max-image-preview:large, max-video-preview:-1\" \/>\n<link rel=\"canonical\" href=\"https:\/\/airsps.com\/tr\/stok\/satilik-ucaklar\/satilik-helikopterler\/mi-8amt-kargo-helikopteri-satilik-2009-3506\/\" \/>\n<script type=\"application\/ld+json\" class=\"yoast-schema-graph\">{\"@context\":\"https:\/\/schema.org\",\"@graph\":[{\"@type\":\"BreadcrumbList\",\"@id\":\"https:\/\/airsps.com\/tr\/stok\/satilik-ucaklar\/satilik-helikopterler\/mi-8amt-kargo-helikopteri-satilik-2009-3506\/#breadcrumb\",\"itemListElement\":[{\"@type\":\"ListItem\",\"position\":1,\"name\":\"Ana\",\"item\":\"https:\/\/airsps.com\/tr\/\"},{\"@type\":\"ListItem\",\"position\":2,\"name\":\"Stok\",\"item\":\"https:\/\/airsps.com\/tr\/stok\/\"},{\"@type\":\"ListItem\",\"position\":3,\"name\":\"Sat\u0131l\u0131k U\u00e7aklar\",\"item\":\"https:\/\/airsps.com\/tr\/depo\/satilik-ucaklar\/\"},{\"@type\":\"ListItem\",\"position\":4,\"name\":\"Sat\u0131l\u0131k Helikopterler\",\"item\":\"https:\/\/airsps.com\/tr\/depo\/satilik-ucaklar\/satilik-helikopterler\/\"},{\"@type\":\"ListItem\",\"position\":5,\"name\":\"Mi-8AMT Kargo Helikopteri 2009 3506\"}]}]}<\/script>\n<!-- \/ Yoast SEO Premium plugin. -->","yoast_head_json":{"title":"Sat\u0131l\u0131k Mi-8AMT Kargo Helikopteri 2009\/2025","description":"Kargo ve yolcu ta\u015f\u0131mac\u0131l\u0131\u011f\u0131 i\u00e7in tasarlanan Mi-8AMT Kargo Helikopteri'ne g\u00f6z at\u0131n. Arama ve kurtarma (SAR) i\u00e7in hafif nakliye helikopteri","robots":{"index":"index","follow":"follow","max-snippet":"max-snippet:-1","max-image-preview":"max-image-preview:large","max-video-preview":"max-video-preview:-1"},"canonical":"https:\/\/airsps.com\/tr\/stok\/satilik-ucaklar\/satilik-helikopterler\/mi-8amt-kargo-helikopteri-satilik-2009-3506\/","schema":{"@context":"https:\/\/schema.org","@graph":[{"@type":"BreadcrumbList","@id":"https:\/\/airsps.com\/tr\/stok\/satilik-ucaklar\/satilik-helikopterler\/mi-8amt-kargo-helikopteri-satilik-2009-3506\/#breadcrumb","itemListElement":[{"@type":"ListItem","position":1,"name":"Ana","item":"https:\/\/airsps.com\/tr\/"},{"@type":"ListItem","position":2,"name":"Stok","item":"https:\/\/airsps.com\/tr\/stok\/"},{"@type":"ListItem","position":3,"name":"Sat\u0131l\u0131k U\u00e7aklar","item":"https:\/\/airsps.com\/tr\/depo\/satilik-ucaklar\/"},{"@type":"ListItem","position":4,"name":"Sat\u0131l\u0131k Helikopterler","item":"https:\/\/airsps.com\/tr\/depo\/satilik-ucaklar\/satilik-helikopterler\/"},{"@type":"ListItem","position":5,"name":"Mi-8AMT Kargo Helikopteri 2009 3506"}]}]}},"_links":{"self":[{"href":"https:\/\/airsps.com\/tr\/wp-json\/wp\/v2\/product\/4711","targetHints":{"allow":["GET"]}}],"collection":[{"href":"https:\/\/airsps.com\/tr\/wp-json\/wp\/v2\/product"}],"about":[{"href":"https:\/\/airsps.com\/tr\/wp-json\/wp\/v2\/types\/product"}],"replies":[{"embeddable":true,"href":"https:\/\/airsps.com\/tr\/wp-json\/wp\/v2\/comments?post=4711"}],"wp:featuredmedia":[{"embeddable":true,"href":"https:\/\/airsps.com\/tr\/wp-json\/wp\/v2\/media\/4653"}],"wp:attachment":[{"href":"https:\/\/airsps.com\/tr\/wp-json\/wp\/v2\/media?parent=4711"}],"wp:term":[{"taxonomy":"product_brand","embeddable":true,"href":"https:\/\/airsps.com\/tr\/wp-json\/wp\/v2\/product_brand?post=4711"},{"taxonomy":"product_cat","embeddable":true,"href":"https:\/\/airsps.com\/tr\/wp-json\/wp\/v2\/product_cat?post=4711"},{"taxonomy":"product_tag","embeddable":true,"href":"https:\/\/airsps.com\/tr\/wp-json\/wp\/v2\/product_tag?post=4711"}],"curies":[{"name":"wp","href":"https:\/\/api.w.org\/{rel}","templated":true}]}}