{"id":4056,"date":"2023-02-16T05:48:52","date_gmt":"2023-02-16T05:48:52","guid":{"rendered":"https:\/\/airsps.com\/stock\/uncategorized\/2008-mi-172-nakliye-helikopteri-satilik-2158\/"},"modified":"2023-02-16T05:48:52","modified_gmt":"2023-02-16T05:48:52","slug":"2008-mi-172-nakliye-helikopteri-satilik-2158","status":"publish","type":"product","link":"https:\/\/airsps.com\/tr\/stok\/satilik-ucaklar\/satilik-helikopterler\/2008-mi-172-nakliye-helikopteri-satilik-2158\/","title":{"rendered":"2008 Mi-172 Nakliye"},"content":{"rendered":"<p>Mi-172, 800 kilometreye varan etkileyici bir menzile sahiptir, bu da onu uzun mesafeli ta\u015f\u0131mac\u0131l\u0131k i\u00e7in ideal hale getirir. 26 yolcu veya 4.000 kilogram y\u00fck ta\u015f\u0131yabilir ve geni\u015f kabini, konforlu oturma veya depolama i\u00e7in geni\u015f bir alan sa\u011flar.<\/p>\n<p>En son teknolojiye sahip aviyonik sistemlerle donat\u0131lm\u0131\u015f Mi-172, u\u00e7u\u015f s\u0131ras\u0131nda maksimum g\u00fcvenlik ve verimlilik sa\u011flar. Geli\u015fmi\u015f navigasyon sistemi ve otomatik pilot \u00f6zellikleri, her t\u00fcrl\u00fc hava ko\u015fulunda kolay kullan\u0131m sa\u011flarken, dayan\u0131kl\u0131 tasar\u0131m\u0131 zorlu ortamlarda bile g\u00fcvenilir performans sunar.<\/p>\n<p>\u0130\u015f ama\u00e7l\u0131 personel ta\u015f\u0131mak, uzak yerlere mal teslim etmek veya acil t\u0131bbi hizmetler sunmak i\u00e7in Mi-172 do\u011fru se\u00e7imdir. E\u015fsiz performans\u0131 ve \u00e7ok y\u00f6nl\u00fcl\u00fc\u011f\u00fc ile bu <a href=\"https:\/\/airsps.com\/tr\/stok\/satilik-ucaklar\/satilik-helikopterler\/satilik-mi-8amt-nakliye-helikopteri-1992-11000\/\">helikopter, t\u00fcm ula\u015f\u0131m ihtiya\u00e7lar\u0131n\u0131z\u0131 kar\u015f\u0131layaca\u011f\u0131ndan<\/a> emin olabilirsiniz.<\/p>\n","protected":false},"excerpt":{"rendered":"<p>Y\u0131l: 2008<br \/>\nToplam S\u00fcre: 2158<br \/>\nNotlar: Onar\u0131m gerektirir, revizyondan \u00f6nce 555 saat<\/p>\n<p>Mi-172 sivil nakliye helikopteri, modern nakliye taleplerini kar\u015f\u0131lamak \u00fczere tasarlanm\u0131\u015f \u00e7ok y\u00f6nl\u00fc ve g\u00fcvenilir bir hava arac\u0131d\u0131r. G\u00fc\u00e7l\u00fc motorlar\u0131, geli\u015fmi\u015f aviyonik sistemleri ve geni\u015f i\u00e7 mekan\u0131 ile bu <a href=\"https:\/\/airsps.com\/stock\/aircraft-for-sale\/helicopters\/2008-mi-171-vip-passenger-helicopter-for-sale-1031\/\">helikopter, \u00e7e\u015fitli ortamlarda yolcu ve kargo<\/a> ta\u015f\u0131mac\u0131l\u0131\u011f\u0131 yapabilmektedir.<\/p>\n","protected":false},"featured_media":3278,"comment_status":"closed","ping_status":"closed","template":"","meta":[],"product_brand":[],"product_cat":[112],"product_tag":[],"class_list":{"0":"post-4056","1":"product","2":"type-product","3":"status-publish","4":"has-post-thumbnail","5":"","6":"product_cat-satilik-helikopterler","8":"first","9":"instock","10":"sold-individually","11":"shipping-taxable","12":"product-type-simple"},"yoast_head":"<!-- This site is optimized with the Yoast SEO Premium plugin v27.1 (Yoast SEO v27.1.1) - https:\/\/yoast.com\/product\/yoast-seo-premium-wordpress\/ -->\n<title>2008 Mi-172 Nakliye Helikopteri &#8212; Sat\u0131l\u0131k U\u00e7ak ve Par\u00e7alar<\/title>\n<meta name=\"description\" content=\"2008 Mi-172 Nakliye Helikopteri Sat\u0131l\u0131k | Revizyondan \u00f6nce 555 saat, TT: 2.158 saat. T\u0131bbi Helikopter D\u00f6rt M\u00fcrettebat koltu\u011fu +20 ki\u015filik yolcu koltu\u011fu\" \/>\n<meta name=\"robots\" content=\"index, follow, max-snippet:-1, max-image-preview:large, max-video-preview:-1\" \/>\n<link rel=\"canonical\" href=\"https:\/\/airsps.com\/tr\/stok\/satilik-ucaklar\/satilik-helikopterler\/2008-mi-172-nakliye-helikopteri-satilik-2158\/\" \/>\n<script type=\"application\/ld+json\" class=\"yoast-schema-graph\">{\"@context\":\"https:\/\/schema.org\",\"@graph\":[{\"@type\":\"BreadcrumbList\",\"@id\":\"https:\/\/airsps.com\/tr\/stok\/satilik-ucaklar\/satilik-helikopterler\/2008-mi-172-nakliye-helikopteri-satilik-2158\/#breadcrumb\",\"itemListElement\":[{\"@type\":\"ListItem\",\"position\":1,\"name\":\"Ana\",\"item\":\"https:\/\/airsps.com\/tr\/\"},{\"@type\":\"ListItem\",\"position\":2,\"name\":\"Stok\",\"item\":\"https:\/\/airsps.com\/tr\/stok\/\"},{\"@type\":\"ListItem\",\"position\":3,\"name\":\"Sat\u0131l\u0131k U\u00e7aklar\",\"item\":\"https:\/\/airsps.com\/tr\/depo\/satilik-ucaklar\/\"},{\"@type\":\"ListItem\",\"position\":4,\"name\":\"Sat\u0131l\u0131k Helikopterler\",\"item\":\"https:\/\/airsps.com\/tr\/depo\/satilik-ucaklar\/satilik-helikopterler\/\"},{\"@type\":\"ListItem\",\"position\":5,\"name\":\"2008 Mi-172 Nakliye\"}]}]}<\/script>\n<!-- \/ Yoast SEO Premium plugin. -->","yoast_head_json":{"title":"2008 Mi-172 Nakliye Helikopteri &#8212; Sat\u0131l\u0131k U\u00e7ak ve Par\u00e7alar","description":"2008 Mi-172 Nakliye Helikopteri Sat\u0131l\u0131k | Revizyondan \u00f6nce 555 saat, TT: 2.158 saat. T\u0131bbi Helikopter D\u00f6rt M\u00fcrettebat koltu\u011fu +20 ki\u015filik yolcu koltu\u011fu","robots":{"index":"index","follow":"follow","max-snippet":"max-snippet:-1","max-image-preview":"max-image-preview:large","max-video-preview":"max-video-preview:-1"},"canonical":"https:\/\/airsps.com\/tr\/stok\/satilik-ucaklar\/satilik-helikopterler\/2008-mi-172-nakliye-helikopteri-satilik-2158\/","schema":{"@context":"https:\/\/schema.org","@graph":[{"@type":"BreadcrumbList","@id":"https:\/\/airsps.com\/tr\/stok\/satilik-ucaklar\/satilik-helikopterler\/2008-mi-172-nakliye-helikopteri-satilik-2158\/#breadcrumb","itemListElement":[{"@type":"ListItem","position":1,"name":"Ana","item":"https:\/\/airsps.com\/tr\/"},{"@type":"ListItem","position":2,"name":"Stok","item":"https:\/\/airsps.com\/tr\/stok\/"},{"@type":"ListItem","position":3,"name":"Sat\u0131l\u0131k U\u00e7aklar","item":"https:\/\/airsps.com\/tr\/depo\/satilik-ucaklar\/"},{"@type":"ListItem","position":4,"name":"Sat\u0131l\u0131k Helikopterler","item":"https:\/\/airsps.com\/tr\/depo\/satilik-ucaklar\/satilik-helikopterler\/"},{"@type":"ListItem","position":5,"name":"2008 Mi-172 Nakliye"}]}]}},"_links":{"self":[{"href":"https:\/\/airsps.com\/tr\/wp-json\/wp\/v2\/product\/4056","targetHints":{"allow":["GET"]}}],"collection":[{"href":"https:\/\/airsps.com\/tr\/wp-json\/wp\/v2\/product"}],"about":[{"href":"https:\/\/airsps.com\/tr\/wp-json\/wp\/v2\/types\/product"}],"replies":[{"embeddable":true,"href":"https:\/\/airsps.com\/tr\/wp-json\/wp\/v2\/comments?post=4056"}],"wp:featuredmedia":[{"embeddable":true,"href":"https:\/\/airsps.com\/tr\/wp-json\/wp\/v2\/media\/3278"}],"wp:attachment":[{"href":"https:\/\/airsps.com\/tr\/wp-json\/wp\/v2\/media?parent=4056"}],"wp:term":[{"taxonomy":"product_brand","embeddable":true,"href":"https:\/\/airsps.com\/tr\/wp-json\/wp\/v2\/product_brand?post=4056"},{"taxonomy":"product_cat","embeddable":true,"href":"https:\/\/airsps.com\/tr\/wp-json\/wp\/v2\/product_cat?post=4056"},{"taxonomy":"product_tag","embeddable":true,"href":"https:\/\/airsps.com\/tr\/wp-json\/wp\/v2\/product_tag?post=4056"}],"curies":[{"name":"wp","href":"https:\/\/api.w.org\/{rel}","templated":true}]}}