{"id":4040,"date":"2023-02-16T05:34:12","date_gmt":"2023-02-16T05:34:12","guid":{"rendered":"https:\/\/airsps.com\/stock\/uncategorized\/2011-mi-8amt-vip-yolcu-satilik-655\/"},"modified":"2023-02-16T05:34:12","modified_gmt":"2023-02-16T05:34:12","slug":"2011-mi-8amt-vip-yolcu-satilik-655","status":"publish","type":"product","link":"https:\/\/airsps.com\/tr\/stok\/satilik-ucaklar\/satilik-helikopterler\/2011-mi-8amt-vip-yolcu-satilik-655\/","title":{"rendered":"2011 Mi-8AMT VIP Yolcu Mart 2021 Revizyon"},"content":{"rendered":"<p>Mi-8 VIP helikopteri, \u00fcst d\u00fczey stat\u00fcs\u00fcn\u00fc yans\u0131tan zarif ve \u015f\u0131k bir d\u0131\u015f tasar\u0131ma sahiptir. G\u00f6vdesi parlak bir cilayla boyanm\u0131\u015f ve m\u00fc\u015fterinin ki\u015fiselle\u015ftirilmi\u015f g\u00f6r\u00fcn\u00fcm\u00fcyle s\u00fcslenmi\u015ftir. Helikopter ayr\u0131ca d\u0131\u015f d\u00fcnyan\u0131n panoramik manzaras\u0131n\u0131 sunan geni\u015f, renkli pencerelere sahiptir. Pencereler, g\u00fcne\u015ften kaynaklanan parlama ve \u0131s\u0131y\u0131 azaltarak yolculara rahat ve keyifli bir u\u00e7u\u015f deneyimi sa\u011flamak \u00fczere tasarlanm\u0131\u015ft\u0131r.<\/p>\n<p>Mi-8 VIP helikopteri, i\u00e7inde 16 yolcuya kadar geni\u015f oturma alan\u0131yla l\u00fcks ve ferah bir yap\u0131ya sahiptir. Kabin deri, ah\u015fap ve mermer gibi birinci s\u0131n\u0131f malzemelerle kaplanm\u0131\u015f ve son teknoloji \u00fcr\u00fcn\u00fc olanaklarla donat\u0131lm\u0131\u015ft\u0131r. Koltuklar pel\u00fc\u015f ve konforludur, geni\u015f diz mesafesi ve ba\u015f mesafesi sunar. Ayr\u0131ca tamamen ayarlanabilir olmalar\u0131, yolcular\u0131n ideal oturma pozisyonlar\u0131n\u0131 bulmalar\u0131na olanak tan\u0131r.<\/p>\n<p>Mi-8 VIP helikopterinin kabini, onu VIP ta\u015f\u0131mac\u0131l\u0131\u011f\u0131 i\u00e7in ideal bir se\u00e7im haline getiren bir dizi geli\u015fmi\u015f \u00f6zellik ile donat\u0131lm\u0131\u015ft\u0131r. Bu \u00f6zellikler aras\u0131nda klima kontrol\u00fc, e\u011flence sistemleri ve bar bulunmaktad\u0131r. Klima kontrol sistemi, d\u0131\u015far\u0131daki hava nas\u0131l olursa olsun yolcular\u0131n her zaman rahat etmesini sa\u011flar. E\u011flence sistemleri, yolculara y\u00fcksek kaliteli ses ve g\u00f6r\u00fcnt\u00fc deneyimi sa\u011flayan b\u00fcy\u00fck d\u00fcz ekran TV&#8217;ler, DVD oynat\u0131c\u0131lar ve surround ses sistemleri i\u00e7erir. Barda \u015fampanya, kaliteli \u015faraplar ve birinci s\u0131n\u0131f alkoll\u00fc i\u00e7kiler de dahil olmak \u00fczere \u00e7e\u015fitli i\u00e7kiler bulunmaktad\u0131r.<\/p>\n<p>Mi-8 VIP helikopteri, performans a\u00e7\u0131s\u0131ndan 250 km\/saat h\u0131za ula\u015fabilen y\u00fcksek performansl\u0131 bir hava arac\u0131d\u0131r. K\u0131sa ve orta menzilli u\u00e7u\u015flar i\u00e7in ideal bir se\u00e7im olan 700 km&#8217;nin \u00fczerinde bir menzile sahiptir. Helikopter, yeterli g\u00fc\u00e7 ve g\u00fcvenilirlik sa\u011flayan iki turbo\u015faft motorla g\u00fc\u00e7lendirilmi\u015ftir. Ayr\u0131ca GPS navigasyon sistemi ve hava durumu radar\u0131 ve arazi \u00f6nleme sistemleri gibi bir dizi g\u00fcvenlik \u00f6zelli\u011fi de dahil olmak \u00fczere geli\u015fmi\u015f aviyonik sistemlere sahiptir.<\/p>\n<p>Genel olarak Mi-8 VIP helikopteri, \u00fcst d\u00fczey bir u\u00e7u\u015f deneyimi sunan l\u00fcks ve y\u00fcksek performansl\u0131 bir hava arac\u0131d\u0131r. \u0130\u015f veya e\u011flence i\u00e7in VIP ta\u015f\u0131mac\u0131l\u0131\u011fa ihtiya\u00e7 duyan m\u00fc\u015fteriler i\u00e7in idealdir ve k\u0131sa ve orta menzilli u\u00e7u\u015flar i\u00e7in \u00e7ok uygundur. L\u00fcks i\u00e7 mekan\u0131, geli\u015fmi\u015f \u00f6zellikleri ve g\u00fcvenilir performans\u0131 ile Mi-8 VIP helikopteri, en iyisini talep eden se\u00e7ici m\u00fc\u015fteriler i\u00e7in en iyi se\u00e7imdir.<\/p>\n","protected":false},"excerpt":{"rendered":"<p>Y\u0131l: 2011<br \/>\nToplam S\u00fcre: 655<br \/>\nNotlar: b\u00fcy\u00fck revizyondan sonra 2021<\/p>\n<p>Mi-8 <a href=\"https:\/\/airsps.com\/stock\/aircraft-for-sale\/helicopters\/2008-mi-171-vip-passenger-helicopter-for-sale-1031\/\">VIP helikopteri<\/a>, yolcular\u0131 \u015f\u0131k ve konforlu bir \u015fekilde ta\u015f\u0131mak i\u00e7in tasarlanm\u0131\u015f l\u00fcks ve y\u00fcksek performansl\u0131 bir hava arac\u0131d\u0131r. Bu helikopter, 50 y\u0131l\u0131 a\u015fk\u0131n bir s\u00fcredir \u00e7e\u015fitli askeri ve sivil kurulu\u015flarda hizmet veren sayg\u0131de\u011fer <a href=\"https:\/\/airsps.com\/stock\/aircraft-for-sale\/helicopters\/1990-mi-8t-transport-helicopter-for-sale-1476\/\">Mi-8 nakliye helikopterine<\/a> dayanmaktad\u0131r. Bununla birlikte, Mi-8&#8217;in VIP versiyonu, birinci s\u0131n\u0131f bir u\u00e7u\u015f deneyimi isteyen \u00fcst d\u00fczey m\u00fc\u015fterilerin ihtiya\u00e7lar\u0131n\u0131 kar\u015f\u0131lamak i\u00e7in kapsaml\u0131 bir \u015fekilde de\u011fi\u015ftirilmi\u015ftir.<\/p>\n","protected":false},"featured_media":3263,"comment_status":"closed","ping_status":"closed","template":"","meta":[],"product_brand":[],"product_cat":[112],"product_tag":[],"class_list":{"0":"post-4040","1":"product","2":"type-product","3":"status-publish","4":"has-post-thumbnail","5":"","6":"product_cat-satilik-helikopterler","8":"first","9":"instock","10":"shipping-taxable","11":"product-type-simple"},"yoast_head":"<!-- This site is optimized with the Yoast SEO Premium plugin v27.1 (Yoast SEO v27.1.1) - https:\/\/yoast.com\/product\/yoast-seo-premium-wordpress\/ -->\n<title>2011 Mi-8AMT VIP Yolcu Helikopteri &#8212; Mart 2021 Revizyon<\/title>\n<meta name=\"description\" content=\"Sat\u0131l\u0131k 2011 Mi-8AMT VIP Yolcu Helikopteri | 2021, Mart - Revizyondan bu yana ge\u00e7en s\u00fcre: 655 saat. \u00dcst s\u0131n\u0131f kabin 13 yolcuya kadar a\u011f\u0131rlayabilir\" \/>\n<meta name=\"robots\" content=\"index, follow, max-snippet:-1, max-image-preview:large, max-video-preview:-1\" \/>\n<link rel=\"canonical\" href=\"https:\/\/airsps.com\/tr\/stok\/satilik-ucaklar\/satilik-helikopterler\/2011-mi-8amt-vip-yolcu-satilik-655\/\" \/>\n<script type=\"application\/ld+json\" class=\"yoast-schema-graph\">{\"@context\":\"https:\/\/schema.org\",\"@graph\":[{\"@type\":\"BreadcrumbList\",\"@id\":\"https:\/\/airsps.com\/tr\/stok\/satilik-ucaklar\/satilik-helikopterler\/2011-mi-8amt-vip-yolcu-satilik-655\/#breadcrumb\",\"itemListElement\":[{\"@type\":\"ListItem\",\"position\":1,\"name\":\"Ana\",\"item\":\"https:\/\/airsps.com\/tr\/\"},{\"@type\":\"ListItem\",\"position\":2,\"name\":\"Stok\",\"item\":\"https:\/\/airsps.com\/tr\/stok\/\"},{\"@type\":\"ListItem\",\"position\":3,\"name\":\"Sat\u0131l\u0131k U\u00e7aklar\",\"item\":\"https:\/\/airsps.com\/tr\/depo\/satilik-ucaklar\/\"},{\"@type\":\"ListItem\",\"position\":4,\"name\":\"Sat\u0131l\u0131k Helikopterler\",\"item\":\"https:\/\/airsps.com\/tr\/depo\/satilik-ucaklar\/satilik-helikopterler\/\"},{\"@type\":\"ListItem\",\"position\":5,\"name\":\"2011 Mi-8AMT VIP Yolcu Mart 2021 Revizyon\"}]}]}<\/script>\n<!-- \/ Yoast SEO Premium plugin. -->","yoast_head_json":{"title":"2011 Mi-8AMT VIP Yolcu Helikopteri &#8212; Mart 2021 Revizyon","description":"Sat\u0131l\u0131k 2011 Mi-8AMT VIP Yolcu Helikopteri | 2021, Mart - Revizyondan bu yana ge\u00e7en s\u00fcre: 655 saat. \u00dcst s\u0131n\u0131f kabin 13 yolcuya kadar a\u011f\u0131rlayabilir","robots":{"index":"index","follow":"follow","max-snippet":"max-snippet:-1","max-image-preview":"max-image-preview:large","max-video-preview":"max-video-preview:-1"},"canonical":"https:\/\/airsps.com\/tr\/stok\/satilik-ucaklar\/satilik-helikopterler\/2011-mi-8amt-vip-yolcu-satilik-655\/","schema":{"@context":"https:\/\/schema.org","@graph":[{"@type":"BreadcrumbList","@id":"https:\/\/airsps.com\/tr\/stok\/satilik-ucaklar\/satilik-helikopterler\/2011-mi-8amt-vip-yolcu-satilik-655\/#breadcrumb","itemListElement":[{"@type":"ListItem","position":1,"name":"Ana","item":"https:\/\/airsps.com\/tr\/"},{"@type":"ListItem","position":2,"name":"Stok","item":"https:\/\/airsps.com\/tr\/stok\/"},{"@type":"ListItem","position":3,"name":"Sat\u0131l\u0131k U\u00e7aklar","item":"https:\/\/airsps.com\/tr\/depo\/satilik-ucaklar\/"},{"@type":"ListItem","position":4,"name":"Sat\u0131l\u0131k Helikopterler","item":"https:\/\/airsps.com\/tr\/depo\/satilik-ucaklar\/satilik-helikopterler\/"},{"@type":"ListItem","position":5,"name":"2011 Mi-8AMT VIP Yolcu Mart 2021 Revizyon"}]}]}},"_links":{"self":[{"href":"https:\/\/airsps.com\/tr\/wp-json\/wp\/v2\/product\/4040","targetHints":{"allow":["GET"]}}],"collection":[{"href":"https:\/\/airsps.com\/tr\/wp-json\/wp\/v2\/product"}],"about":[{"href":"https:\/\/airsps.com\/tr\/wp-json\/wp\/v2\/types\/product"}],"replies":[{"embeddable":true,"href":"https:\/\/airsps.com\/tr\/wp-json\/wp\/v2\/comments?post=4040"}],"wp:featuredmedia":[{"embeddable":true,"href":"https:\/\/airsps.com\/tr\/wp-json\/wp\/v2\/media\/3263"}],"wp:attachment":[{"href":"https:\/\/airsps.com\/tr\/wp-json\/wp\/v2\/media?parent=4040"}],"wp:term":[{"taxonomy":"product_brand","embeddable":true,"href":"https:\/\/airsps.com\/tr\/wp-json\/wp\/v2\/product_brand?post=4040"},{"taxonomy":"product_cat","embeddable":true,"href":"https:\/\/airsps.com\/tr\/wp-json\/wp\/v2\/product_cat?post=4040"},{"taxonomy":"product_tag","embeddable":true,"href":"https:\/\/airsps.com\/tr\/wp-json\/wp\/v2\/product_tag?post=4040"}],"curies":[{"name":"wp","href":"https:\/\/api.w.org\/{rel}","templated":true}]}}