{"id":4039,"date":"2023-02-16T05:28:42","date_gmt":"2023-02-16T05:28:42","guid":{"rendered":"https:\/\/airsps.com\/stock\/uncategorized\/satilik-mi-8amt-nakliye-helikopteri-1992-11000\/"},"modified":"2023-02-16T05:28:42","modified_gmt":"2023-02-16T05:28:42","slug":"satilik-mi-8amt-nakliye-helikopteri-1992-11000","status":"publish","type":"product","link":"https:\/\/airsps.com\/tr\/stok\/satilik-ucaklar\/satilik-helikopterler\/satilik-mi-8amt-nakliye-helikopteri-1992-11000\/","title":{"rendered":"1992 Mi-8AMT Nakliye Arac\u0131 B\u00fcy\u00fck Revizyondan Sonra"},"content":{"rendered":"<p>Ayr\u0131ca, Mi-8&#8217;in sa\u011flam tasar\u0131m\u0131, g\u00fc\u00e7l\u00fc motorlar\u0131 ve uzun s\u00fcre y\u00fcksek h\u0131zlarda u\u00e7abilme kabiliyeti, \u00f6zellikle di\u011fer ula\u015f\u0131m y\u00f6ntemlerinin pratik olmayabilece\u011fi uzak b\u00f6lgelerde yeni kargo ta\u015f\u0131mac\u0131l\u0131\u011f\u0131 giri\u015fimleri ba\u015flatan \u015firketler i\u00e7in ideal bir yat\u0131r\u0131md\u0131r.<\/p>\n<p>Mi-8&#8217;in otopilot, dijital kontrol sistemi ve sertifikal\u0131 acil kurtarma ekipman\u0131 gibi yenilik\u00e7i teknolojileri, yolcular ve m\u00fcrettebat i\u00e7in maksimum g\u00fcvenlik sa\u011flar. Bu \u00f6zellikler helikopteri konforlu ve g\u00fcvenli hale getirerek y\u00fcksek irtifalar, sert hava ko\u015fullar\u0131 ve s\u0131cak hava gibi ekstrem ko\u015fullarda \u00e7al\u0131\u015fmas\u0131na olanak tan\u0131r.<\/p>\n<p>Genel olarak, Mi-8&#8217;in \u00fcst\u00fcn performans\u0131, \u00e7ok y\u00f6nl\u00fcl\u00fc\u011f\u00fc ve g\u00fcvenilirli\u011fi, onu d\u00fcnyan\u0131n \u00e7e\u015fitli \u00fclkelerinde bir\u00e7ok insan\u0131n hayat\u0131n\u0131n ayr\u0131lmaz bir par\u00e7as\u0131 haline getirmi\u015ftir. Her t\u00fcrl\u00fc zorlu\u011fu \u00e7\u00f6zebilecek bir <a title=\"Helikopter Sat\u0131n Al\u0131n\" href=\"https:\/\/airsps.com\/depot\/aircraft-for-sale\/helicopters\/\" rel=\"\">helikopter ar\u0131yorsan\u0131z<\/a>, Mi-8 hi\u00e7 \u015f\u00fcphesiz de\u011ferlendirmeye de\u011fer.<\/p>\n","protected":false},"excerpt":{"rendered":"<p>Y\u0131l: 2022<br \/>\nToplam S\u00fcre: 11000<br \/>\nNotlar: b\u00fcy\u00fck revizyondan sonra 2022<\/p>\n<p>Mi-8AMT helikopteri ger\u00e7ekten de onlarca y\u0131ld\u0131r \u00e7e\u015fitli sekt\u00f6rlere hizmet veren \u00e7ok y\u00f6nl\u00fc ve g\u00fcvenilir bir hava arac\u0131d\u0131r. \u00c7ok i\u015flevli olmas\u0131, ola\u011fan\u00fcst\u00fc performans kabiliyetleri ve geli\u015fmi\u015f g\u00fcvenlik \u00f6zellikleri, onu \u00e7e\u015fitli ortamlarda yolcu ve y\u00fck ta\u015f\u0131mak, arama ve kurtarma operasyonlar\u0131 ger\u00e7ekle\u015ftirmek, yang\u0131nla m\u00fccadele etmek, a\u00e7\u0131k deniz deste\u011fi sa\u011flamak ve gezi turlar\u0131 d\u00fczenlemek i\u00e7in m\u00fckemmel bir se\u00e7im haline getirmektedir.<\/p>\n","protected":false},"featured_media":3308,"comment_status":"closed","ping_status":"closed","template":"","meta":[],"product_brand":[],"product_cat":[112],"product_tag":[],"class_list":{"0":"post-4039","1":"product","2":"type-product","3":"status-publish","4":"has-post-thumbnail","5":"","6":"product_cat-satilik-helikopterler","8":"first","9":"onbackorder","10":"sold-individually","11":"shipping-taxable","12":"product-type-simple"},"yoast_head":"<!-- This site is optimized with the Yoast SEO Premium plugin v27.1 (Yoast SEO v27.1.1) - https:\/\/yoast.com\/product\/yoast-seo-premium-wordpress\/ -->\n<title>1992 Mi-8AMT Sat\u0131l\u0131k Nakliye Helikopteri &#8212; 2022 Revizyon<\/title>\n<meta name=\"description\" content=\"1992 Mi-8AMT Nakliye Helikopteri B\u00fcy\u00fck Revizyondan Sonra Sat\u0131l\u0131k | 2022. Toplam S\u00fcre 11000 saat. B\u00fcy\u00fck Boy Kargolar\u0131n Ta\u015f\u0131nmas\u0131\" \/>\n<meta name=\"robots\" content=\"index, follow, max-snippet:-1, max-image-preview:large, max-video-preview:-1\" \/>\n<link rel=\"canonical\" href=\"https:\/\/airsps.com\/tr\/stok\/satilik-ucaklar\/satilik-helikopterler\/satilik-mi-8amt-nakliye-helikopteri-1992-11000\/\" \/>\n<script type=\"application\/ld+json\" class=\"yoast-schema-graph\">{\"@context\":\"https:\/\/schema.org\",\"@graph\":[{\"@type\":\"BreadcrumbList\",\"@id\":\"https:\/\/airsps.com\/tr\/stok\/satilik-ucaklar\/satilik-helikopterler\/satilik-mi-8amt-nakliye-helikopteri-1992-11000\/#breadcrumb\",\"itemListElement\":[{\"@type\":\"ListItem\",\"position\":1,\"name\":\"Ana\",\"item\":\"https:\/\/airsps.com\/tr\/\"},{\"@type\":\"ListItem\",\"position\":2,\"name\":\"Stok\",\"item\":\"https:\/\/airsps.com\/tr\/stok\/\"},{\"@type\":\"ListItem\",\"position\":3,\"name\":\"Sat\u0131l\u0131k U\u00e7aklar\",\"item\":\"https:\/\/airsps.com\/tr\/depo\/satilik-ucaklar\/\"},{\"@type\":\"ListItem\",\"position\":4,\"name\":\"Sat\u0131l\u0131k Helikopterler\",\"item\":\"https:\/\/airsps.com\/tr\/depo\/satilik-ucaklar\/satilik-helikopterler\/\"},{\"@type\":\"ListItem\",\"position\":5,\"name\":\"1992 Mi-8AMT Nakliye Arac\u0131 B\u00fcy\u00fck Revizyondan Sonra\"}]}]}<\/script>\n<!-- \/ Yoast SEO Premium plugin. -->","yoast_head_json":{"title":"1992 Mi-8AMT Sat\u0131l\u0131k Nakliye Helikopteri &#8212; 2022 Revizyon","description":"1992 Mi-8AMT Nakliye Helikopteri B\u00fcy\u00fck Revizyondan Sonra Sat\u0131l\u0131k | 2022. Toplam S\u00fcre 11000 saat. B\u00fcy\u00fck Boy Kargolar\u0131n Ta\u015f\u0131nmas\u0131","robots":{"index":"index","follow":"follow","max-snippet":"max-snippet:-1","max-image-preview":"max-image-preview:large","max-video-preview":"max-video-preview:-1"},"canonical":"https:\/\/airsps.com\/tr\/stok\/satilik-ucaklar\/satilik-helikopterler\/satilik-mi-8amt-nakliye-helikopteri-1992-11000\/","schema":{"@context":"https:\/\/schema.org","@graph":[{"@type":"BreadcrumbList","@id":"https:\/\/airsps.com\/tr\/stok\/satilik-ucaklar\/satilik-helikopterler\/satilik-mi-8amt-nakliye-helikopteri-1992-11000\/#breadcrumb","itemListElement":[{"@type":"ListItem","position":1,"name":"Ana","item":"https:\/\/airsps.com\/tr\/"},{"@type":"ListItem","position":2,"name":"Stok","item":"https:\/\/airsps.com\/tr\/stok\/"},{"@type":"ListItem","position":3,"name":"Sat\u0131l\u0131k U\u00e7aklar","item":"https:\/\/airsps.com\/tr\/depo\/satilik-ucaklar\/"},{"@type":"ListItem","position":4,"name":"Sat\u0131l\u0131k Helikopterler","item":"https:\/\/airsps.com\/tr\/depo\/satilik-ucaklar\/satilik-helikopterler\/"},{"@type":"ListItem","position":5,"name":"1992 Mi-8AMT Nakliye Arac\u0131 B\u00fcy\u00fck Revizyondan Sonra"}]}]}},"_links":{"self":[{"href":"https:\/\/airsps.com\/tr\/wp-json\/wp\/v2\/product\/4039","targetHints":{"allow":["GET"]}}],"collection":[{"href":"https:\/\/airsps.com\/tr\/wp-json\/wp\/v2\/product"}],"about":[{"href":"https:\/\/airsps.com\/tr\/wp-json\/wp\/v2\/types\/product"}],"replies":[{"embeddable":true,"href":"https:\/\/airsps.com\/tr\/wp-json\/wp\/v2\/comments?post=4039"}],"wp:featuredmedia":[{"embeddable":true,"href":"https:\/\/airsps.com\/tr\/wp-json\/wp\/v2\/media\/3308"}],"wp:attachment":[{"href":"https:\/\/airsps.com\/tr\/wp-json\/wp\/v2\/media?parent=4039"}],"wp:term":[{"taxonomy":"product_brand","embeddable":true,"href":"https:\/\/airsps.com\/tr\/wp-json\/wp\/v2\/product_brand?post=4039"},{"taxonomy":"product_cat","embeddable":true,"href":"https:\/\/airsps.com\/tr\/wp-json\/wp\/v2\/product_cat?post=4039"},{"taxonomy":"product_tag","embeddable":true,"href":"https:\/\/airsps.com\/tr\/wp-json\/wp\/v2\/product_tag?post=4039"}],"curies":[{"name":"wp","href":"https:\/\/api.w.org\/{rel}","templated":true}]}}