{"id":4038,"date":"2023-02-16T05:25:31","date_gmt":"2023-02-16T05:25:31","guid":{"rendered":"https:\/\/airsps.com\/stock\/uncategorized\/2008-mi-171-vip-yolcu-helikopteri-satilik-1031\/"},"modified":"2023-02-16T05:25:31","modified_gmt":"2023-02-16T05:25:31","slug":"2008-mi-171-vip-yolcu-helikopteri-satilik-1031","status":"publish","type":"product","link":"https:\/\/airsps.com\/tr\/stok\/satilik-ucaklar\/satilik-helikopterler\/2008-mi-171-vip-yolcu-helikopteri-satilik-1031\/","title":{"rendered":"2008 Mi-171 VIP Yolcu"},"content":{"rendered":"<p>Orta s\u0131n\u0131f Mi-171 VIP helikopteri a\u011f\u0131rl\u0131kl\u0131 olarak devlet ve i\u015f havac\u0131l\u0131\u011f\u0131 taraf\u0131ndan kullan\u0131lmaktad\u0131r. U\u00e7ak m\u00fckemmel u\u00e7u\u015f ve performans \u00f6zelliklerine sahiptir.<\/p>\n<p>U\u00e7u\u015f s\u0131ras\u0131nda yolcular i\u00e7in y\u00fcksek d\u00fczeyde g\u00fcvenlik ve konfor sa\u011flan\u0131r. Helikopterde yolcular (i\u015fadamlar\u0131, yetkililer, ba\u015fkanlar ve di\u011fer \u00f6nemli ki\u015filer) rahat ko\u015fullarda dinlenebilir veya \u00e7al\u0131\u015fabilir.<\/p>\n<p>\u0130\u00e7 d\u00f6\u015feme \u00e7o\u011funlukla deri ve nadir t\u00fcrden ah\u015fapt\u0131r.<\/p>\n<ul>\n<li>VIP salonunun b\u00fcy\u00fckl\u00fc\u011f\u00fc<\/li>\n<li>refakat\u00e7iler i\u00e7in ayr\u0131 kabin<\/li>\n<li>VIP ki\u015filer i\u00e7in ayr\u0131 kabin<\/li>\n<li>bireysel kabin tasar\u0131m\u0131<\/li>\n<li>y\u00fcksek kaliteli malzemelerden d\u00f6\u015femeler<\/li>\n<li>iklimlendirme sistemi<\/li>\n<li>\u0131s\u0131tma sistemi<\/li>\n<li>yolcu uyari si\u0307stemi\u0307<\/li>\n<li>d\u00fc\u015f\u00fck titre\u015fim seviyesi<\/li>\n<li>d\u00fc\u015f\u00fck g\u00fcr\u00fclt\u00fc<\/li>\n<li>\u00e7e\u015fitli ayd\u0131nlatma t\u00fcrleri<\/li>\n<li>VIP kanepeler, VIP sandalyeler, katlan\u0131r ve a\u00e7\u0131l\u0131r masalar<\/li>\n<li>uydu telefonu<\/li>\n<li>konferans si\u0307stemi\u0307<\/li>\n<li>ses\/g\u00f6r\u00fcnt\u00fc si\u0307stemi\u0307<\/li>\n<li>harici video kamera<\/li>\n<li>mini bar<\/li>\n<li>salon<\/li>\n<li>bagaj b\u00f6lmesi<\/li>\n<li>lavabo<\/li>\n<li>iki merdiven giri\u015f kap\u0131s\u0131 (sol ve arka)<\/li>\n<\/ul>\n","protected":false},"excerpt":{"rendered":"<p>Y\u0131l: 2008<br \/>\nToplam S\u00fcre: 1031<br \/>\nNotlar: onar\u0131mlar devam ediyor (takvim)<\/p>\n<p>Yolcu helikopteri Mi-171 VIP versiyonu, bir hostes e\u015fli\u011finde 14 ki\u015finin ta\u015f\u0131nmas\u0131 <a title=\"2011 Mi-8AMT VIP Yolcu Mart 2021 Revizyon\" href=\"https:\/\/airsps.com\/stock\/aircraft-for-sale\/helicopters\/2011-mi-8amt-vip-passenger-for-sale-655\/\" rel=\"\">i\u00e7in geli\u015ftirilmi\u015f konfora sahip pop\u00fcler helikopterlerden<\/a> biridir.<\/p>\n","protected":false},"featured_media":3239,"comment_status":"closed","ping_status":"closed","template":"","meta":[],"product_brand":[],"product_cat":[112],"product_tag":[],"class_list":{"0":"post-4038","1":"product","2":"type-product","3":"status-publish","4":"has-post-thumbnail","5":"","6":"product_cat-satilik-helikopterler","8":"first","9":"instock","10":"sold-individually","11":"shipping-taxable","12":"product-type-simple"},"yoast_head":"<!-- This site is optimized with the Yoast SEO Premium plugin v27.1 (Yoast SEO v27.1.1) - https:\/\/yoast.com\/product\/yoast-seo-premium-wordpress\/ -->\n<title>2008 Mi-171 VIP Yolcu Helikopteri &#8212; Sat\u0131l\u0131k U\u00e7ak &amp; Par\u00e7alar\u0131<\/title>\n<meta name=\"description\" content=\"2008 Mi-171 Sat\u0131l\u0131k VIP Yolcu Helikopteri | \u00c7ok \u00f6nemli ki\u015filerin rahat bir u\u00e7u\u015f ve \u00e7al\u0131\u015fmas\u0131 i\u00e7in g\u00fcvenilir ve g\u00fcvenli hava arac\u0131. Onar\u0131m \u00c7al\u0131\u015fmalar\u0131 Devam Ediyor\" \/>\n<meta name=\"robots\" content=\"index, follow, max-snippet:-1, max-image-preview:large, max-video-preview:-1\" \/>\n<link rel=\"canonical\" href=\"https:\/\/airsps.com\/tr\/stok\/satilik-ucaklar\/satilik-helikopterler\/2008-mi-171-vip-yolcu-helikopteri-satilik-1031\/\" \/>\n<script type=\"application\/ld+json\" class=\"yoast-schema-graph\">{\"@context\":\"https:\/\/schema.org\",\"@graph\":[{\"@type\":\"BreadcrumbList\",\"@id\":\"https:\/\/airsps.com\/tr\/stok\/satilik-ucaklar\/satilik-helikopterler\/2008-mi-171-vip-yolcu-helikopteri-satilik-1031\/#breadcrumb\",\"itemListElement\":[{\"@type\":\"ListItem\",\"position\":1,\"name\":\"Ana\",\"item\":\"https:\/\/airsps.com\/tr\/\"},{\"@type\":\"ListItem\",\"position\":2,\"name\":\"Stok\",\"item\":\"https:\/\/airsps.com\/tr\/stok\/\"},{\"@type\":\"ListItem\",\"position\":3,\"name\":\"Sat\u0131l\u0131k U\u00e7aklar\",\"item\":\"https:\/\/airsps.com\/tr\/depo\/satilik-ucaklar\/\"},{\"@type\":\"ListItem\",\"position\":4,\"name\":\"Sat\u0131l\u0131k Helikopterler\",\"item\":\"https:\/\/airsps.com\/tr\/depo\/satilik-ucaklar\/satilik-helikopterler\/\"},{\"@type\":\"ListItem\",\"position\":5,\"name\":\"2008 Mi-171 VIP Yolcu\"}]}]}<\/script>\n<!-- \/ Yoast SEO Premium plugin. -->","yoast_head_json":{"title":"2008 Mi-171 VIP Yolcu Helikopteri &#8212; Sat\u0131l\u0131k U\u00e7ak & Par\u00e7alar\u0131","description":"2008 Mi-171 Sat\u0131l\u0131k VIP Yolcu Helikopteri | \u00c7ok \u00f6nemli ki\u015filerin rahat bir u\u00e7u\u015f ve \u00e7al\u0131\u015fmas\u0131 i\u00e7in g\u00fcvenilir ve g\u00fcvenli hava arac\u0131. Onar\u0131m \u00c7al\u0131\u015fmalar\u0131 Devam Ediyor","robots":{"index":"index","follow":"follow","max-snippet":"max-snippet:-1","max-image-preview":"max-image-preview:large","max-video-preview":"max-video-preview:-1"},"canonical":"https:\/\/airsps.com\/tr\/stok\/satilik-ucaklar\/satilik-helikopterler\/2008-mi-171-vip-yolcu-helikopteri-satilik-1031\/","schema":{"@context":"https:\/\/schema.org","@graph":[{"@type":"BreadcrumbList","@id":"https:\/\/airsps.com\/tr\/stok\/satilik-ucaklar\/satilik-helikopterler\/2008-mi-171-vip-yolcu-helikopteri-satilik-1031\/#breadcrumb","itemListElement":[{"@type":"ListItem","position":1,"name":"Ana","item":"https:\/\/airsps.com\/tr\/"},{"@type":"ListItem","position":2,"name":"Stok","item":"https:\/\/airsps.com\/tr\/stok\/"},{"@type":"ListItem","position":3,"name":"Sat\u0131l\u0131k U\u00e7aklar","item":"https:\/\/airsps.com\/tr\/depo\/satilik-ucaklar\/"},{"@type":"ListItem","position":4,"name":"Sat\u0131l\u0131k Helikopterler","item":"https:\/\/airsps.com\/tr\/depo\/satilik-ucaklar\/satilik-helikopterler\/"},{"@type":"ListItem","position":5,"name":"2008 Mi-171 VIP Yolcu"}]}]}},"_links":{"self":[{"href":"https:\/\/airsps.com\/tr\/wp-json\/wp\/v2\/product\/4038","targetHints":{"allow":["GET"]}}],"collection":[{"href":"https:\/\/airsps.com\/tr\/wp-json\/wp\/v2\/product"}],"about":[{"href":"https:\/\/airsps.com\/tr\/wp-json\/wp\/v2\/types\/product"}],"replies":[{"embeddable":true,"href":"https:\/\/airsps.com\/tr\/wp-json\/wp\/v2\/comments?post=4038"}],"wp:featuredmedia":[{"embeddable":true,"href":"https:\/\/airsps.com\/tr\/wp-json\/wp\/v2\/media\/3239"}],"wp:attachment":[{"href":"https:\/\/airsps.com\/tr\/wp-json\/wp\/v2\/media?parent=4038"}],"wp:term":[{"taxonomy":"product_brand","embeddable":true,"href":"https:\/\/airsps.com\/tr\/wp-json\/wp\/v2\/product_brand?post=4038"},{"taxonomy":"product_cat","embeddable":true,"href":"https:\/\/airsps.com\/tr\/wp-json\/wp\/v2\/product_cat?post=4038"},{"taxonomy":"product_tag","embeddable":true,"href":"https:\/\/airsps.com\/tr\/wp-json\/wp\/v2\/product_tag?post=4038"}],"curies":[{"name":"wp","href":"https:\/\/api.w.org\/{rel}","templated":true}]}}