{"id":4037,"date":"2023-02-16T05:52:37","date_gmt":"2023-02-16T05:52:37","guid":{"rendered":"https:\/\/airsps.com\/stock\/uncategorized\/satilik-2005-mi-17-v5-nakliye-helikopteri-1741\/"},"modified":"2023-02-16T05:52:37","modified_gmt":"2023-02-16T05:52:37","slug":"satilik-2005-mi-17-v5-nakliye-helikopteri-1741","status":"publish","type":"product","link":"https:\/\/airsps.com\/tr\/stok\/satilik-ucaklar\/satilik-helikopterler\/satilik-2005-mi-17-v5-nakliye-helikopteri-1741\/","title":{"rendered":"2005 Mi-17 V5 Nakliye"},"content":{"rendered":"<p>Mi-17, \u00e7ift motorlu, \u00e7ok ama\u00e7l\u0131 bir helikopter olup, asker ta\u015f\u0131ma, kargo ta\u015f\u0131ma, arama ve kurtarma ve hava ambulans\u0131 dahil olmak \u00fczere \u00e7ok \u00e7e\u015fitli roller i\u00e7in yap\u0131land\u0131r\u0131labilir. Boyutu ve kald\u0131rma kapasitesi, onu \u00f6zellikle da\u011fl\u0131k b\u00f6lgeler veya a\u00e7\u0131k deniz petrol platformlar\u0131 gibi uzak veya zorlu ortamlardaki operasyonlar i\u00e7in uygun hale getirir.<\/p>\n<p>Mi-17&#8217;nin (Mi-8) tan\u0131mlay\u0131c\u0131 \u00f6zelliklerinden biri b\u00fcy\u00fck, oval \u015fekilli g\u00f6vdesidir. Bu, yolcular, kargo ve ekipman i\u00e7in geni\u015f bir alan sa\u011flar ve u\u00e7a\u011f\u0131n arkas\u0131ndaki iki b\u00fcy\u00fck kapakl\u0131 kap\u0131dan kolay y\u00fckleme ve bo\u015faltmaya olanak tan\u0131r. Kokpit kabinin \u00fczerinde ve ana rotor tertibat\u0131n\u0131n \u00f6n\u00fcnde yer al\u0131r, bu da pilota m\u00fckemmel g\u00f6r\u00fc\u015f sa\u011flar.<\/p>\n<p>Mi-8 tipik olarak iki turbo\u015faft motorla donat\u0131lm\u0131\u015ft\u0131r ve varyanta ba\u011fl\u0131 olarak bunlar Klimov ya da Isotov motorlar\u0131 olabilir. Bu motorlar g\u00f6vdenin \u00fczerine monte edilmi\u015ftir ve karma\u015f\u0131k bir di\u015fli kutusu ve \u015faft sistemi arac\u0131l\u0131\u011f\u0131yla rotorlara ba\u011flan\u0131r. Rotor kanatlar\u0131n\u0131n kendisi kompozit malzemelerden yap\u0131lm\u0131\u015ft\u0131r ve minimum g\u00fcr\u00fclt\u00fc ile maksimum kald\u0131rma sa\u011flamak \u00fczere tasarlanm\u0131\u015ft\u0131r.<\/p>\n<p>Mi-8, 1.200 kilometreye kadar menzile sahiptir ve saatte yakla\u015f\u0131k 250 kilometre azami h\u0131za ula\u015fabilir. 50C ile +50C aras\u0131nda de\u011fi\u015fen s\u0131cakl\u0131klarda \u00e7al\u0131\u015fabilir ve 6.000 metreye kadar irtifalarda u\u00e7abilir.<\/p>\n<p>Mi-8, nakliye helikopteri olarak birincil rol\u00fcn\u00fcn yan\u0131 s\u0131ra askeri operasyonlarda da yayg\u0131n olarak kullan\u0131lmaktad\u0131r. Makineli t\u00fcfekler, roketler ve tanksavar f\u00fczeleri de dahil olmak \u00fczere bir dizi silahla donat\u0131labilir ve genellikle birlikleri sava\u015f b\u00f6lgelerine ta\u015f\u0131mak i\u00e7in kullan\u0131l\u0131r.<\/p>\n<p>Baz\u0131 varyantlarda Mi-17 olarak da bilinen Mi-8 nakliye helikopteri, 1960&#8217;lardan beri hizmette olan Sovyet ve Rus yap\u0131m\u0131 bir orta kald\u0131rma helikopteridir. Mil Moskova Helikopter Fabrikas\u0131 taraf\u0131ndan tasarlanm\u0131\u015f ve 12.000&#8217;den fazla adet \u00fcretilerek d\u00fcnyada en yayg\u0131n kullan\u0131lan askeri ve sivil helikopterlerden biri haline gelmi\u015ftir.<\/p>\n<p>Genel olarak, Mi-8 nakliye helikopterinin \u00e7ok \u00e7e\u015fitli askeri ve sivil uygulamalar i\u00e7in g\u00fcvenilir ve \u00e7ok y\u00f6nl\u00fc bir platform oldu\u011fu kan\u0131tlanm\u0131\u015ft\u0131r. Sa\u011flam tasar\u0131m\u0131, geni\u015f ta\u015f\u0131ma kapasitesi ve \u00e7e\u015fitli ortamlarda \u00e7al\u0131\u015fabilme kabiliyeti, onu d\u00fcnyan\u0131n d\u00f6rt bir yan\u0131ndaki operat\u00f6rler i\u00e7in vazge\u00e7ilmez bir ara\u00e7 haline getirmi\u015ftir<\/p>\n","protected":false},"excerpt":{"rendered":"<p>Y\u0131l: 2005<br \/>\nToplam S\u00fcre: 1741<br \/>\nNotlar: onar\u0131m gerektiriyor, revizyondan \u00f6nce 947 saat<\/p>\n<p>Mi-8&#8217;in en dikkat \u00e7ekici varyantlar\u0131ndan biri, orijinal tasar\u0131ma g\u00f6re bir dizi y\u00fckseltme ve iyile\u015ftirme i\u00e7eren Mi-17&#8217;dir. Bunlar aras\u0131nda geli\u015ftirilmi\u015f aviyonikler, daha g\u00fc\u00e7l\u00fc motorlar ve Mi-17&#8217;ye daha uzun bir operasyonel menzil sa\u011flayan daha b\u00fcy\u00fck bir yak\u0131t kapasitesi bulunmaktad\u0131r.<\/p>\n","protected":false},"featured_media":3271,"comment_status":"closed","ping_status":"closed","template":"","meta":[],"product_brand":[],"product_cat":[112],"product_tag":[],"class_list":{"0":"post-4037","1":"product","2":"type-product","3":"status-publish","4":"has-post-thumbnail","5":"","6":"product_cat-satilik-helikopterler","8":"first","9":"instock","10":"sold-individually","11":"shipping-taxable","12":"product-type-simple"},"yoast_head":"<!-- This site is optimized with the Yoast SEO Premium plugin v27.1 (Yoast SEO v27.1.1) - https:\/\/yoast.com\/product\/yoast-seo-premium-wordpress\/ -->\n<title>2005 Mi-17 V5 Nakliye Helikopteri &#8212; Sat\u0131l\u0131k U\u00e7ak &amp; Par\u00e7alar\u0131<\/title>\n<meta name=\"description\" content=\"Sat\u0131l\u0131k 2005 Mi-17 V5 Nakliye Helikopteri | Revizyondan \u00f6nce 947 saat, TT: 1.741 saat. T\u0131bbi Helikopter D\u00f6rt M\u00fcrettebat koltu\u011fu +20 ki\u015filik yolcu koltu\u011fu\" \/>\n<meta name=\"robots\" content=\"index, follow, max-snippet:-1, max-image-preview:large, max-video-preview:-1\" \/>\n<link rel=\"canonical\" href=\"https:\/\/airsps.com\/tr\/stok\/satilik-ucaklar\/satilik-helikopterler\/satilik-2005-mi-17-v5-nakliye-helikopteri-1741\/\" \/>\n<script type=\"application\/ld+json\" class=\"yoast-schema-graph\">{\"@context\":\"https:\/\/schema.org\",\"@graph\":[{\"@type\":\"BreadcrumbList\",\"@id\":\"https:\/\/airsps.com\/tr\/stok\/satilik-ucaklar\/satilik-helikopterler\/satilik-2005-mi-17-v5-nakliye-helikopteri-1741\/#breadcrumb\",\"itemListElement\":[{\"@type\":\"ListItem\",\"position\":1,\"name\":\"Ana\",\"item\":\"https:\/\/airsps.com\/tr\/\"},{\"@type\":\"ListItem\",\"position\":2,\"name\":\"Stok\",\"item\":\"https:\/\/airsps.com\/tr\/stok\/\"},{\"@type\":\"ListItem\",\"position\":3,\"name\":\"Sat\u0131l\u0131k U\u00e7aklar\",\"item\":\"https:\/\/airsps.com\/tr\/depo\/satilik-ucaklar\/\"},{\"@type\":\"ListItem\",\"position\":4,\"name\":\"Sat\u0131l\u0131k Helikopterler\",\"item\":\"https:\/\/airsps.com\/tr\/depo\/satilik-ucaklar\/satilik-helikopterler\/\"},{\"@type\":\"ListItem\",\"position\":5,\"name\":\"2005 Mi-17 V5 Nakliye\"}]}]}<\/script>\n<!-- \/ Yoast SEO Premium plugin. -->","yoast_head_json":{"title":"2005 Mi-17 V5 Nakliye Helikopteri &#8212; Sat\u0131l\u0131k U\u00e7ak & Par\u00e7alar\u0131","description":"Sat\u0131l\u0131k 2005 Mi-17 V5 Nakliye Helikopteri | Revizyondan \u00f6nce 947 saat, TT: 1.741 saat. T\u0131bbi Helikopter D\u00f6rt M\u00fcrettebat koltu\u011fu +20 ki\u015filik yolcu koltu\u011fu","robots":{"index":"index","follow":"follow","max-snippet":"max-snippet:-1","max-image-preview":"max-image-preview:large","max-video-preview":"max-video-preview:-1"},"canonical":"https:\/\/airsps.com\/tr\/stok\/satilik-ucaklar\/satilik-helikopterler\/satilik-2005-mi-17-v5-nakliye-helikopteri-1741\/","schema":{"@context":"https:\/\/schema.org","@graph":[{"@type":"BreadcrumbList","@id":"https:\/\/airsps.com\/tr\/stok\/satilik-ucaklar\/satilik-helikopterler\/satilik-2005-mi-17-v5-nakliye-helikopteri-1741\/#breadcrumb","itemListElement":[{"@type":"ListItem","position":1,"name":"Ana","item":"https:\/\/airsps.com\/tr\/"},{"@type":"ListItem","position":2,"name":"Stok","item":"https:\/\/airsps.com\/tr\/stok\/"},{"@type":"ListItem","position":3,"name":"Sat\u0131l\u0131k U\u00e7aklar","item":"https:\/\/airsps.com\/tr\/depo\/satilik-ucaklar\/"},{"@type":"ListItem","position":4,"name":"Sat\u0131l\u0131k Helikopterler","item":"https:\/\/airsps.com\/tr\/depo\/satilik-ucaklar\/satilik-helikopterler\/"},{"@type":"ListItem","position":5,"name":"2005 Mi-17 V5 Nakliye"}]}]}},"_links":{"self":[{"href":"https:\/\/airsps.com\/tr\/wp-json\/wp\/v2\/product\/4037","targetHints":{"allow":["GET"]}}],"collection":[{"href":"https:\/\/airsps.com\/tr\/wp-json\/wp\/v2\/product"}],"about":[{"href":"https:\/\/airsps.com\/tr\/wp-json\/wp\/v2\/types\/product"}],"replies":[{"embeddable":true,"href":"https:\/\/airsps.com\/tr\/wp-json\/wp\/v2\/comments?post=4037"}],"wp:featuredmedia":[{"embeddable":true,"href":"https:\/\/airsps.com\/tr\/wp-json\/wp\/v2\/media\/3271"}],"wp:attachment":[{"href":"https:\/\/airsps.com\/tr\/wp-json\/wp\/v2\/media?parent=4037"}],"wp:term":[{"taxonomy":"product_brand","embeddable":true,"href":"https:\/\/airsps.com\/tr\/wp-json\/wp\/v2\/product_brand?post=4037"},{"taxonomy":"product_cat","embeddable":true,"href":"https:\/\/airsps.com\/tr\/wp-json\/wp\/v2\/product_cat?post=4037"},{"taxonomy":"product_tag","embeddable":true,"href":"https:\/\/airsps.com\/tr\/wp-json\/wp\/v2\/product_tag?post=4037"}],"curies":[{"name":"wp","href":"https:\/\/api.w.org\/{rel}","templated":true}]}}