{"id":4036,"date":"2023-02-16T07:17:40","date_gmt":"2023-02-16T07:17:40","guid":{"rendered":"https:\/\/airsps.com\/stock\/uncategorized\/l-410-uvp-e-satilik-kargo-ucagi-1990-1953\/"},"modified":"2023-02-16T07:17:40","modified_gmt":"2023-02-16T07:17:40","slug":"l-410-uvp-e-satilik-kargo-ucagi-1990-1953","status":"publish","type":"product","link":"https:\/\/airsps.com\/tr\/stok\/satilik-ucaklar\/ucaklar\/l-410-uvp-e-satilik-kargo-ucagi-1990-1953\/","title":{"rendered":"1990 L-410 UVP-E B\u00fcy\u00fck Revizyon Sonras\u0131 Kargo"},"content":{"rendered":"<p>L-410 UVP-E ile selefi L-410 UVP aras\u0131ndaki en \u00f6nemli farklardan biri, y\u00fckseltilmi\u015f motordur. L-410 UVP-E, \u00f6nceki modellerde kullan\u0131lan motorlara k\u0131yasla geli\u015fmi\u015f yak\u0131t verimlili\u011fi ve daha uzun kullan\u0131m \u00f6mr\u00fcne sahip M601E turboprop motorla donat\u0131lm\u0131\u015ft\u0131r.<\/p>\n<p>Yeni motora ek olarak, L-410 UVP-E ayr\u0131ca daha fazla iti\u015f g\u00fcc\u00fc sa\u011flayan ve g\u00fcr\u00fclt\u00fc seviyelerini azaltarak daha yumu\u015fak ve daha konforlu bir s\u00fcr\u00fc\u015f sa\u011flayan yeniden tasarlanm\u0131\u015f bir pervane sistemine sahiptir. U\u00e7ak ayr\u0131ca \u00f6nceki modellere g\u00f6re daha geni\u015f bir kabine sahiptir ve hem yolcular hem de kargo i\u00e7in daha fazla alan ve konfor sa\u011flar.<\/p>\n<p>L-410 UVP-E ayr\u0131ca GPS navigasyon ve otopilot \u00f6zellikleri de dahil olmak \u00fczere son teknoloji \u00fcr\u00fcn\u00fc aviyonik sistemlerle donat\u0131lm\u0131\u015ft\u0131r. Bu \u00f6zellikler u\u00e7u\u015f s\u0131ras\u0131nda daha fazla hassasiyet ve g\u00fcvenlik sa\u011flayarak L-410 UVP-E&#8217;yi hem ticari hem de \u00f6zel kullan\u0131m i\u00e7in ideal bir se\u00e7im haline getirir.<\/p>\n<p>Genel olarak L-410 UVP-E, daha y\u00fcksek verimlilik, daha d\u00fc\u015f\u00fck g\u00fcr\u00fclt\u00fc seviyeleri ve geli\u015fmi\u015f g\u00fcvenlik \u00f6zellikleri ile \u00f6nceki L-410 modellerine g\u00f6re \u00f6nemli bir geli\u015fme sunuyor. \u0130ster i\u015finiz i\u00e7in g\u00fcvenilir bir ula\u015f\u0131m arac\u0131 ar\u0131yor olun, ister sadece konforlu ve \u015f\u0131k bir \u015fekilde seyahat etmek istiyor olun, L-410 UVP-E ihtiya\u00e7lar\u0131n\u0131z\u0131 kar\u015f\u0131layacakt\u0131r.<\/p>\n<p>Peki neden bekliyorsun? Bug\u00fcn piyasadaki teknolojik a\u00e7\u0131dan en geli\u015fmi\u015f ve verimli nakliye u\u00e7aklar\u0131ndan birine sahip olmak i\u00e7in bu e\u015fsiz f\u0131rsattan yararlan\u0131n. L-410 UVP-E hakk\u0131nda daha fazla bilgi edinmek ve size ve i\u015finize nas\u0131l fayda sa\u011flayabilece\u011fini \u00f6\u011frenmek i\u00e7in hemen bizimle ileti\u015fime ge\u00e7in.<\/p>\n","protected":false},"excerpt":{"rendered":"<p>Y\u0131l: 1990<br \/>\nToplam S\u00fcre: 1953<br \/>\nNotlar: b\u00fcy\u00fck revizyondan sonra<\/p>\n<p>G\u00fcvenilir ve verimli bir nakliye u\u00e7a\u011f\u0131 m\u0131 sat\u0131n almak istiyorsunuz? L-410 UVP-E&#8217;den ba\u015fkas\u0131na bakmay\u0131n. Bu u\u00e7ak, g\u00fcvenilir ve uygun maliyetli bir ula\u015f\u0131m arac\u0131na ihtiya\u00e7 duyanlar i\u00e7in m\u00fckemmel bir se\u00e7imdir.<\/p>\n","protected":false},"featured_media":3306,"comment_status":"closed","ping_status":"closed","template":"","meta":[],"product_brand":[],"product_cat":[114],"product_tag":[],"class_list":{"0":"post-4036","1":"product","2":"type-product","3":"status-publish","4":"has-post-thumbnail","5":"","6":"product_cat-ucaklar","8":"first","9":"instock","10":"sold-individually","11":"shipping-taxable","12":"product-type-simple"},"yoast_head":"<!-- This site is optimized with the Yoast SEO Premium plugin v27.1 (Yoast SEO v27.1.1) - https:\/\/yoast.com\/product\/yoast-seo-premium-wordpress\/ -->\n<title>Sat\u0131l\u0131k 1990 L-410 UVP-E Kargo U\u00e7a\u011f\u0131 &#8212; B\u00fcy\u00fck Revizyon 1953 h<\/title>\n<meta name=\"description\" content=\"Sat\u0131l\u0131k 1990 L-410 UVP-E Kargo U\u00e7a\u011f\u0131 | B\u00fcy\u00fck Revizyondan Sonra 1953 saat. Atanm\u0131\u015f kaynak 20 000 saat \/ 30 000 ini\u015f. H\u0131zl\u0131 Sat\u0131n Alma\" \/>\n<meta name=\"robots\" content=\"index, follow, max-snippet:-1, max-image-preview:large, max-video-preview:-1\" \/>\n<link rel=\"canonical\" href=\"https:\/\/airsps.com\/tr\/stok\/satilik-ucaklar\/ucaklar\/l-410-uvp-e-satilik-kargo-ucagi-1990-1953\/\" \/>\n<script type=\"application\/ld+json\" class=\"yoast-schema-graph\">{\"@context\":\"https:\/\/schema.org\",\"@graph\":[{\"@type\":\"BreadcrumbList\",\"@id\":\"https:\/\/airsps.com\/tr\/stok\/satilik-ucaklar\/ucaklar\/l-410-uvp-e-satilik-kargo-ucagi-1990-1953\/#breadcrumb\",\"itemListElement\":[{\"@type\":\"ListItem\",\"position\":1,\"name\":\"Ana\",\"item\":\"https:\/\/airsps.com\/tr\/\"},{\"@type\":\"ListItem\",\"position\":2,\"name\":\"Stok\",\"item\":\"https:\/\/airsps.com\/tr\/stok\/\"},{\"@type\":\"ListItem\",\"position\":3,\"name\":\"Sat\u0131l\u0131k U\u00e7aklar\",\"item\":\"https:\/\/airsps.com\/tr\/depo\/satilik-ucaklar\/\"},{\"@type\":\"ListItem\",\"position\":4,\"name\":\"Sat\u0131l\u0131k Nakliye ve Kargo U\u00e7aklar\u0131\",\"item\":\"https:\/\/airsps.com\/tr\/depo\/satilik-ucaklar\/ucaklar\/\"},{\"@type\":\"ListItem\",\"position\":5,\"name\":\"1990 L-410 UVP-E B\u00fcy\u00fck Revizyon Sonras\u0131 Kargo\"}]}]}<\/script>\n<!-- \/ Yoast SEO Premium plugin. -->","yoast_head_json":{"title":"Sat\u0131l\u0131k 1990 L-410 UVP-E Kargo U\u00e7a\u011f\u0131 &#8212; B\u00fcy\u00fck Revizyon 1953 h","description":"Sat\u0131l\u0131k 1990 L-410 UVP-E Kargo U\u00e7a\u011f\u0131 | B\u00fcy\u00fck Revizyondan Sonra 1953 saat. Atanm\u0131\u015f kaynak 20 000 saat \/ 30 000 ini\u015f. H\u0131zl\u0131 Sat\u0131n Alma","robots":{"index":"index","follow":"follow","max-snippet":"max-snippet:-1","max-image-preview":"max-image-preview:large","max-video-preview":"max-video-preview:-1"},"canonical":"https:\/\/airsps.com\/tr\/stok\/satilik-ucaklar\/ucaklar\/l-410-uvp-e-satilik-kargo-ucagi-1990-1953\/","schema":{"@context":"https:\/\/schema.org","@graph":[{"@type":"BreadcrumbList","@id":"https:\/\/airsps.com\/tr\/stok\/satilik-ucaklar\/ucaklar\/l-410-uvp-e-satilik-kargo-ucagi-1990-1953\/#breadcrumb","itemListElement":[{"@type":"ListItem","position":1,"name":"Ana","item":"https:\/\/airsps.com\/tr\/"},{"@type":"ListItem","position":2,"name":"Stok","item":"https:\/\/airsps.com\/tr\/stok\/"},{"@type":"ListItem","position":3,"name":"Sat\u0131l\u0131k U\u00e7aklar","item":"https:\/\/airsps.com\/tr\/depo\/satilik-ucaklar\/"},{"@type":"ListItem","position":4,"name":"Sat\u0131l\u0131k Nakliye ve Kargo U\u00e7aklar\u0131","item":"https:\/\/airsps.com\/tr\/depo\/satilik-ucaklar\/ucaklar\/"},{"@type":"ListItem","position":5,"name":"1990 L-410 UVP-E B\u00fcy\u00fck Revizyon Sonras\u0131 Kargo"}]}]}},"_links":{"self":[{"href":"https:\/\/airsps.com\/tr\/wp-json\/wp\/v2\/product\/4036","targetHints":{"allow":["GET"]}}],"collection":[{"href":"https:\/\/airsps.com\/tr\/wp-json\/wp\/v2\/product"}],"about":[{"href":"https:\/\/airsps.com\/tr\/wp-json\/wp\/v2\/types\/product"}],"replies":[{"embeddable":true,"href":"https:\/\/airsps.com\/tr\/wp-json\/wp\/v2\/comments?post=4036"}],"wp:featuredmedia":[{"embeddable":true,"href":"https:\/\/airsps.com\/tr\/wp-json\/wp\/v2\/media\/3306"}],"wp:attachment":[{"href":"https:\/\/airsps.com\/tr\/wp-json\/wp\/v2\/media?parent=4036"}],"wp:term":[{"taxonomy":"product_brand","embeddable":true,"href":"https:\/\/airsps.com\/tr\/wp-json\/wp\/v2\/product_brand?post=4036"},{"taxonomy":"product_cat","embeddable":true,"href":"https:\/\/airsps.com\/tr\/wp-json\/wp\/v2\/product_cat?post=4036"},{"taxonomy":"product_tag","embeddable":true,"href":"https:\/\/airsps.com\/tr\/wp-json\/wp\/v2\/product_tag?post=4036"}],"curies":[{"name":"wp","href":"https:\/\/api.w.org\/{rel}","templated":true}]}}