{"id":4035,"date":"2023-02-16T07:33:39","date_gmt":"2023-02-16T07:33:39","guid":{"rendered":"https:\/\/airsps.com\/stock\/uncategorized\/l-410-uvp-satilik-kargo-ucagi-1984-1714-6059\/"},"modified":"2025-08-12T15:52:59","modified_gmt":"2025-08-12T15:52:59","slug":"l-410-uvp-satilik-kargo-ucagi-1984-1714-6059","status":"publish","type":"product","link":"https:\/\/airsps.com\/tr\/stok\/satilik-ucaklar\/ucaklar\/l-410-uvp-satilik-kargo-ucagi-1984-1714-6059\/","title":{"rendered":"1984 L-410 UVP Kargo B\u00fcy\u00fck Revizyondan Sonra"},"content":{"rendered":"<p>\u0130ster y\u00fck ister yolcu ta\u015f\u0131man\u0131z gereksin, L-410 UVP bu i\u015fin \u00fcstesinden kolayl\u0131kla gelebilir. Geni\u015f i\u00e7 mekan\u0131 19 yolcuya kadar veya maksimum 5.500 pound y\u00fck ta\u015f\u0131yabilir, bu da onu hem ticari hem de askeri operasyonlar i\u00e7in ideal hale getirir.<\/p>\n<p>L-410 UVP&#8217;nin en \u00f6nemli avantajlar\u0131ndan biri, en zorlu ortamlarda bile \u00e7al\u0131\u015fabilmesidir. G\u00fc\u00e7l\u00fc motorlar\u0131 ve sa\u011flam yap\u0131s\u0131 sayesinde bu u\u00e7ak a\u015f\u0131r\u0131 s\u0131cakl\u0131klarda, y\u00fcksek irtifalarda ve engebeli arazilerde u\u00e7abilir. \u0130ster uzak bir yere malzeme ta\u015f\u0131man\u0131z ister acil m\u00fcdahale hizmetleri sa\u011flaman\u0131z gereksin, L-410 UVP bu g\u00f6revi yerine getirmeye haz\u0131rd\u0131r.<\/p>\n<p>L-410 UVP&#8217;nin bir di\u011fer \u00f6nemli avantaj\u0131 da d\u00fc\u015f\u00fck sahip olma maliyetidir. Bu u\u00e7ak, kolay bak\u0131m ve onar\u0131m i\u00e7in tasarlanm\u0131\u015ft\u0131r, bu da bak\u0131m i\u00e7in s\u0131n\u0131f\u0131ndaki di\u011fer u\u00e7aklara g\u00f6re daha az zaman ve para harcayaca\u011f\u0131n\u0131z anlam\u0131na gelir. Ayr\u0131ca, L-410 UVP uzun bir hizmet \u00f6mr\u00fcne sahiptir ve yat\u0131r\u0131m\u0131n\u0131zdan m\u00fckemmel bir geri d\u00f6n\u00fc\u015f sa\u011flayarak uzun y\u0131llar \u00e7al\u0131\u015fmaya devam edebilir.<\/p>\n<p>Bir L-410 UVP sat\u0131n almakla ilgileniyorsan\u0131z, kullanabilece\u011finiz birka\u00e7 se\u00e7enek vard\u0131r. Do\u011frudan \u00fcreticiden yeni bir u\u00e7ak sat\u0131n alabilir veya kullan\u0131lm\u0131\u015f pazar\u0131 ke\u015ffedebilirsiniz. Hangi yolu se\u00e7erseniz se\u00e7in, bilin\u00e7li bir karar vermek i\u00e7in ihtiyac\u0131n\u0131z olan t\u00fcm bilgileri size sa\u011flayabilecek sayg\u0131n bir sat\u0131c\u0131yla \u00e7al\u0131\u015fman\u0131z \u00f6nemlidir.<\/p>\n<p>Bir L-410 UVP i\u00e7in al\u0131\u015fveri\u015f yaparken g\u00f6z \u00f6n\u00fcnde bulundurulmas\u0131 gereken birka\u00e7 fakt\u00f6r vard\u0131r. Bunlar aras\u0131nda u\u00e7a\u011f\u0131n ya\u015f\u0131 ve durumu, bak\u0131m ge\u00e7mi\u015fi ve yap\u0131lan y\u00fckseltmeler veya modifikasyonlar yer al\u0131r. Ayr\u0131ca, se\u00e7ti\u011finiz u\u00e7a\u011f\u0131n operasyonunuza uygun olmas\u0131n\u0131 sa\u011flamak i\u00e7in \u00f6zel ihtiya\u00e7lar\u0131n\u0131z\u0131 ve gereksinimlerinizi g\u00f6z \u00f6n\u00fcnde bulundurman\u0131z \u00f6nemlidir.<\/p>\n<p>Sonu\u00e7 olarak, L-410 UVP g\u00fcvenilir ve \u00e7ok y\u00f6nl\u00fc bir nakliye u\u00e7a\u011f\u0131na ihtiya\u00e7 duyan herkes i\u00e7in m\u00fckemmel bir se\u00e7imdir. Sa\u011flam tasar\u0131m\u0131, \u00fcst\u00fcn performans\u0131 ve d\u00fc\u015f\u00fck sahip olma maliyeti ile bu u\u00e7a\u011f\u0131n uzun y\u0131llar g\u00fcvenilir hizmet verece\u011finden emin olabilirsiniz. Peki neden bekliyorsun? Se\u00e7eneklerinizi bug\u00fcn ke\u015ffetmeye ba\u015flay\u0131n ve ihtiya\u00e7lar\u0131n\u0131z i\u00e7in m\u00fckemmel L-410 UVP&#8217;yi bulun!<\/p>\n","protected":false},"excerpt":{"rendered":"<p>#1<br \/>\nY\u0131l: 1984<br \/>\nToplam S\u00fcre: 1714<br \/>\nNotlar: b\u00fcy\u00fck bak\u0131mdan sonra<\/p>\n<p>#2<br \/>\nY\u0131l: 1984<br \/>\nToplam S\u00fcre: 6059<br \/>\nNotlar: b\u00fcy\u00fck bak\u0131mdan sonra<\/p>\n<p>G\u00fcvenilir ve verimli bir nakliye u\u00e7a\u011f\u0131 m\u0131 ar\u0131yorsunuz? L-410 UVP&#8217;den ba\u015fkas\u0131na bakmay\u0131n. Bu \u00e7ok y\u00f6nl\u00fc u\u00e7ak, onlarca y\u0131ld\u0131r havac\u0131l\u0131k end\u00fcstrisinin vazge\u00e7ilmez bir par\u00e7as\u0131 olmu\u015ftur ve bunun nedeni kolayca anla\u015f\u0131labilir. Sa\u011flam tasar\u0131m\u0131 ve \u00fcst\u00fcn performans\u0131 ile L-410 UVP, \u00e7ok \u00e7e\u015fitli uygulamalar i\u00e7in m\u00fckemmeldir.<\/p>\n","protected":false},"featured_media":3302,"comment_status":"closed","ping_status":"closed","template":"","meta":[],"product_brand":[],"product_cat":[114],"product_tag":[],"class_list":{"0":"post-4035","1":"product","2":"type-product","3":"status-publish","4":"has-post-thumbnail","5":"","6":"product_cat-ucaklar","8":"first","9":"instock","10":"sold-individually","11":"shipping-taxable","12":"product-type-simple"},"yoast_head":"<!-- This site is optimized with the Yoast SEO Premium plugin v27.1 (Yoast SEO v27.1.1) - https:\/\/yoast.com\/product\/yoast-seo-premium-wordpress\/ -->\n<title>1984 L-410 UVP Kargo U\u00e7a\u011f\u0131 Sat\u0131l\u0131k &#8212; B\u00fcy\u00fck Revizyondan Sonra 1714h<\/title>\n<meta name=\"description\" content=\"1984 L-410 UVP Cargo Plane for Sale | 1714 hours after Major Overhaul. Atanm\u0131\u015f kaynak 20 000 saat \/ 30 000 ini\u015f. \u015eu anda 2 par\u00e7a bulunmaktad\u0131r\" \/>\n<meta name=\"robots\" content=\"index, follow, max-snippet:-1, max-image-preview:large, max-video-preview:-1\" \/>\n<link rel=\"canonical\" href=\"https:\/\/airsps.com\/tr\/stok\/satilik-ucaklar\/ucaklar\/l-410-uvp-satilik-kargo-ucagi-1984-1714-6059\/\" \/>\n<script type=\"application\/ld+json\" class=\"yoast-schema-graph\">{\"@context\":\"https:\/\/schema.org\",\"@graph\":[{\"@type\":\"BreadcrumbList\",\"@id\":\"https:\/\/airsps.com\/tr\/stok\/satilik-ucaklar\/ucaklar\/l-410-uvp-satilik-kargo-ucagi-1984-1714-6059\/#breadcrumb\",\"itemListElement\":[{\"@type\":\"ListItem\",\"position\":1,\"name\":\"Ana\",\"item\":\"https:\/\/airsps.com\/tr\/\"},{\"@type\":\"ListItem\",\"position\":2,\"name\":\"Stok\",\"item\":\"https:\/\/airsps.com\/tr\/stok\/\"},{\"@type\":\"ListItem\",\"position\":3,\"name\":\"Sat\u0131l\u0131k U\u00e7aklar\",\"item\":\"https:\/\/airsps.com\/tr\/depo\/satilik-ucaklar\/\"},{\"@type\":\"ListItem\",\"position\":4,\"name\":\"Sat\u0131l\u0131k Nakliye ve Kargo U\u00e7aklar\u0131\",\"item\":\"https:\/\/airsps.com\/tr\/depo\/satilik-ucaklar\/ucaklar\/\"},{\"@type\":\"ListItem\",\"position\":5,\"name\":\"1984 L-410 UVP Kargo B\u00fcy\u00fck Revizyondan Sonra\"}]}]}<\/script>\n<!-- \/ Yoast SEO Premium plugin. -->","yoast_head_json":{"title":"1984 L-410 UVP Kargo U\u00e7a\u011f\u0131 Sat\u0131l\u0131k &#8212; B\u00fcy\u00fck Revizyondan Sonra 1714h","description":"1984 L-410 UVP Cargo Plane for Sale | 1714 hours after Major Overhaul. Atanm\u0131\u015f kaynak 20 000 saat \/ 30 000 ini\u015f. \u015eu anda 2 par\u00e7a bulunmaktad\u0131r","robots":{"index":"index","follow":"follow","max-snippet":"max-snippet:-1","max-image-preview":"max-image-preview:large","max-video-preview":"max-video-preview:-1"},"canonical":"https:\/\/airsps.com\/tr\/stok\/satilik-ucaklar\/ucaklar\/l-410-uvp-satilik-kargo-ucagi-1984-1714-6059\/","schema":{"@context":"https:\/\/schema.org","@graph":[{"@type":"BreadcrumbList","@id":"https:\/\/airsps.com\/tr\/stok\/satilik-ucaklar\/ucaklar\/l-410-uvp-satilik-kargo-ucagi-1984-1714-6059\/#breadcrumb","itemListElement":[{"@type":"ListItem","position":1,"name":"Ana","item":"https:\/\/airsps.com\/tr\/"},{"@type":"ListItem","position":2,"name":"Stok","item":"https:\/\/airsps.com\/tr\/stok\/"},{"@type":"ListItem","position":3,"name":"Sat\u0131l\u0131k U\u00e7aklar","item":"https:\/\/airsps.com\/tr\/depo\/satilik-ucaklar\/"},{"@type":"ListItem","position":4,"name":"Sat\u0131l\u0131k Nakliye ve Kargo U\u00e7aklar\u0131","item":"https:\/\/airsps.com\/tr\/depo\/satilik-ucaklar\/ucaklar\/"},{"@type":"ListItem","position":5,"name":"1984 L-410 UVP Kargo B\u00fcy\u00fck Revizyondan Sonra"}]}]}},"_links":{"self":[{"href":"https:\/\/airsps.com\/tr\/wp-json\/wp\/v2\/product\/4035","targetHints":{"allow":["GET"]}}],"collection":[{"href":"https:\/\/airsps.com\/tr\/wp-json\/wp\/v2\/product"}],"about":[{"href":"https:\/\/airsps.com\/tr\/wp-json\/wp\/v2\/types\/product"}],"replies":[{"embeddable":true,"href":"https:\/\/airsps.com\/tr\/wp-json\/wp\/v2\/comments?post=4035"}],"wp:featuredmedia":[{"embeddable":true,"href":"https:\/\/airsps.com\/tr\/wp-json\/wp\/v2\/media\/3302"}],"wp:attachment":[{"href":"https:\/\/airsps.com\/tr\/wp-json\/wp\/v2\/media?parent=4035"}],"wp:term":[{"taxonomy":"product_brand","embeddable":true,"href":"https:\/\/airsps.com\/tr\/wp-json\/wp\/v2\/product_brand?post=4035"},{"taxonomy":"product_cat","embeddable":true,"href":"https:\/\/airsps.com\/tr\/wp-json\/wp\/v2\/product_cat?post=4035"},{"taxonomy":"product_tag","embeddable":true,"href":"https:\/\/airsps.com\/tr\/wp-json\/wp\/v2\/product_tag?post=4035"}],"curies":[{"name":"wp","href":"https:\/\/api.w.org\/{rel}","templated":true}]}}