{"id":4034,"date":"2023-02-25T12:24:36","date_gmt":"2023-02-25T12:24:36","guid":{"rendered":"https:\/\/airsps.com\/stock\/uncategorized\/satilik-1990-mi-8t-nakliye-helikopteri-1476\/"},"modified":"2023-02-25T12:24:36","modified_gmt":"2023-02-25T12:24:36","slug":"satilik-1990-mi-8t-nakliye-helikopteri-1476","status":"publish","type":"product","link":"https:\/\/airsps.com\/tr\/stok\/satilik-ucaklar\/satilik-helikopterler\/satilik-1990-mi-8t-nakliye-helikopteri-1476\/","title":{"rendered":"1990 Mi-8T Nakliye"},"content":{"rendered":"<p>Orta \u00f6l\u00e7ekli \u00e7ok ama\u00e7l\u0131 <a title=\"Ana Teklif\" href=\"https:\/\/airsps.com\/main-aircraft-offerings\/\" rel=\"\">nakliye helikopteri Mi-8T<\/a>, benzersiz u\u00e7u\u015f, teknik ve operasyonel \u00f6zelliklere sahiptir. Y\u00fcksek g\u00fcvenilirlik, kullan\u0131m ve bak\u0131m kolayl\u0131\u011f\u0131, helikopter operasyonunun rahatl\u0131\u011f\u0131, t\u00fcm d\u00fcnyada pop\u00fcler hale gelmesini sa\u011flad\u0131.<\/p>\n<p>Standart konfig\u00fcrasyonda helikopterin nakliye versiyonu kargo ve yolcu ta\u015f\u0131mac\u0131l\u0131\u011f\u0131 i\u00e7in tasarlanm\u0131\u015ft\u0131r. \u0130htiya\u00e7 halinde helikopter ilave yak\u0131t tanklar\u0131, \u00e7\u0131kar\u0131labilir ekipmanlar ile donat\u0131labilir ve yang\u0131n s\u00f6nd\u00fcrme, arama ve kurtarma operasyonlar\u0131, hava foto\u011fraf\u00e7\u0131l\u0131\u011f\u0131 ve di\u011fer operasyonlar i\u00e7in kullan\u0131labilir.<\/p>\n<p>Sa\u011flam ve geni\u015f kargo kabini, toplam hacmi 23 metrek\u00fcpe kadar olan \u00e7e\u015fitli kargo konfig\u00fcrasyonlar\u0131n\u0131 ta\u015f\u0131mak \u00fczere tasarlanm\u0131\u015ft\u0131r. Arkada b\u00fcy\u00fck bir kapak ve sol tarafta kolay y\u00fckleme i\u00e7in s\u00fcrg\u00fcl\u00fc bir kap\u0131 bulunmaktad\u0131r. Kabin 22 yolcu i\u00e7in \u00e7\u0131kar\u0131labilir katlan\u0131r koltuklara sahiptir.<\/p>\n<p>Buzlanmaya kar\u015f\u0131 koruma i\u00e7in ana ve kuyruk rotoru kanatlar\u0131 ve kokpit camlar\u0131 elektro-termal buzlanma \u00f6nleme sistemi ile donat\u0131lm\u0131\u015ft\u0131r.<\/p>\n<p>Helikopter tasar\u0131m\u0131 ve donan\u0131m\u0131 sayesinde otonom \u00fcslerde ve donat\u0131lmam\u0131\u015f sahalarda \u00e7al\u0131\u015ft\u0131r\u0131labilir.<\/p>\n","protected":false},"excerpt":{"rendered":"<p>Y\u0131l: 1990<br \/>\nToplam S\u00fcre: 1476<br \/>\nNotlar: revizyon gerektirir<\/p>\n<p>Mi-8T nakliye helikopteri, kargo kabini i\u00e7inde kargo teslimat\u0131n\u0131n yan\u0131 s\u0131ra 6.600 pound (3 ton) a\u011f\u0131rl\u0131\u011fa kadar harici bir ask\u0131 ve 330 pound&#8217;a (150 kg) kadar bir vin\u00e7 \u00fczerinde b\u00fcy\u00fck boyutlu kargolar\u0131n ta\u015f\u0131nmas\u0131 i\u00e7in tasarlanm\u0131\u015ft\u0131r. Mi-8T, ula\u015f\u0131lmas\u0131 zor alanlarda ve tesislerde in\u015faat ve kurulum ve di\u011fer \u00e7al\u0131\u015fmalar i\u00e7in kullan\u0131l\u0131r.<\/p>\n","protected":false},"featured_media":3226,"comment_status":"closed","ping_status":"closed","template":"","meta":[],"product_brand":[],"product_cat":[112],"product_tag":[],"class_list":{"0":"post-4034","1":"product","2":"type-product","3":"status-publish","4":"has-post-thumbnail","5":"","6":"product_cat-satilik-helikopterler","8":"first","9":"instock","10":"sold-individually","11":"shipping-taxable","12":"product-type-simple"},"yoast_head":"<!-- This site is optimized with the Yoast SEO Premium plugin v27.1 (Yoast SEO v27.1.1) - https:\/\/yoast.com\/product\/yoast-seo-premium-wordpress\/ -->\n<title>1990 Mi-8T Nakliye Helikopteri &#8212; Sat\u0131l\u0131k U\u00e7ak &amp; Par\u00e7alar\u0131<\/title>\n<meta name=\"description\" content=\"Sat\u0131l\u0131k 1990 Mi-8T Nakliye Helikopteri | 300 mil (480 km) boyunca hava yoluyla 8.818 libreye (4.000 kg) kadar kargo ta\u015f\u0131mak i\u00e7in \u00e7ok y\u00f6nl\u00fc hava arac\u0131\" \/>\n<meta name=\"robots\" content=\"index, follow, max-snippet:-1, max-image-preview:large, max-video-preview:-1\" \/>\n<link rel=\"canonical\" href=\"https:\/\/airsps.com\/tr\/stok\/satilik-ucaklar\/satilik-helikopterler\/satilik-1990-mi-8t-nakliye-helikopteri-1476\/\" \/>\n<script type=\"application\/ld+json\" class=\"yoast-schema-graph\">{\"@context\":\"https:\/\/schema.org\",\"@graph\":[{\"@type\":\"BreadcrumbList\",\"@id\":\"https:\/\/airsps.com\/tr\/stok\/satilik-ucaklar\/satilik-helikopterler\/satilik-1990-mi-8t-nakliye-helikopteri-1476\/#breadcrumb\",\"itemListElement\":[{\"@type\":\"ListItem\",\"position\":1,\"name\":\"Ana\",\"item\":\"https:\/\/airsps.com\/tr\/\"},{\"@type\":\"ListItem\",\"position\":2,\"name\":\"Stok\",\"item\":\"https:\/\/airsps.com\/tr\/stok\/\"},{\"@type\":\"ListItem\",\"position\":3,\"name\":\"Sat\u0131l\u0131k U\u00e7aklar\",\"item\":\"https:\/\/airsps.com\/tr\/depo\/satilik-ucaklar\/\"},{\"@type\":\"ListItem\",\"position\":4,\"name\":\"Sat\u0131l\u0131k Helikopterler\",\"item\":\"https:\/\/airsps.com\/tr\/depo\/satilik-ucaklar\/satilik-helikopterler\/\"},{\"@type\":\"ListItem\",\"position\":5,\"name\":\"1990 Mi-8T Nakliye\"}]}]}<\/script>\n<!-- \/ Yoast SEO Premium plugin. -->","yoast_head_json":{"title":"1990 Mi-8T Nakliye Helikopteri &#8212; Sat\u0131l\u0131k U\u00e7ak & Par\u00e7alar\u0131","description":"Sat\u0131l\u0131k 1990 Mi-8T Nakliye Helikopteri | 300 mil (480 km) boyunca hava yoluyla 8.818 libreye (4.000 kg) kadar kargo ta\u015f\u0131mak i\u00e7in \u00e7ok y\u00f6nl\u00fc hava arac\u0131","robots":{"index":"index","follow":"follow","max-snippet":"max-snippet:-1","max-image-preview":"max-image-preview:large","max-video-preview":"max-video-preview:-1"},"canonical":"https:\/\/airsps.com\/tr\/stok\/satilik-ucaklar\/satilik-helikopterler\/satilik-1990-mi-8t-nakliye-helikopteri-1476\/","schema":{"@context":"https:\/\/schema.org","@graph":[{"@type":"BreadcrumbList","@id":"https:\/\/airsps.com\/tr\/stok\/satilik-ucaklar\/satilik-helikopterler\/satilik-1990-mi-8t-nakliye-helikopteri-1476\/#breadcrumb","itemListElement":[{"@type":"ListItem","position":1,"name":"Ana","item":"https:\/\/airsps.com\/tr\/"},{"@type":"ListItem","position":2,"name":"Stok","item":"https:\/\/airsps.com\/tr\/stok\/"},{"@type":"ListItem","position":3,"name":"Sat\u0131l\u0131k U\u00e7aklar","item":"https:\/\/airsps.com\/tr\/depo\/satilik-ucaklar\/"},{"@type":"ListItem","position":4,"name":"Sat\u0131l\u0131k Helikopterler","item":"https:\/\/airsps.com\/tr\/depo\/satilik-ucaklar\/satilik-helikopterler\/"},{"@type":"ListItem","position":5,"name":"1990 Mi-8T Nakliye"}]}]}},"_links":{"self":[{"href":"https:\/\/airsps.com\/tr\/wp-json\/wp\/v2\/product\/4034","targetHints":{"allow":["GET"]}}],"collection":[{"href":"https:\/\/airsps.com\/tr\/wp-json\/wp\/v2\/product"}],"about":[{"href":"https:\/\/airsps.com\/tr\/wp-json\/wp\/v2\/types\/product"}],"replies":[{"embeddable":true,"href":"https:\/\/airsps.com\/tr\/wp-json\/wp\/v2\/comments?post=4034"}],"wp:featuredmedia":[{"embeddable":true,"href":"https:\/\/airsps.com\/tr\/wp-json\/wp\/v2\/media\/3226"}],"wp:attachment":[{"href":"https:\/\/airsps.com\/tr\/wp-json\/wp\/v2\/media?parent=4034"}],"wp:term":[{"taxonomy":"product_brand","embeddable":true,"href":"https:\/\/airsps.com\/tr\/wp-json\/wp\/v2\/product_brand?post=4034"},{"taxonomy":"product_cat","embeddable":true,"href":"https:\/\/airsps.com\/tr\/wp-json\/wp\/v2\/product_cat?post=4034"},{"taxonomy":"product_tag","embeddable":true,"href":"https:\/\/airsps.com\/tr\/wp-json\/wp\/v2\/product_tag?post=4034"}],"curies":[{"name":"wp","href":"https:\/\/api.w.org\/{rel}","templated":true}]}}