{"id":4032,"date":"2023-03-22T06:42:38","date_gmt":"2023-03-22T06:42:38","guid":{"rendered":"https:\/\/airsps.com\/stock\/uncategorized\/satilik-1983-mi-8t-nakliye-helikopteri-20114\/"},"modified":"2025-08-15T18:26:17","modified_gmt":"2025-08-15T18:26:17","slug":"satilik-1983-mi-8t-nakliye-helikopteri-20114","status":"publish","type":"product","link":"https:\/\/airsps.com\/tr\/stok\/satilik-ucaklar\/satilik-helikopterler\/satilik-1983-mi-8t-nakliye-helikopteri-20114\/","title":{"rendered":"1983 Mi-8T Nakliye May\u0131s 2022 Revizyonu"},"content":{"rendered":"<p><strong>Tasar\u0131m ve \u00f6zellikler<\/strong><\/p>\n<p>Mi-8T \u00e7ift motorlu bir helikopter olup 24 yolcu veya 4.000 kg&#8217;a kadar kargo ta\u015f\u0131yabilmektedir. En y\u00fcksek h\u0131z\u0131 260 km\/s ve u\u00e7u\u015f menzili 800 km&#8217;ye kadar \u00e7\u0131kmaktad\u0131r. Helikopter, radar altimetre, GPS ve meteoroloji radar\u0131 da dahil olmak \u00fczere bir dizi modern aviyonik ve navigasyon sistemiyle donat\u0131lm\u0131\u015ft\u0131r.<\/p>\n<p>Mi-8T&#8217;nin en dikkat \u00e7ekici \u00f6zelliklerinden biri, farkl\u0131 g\u00f6revler i\u00e7in kolayca yeniden yap\u0131land\u0131r\u0131labilen b\u00fcy\u00fck kokpitidir. Helikopter yolcu, kargo, t\u0131bbi tahliye, arama ve kurtarma, yang\u0131nla m\u00fccadele ve daha bir\u00e7ok ama\u00e7 i\u00e7in kullan\u0131labilir.<\/p>\n<p>Mi-8T, toplam 3000 hp g\u00fcce sahip iki turboprop motor Klimov TV2-117 ile donat\u0131lm\u0131\u015ft\u0131r. Bu motorlar g\u00fcvenilirlikleri ve dayan\u0131kl\u0131l\u0131klar\u0131 ile bilinir ve Mi-8T&#8217;yi uzak ve zorlu ortamlardaki operasyonlar i\u00e7in pop\u00fcler bir se\u00e7im haline getirir.<\/p>\n<p><strong>Sivil ba\u015fvurular<\/strong><\/p>\n<p>Mi-8T, \u00e7ok y\u00f6nl\u00fcl\u00fc\u011f\u00fc ve g\u00fcvenilirli\u011fi nedeniyle sivil uygulamalarda yayg\u0131n olarak kullan\u0131lmaktad\u0131r. Petrol ve gaz arama, a\u011f\u0131r ekipmanlar\u0131n uzak b\u00f6lgelere ta\u015f\u0131nmas\u0131, arama ve kurtarma operasyonlar\u0131 ve yang\u0131nla m\u00fccadele i\u00e7in kullan\u0131lm\u0131\u015ft\u0131r. Helikopter ayr\u0131ca <a title=\"2021 Sat\u0131l\u0131k Mi-8AMT VIP Yolcu\" href=\"https:\/\/airsps.com\/stock\/aircraft-for-sale\/helicopters\/2011-mi-8amt-vip-passenger-for-sale-655\/\" rel=\"\">VIP&#8217;lerin ta\u015f\u0131nmas\u0131<\/a> ve ambulans helikopter olarak da kullan\u0131lm\u0131\u015ft\u0131r.<\/p>\n<p>Mi-8T&#8217;nin en \u00f6nemli avantajlar\u0131ndan biri, uzak b\u00f6lgelerde ve zorlu ko\u015fullarda \u00e7al\u0131\u015fabilmesidir. Geni\u015f kargo b\u00f6lmesi, lojistik destek i\u00e7in ula\u015f\u0131lmas\u0131 zor b\u00f6lgelere kargo ve ekipman ta\u015f\u0131may\u0131 m\u00fcmk\u00fcn k\u0131lar. Helikopterin haz\u0131rl\u0131ks\u0131z zemine inme kabiliyeti de onu uzak b\u00f6lgelerdeki acil t\u0131bbi tahliyeler i\u00e7in ideal bir se\u00e7im haline getiriyor.<\/p>\n","protected":false},"excerpt":{"rendered":"<p>Y\u0131l: 1983<br \/>\nToplam S\u00fcre: 20114<br \/>\nRevizyondan bu yana ge\u00e7en y\u0131l: May\u0131s, 2022<br \/>\nRevizyondan bu yana ge\u00e7en s\u00fcre: 0<br \/>\nU\u00e7u\u015fa Elveri\u015flilik Sertifikas\u0131: Temmuz 2022 &#8211; May\u0131s 2030<\/p>\n<p><a title=\"Sat\u0131l\u0131k 1990 Mi-8T Nakliye Helikopteri\" href=\"\/?p=1095\" rel=\"\">Mi-8T nakliye helikopteri<\/a>, \u00e7ok \u00e7e\u015fitli sivil ama\u00e7lar i\u00e7in kullan\u0131lan \u00e7ok y\u00f6nl\u00fc ve g\u00fcvenilir bir hava arac\u0131d\u0131r. Helikopter \u00fcreticisi MIL taraf\u0131ndan geli\u015ftirilen Mi-8T, bug\u00fcne kadar \u00fcretilen 17.000&#8217;den fazla adetle d\u00fcnyan\u0131n en yayg\u0131n \u00fcretilen helikopterlerinden biridir.<\/p>\n","protected":false},"featured_media":3243,"comment_status":"closed","ping_status":"closed","template":"","meta":[],"product_brand":[],"product_cat":[112],"product_tag":[],"class_list":{"0":"post-4032","1":"product","2":"type-product","3":"status-publish","4":"has-post-thumbnail","5":"","6":"product_cat-satilik-helikopterler","8":"first","9":"instock","10":"sold-individually","11":"shipping-taxable","12":"product-type-simple"},"yoast_head":"<!-- This site is optimized with the Yoast SEO Premium plugin v27.1 (Yoast SEO v27.1.1) - https:\/\/yoast.com\/product\/yoast-seo-premium-wordpress\/ -->\n<title>1983 Mi-8T Nakliye Helikopteri Sat\u0131l\u0131k | May\u0131s 2022 Revizyonu<\/title>\n<meta name=\"description\" content=\"Sat\u0131l\u0131k 1983 Mi-8T Nakliye Helikopteri | 2022, May\u0131s - Revizyondan bu yana ge\u00e7en s\u00fcre: SIFIR saat. Helikopter U\u00e7u\u015fa Elveri\u015fli ve Y\u00fck ve Yolcu Ta\u015f\u0131maya Haz\u0131r\" \/>\n<meta name=\"robots\" content=\"index, follow, max-snippet:-1, max-image-preview:large, max-video-preview:-1\" \/>\n<link rel=\"canonical\" href=\"https:\/\/airsps.com\/tr\/stok\/satilik-ucaklar\/satilik-helikopterler\/satilik-1983-mi-8t-nakliye-helikopteri-20114\/\" \/>\n<script type=\"application\/ld+json\" class=\"yoast-schema-graph\">{\"@context\":\"https:\/\/schema.org\",\"@graph\":[{\"@type\":\"BreadcrumbList\",\"@id\":\"https:\/\/airsps.com\/tr\/stok\/satilik-ucaklar\/satilik-helikopterler\/satilik-1983-mi-8t-nakliye-helikopteri-20114\/#breadcrumb\",\"itemListElement\":[{\"@type\":\"ListItem\",\"position\":1,\"name\":\"Ana\",\"item\":\"https:\/\/airsps.com\/tr\/\"},{\"@type\":\"ListItem\",\"position\":2,\"name\":\"Stok\",\"item\":\"https:\/\/airsps.com\/tr\/stok\/\"},{\"@type\":\"ListItem\",\"position\":3,\"name\":\"Sat\u0131l\u0131k U\u00e7aklar\",\"item\":\"https:\/\/airsps.com\/tr\/depo\/satilik-ucaklar\/\"},{\"@type\":\"ListItem\",\"position\":4,\"name\":\"Sat\u0131l\u0131k Helikopterler\",\"item\":\"https:\/\/airsps.com\/tr\/depo\/satilik-ucaklar\/satilik-helikopterler\/\"},{\"@type\":\"ListItem\",\"position\":5,\"name\":\"1983 Mi-8T Nakliye May\u0131s 2022 Revizyonu\"}]}]}<\/script>\n<!-- \/ Yoast SEO Premium plugin. -->","yoast_head_json":{"title":"1983 Mi-8T Nakliye Helikopteri Sat\u0131l\u0131k | May\u0131s 2022 Revizyonu","description":"Sat\u0131l\u0131k 1983 Mi-8T Nakliye Helikopteri | 2022, May\u0131s - Revizyondan bu yana ge\u00e7en s\u00fcre: SIFIR saat. Helikopter U\u00e7u\u015fa Elveri\u015fli ve Y\u00fck ve Yolcu Ta\u015f\u0131maya Haz\u0131r","robots":{"index":"index","follow":"follow","max-snippet":"max-snippet:-1","max-image-preview":"max-image-preview:large","max-video-preview":"max-video-preview:-1"},"canonical":"https:\/\/airsps.com\/tr\/stok\/satilik-ucaklar\/satilik-helikopterler\/satilik-1983-mi-8t-nakliye-helikopteri-20114\/","schema":{"@context":"https:\/\/schema.org","@graph":[{"@type":"BreadcrumbList","@id":"https:\/\/airsps.com\/tr\/stok\/satilik-ucaklar\/satilik-helikopterler\/satilik-1983-mi-8t-nakliye-helikopteri-20114\/#breadcrumb","itemListElement":[{"@type":"ListItem","position":1,"name":"Ana","item":"https:\/\/airsps.com\/tr\/"},{"@type":"ListItem","position":2,"name":"Stok","item":"https:\/\/airsps.com\/tr\/stok\/"},{"@type":"ListItem","position":3,"name":"Sat\u0131l\u0131k U\u00e7aklar","item":"https:\/\/airsps.com\/tr\/depo\/satilik-ucaklar\/"},{"@type":"ListItem","position":4,"name":"Sat\u0131l\u0131k Helikopterler","item":"https:\/\/airsps.com\/tr\/depo\/satilik-ucaklar\/satilik-helikopterler\/"},{"@type":"ListItem","position":5,"name":"1983 Mi-8T Nakliye May\u0131s 2022 Revizyonu"}]}]}},"_links":{"self":[{"href":"https:\/\/airsps.com\/tr\/wp-json\/wp\/v2\/product\/4032","targetHints":{"allow":["GET"]}}],"collection":[{"href":"https:\/\/airsps.com\/tr\/wp-json\/wp\/v2\/product"}],"about":[{"href":"https:\/\/airsps.com\/tr\/wp-json\/wp\/v2\/types\/product"}],"replies":[{"embeddable":true,"href":"https:\/\/airsps.com\/tr\/wp-json\/wp\/v2\/comments?post=4032"}],"wp:featuredmedia":[{"embeddable":true,"href":"https:\/\/airsps.com\/tr\/wp-json\/wp\/v2\/media\/3243"}],"wp:attachment":[{"href":"https:\/\/airsps.com\/tr\/wp-json\/wp\/v2\/media?parent=4032"}],"wp:term":[{"taxonomy":"product_brand","embeddable":true,"href":"https:\/\/airsps.com\/tr\/wp-json\/wp\/v2\/product_brand?post=4032"},{"taxonomy":"product_cat","embeddable":true,"href":"https:\/\/airsps.com\/tr\/wp-json\/wp\/v2\/product_cat?post=4032"},{"taxonomy":"product_tag","embeddable":true,"href":"https:\/\/airsps.com\/tr\/wp-json\/wp\/v2\/product_tag?post=4032"}],"curies":[{"name":"wp","href":"https:\/\/api.w.org\/{rel}","templated":true}]}}