{"id":4031,"date":"2023-02-16T05:07:10","date_gmt":"2023-02-16T05:07:10","guid":{"rendered":"https:\/\/airsps.com\/stock\/uncategorized\/1981-mi-8p-satilik-yolcu-helikopteri-4974\/"},"modified":"2025-11-02T07:00:21","modified_gmt":"2025-11-02T07:00:21","slug":"1981-mi-8p-satilik-yolcu-helikopteri-4974","status":"publish","type":"product","link":"https:\/\/airsps.com\/tr\/stok\/satilik-ucaklar\/satilik-helikopterler\/1981-mi-8p-satilik-yolcu-helikopteri-4974\/","title":{"rendered":"1981 Mi-8P Yolcu"},"content":{"rendered":"<p>Mi-8P helikopteri tek rotorlu bir helikopter olarak tasarlanm\u0131\u015ft\u0131r. Be\u015f kanatl\u0131 ana rotorun \u00fc\u00e7 mente\u015fesi ve kuyruk rotorunun \u00fc\u00e7 kanad\u0131 vard\u0131r. \u0130ni\u015f tak\u0131mlar\u0131, u\u00e7u\u015f s\u0131ras\u0131nda kendili\u011finden yerle\u015fen bir \u00f6n dikme ile \u00fc\u00e7 deste\u011fe sahiptir. Kuyruk rotoru bir kuyruk deste\u011fi ile korunmaktad\u0131r.<\/p>\n<ul>\n<li>Yolcu versiyonunda kabin 250x80x67 in\u00e7 (6,36&#215;2,05&#215;1,7 metre) boyutlar\u0131ndad\u0131r ve 29 in\u00e7 (0,74 metre) aral\u0131k ve 12 in\u00e7 (0,3 metre) koridor ile her iki tarafa iki\u015fer adet monte edilmi\u015f 28 koltu\u011fa sahiptir;<\/li>\n<li>Kabinin sa\u011f arka k\u0131sm\u0131nda bir kontrol odas\u0131 ve kanatlar\u0131n arka k\u0131sm\u0131nda kanatlardan ve rampadan olu\u015fan arka giri\u015f kap\u0131s\u0131 i\u00e7in bir a\u00e7\u0131kl\u0131k bulunmaktad\u0131r.<\/li>\n<\/ul>\n<p>Kuyruk bomu, kontroll\u00fc bir stabilizat\u00f6r ve kuyruk deste\u011finin tak\u0131lmas\u0131 i\u00e7in d\u00fc\u011f\u00fcmlerle donat\u0131lm\u0131\u015f, \u00e7al\u0131\u015fan bir kaplamaya sahip per\u00e7inli kiri\u015f-stringer tipi yap\u0131dad\u0131r.<\/p>\n","protected":false},"excerpt":{"rendered":"<p class=\"ai-optimize-21\">Y\u0131l: 1981<br \/>\nToplam S\u00fcre: 4974<br \/>\nNotlar: revizyon gerektirir<\/p>\n<p class=\"ai-optimize-22\">Yolcu helikopteri Mi-8P, nakliye helikopteri <a title=\"1983 Mi-8T Nakliye May\u0131s 2022 Revizyonu\" href=\"\/stock\/aircraft-for-sale\/helicopters\/1983-mi-8t-transport-helicopter-for-sale-20114\/\" rel=\"\">Mi-8T<\/a>&#8216;den dikd\u00f6rtgen lombozlar\u0131 ve kuyruk bomu anteni Doppler h\u0131z ve s\u00fcr\u00fcklenme a\u00e7\u0131s\u0131 DIV-1&#8217;in olmamas\u0131yla ayr\u0131l\u0131r. Kabininde 28 adet yumu\u015fak yolcu koltu\u011fu bulunmaktad\u0131r. Mi-8P, harici ask\u0131l\u0131 olanlar da dahil olmak \u00fczere kargo ta\u015f\u0131yan bir s\u0131hhi ve nakliye u\u00e7a\u011f\u0131 olarak kullan\u0131labilir.<\/p>\n","protected":false},"featured_media":3236,"comment_status":"closed","ping_status":"closed","template":"","meta":[],"product_brand":[],"product_cat":[112],"product_tag":[],"class_list":{"0":"post-4031","1":"product","2":"type-product","3":"status-publish","4":"has-post-thumbnail","5":"","6":"product_cat-satilik-helikopterler","8":"first","9":"instock","10":"sold-individually","11":"shipping-taxable","12":"product-type-simple"},"yoast_head":"<!-- This site is optimized with the Yoast SEO Premium plugin v27.1 (Yoast SEO v27.1.1) - https:\/\/yoast.com\/product\/yoast-seo-premium-wordpress\/ -->\n<title>1981 Mi-8P Yolcu Helikopteri &#8212; Sat\u0131l\u0131k U\u00e7ak &amp; Par\u00e7alar\u0131<\/title>\n<meta name=\"description\" content=\"Sat\u0131l\u0131k 1981 Mi-8P Yolcu Helikopteri | 264 mil (425 km) mesafe boyunca hava yoluyla 28 yolcu ta\u015f\u0131mak i\u00e7in g\u00fcvenilir hava arac\u0131 - Revizyon gerektirir.\" \/>\n<meta name=\"robots\" content=\"index, follow, max-snippet:-1, max-image-preview:large, max-video-preview:-1\" \/>\n<link rel=\"canonical\" href=\"https:\/\/airsps.com\/tr\/stok\/satilik-ucaklar\/satilik-helikopterler\/1981-mi-8p-satilik-yolcu-helikopteri-4974\/\" \/>\n<script type=\"application\/ld+json\" class=\"yoast-schema-graph\">{\"@context\":\"https:\/\/schema.org\",\"@graph\":[{\"@type\":\"BreadcrumbList\",\"@id\":\"https:\/\/airsps.com\/tr\/stok\/satilik-ucaklar\/satilik-helikopterler\/1981-mi-8p-satilik-yolcu-helikopteri-4974\/#breadcrumb\",\"itemListElement\":[{\"@type\":\"ListItem\",\"position\":1,\"name\":\"Ana\",\"item\":\"https:\/\/airsps.com\/tr\/\"},{\"@type\":\"ListItem\",\"position\":2,\"name\":\"Stok\",\"item\":\"https:\/\/airsps.com\/tr\/stok\/\"},{\"@type\":\"ListItem\",\"position\":3,\"name\":\"Sat\u0131l\u0131k U\u00e7aklar\",\"item\":\"https:\/\/airsps.com\/tr\/depo\/satilik-ucaklar\/\"},{\"@type\":\"ListItem\",\"position\":4,\"name\":\"Sat\u0131l\u0131k Helikopterler\",\"item\":\"https:\/\/airsps.com\/tr\/depo\/satilik-ucaklar\/satilik-helikopterler\/\"},{\"@type\":\"ListItem\",\"position\":5,\"name\":\"1981 Mi-8P Yolcu\"}]}]}<\/script>\n<!-- \/ Yoast SEO Premium plugin. -->","yoast_head_json":{"title":"1981 Mi-8P Yolcu Helikopteri &#8212; Sat\u0131l\u0131k U\u00e7ak & Par\u00e7alar\u0131","description":"Sat\u0131l\u0131k 1981 Mi-8P Yolcu Helikopteri | 264 mil (425 km) mesafe boyunca hava yoluyla 28 yolcu ta\u015f\u0131mak i\u00e7in g\u00fcvenilir hava arac\u0131 - Revizyon gerektirir.","robots":{"index":"index","follow":"follow","max-snippet":"max-snippet:-1","max-image-preview":"max-image-preview:large","max-video-preview":"max-video-preview:-1"},"canonical":"https:\/\/airsps.com\/tr\/stok\/satilik-ucaklar\/satilik-helikopterler\/1981-mi-8p-satilik-yolcu-helikopteri-4974\/","schema":{"@context":"https:\/\/schema.org","@graph":[{"@type":"BreadcrumbList","@id":"https:\/\/airsps.com\/tr\/stok\/satilik-ucaklar\/satilik-helikopterler\/1981-mi-8p-satilik-yolcu-helikopteri-4974\/#breadcrumb","itemListElement":[{"@type":"ListItem","position":1,"name":"Ana","item":"https:\/\/airsps.com\/tr\/"},{"@type":"ListItem","position":2,"name":"Stok","item":"https:\/\/airsps.com\/tr\/stok\/"},{"@type":"ListItem","position":3,"name":"Sat\u0131l\u0131k U\u00e7aklar","item":"https:\/\/airsps.com\/tr\/depo\/satilik-ucaklar\/"},{"@type":"ListItem","position":4,"name":"Sat\u0131l\u0131k Helikopterler","item":"https:\/\/airsps.com\/tr\/depo\/satilik-ucaklar\/satilik-helikopterler\/"},{"@type":"ListItem","position":5,"name":"1981 Mi-8P Yolcu"}]}]}},"_links":{"self":[{"href":"https:\/\/airsps.com\/tr\/wp-json\/wp\/v2\/product\/4031","targetHints":{"allow":["GET"]}}],"collection":[{"href":"https:\/\/airsps.com\/tr\/wp-json\/wp\/v2\/product"}],"about":[{"href":"https:\/\/airsps.com\/tr\/wp-json\/wp\/v2\/types\/product"}],"replies":[{"embeddable":true,"href":"https:\/\/airsps.com\/tr\/wp-json\/wp\/v2\/comments?post=4031"}],"wp:featuredmedia":[{"embeddable":true,"href":"https:\/\/airsps.com\/tr\/wp-json\/wp\/v2\/media\/3236"}],"wp:attachment":[{"href":"https:\/\/airsps.com\/tr\/wp-json\/wp\/v2\/media?parent=4031"}],"wp:term":[{"taxonomy":"product_brand","embeddable":true,"href":"https:\/\/airsps.com\/tr\/wp-json\/wp\/v2\/product_brand?post=4031"},{"taxonomy":"product_cat","embeddable":true,"href":"https:\/\/airsps.com\/tr\/wp-json\/wp\/v2\/product_cat?post=4031"},{"taxonomy":"product_tag","embeddable":true,"href":"https:\/\/airsps.com\/tr\/wp-json\/wp\/v2\/product_tag?post=4031"}],"curies":[{"name":"wp","href":"https:\/\/api.w.org\/{rel}","templated":true}]}}