{"id":4030,"date":"2023-03-22T17:29:02","date_gmt":"2023-03-22T17:29:02","guid":{"rendered":"https:\/\/airsps.com\/stock\/uncategorized\/1989-mi-8t-nakliye-revizyonu-2020-10249\/"},"modified":"2023-03-22T17:29:02","modified_gmt":"2023-03-22T17:29:02","slug":"1989-mi-8t-nakliye-revizyonu-2020-10249","status":"publish","type":"product","link":"https:\/\/airsps.com\/tr\/stok\/satilik-ucaklar\/satilik-helikopterler\/1989-mi-8t-nakliye-revizyonu-2020-10249\/","title":{"rendered":"1989 Mi-8T Ta\u015f\u0131mac\u0131l\u0131k Temmuz 2020 Revizyon"},"content":{"rendered":"<p><a title=\"1983 Mi-8T Nakliye revizyonu 2022\" href=\"https:\/\/airsps.com\/tr\/stok\/satilik-ucaklar\/satilik-helikopterler\/satilik-1983-mi-8t-nakliye-helikopteri-20114\/\" rel=\"\">Mi-8T nakliye helikopteri<\/a>, \u00e7ok \u00e7e\u015fitli sivil uygulamalarda kendini kan\u0131tlam\u0131\u015f \u00e7ok y\u00f6nl\u00fc bir hava arac\u0131d\u0131r. Geni\u015f kabini ve esnek tasar\u0131m\u0131 onu \u00e7e\u015fitli g\u00f6revler i\u00e7in uygun hale getirirken, g\u00fcvenilirli\u011fi ve dayan\u0131kl\u0131l\u0131\u011f\u0131 da zorlu ortamlar i\u00e7in pop\u00fcler bir se\u00e7im olmas\u0131n\u0131 sa\u011flam\u0131\u015ft\u0131r.<\/p>\n<p>Bug\u00fcne kadar 17.000&#8217;den fazla \u00fcretilen Mi-8T, d\u00fcnyada en yayg\u0131n kullan\u0131lan helikopterlerden biridir. Kal\u0131c\u0131 pop\u00fclaritesi, bir ta\u015f\u0131ma platformu olarak \u00e7ok y\u00f6nl\u00fcl\u00fc\u011f\u00fcn\u00fcn ve etkinli\u011finin kan\u0131t\u0131d\u0131r. \u0130ster kargo veya yolcu ta\u015f\u0131s\u0131n, ister yang\u0131nla m\u00fccadele veya t\u0131bbi tahliye gibi \u00f6zel g\u00f6revleri yerine getirsin, Mi-8T bir\u00e7ok kurulu\u015fun filosunun \u00f6nemli bir par\u00e7as\u0131 olmaya devam ediyor.<\/p>\n<ol>\n<li>Tedarik\u00e7i, Genel Tasar\u0131mc\u0131n\u0131n tavsiyelerine g\u00f6re, M\u00fc\u015fteri ile \u00f6nceden mutab\u0131k kalmak suretiyle, helikoptere monte edilen sat\u0131c\u0131 kalemlerinin ve agregalar\u0131n belirtilen kalitesini de\u011fi\u015ftirme hakk\u0131na sahiptir.<\/li>\n<li>Tedarik\u00e7i, M\u00fc\u015fteri ile \u00f6nceden mutabakata vararak, belirtilen kalemleri, yukar\u0131da listelenenlerle ayn\u0131 veya daha iyi teknik ve operasyonel \u00f6zelliklere sahip e\u015fde\u011ferleriyle de\u011fi\u015ftirme hakk\u0131n\u0131 sakl\u0131 tutar.<\/li>\n<\/ol>\n","protected":false},"excerpt":{"rendered":"<p>Y\u0131l: 1989<br \/>\nToplam S\u00fcre: 10249<br \/>\nRevizyondan bu yana ge\u00e7en y\u0131l: Temmuz, 2020<br \/>\nRevizyondan bu yana ge\u00e7en s\u00fcre: 0<\/p>\n<p>Helikopterin onar\u0131m sonras\u0131 kayna\u011f\u0131, 8 y\u0131ll\u0131k hizmet \u00f6mr\u00fc boyunca 2000 u\u00e7u\u015f saatidir.<\/p>\n","protected":false},"featured_media":3248,"comment_status":"closed","ping_status":"closed","template":"","meta":[],"product_brand":[],"product_cat":[112],"product_tag":[],"class_list":{"0":"post-4030","1":"product","2":"type-product","3":"status-publish","4":"has-post-thumbnail","5":"","6":"product_cat-satilik-helikopterler","8":"first","9":"instock","10":"sold-individually","11":"shipping-taxable","12":"product-type-simple"},"yoast_head":"<!-- This site is optimized with the Yoast SEO Premium plugin v27.1 (Yoast SEO v27.1.1) - https:\/\/yoast.com\/product\/yoast-seo-premium-wordpress\/ -->\n<title>1989 Mi-8T Nakliye Helikopteri Sat\u0131l\u0131k | Temmuz 2020 Revizyonu<\/title>\n<meta name=\"description\" content=\"Sat\u0131l\u0131k 1989 Mi-8T Nakliye Helikopteri | 2020, Temmuz - Revizyondan bu yana ge\u00e7en s\u00fcre: SIFIR. Helikopterin onar\u0131mdan sonraki kayna\u011f\u0131 2000 saat veya 8 y\u0131ld\u0131r\" \/>\n<meta name=\"robots\" content=\"index, follow, max-snippet:-1, max-image-preview:large, max-video-preview:-1\" \/>\n<link rel=\"canonical\" href=\"https:\/\/airsps.com\/tr\/stok\/satilik-ucaklar\/satilik-helikopterler\/1989-mi-8t-nakliye-revizyonu-2020-10249\/\" \/>\n<script type=\"application\/ld+json\" class=\"yoast-schema-graph\">{\"@context\":\"https:\/\/schema.org\",\"@graph\":[{\"@type\":\"BreadcrumbList\",\"@id\":\"https:\/\/airsps.com\/tr\/stok\/satilik-ucaklar\/satilik-helikopterler\/1989-mi-8t-nakliye-revizyonu-2020-10249\/#breadcrumb\",\"itemListElement\":[{\"@type\":\"ListItem\",\"position\":1,\"name\":\"Ana\",\"item\":\"https:\/\/airsps.com\/tr\/\"},{\"@type\":\"ListItem\",\"position\":2,\"name\":\"Stok\",\"item\":\"https:\/\/airsps.com\/tr\/stok\/\"},{\"@type\":\"ListItem\",\"position\":3,\"name\":\"Sat\u0131l\u0131k U\u00e7aklar\",\"item\":\"https:\/\/airsps.com\/tr\/depo\/satilik-ucaklar\/\"},{\"@type\":\"ListItem\",\"position\":4,\"name\":\"Sat\u0131l\u0131k Helikopterler\",\"item\":\"https:\/\/airsps.com\/tr\/depo\/satilik-ucaklar\/satilik-helikopterler\/\"},{\"@type\":\"ListItem\",\"position\":5,\"name\":\"1989 Mi-8T Ta\u015f\u0131mac\u0131l\u0131k Temmuz 2020 Revizyon\"}]}]}<\/script>\n<!-- \/ Yoast SEO Premium plugin. -->","yoast_head_json":{"title":"1989 Mi-8T Nakliye Helikopteri Sat\u0131l\u0131k | Temmuz 2020 Revizyonu","description":"Sat\u0131l\u0131k 1989 Mi-8T Nakliye Helikopteri | 2020, Temmuz - Revizyondan bu yana ge\u00e7en s\u00fcre: SIFIR. Helikopterin onar\u0131mdan sonraki kayna\u011f\u0131 2000 saat veya 8 y\u0131ld\u0131r","robots":{"index":"index","follow":"follow","max-snippet":"max-snippet:-1","max-image-preview":"max-image-preview:large","max-video-preview":"max-video-preview:-1"},"canonical":"https:\/\/airsps.com\/tr\/stok\/satilik-ucaklar\/satilik-helikopterler\/1989-mi-8t-nakliye-revizyonu-2020-10249\/","schema":{"@context":"https:\/\/schema.org","@graph":[{"@type":"BreadcrumbList","@id":"https:\/\/airsps.com\/tr\/stok\/satilik-ucaklar\/satilik-helikopterler\/1989-mi-8t-nakliye-revizyonu-2020-10249\/#breadcrumb","itemListElement":[{"@type":"ListItem","position":1,"name":"Ana","item":"https:\/\/airsps.com\/tr\/"},{"@type":"ListItem","position":2,"name":"Stok","item":"https:\/\/airsps.com\/tr\/stok\/"},{"@type":"ListItem","position":3,"name":"Sat\u0131l\u0131k U\u00e7aklar","item":"https:\/\/airsps.com\/tr\/depo\/satilik-ucaklar\/"},{"@type":"ListItem","position":4,"name":"Sat\u0131l\u0131k Helikopterler","item":"https:\/\/airsps.com\/tr\/depo\/satilik-ucaklar\/satilik-helikopterler\/"},{"@type":"ListItem","position":5,"name":"1989 Mi-8T Ta\u015f\u0131mac\u0131l\u0131k Temmuz 2020 Revizyon"}]}]}},"_links":{"self":[{"href":"https:\/\/airsps.com\/tr\/wp-json\/wp\/v2\/product\/4030","targetHints":{"allow":["GET"]}}],"collection":[{"href":"https:\/\/airsps.com\/tr\/wp-json\/wp\/v2\/product"}],"about":[{"href":"https:\/\/airsps.com\/tr\/wp-json\/wp\/v2\/types\/product"}],"replies":[{"embeddable":true,"href":"https:\/\/airsps.com\/tr\/wp-json\/wp\/v2\/comments?post=4030"}],"wp:featuredmedia":[{"embeddable":true,"href":"https:\/\/airsps.com\/tr\/wp-json\/wp\/v2\/media\/3248"}],"wp:attachment":[{"href":"https:\/\/airsps.com\/tr\/wp-json\/wp\/v2\/media?parent=4030"}],"wp:term":[{"taxonomy":"product_brand","embeddable":true,"href":"https:\/\/airsps.com\/tr\/wp-json\/wp\/v2\/product_brand?post=4030"},{"taxonomy":"product_cat","embeddable":true,"href":"https:\/\/airsps.com\/tr\/wp-json\/wp\/v2\/product_cat?post=4030"},{"taxonomy":"product_tag","embeddable":true,"href":"https:\/\/airsps.com\/tr\/wp-json\/wp\/v2\/product_tag?post=4030"}],"curies":[{"name":"wp","href":"https:\/\/api.w.org\/{rel}","templated":true}]}}