{"id":4029,"date":"2023-04-08T15:57:19","date_gmt":"2023-04-08T15:57:19","guid":{"rendered":"https:\/\/airsps.com\/stock\/uncategorized\/2020-nakliye-helikopteri-mi-8amt-satilik-245\/"},"modified":"2023-04-08T15:57:19","modified_gmt":"2023-04-08T15:57:19","slug":"2020-nakliye-helikopteri-mi-8amt-satilik-245","status":"publish","type":"product","link":"https:\/\/airsps.com\/tr\/stok\/satilik-ucaklar\/satilik-helikopterler\/2020-nakliye-helikopteri-mi-8amt-satilik-245\/","title":{"rendered":"2020 Mi-8AMT Nakliye 245 saat"},"content":{"rendered":"<p>Helikopter, m\u00fckemmel performans ve y\u00fcksek d\u00fczeyde g\u00fcvenlik sa\u011flayan iki motorla g\u00fc\u00e7lendirilmi\u015ftir. Saatte 250 km&#8217;ye kadar seyir h\u0131z\u0131na sahiptir ve 4.000 kg&#8217;a kadar y\u00fck ta\u015f\u0131yabilir.<\/p>\n<p>Mi-8AMT 1.000 km&#8217;nin \u00fczerinde bir menzile sahiptir ve bu da onu uzak b\u00f6lgelere asker ve malzeme ta\u015f\u0131mak i\u00e7in ideal hale getirmektedir. Ayr\u0131ca 12 sedye ve t\u0131bbi personel ta\u015f\u0131ma kapasitesiyle hava ambulans\u0131 olarak da kullan\u0131labilir.<\/p>\n<p>Mi-8AMT&#8217;nin en \u00f6nemli \u00f6zelliklerinden biri \u00e7ok y\u00f6nl\u00fcl\u00fc\u011f\u00fcd\u00fcr. Makineli t\u00fcfekler ve roketler de dahil olmak \u00fczere \u00e7e\u015fitli silah sistemleriyle donat\u0131labilir, bu da onu etkili bir sava\u015f helikopteri haline getirir. Ayr\u0131ca yang\u0131n s\u00f6nd\u00fcrme ekipmanlar\u0131yla donat\u0131labildi\u011finden orman yang\u0131nlar\u0131yla m\u00fccadelede de kullan\u0131labilir.<\/p>\n<p>Helikopterin geni\u015f kabini 24 yolcuya kadar a\u011f\u0131rlayabiliyor ve bu da onu a\u00e7\u0131k deniz petrol ve gaz arama gibi ticari operasyonlar i\u00e7in pop\u00fcler bir se\u00e7im haline getiriyor. Ayr\u0131ca l\u00fcks koltuklar ve olanaklarla VIP ta\u015f\u0131mac\u0131l\u0131\u011f\u0131 i\u00e7in de yap\u0131land\u0131r\u0131labilir.<\/p>\n<p>Mi-8AMT&#8217;nin dayan\u0131kl\u0131 tasar\u0131m\u0131, onu zorlu ortamlardaki operasyonlar i\u00e7in \u00e7ok uygun hale getirir. 50C ila +50C aras\u0131nda de\u011fi\u015fen s\u0131cakl\u0131klarda \u00e7al\u0131\u015fabilir ve 40 m\/s&#8217;ye kadar r\u00fczgarlara dayanabilir.<\/p>\n<p>Helikopterin geli\u015fmi\u015f aviyonik sistemi dijital otopilot, hava durumu radar\u0131 ve uydu navigasyonunu i\u00e7ermektedir. Bu, t\u00fcm hava ko\u015fullar\u0131nda g\u00fcvenli ve verimli \u00e7al\u0131\u015fma sa\u011flar.<\/p>\n<p>Sonu\u00e7 olarak, Mi-8AMT nakliye helikopteri \u00e7ok \u00e7e\u015fitli uygulamalarda kendini kan\u0131tlam\u0131\u015f \u00e7ok y\u00f6nl\u00fc ve g\u00fcvenilir bir hava arac\u0131d\u0131r. Performans, dayan\u0131kl\u0131l\u0131k ve esneklik kombinasyonu, onu hem askeri hem de sivil operat\u00f6rler i\u00e7in de\u011ferli bir varl\u0131k haline getirmektedir.<\/p>\n","protected":false},"excerpt":{"rendered":"<p>Y\u0131l: 2020<br \/>\nY\u0131l: 2020<br \/>\nHelikopter kayna\u011f\u0131: 18000<br \/>\nHelikopter revizyon \u00f6mr\u00fc: 2000<br \/>\nKalan kaynak: 17755<br \/>\nOnar\u0131mlar aras\u0131 kayna\u011f\u0131n geri kalan\u0131: 1755<\/p>\n<p>Mi-8AMT nakliye helikopteri, askeri ve sivil havac\u0131l\u0131k d\u00fcnyas\u0131nda \u00e7ok y\u00f6nl\u00fc bir i\u015f g\u00fcc\u00fcd\u00fcr. Sa\u011flam ve g\u00fcvenilir tasar\u0131m\u0131, onu d\u00fcnya \u00e7ap\u0131ndaki operat\u00f6rler aras\u0131nda favori haline getirmi\u015ftir.<\/p>\n","protected":false},"featured_media":3290,"comment_status":"closed","ping_status":"closed","template":"","meta":[],"product_brand":[],"product_cat":[112],"product_tag":[],"class_list":{"0":"post-4029","1":"product","2":"type-product","3":"status-publish","4":"has-post-thumbnail","5":"","6":"product_cat-satilik-helikopterler","8":"first","9":"instock","10":"sold-individually","11":"shipping-taxable","12":"product-type-simple"},"yoast_head":"<!-- This site is optimized with the Yoast SEO Premium plugin v27.1 (Yoast SEO v27.1.1) - https:\/\/yoast.com\/product\/yoast-seo-premium-wordpress\/ -->\n<title>Sat\u0131l\u0131k 2020 Mi-8AMT Nakliye Helikopteri | Toplam S\u00fcre 245 saat<\/title>\n<meta name=\"description\" content=\"Sat\u0131l\u0131k 2020 Mi-8AMT Nakliye Helikopteri | Toplam S\u00fcre: 245 saat. Helikopterin onar\u0131m sonras\u0131 kayna\u011f\u0131 1755 saattir\" \/>\n<meta name=\"robots\" content=\"index, follow, max-snippet:-1, max-image-preview:large, max-video-preview:-1\" \/>\n<link rel=\"canonical\" href=\"https:\/\/airsps.com\/tr\/stok\/satilik-ucaklar\/satilik-helikopterler\/2020-nakliye-helikopteri-mi-8amt-satilik-245\/\" \/>\n<script type=\"application\/ld+json\" class=\"yoast-schema-graph\">{\"@context\":\"https:\/\/schema.org\",\"@graph\":[{\"@type\":\"BreadcrumbList\",\"@id\":\"https:\/\/airsps.com\/tr\/stok\/satilik-ucaklar\/satilik-helikopterler\/2020-nakliye-helikopteri-mi-8amt-satilik-245\/#breadcrumb\",\"itemListElement\":[{\"@type\":\"ListItem\",\"position\":1,\"name\":\"Ana\",\"item\":\"https:\/\/airsps.com\/tr\/\"},{\"@type\":\"ListItem\",\"position\":2,\"name\":\"Stok\",\"item\":\"https:\/\/airsps.com\/tr\/stok\/\"},{\"@type\":\"ListItem\",\"position\":3,\"name\":\"Sat\u0131l\u0131k U\u00e7aklar\",\"item\":\"https:\/\/airsps.com\/tr\/depo\/satilik-ucaklar\/\"},{\"@type\":\"ListItem\",\"position\":4,\"name\":\"Sat\u0131l\u0131k Helikopterler\",\"item\":\"https:\/\/airsps.com\/tr\/depo\/satilik-ucaklar\/satilik-helikopterler\/\"},{\"@type\":\"ListItem\",\"position\":5,\"name\":\"2020 Mi-8AMT Nakliye 245 saat\"}]}]}<\/script>\n<!-- \/ Yoast SEO Premium plugin. -->","yoast_head_json":{"title":"Sat\u0131l\u0131k 2020 Mi-8AMT Nakliye Helikopteri | Toplam S\u00fcre 245 saat","description":"Sat\u0131l\u0131k 2020 Mi-8AMT Nakliye Helikopteri | Toplam S\u00fcre: 245 saat. Helikopterin onar\u0131m sonras\u0131 kayna\u011f\u0131 1755 saattir","robots":{"index":"index","follow":"follow","max-snippet":"max-snippet:-1","max-image-preview":"max-image-preview:large","max-video-preview":"max-video-preview:-1"},"canonical":"https:\/\/airsps.com\/tr\/stok\/satilik-ucaklar\/satilik-helikopterler\/2020-nakliye-helikopteri-mi-8amt-satilik-245\/","schema":{"@context":"https:\/\/schema.org","@graph":[{"@type":"BreadcrumbList","@id":"https:\/\/airsps.com\/tr\/stok\/satilik-ucaklar\/satilik-helikopterler\/2020-nakliye-helikopteri-mi-8amt-satilik-245\/#breadcrumb","itemListElement":[{"@type":"ListItem","position":1,"name":"Ana","item":"https:\/\/airsps.com\/tr\/"},{"@type":"ListItem","position":2,"name":"Stok","item":"https:\/\/airsps.com\/tr\/stok\/"},{"@type":"ListItem","position":3,"name":"Sat\u0131l\u0131k U\u00e7aklar","item":"https:\/\/airsps.com\/tr\/depo\/satilik-ucaklar\/"},{"@type":"ListItem","position":4,"name":"Sat\u0131l\u0131k Helikopterler","item":"https:\/\/airsps.com\/tr\/depo\/satilik-ucaklar\/satilik-helikopterler\/"},{"@type":"ListItem","position":5,"name":"2020 Mi-8AMT Nakliye 245 saat"}]}]}},"_links":{"self":[{"href":"https:\/\/airsps.com\/tr\/wp-json\/wp\/v2\/product\/4029","targetHints":{"allow":["GET"]}}],"collection":[{"href":"https:\/\/airsps.com\/tr\/wp-json\/wp\/v2\/product"}],"about":[{"href":"https:\/\/airsps.com\/tr\/wp-json\/wp\/v2\/types\/product"}],"replies":[{"embeddable":true,"href":"https:\/\/airsps.com\/tr\/wp-json\/wp\/v2\/comments?post=4029"}],"wp:featuredmedia":[{"embeddable":true,"href":"https:\/\/airsps.com\/tr\/wp-json\/wp\/v2\/media\/3290"}],"wp:attachment":[{"href":"https:\/\/airsps.com\/tr\/wp-json\/wp\/v2\/media?parent=4029"}],"wp:term":[{"taxonomy":"product_brand","embeddable":true,"href":"https:\/\/airsps.com\/tr\/wp-json\/wp\/v2\/product_brand?post=4029"},{"taxonomy":"product_cat","embeddable":true,"href":"https:\/\/airsps.com\/tr\/wp-json\/wp\/v2\/product_cat?post=4029"},{"taxonomy":"product_tag","embeddable":true,"href":"https:\/\/airsps.com\/tr\/wp-json\/wp\/v2\/product_tag?post=4029"}],"curies":[{"name":"wp","href":"https:\/\/api.w.org\/{rel}","templated":true}]}}