{"id":4028,"date":"2023-04-12T06:28:34","date_gmt":"2023-04-12T06:28:34","guid":{"rendered":"https:\/\/airsps.com\/stock\/uncategorized\/2017-mi-8-amt-satilik-nakliye-helikopteri-1075\/"},"modified":"2023-04-12T06:28:34","modified_gmt":"2023-04-12T06:28:34","slug":"2017-mi-8-amt-satilik-nakliye-helikopteri-1075","status":"publish","type":"product","link":"https:\/\/airsps.com\/tr\/stok\/satilik-ucaklar\/satilik-helikopterler\/2017-mi-8-amt-satilik-nakliye-helikopteri-1075\/","title":{"rendered":"2017 Mi-8 AMT Nakliye 1075 saat"},"content":{"rendered":"<p>Mi-8 AMT ilk olarak 1980&#8217;lerde efsanevi Mi-8 helikopterinin geli\u015ftirilmi\u015f bir versiyonu olarak tan\u0131t\u0131ld\u0131. Yeni versiyon geli\u015ftirilmi\u015f aviyonikler, daha g\u00fc\u00e7l\u00fc motorlar ve hem yolcular hem de m\u00fcrettebat i\u00e7in daha konforlu ve i\u015flevsel hale getiren yeniden tasarlanm\u0131\u015f bir kabine sahipti. Y\u0131llar i\u00e7inde Mi-8 AMT, geli\u015fen teknolojilere ve de\u011fi\u015fen g\u00f6rev gereksinimlerine ayak uydurmak i\u00e7in \u00e7ok say\u0131da y\u00fckseltme ve modifikasyondan ge\u00e7mi\u015ftir.<\/p>\n<p>Mi-8 AMT&#8217;nin en \u00f6nemli \u00f6zelliklerinden biri, a\u011f\u0131r y\u00fck veya yolcular\u0131 uzun mesafelere ta\u015f\u0131mak i\u00e7in yeterli g\u00fc\u00e7 ve h\u0131z sa\u011flayan g\u00fc\u00e7l\u00fc \u00e7ift t\u00fcrbinli motorlar\u0131d\u0131r. Maksimum kalk\u0131\u015f a\u011f\u0131rl\u0131\u011f\u0131 13.000 kg&#8217;\u0131n \u00fczerinde olan ve 800 km&#8217;ye kadar menzile sahip Mi-8 AMT, 24 yolcu veya 4.000 kg&#8217;a kadar kargo ta\u015f\u0131yabilir ve bu da onu \u00e7ok \u00e7e\u015fitli g\u00f6revler i\u00e7in ideal bir se\u00e7im haline getirir.<\/p>\n<p>Mi-8 AMT, etkileyici ta\u015f\u0131ma kapasitesinin yan\u0131 s\u0131ra sa\u011flaml\u0131\u011f\u0131 ve dayan\u0131kl\u0131l\u0131\u011f\u0131yla da \u00fcnl\u00fcd\u00fcr. Zorlu ortamlara ve a\u015f\u0131r\u0131 hava ko\u015fullar\u0131na dayanacak \u015fekilde \u00fcretilen bu helikopter, operasyonlar\u0131 i\u00e7in g\u00fcvenilir ve sa\u011flam bir platforma ihtiya\u00e7 duyan operat\u00f6rler aras\u0131nda pop\u00fcler bir se\u00e7imdir. \u0130ster uzak yerlere ekipman ve malzeme ta\u015f\u0131mak, ister arama ve kurtarma operasyonlar\u0131na destek sa\u011flamak veya havadan yang\u0131n s\u00f6nd\u00fcrme g\u00f6revleri ger\u00e7ekle\u015ftirmek olsun, Mi-8 AMT g\u00f6reve haz\u0131rd\u0131r.<\/p>\n<p>Mi-8 AMT&#8217;nin bir di\u011fer \u00f6nemli avantaj\u0131 da \u00e7ok y\u00f6nl\u00fcl\u00fc\u011f\u00fcd\u00fcr. Bu helikopter, g\u00f6zetleme, izleme ve ke\u015fif dahil olmak \u00fczere \u00e7e\u015fitli g\u00f6revleri desteklemek i\u00e7in \u00e7ok \u00e7e\u015fitli sens\u00f6rler, kameralar ve di\u011fer ekipmanlarla donat\u0131labilir. Ayr\u0131ca, menzilini ve yeteneklerini geni\u015fletmek i\u00e7in harici yak\u0131t tanklar\u0131 ve di\u011fer aksesuarlarla donat\u0131labilir.<\/p>\n<p>Genel olarak, Mi-8 AMT <a title=\"helikopter sat\u0131n al\" href=\"https:\/\/airsps.com\/depot\/aircraft-for-sale\/helicopters\/\" rel=\"\">nakliye helikopteri<\/a>, g\u00fcvenilir ve esnek bir hava platformuna ihtiya\u00e7 duyan t\u00fcm kurulu\u015flar i\u00e7in de\u011ferli bir varl\u0131kt\u0131r. G\u00fc\u00e7l\u00fc motorlar\u0131, geni\u015f kargo kapasitesi ve etkileyici menzili ile bu helikopter, \u00e7ok \u00e7e\u015fitli operasyonlarda ve ortamlarda kendini defalarca kan\u0131tlam\u0131\u015ft\u0131r. \u0130ster askeri g\u00f6revleri desteklemek, ister insani yard\u0131m ula\u015ft\u0131rmak, ister ticari projeler i\u00e7in personel ve ekipman ta\u015f\u0131mak olsun, Mi-8 AMT i\u015f bitiren bir u\u00e7akt\u0131r.<\/p>\n","protected":false},"excerpt":{"rendered":"<p>Y\u0131l: 2017<br \/>\nToplam S\u00fcre: 1075<br \/>\nHelikopter kayna\u011f\u0131: 18000<br \/>\nHelikopter revizyon \u00f6mr\u00fc: 2000<br \/>\nKalan kaynak: 16925<br \/>\nOnar\u0131mlar aras\u0131 kayna\u011f\u0131n geri kalan\u0131: 925<br \/>\n\u00c7al\u0131\u015fma \u00d6mr\u00fc: 35 y\u0131l<\/p>\n<p>Mi-8 AMT nakliye helikopteri, d\u00fcnya \u00e7ap\u0131nda hem sivil hem de askeri uygulamalarda yayg\u0131n olarak kullan\u0131lan \u00e7ok y\u00f6nl\u00fc ve g\u00fcvenilir bir hava arac\u0131d\u0131r.<\/p>\n<p>G\u00fc\u00e7l\u00fc motorlar\u0131, geni\u015f kargo kapasitesi ve etkileyici menzili ile Mi-8 AMT, g\u00fcvenilir ve esnek bir hava platformuna ihtiya\u00e7 duyan kurulu\u015flar i\u00e7in tercih edilen helikopterdir.<\/p>\n","protected":false},"featured_media":3297,"comment_status":"closed","ping_status":"closed","template":"","meta":[],"product_brand":[],"product_cat":[112],"product_tag":[],"class_list":{"0":"post-4028","1":"product","2":"type-product","3":"status-publish","4":"has-post-thumbnail","5":"","6":"product_cat-satilik-helikopterler","8":"first","9":"instock","10":"sold-individually","11":"shipping-taxable","12":"product-type-simple"},"yoast_head":"<!-- This site is optimized with the Yoast SEO Premium plugin v27.1 (Yoast SEO v27.1.1) - https:\/\/yoast.com\/product\/yoast-seo-premium-wordpress\/ -->\n<title>Sat\u0131l\u0131k 2017 Mi-8 AMT Nakliye Helikopteri | Toplam S\u00fcre 1075 saat<\/title>\n<meta name=\"description\" content=\"Sat\u0131l\u0131k 2017 Mi-8 AMT Nakliye Helikopteri | Toplam S\u00fcre: 1075 saat. Helikopterin onar\u0131m sonras\u0131 kayna\u011f\u0131 925 saattir\" \/>\n<meta name=\"robots\" content=\"index, follow, max-snippet:-1, max-image-preview:large, max-video-preview:-1\" \/>\n<link rel=\"canonical\" href=\"https:\/\/airsps.com\/tr\/stok\/satilik-ucaklar\/satilik-helikopterler\/2017-mi-8-amt-satilik-nakliye-helikopteri-1075\/\" \/>\n<script type=\"application\/ld+json\" class=\"yoast-schema-graph\">{\"@context\":\"https:\/\/schema.org\",\"@graph\":[{\"@type\":\"BreadcrumbList\",\"@id\":\"https:\/\/airsps.com\/tr\/stok\/satilik-ucaklar\/satilik-helikopterler\/2017-mi-8-amt-satilik-nakliye-helikopteri-1075\/#breadcrumb\",\"itemListElement\":[{\"@type\":\"ListItem\",\"position\":1,\"name\":\"Ana\",\"item\":\"https:\/\/airsps.com\/tr\/\"},{\"@type\":\"ListItem\",\"position\":2,\"name\":\"Stok\",\"item\":\"https:\/\/airsps.com\/tr\/stok\/\"},{\"@type\":\"ListItem\",\"position\":3,\"name\":\"Sat\u0131l\u0131k U\u00e7aklar\",\"item\":\"https:\/\/airsps.com\/tr\/depo\/satilik-ucaklar\/\"},{\"@type\":\"ListItem\",\"position\":4,\"name\":\"Sat\u0131l\u0131k Helikopterler\",\"item\":\"https:\/\/airsps.com\/tr\/depo\/satilik-ucaklar\/satilik-helikopterler\/\"},{\"@type\":\"ListItem\",\"position\":5,\"name\":\"2017 Mi-8 AMT Nakliye 1075 saat\"}]}]}<\/script>\n<!-- \/ Yoast SEO Premium plugin. -->","yoast_head_json":{"title":"Sat\u0131l\u0131k 2017 Mi-8 AMT Nakliye Helikopteri | Toplam S\u00fcre 1075 saat","description":"Sat\u0131l\u0131k 2017 Mi-8 AMT Nakliye Helikopteri | Toplam S\u00fcre: 1075 saat. Helikopterin onar\u0131m sonras\u0131 kayna\u011f\u0131 925 saattir","robots":{"index":"index","follow":"follow","max-snippet":"max-snippet:-1","max-image-preview":"max-image-preview:large","max-video-preview":"max-video-preview:-1"},"canonical":"https:\/\/airsps.com\/tr\/stok\/satilik-ucaklar\/satilik-helikopterler\/2017-mi-8-amt-satilik-nakliye-helikopteri-1075\/","schema":{"@context":"https:\/\/schema.org","@graph":[{"@type":"BreadcrumbList","@id":"https:\/\/airsps.com\/tr\/stok\/satilik-ucaklar\/satilik-helikopterler\/2017-mi-8-amt-satilik-nakliye-helikopteri-1075\/#breadcrumb","itemListElement":[{"@type":"ListItem","position":1,"name":"Ana","item":"https:\/\/airsps.com\/tr\/"},{"@type":"ListItem","position":2,"name":"Stok","item":"https:\/\/airsps.com\/tr\/stok\/"},{"@type":"ListItem","position":3,"name":"Sat\u0131l\u0131k U\u00e7aklar","item":"https:\/\/airsps.com\/tr\/depo\/satilik-ucaklar\/"},{"@type":"ListItem","position":4,"name":"Sat\u0131l\u0131k Helikopterler","item":"https:\/\/airsps.com\/tr\/depo\/satilik-ucaklar\/satilik-helikopterler\/"},{"@type":"ListItem","position":5,"name":"2017 Mi-8 AMT Nakliye 1075 saat"}]}]}},"_links":{"self":[{"href":"https:\/\/airsps.com\/tr\/wp-json\/wp\/v2\/product\/4028","targetHints":{"allow":["GET"]}}],"collection":[{"href":"https:\/\/airsps.com\/tr\/wp-json\/wp\/v2\/product"}],"about":[{"href":"https:\/\/airsps.com\/tr\/wp-json\/wp\/v2\/types\/product"}],"replies":[{"embeddable":true,"href":"https:\/\/airsps.com\/tr\/wp-json\/wp\/v2\/comments?post=4028"}],"wp:featuredmedia":[{"embeddable":true,"href":"https:\/\/airsps.com\/tr\/wp-json\/wp\/v2\/media\/3297"}],"wp:attachment":[{"href":"https:\/\/airsps.com\/tr\/wp-json\/wp\/v2\/media?parent=4028"}],"wp:term":[{"taxonomy":"product_brand","embeddable":true,"href":"https:\/\/airsps.com\/tr\/wp-json\/wp\/v2\/product_brand?post=4028"},{"taxonomy":"product_cat","embeddable":true,"href":"https:\/\/airsps.com\/tr\/wp-json\/wp\/v2\/product_cat?post=4028"},{"taxonomy":"product_tag","embeddable":true,"href":"https:\/\/airsps.com\/tr\/wp-json\/wp\/v2\/product_tag?post=4028"}],"curies":[{"name":"wp","href":"https:\/\/api.w.org\/{rel}","templated":true}]}}