{"id":4027,"date":"2023-04-13T06:38:16","date_gmt":"2023-04-13T06:38:16","guid":{"rendered":"https:\/\/airsps.com\/stock\/uncategorized\/1981-1985-satilik-l-39-jet-egitim-ucagi\/"},"modified":"2025-08-15T18:35:21","modified_gmt":"2025-08-15T18:35:21","slug":"1981-1985-satilik-l-39-jet-egitim-ucagi","status":"publish","type":"product","link":"https:\/\/airsps.com\/tr\/stok\/satilik-ucaklar\/ucaklar\/1981-1985-satilik-l-39-jet-egitim-ucagi\/","title":{"rendered":"1981-1985 L-39 Jet E\u011fitim U\u00e7a\u011f\u0131"},"content":{"rendered":"<p>Y\u00fcksek performansl\u0131 bir jet e\u011fitim u\u00e7a\u011f\u0131 m\u0131 ar\u0131yorsunuz? L-39 Albatros&#8217;tan ba\u015fkas\u0131na bakmay\u0131n! Aero Vodochody taraf\u0131ndan in\u015fa edilen bu \u00e7ok y\u00f6nl\u00fc ve \u00e7evik u\u00e7ak, onlarca y\u0131ld\u0131r d\u00fcnyan\u0131n d\u00f6rt bir yan\u0131ndaki ordular taraf\u0131ndan kullan\u0131lmaktad\u0131r.<\/p>\n<p>AirSPS&#8217;de, L-39 Jet Trainer Albatros u\u00e7aklar\u0131n\u0131n sat\u0131\u015f\u0131 konusunda uzman\u0131z. Kapsaml\u0131 envanterimiz ve bu u\u00e7aklar hakk\u0131ndaki uzman bilgimizle, ihtiya\u00e7lar\u0131n\u0131z\u0131 kar\u015f\u0131layacak m\u00fckemmel modeli bulman\u0131za yard\u0131mc\u0131 olabilece\u011fimizden eminiz.<\/p>\n<p>L-39 Albatros ola\u011fan\u00fcst\u00fc manevra kabiliyeti, g\u00fc\u00e7l\u00fc motoru ve geli\u015fmi\u015f aviyonik sistemleriyle tan\u0131n\u0131r. Saatte 750 km h\u0131za ula\u015fabilen ve 11.000 metrenin \u00fczerindeki irtifalara t\u0131rmanabilen bu u\u00e7ak, becerilerini bir \u00fcst seviyeye ta\u015f\u0131mak isteyen pilotlar i\u00e7in idealdir.<\/p>\n<p>Ancak bir u\u00e7ak sat\u0131n almak \u00f6nemli bir yat\u0131r\u0131md\u0131r, bu nedenle AirSPS&#8217;deki ekibimiz m\u00fc\u015fterilerimize m\u00fcmk\u00fcn olan en iyi hizmeti ve deste\u011fi sa\u011flamaya kararl\u0131d\u0131r. Do\u011fru u\u00e7a\u011f\u0131 bulman\u0131n, finansman se\u00e7eneklerinin ve teslimat ve bak\u0131m hizmetlerini d\u00fczenlemenin \u00f6nemini anl\u0131yoruz.<\/p>\n<p>Sat\u0131l\u0131k L-39 Jet Trainer Albatros <a title=\"Sat\u0131l\u0131k U\u00e7aklar\" href=\"https:\/\/airsps.com\/tr\/depo\/satilik-ucaklar\/\" rel=\"\">u\u00e7a\u011f\u0131<\/a> se\u00e7imimize ek olarak, yat\u0131r\u0131m\u0131n\u0131zdan en iyi \u015fekilde yararlanman\u0131za yard\u0131mc\u0131 olmak i\u00e7in havac\u0131l\u0131kla ilgili bir dizi hizmet de sunuyoruz. Bak\u0131m ve onar\u0131mdan par\u00e7a ve aksesuarlara kadar, u\u00e7a\u011f\u0131n\u0131z\u0131n sorunsuz \u00e7al\u0131\u015fmas\u0131n\u0131 sa\u011flamak i\u00e7in ihtiyac\u0131n\u0131z olan her \u015feye sahibiz.<\/p>\n<p>Bilgili ve deneyimli havac\u0131l\u0131k uzmanlar\u0131ndan olu\u015fan ekibimiz size her ad\u0131mda yard\u0131mc\u0131 olmak i\u00e7in burada. M\u00fc\u015fterilerimize ki\u015fiselle\u015ftirilmi\u015f ilgi ve en kaliteli hizmeti sunmaktan gurur duyuyoruz ve bizimle olan deneyiminizin istisnai olmaktan ba\u015fka bir \u015fey olmamas\u0131n\u0131 sa\u011fl\u0131yoruz.<\/p>\n<p>Dolay\u0131s\u0131yla, bir L-39 Jet Trainer Albatros ile u\u00e7u\u015funuzu bir sonraki seviyeye ta\u015f\u0131maya haz\u0131rsan\u0131z, envanterimiz ve hizmetlerimiz hakk\u0131nda daha fazla bilgi edinmek i\u00e7in bug\u00fcn bizimle ileti\u015fime ge\u00e7in. Havac\u0131l\u0131k hedeflerinize ula\u015fman\u0131za yard\u0131mc\u0131 olmak ve u\u00e7u\u015f hayallerinizi ger\u00e7e\u011fe d\u00f6n\u00fc\u015ft\u00fcrmek i\u00e7in sab\u0131rs\u0131zlan\u0131yoruz!<\/p>\n","protected":false},"excerpt":{"rendered":"<p class=\"ai-optimize-23\">\n#1<br \/>\nY\u0131l: 1985<br \/>\nToplam S\u00fcre: 1953<br \/>\nSon revizyon y\u0131l\u0131: 1991<br \/>\nSon revizyondan bu yana ge\u00e7en s\u00fcre: 454<\/p>\n<p class=\"ai-optimize-24\">\n#2<br \/>\nY\u0131l: 1981<br \/>\nToplam S\u00fcre: 2122<br \/>\nSon revizyon y\u0131l\u0131: 1992<br \/>\nSon revizyondan bu yana ge\u00e7en s\u00fcre: 607<\/p>\n<p class=\"ai-optimize-25\">\n#3<br \/>\nY\u0131l: 1981<br \/>\nToplam s\u00fcre: 1633<br \/>\nSon revizyon y\u0131l\u0131: 1991<br \/>\nTiempo transcurrido desde la \u00faltima revisi\u00f3n: 230<\/p>\n<p class=\"ai-optimize-26\">\n#4<br \/>\nY\u0131l: 1981<br \/>\nToplam s\u00fcre: 1599<br \/>\nSon revizyon y\u0131l\u0131: 1992<br \/>\nSon g\u00f6zden ge\u00e7irme tarihinden bu yana ge\u00e7en s\u00fcre: 230<\/p>\n<p class=\"ai-optimize-27\">\n#5<br \/>\nY\u0131l: 1981<br \/>\nToplam S\u00fcre: 1894<br \/>\nSon revizyon y\u0131l\u0131: 1991<br \/>\nSon revizyondan bu yana ge\u00e7en s\u00fcre: 470<\/p>\n","protected":false},"featured_media":3307,"comment_status":"closed","ping_status":"closed","template":"","meta":[],"product_brand":[],"product_cat":[114],"product_tag":[],"class_list":{"0":"post-4027","1":"product","2":"type-product","3":"status-publish","4":"has-post-thumbnail","5":"","6":"product_cat-ucaklar","8":"first","9":"instock","10":"sold-individually","11":"shipping-taxable","12":"product-type-simple"},"yoast_head":"<!-- This site is optimized with the Yoast SEO Premium plugin v27.1 (Yoast SEO v27.1.1) - https:\/\/yoast.com\/product\/yoast-seo-premium-wordpress\/ -->\n<title>Sat\u0131l\u0131k 1981-1985 L-39 Jet E\u011fitim U\u00e7a\u011f\u0131 &#8212; Revizyon Gerektiriyor<\/title>\n<meta name=\"description\" content=\"Sat\u0131l\u0131k L-39 Jet Trainer | Revizyon Gerektiriyor | \u015eu anda 1981-1985 y\u0131llar\u0131nda \u00fcretilmi\u015f 5 adet e\u011fitim u\u00e7a\u011f\u0131 bulunmaktad\u0131r. H\u0131zl\u0131 sat\u0131n alma\" \/>\n<meta name=\"robots\" content=\"index, follow, max-snippet:-1, max-image-preview:large, max-video-preview:-1\" \/>\n<link rel=\"canonical\" href=\"https:\/\/airsps.com\/tr\/stok\/satilik-ucaklar\/ucaklar\/1981-1985-satilik-l-39-jet-egitim-ucagi\/\" \/>\n<script type=\"application\/ld+json\" class=\"yoast-schema-graph\">{\"@context\":\"https:\/\/schema.org\",\"@graph\":[{\"@type\":\"BreadcrumbList\",\"@id\":\"https:\/\/airsps.com\/tr\/stok\/satilik-ucaklar\/ucaklar\/1981-1985-satilik-l-39-jet-egitim-ucagi\/#breadcrumb\",\"itemListElement\":[{\"@type\":\"ListItem\",\"position\":1,\"name\":\"Ana\",\"item\":\"https:\/\/airsps.com\/tr\/\"},{\"@type\":\"ListItem\",\"position\":2,\"name\":\"Stok\",\"item\":\"https:\/\/airsps.com\/tr\/stok\/\"},{\"@type\":\"ListItem\",\"position\":3,\"name\":\"Sat\u0131l\u0131k U\u00e7aklar\",\"item\":\"https:\/\/airsps.com\/tr\/depo\/satilik-ucaklar\/\"},{\"@type\":\"ListItem\",\"position\":4,\"name\":\"Sat\u0131l\u0131k Nakliye ve Kargo U\u00e7aklar\u0131\",\"item\":\"https:\/\/airsps.com\/tr\/depo\/satilik-ucaklar\/ucaklar\/\"},{\"@type\":\"ListItem\",\"position\":5,\"name\":\"1981-1985 L-39 Jet E\u011fitim U\u00e7a\u011f\u0131\"}]}]}<\/script>\n<!-- \/ Yoast SEO Premium plugin. -->","yoast_head_json":{"title":"Sat\u0131l\u0131k 1981-1985 L-39 Jet E\u011fitim U\u00e7a\u011f\u0131 &#8212; Revizyon Gerektiriyor","description":"Sat\u0131l\u0131k L-39 Jet Trainer | Revizyon Gerektiriyor | \u015eu anda 1981-1985 y\u0131llar\u0131nda \u00fcretilmi\u015f 5 adet e\u011fitim u\u00e7a\u011f\u0131 bulunmaktad\u0131r. H\u0131zl\u0131 sat\u0131n alma","robots":{"index":"index","follow":"follow","max-snippet":"max-snippet:-1","max-image-preview":"max-image-preview:large","max-video-preview":"max-video-preview:-1"},"canonical":"https:\/\/airsps.com\/tr\/stok\/satilik-ucaklar\/ucaklar\/1981-1985-satilik-l-39-jet-egitim-ucagi\/","schema":{"@context":"https:\/\/schema.org","@graph":[{"@type":"BreadcrumbList","@id":"https:\/\/airsps.com\/tr\/stok\/satilik-ucaklar\/ucaklar\/1981-1985-satilik-l-39-jet-egitim-ucagi\/#breadcrumb","itemListElement":[{"@type":"ListItem","position":1,"name":"Ana","item":"https:\/\/airsps.com\/tr\/"},{"@type":"ListItem","position":2,"name":"Stok","item":"https:\/\/airsps.com\/tr\/stok\/"},{"@type":"ListItem","position":3,"name":"Sat\u0131l\u0131k U\u00e7aklar","item":"https:\/\/airsps.com\/tr\/depo\/satilik-ucaklar\/"},{"@type":"ListItem","position":4,"name":"Sat\u0131l\u0131k Nakliye ve Kargo U\u00e7aklar\u0131","item":"https:\/\/airsps.com\/tr\/depo\/satilik-ucaklar\/ucaklar\/"},{"@type":"ListItem","position":5,"name":"1981-1985 L-39 Jet E\u011fitim U\u00e7a\u011f\u0131"}]}]}},"_links":{"self":[{"href":"https:\/\/airsps.com\/tr\/wp-json\/wp\/v2\/product\/4027","targetHints":{"allow":["GET"]}}],"collection":[{"href":"https:\/\/airsps.com\/tr\/wp-json\/wp\/v2\/product"}],"about":[{"href":"https:\/\/airsps.com\/tr\/wp-json\/wp\/v2\/types\/product"}],"replies":[{"embeddable":true,"href":"https:\/\/airsps.com\/tr\/wp-json\/wp\/v2\/comments?post=4027"}],"wp:featuredmedia":[{"embeddable":true,"href":"https:\/\/airsps.com\/tr\/wp-json\/wp\/v2\/media\/3307"}],"wp:attachment":[{"href":"https:\/\/airsps.com\/tr\/wp-json\/wp\/v2\/media?parent=4027"}],"wp:term":[{"taxonomy":"product_brand","embeddable":true,"href":"https:\/\/airsps.com\/tr\/wp-json\/wp\/v2\/product_brand?post=4027"},{"taxonomy":"product_cat","embeddable":true,"href":"https:\/\/airsps.com\/tr\/wp-json\/wp\/v2\/product_cat?post=4027"},{"taxonomy":"product_tag","embeddable":true,"href":"https:\/\/airsps.com\/tr\/wp-json\/wp\/v2\/product_tag?post=4027"}],"curies":[{"name":"wp","href":"https:\/\/api.w.org\/{rel}","templated":true}]}}