{"id":4026,"date":"2023-04-17T07:30:27","date_gmt":"2023-04-17T07:30:27","guid":{"rendered":"https:\/\/airsps.com\/stock\/uncategorized\/2019-heli%cc%87kopter-mi-8amt-transport-519-999\/"},"modified":"2025-08-15T17:52:01","modified_gmt":"2025-08-15T17:52:01","slug":"2019-heli%cc%87kopter-mi-8amt-transport-519-999","status":"publish","type":"product","link":"https:\/\/airsps.com\/tr\/stok\/satilik-ucaklar\/satilik-helikopterler\/2019-heli%cc%87kopter-mi-8amt-transport-519-999\/","title":{"rendered":"2019 Mi-8AMT Nakliye 519 saat"},"content":{"rendered":"<p>Mi-8&#8217;in en \u00f6nemli \u00f6zelliklerinden biri \u00e7ok i\u015flevli olmas\u0131d\u0131r &#8211; yolcu ve kargo ta\u015f\u0131mac\u0131l\u0131\u011f\u0131, arama ve kurtarma operasyonlar\u0131, yang\u0131nla m\u00fccadele ve a\u00e7\u0131k deniz deste\u011fi dahil olmak \u00fczere \u00e7ok \u00e7e\u015fitli g\u00f6revleri yerine getirebilir. Bu helikopter, nefes kesici gezi maceralar\u0131 sunmak i\u00e7in turizm end\u00fcstrisinde de yayg\u0131n olarak kullan\u0131lmaktad\u0131r.<br \/>\nMi-8&#8217;in ola\u011fan\u00fcst\u00fc performans kabiliyetleri, onu y\u00fcksek irtifalar, sert hava ko\u015fullar\u0131 ve s\u0131cak s\u0131cakl\u0131klar gibi a\u015f\u0131r\u0131 ko\u015fullarda \u00e7al\u0131\u015fmak i\u00e7in ideal hale getirir. Sa\u011flam tasar\u0131m\u0131 ve geli\u015fmi\u015f g\u00fcvenlik \u00f6zellikleri, yolcular\u0131n ve m\u00fcrettebat\u0131n her zaman korunmas\u0131n\u0131 sa\u011flar.<\/p>\n<p>Dahas\u0131, Mi-8 g\u00fcvenilirli\u011fi ve dayan\u0131kl\u0131l\u0131\u011f\u0131 ile \u00f6ne \u00e7\u0131kmakta, bu da onu her t\u00fcrl\u00fc g\u00f6revin \u00fcstesinden gelebilecek y\u00fcksek kaliteli bir helikopter arayan i\u015fletmeler veya kurulu\u015flar i\u00e7in m\u00fckemmel bir yat\u0131r\u0131m haline getirmektedir. Helikopter, uzun s\u00fcreler boyunca y\u00fcksek h\u0131zlarda u\u00e7mas\u0131n\u0131 sa\u011flayan g\u00fc\u00e7l\u00fc motorlarla donat\u0131lm\u0131\u015ft\u0131r ve bu da onu uzun mesafeli ta\u015f\u0131mac\u0131l\u0131k i\u00e7in pop\u00fcler bir se\u00e7im haline getirmektedir.<\/p>\n<p>Yeni kargo ta\u015f\u0131mac\u0131l\u0131\u011f\u0131 giri\u015fimleri ba\u015flatan \u015firketler i\u00e7in Mi-8, 480 km&#8217;ye kadar olan mesafelerde 4,5 tona kadar kargo ta\u015f\u0131yabildi\u011finden m\u00fckemmel bir se\u00e7enektir. Bu da helikopteri, di\u011fer ula\u015f\u0131m y\u00f6ntemlerinin pratik olmayabilece\u011fi uzak b\u00f6lgelerdeki operasyonlar i\u00e7in ideal bir se\u00e7im haline getirmektedir.<br \/>\nMi-8&#8217;de kullan\u0131lan yenilik\u00e7i teknolojiler onu yolcular i\u00e7in konforlu ve g\u00fcvenli hale getirmektedir. Helikopter, maksimum g\u00fcvenlik sa\u011flayan bir otopilot, dijital kontrol sistemi ve sertifikal\u0131 acil kurtarma ekipman\u0131yla donat\u0131lm\u0131\u015ft\u0131r.<\/p>\n<p>Ola\u011fan\u00fcst\u00fc performans\u0131, \u00e7ok y\u00f6nl\u00fcl\u00fc\u011f\u00fc ve g\u00fcvenilirli\u011fi ile Mi-8, d\u00fcnyan\u0131n \u00e7e\u015fitli \u00fclkelerinde bir\u00e7ok insan\u0131n hayat\u0131n\u0131n ayr\u0131lmaz bir par\u00e7as\u0131 haline gelmi\u015ftir. Her t\u00fcrl\u00fc zorlu\u011fu \u00e7\u00f6zebilecek bir helikopter aray\u0131\u015f\u0131ndaysan\u0131z, Mi-8 dikkate al\u0131nmaya de\u011fer.<\/p>\n","protected":false},"excerpt":{"rendered":"<p>Y\u0131l: 2017 (2 adet)<br \/>\nHelikopter kayna\u011f\u0131: 18000<br \/>\nRevizyonlar Aras\u0131 S\u00fcre: 2000<br \/>\n\u00c7al\u0131\u015fma \u00d6mr\u00fc: 35 y\u0131l<\/p>\n<p>#1<br \/>\nToplam S\u00fcre: 519<br \/>\nKalan kaynak: 17481<br \/>\nOnar\u0131mlar aras\u0131 kayna\u011f\u0131n geri kalan\u0131: 1481<\/p>\n<p>#2<br \/>\nToplam S\u00fcre: 999<br \/>\nKalan kaynak: 17001<br \/>\nOnar\u0131mlar aras\u0131 kayna\u011f\u0131n geri kalan\u0131: 1001<\/p>\n<p>Mi-8 nakliye sivil helikopteri, onlarca y\u0131ld\u0131r \u00e7e\u015fitli sekt\u00f6rlere hizmet veren \u00e7ok y\u00f6nl\u00fc ve g\u00fcvenilir bir hava arac\u0131d\u0131r. G\u00fc\u00e7l\u00fc motorlar\u0131, geli\u015fmi\u015f aviyonik sistemleri ve geni\u015f kabini ile Mi-8, \u00e7e\u015fitli ortamlarda yolcu ve kargo ta\u015f\u0131mak i\u00e7in m\u00fckemmel bir se\u00e7imdir.<\/p>\n","protected":false},"featured_media":3318,"comment_status":"closed","ping_status":"closed","template":"","meta":[],"product_brand":[],"product_cat":[112],"product_tag":[],"class_list":{"0":"post-4026","1":"product","2":"type-product","3":"status-publish","4":"has-post-thumbnail","5":"","6":"product_cat-satilik-helikopterler","8":"first","9":"instock","10":"sold-individually","11":"shipping-taxable","12":"product-type-simple"},"yoast_head":"<!-- This site is optimized with the Yoast SEO Premium plugin v27.1 (Yoast SEO v27.1.1) - https:\/\/yoast.com\/product\/yoast-seo-premium-wordpress\/ -->\n<title>Sat\u0131l\u0131k 2019 Mi-8AMT Nakliye Helikopteri | Toplam S\u00fcre 519 saat<\/title>\n<meta name=\"description\" content=\"Sat\u0131l\u0131k Nakliye Helikopteri Mi-8AMT | 2019 Toplam S\u00fcre: 519 saat. Helikopterin onar\u0131m sonras\u0131 kayna\u011f\u0131 925 saattir\" \/>\n<meta name=\"robots\" content=\"index, follow, max-snippet:-1, max-image-preview:large, max-video-preview:-1\" \/>\n<link rel=\"canonical\" href=\"https:\/\/airsps.com\/tr\/stok\/satilik-ucaklar\/satilik-helikopterler\/2019-heli%cc%87kopter-mi-8amt-transport-519-999\/\" \/>\n<script type=\"application\/ld+json\" class=\"yoast-schema-graph\">{\"@context\":\"https:\/\/schema.org\",\"@graph\":[{\"@type\":\"BreadcrumbList\",\"@id\":\"https:\/\/airsps.com\/tr\/stok\/satilik-ucaklar\/satilik-helikopterler\/2019-heli%cc%87kopter-mi-8amt-transport-519-999\/#breadcrumb\",\"itemListElement\":[{\"@type\":\"ListItem\",\"position\":1,\"name\":\"Ana\",\"item\":\"https:\/\/airsps.com\/tr\/\"},{\"@type\":\"ListItem\",\"position\":2,\"name\":\"Stok\",\"item\":\"https:\/\/airsps.com\/tr\/stok\/\"},{\"@type\":\"ListItem\",\"position\":3,\"name\":\"Sat\u0131l\u0131k U\u00e7aklar\",\"item\":\"https:\/\/airsps.com\/tr\/depo\/satilik-ucaklar\/\"},{\"@type\":\"ListItem\",\"position\":4,\"name\":\"Sat\u0131l\u0131k Helikopterler\",\"item\":\"https:\/\/airsps.com\/tr\/depo\/satilik-ucaklar\/satilik-helikopterler\/\"},{\"@type\":\"ListItem\",\"position\":5,\"name\":\"2019 Mi-8AMT Nakliye 519 saat\"}]}]}<\/script>\n<!-- \/ Yoast SEO Premium plugin. -->","yoast_head_json":{"title":"Sat\u0131l\u0131k 2019 Mi-8AMT Nakliye Helikopteri | Toplam S\u00fcre 519 saat","description":"Sat\u0131l\u0131k Nakliye Helikopteri Mi-8AMT | 2019 Toplam S\u00fcre: 519 saat. Helikopterin onar\u0131m sonras\u0131 kayna\u011f\u0131 925 saattir","robots":{"index":"index","follow":"follow","max-snippet":"max-snippet:-1","max-image-preview":"max-image-preview:large","max-video-preview":"max-video-preview:-1"},"canonical":"https:\/\/airsps.com\/tr\/stok\/satilik-ucaklar\/satilik-helikopterler\/2019-heli%cc%87kopter-mi-8amt-transport-519-999\/","schema":{"@context":"https:\/\/schema.org","@graph":[{"@type":"BreadcrumbList","@id":"https:\/\/airsps.com\/tr\/stok\/satilik-ucaklar\/satilik-helikopterler\/2019-heli%cc%87kopter-mi-8amt-transport-519-999\/#breadcrumb","itemListElement":[{"@type":"ListItem","position":1,"name":"Ana","item":"https:\/\/airsps.com\/tr\/"},{"@type":"ListItem","position":2,"name":"Stok","item":"https:\/\/airsps.com\/tr\/stok\/"},{"@type":"ListItem","position":3,"name":"Sat\u0131l\u0131k U\u00e7aklar","item":"https:\/\/airsps.com\/tr\/depo\/satilik-ucaklar\/"},{"@type":"ListItem","position":4,"name":"Sat\u0131l\u0131k Helikopterler","item":"https:\/\/airsps.com\/tr\/depo\/satilik-ucaklar\/satilik-helikopterler\/"},{"@type":"ListItem","position":5,"name":"2019 Mi-8AMT Nakliye 519 saat"}]}]}},"_links":{"self":[{"href":"https:\/\/airsps.com\/tr\/wp-json\/wp\/v2\/product\/4026","targetHints":{"allow":["GET"]}}],"collection":[{"href":"https:\/\/airsps.com\/tr\/wp-json\/wp\/v2\/product"}],"about":[{"href":"https:\/\/airsps.com\/tr\/wp-json\/wp\/v2\/types\/product"}],"replies":[{"embeddable":true,"href":"https:\/\/airsps.com\/tr\/wp-json\/wp\/v2\/comments?post=4026"}],"wp:featuredmedia":[{"embeddable":true,"href":"https:\/\/airsps.com\/tr\/wp-json\/wp\/v2\/media\/3318"}],"wp:attachment":[{"href":"https:\/\/airsps.com\/tr\/wp-json\/wp\/v2\/media?parent=4026"}],"wp:term":[{"taxonomy":"product_brand","embeddable":true,"href":"https:\/\/airsps.com\/tr\/wp-json\/wp\/v2\/product_brand?post=4026"},{"taxonomy":"product_cat","embeddable":true,"href":"https:\/\/airsps.com\/tr\/wp-json\/wp\/v2\/product_cat?post=4026"},{"taxonomy":"product_tag","embeddable":true,"href":"https:\/\/airsps.com\/tr\/wp-json\/wp\/v2\/product_tag?post=4026"}],"curies":[{"name":"wp","href":"https:\/\/api.w.org\/{rel}","templated":true}]}}