{"id":4025,"date":"2023-05-05T04:01:06","date_gmt":"2023-05-05T04:01:06","guid":{"rendered":"https:\/\/airsps.com\/stock\/uncategorized\/1984-il-76td-satis-kargo-ucagi-5620\/"},"modified":"2025-08-12T15:56:23","modified_gmt":"2025-08-12T15:56:23","slug":"1984-il-76td-satis-kargo-ucagi-5620","status":"publish","type":"product","link":"https:\/\/airsps.com\/tr\/stok\/satilik-ucaklar\/ucaklar\/1984-il-76td-satis-kargo-ucagi-5620\/","title":{"rendered":"1984 IL-76TD Kargo\/Freighter (Ge\u00e7erli)"},"content":{"rendered":"<p>Sat\u0131l\u0131k: Ilyushin&#8217;in IL-76TD a\u011f\u0131r nakliye u\u00e7a\u011f\u0131 &#8211; m\u00fcthi\u015f kargo kapasitesi ve menzili ile g\u00fcvenilir ve g\u00fc\u00e7l\u00fc bir makine.<\/p>\n<p>IL-76TD ayr\u0131ca hem asfalt hem de asfalts\u0131z pistlerde \u00e7al\u0131\u015fabilir, bu da onu zorlu ortamlar ve uzak yerler i\u00e7in m\u00fckemmel bir se\u00e7im haline getirir. Sa\u011flam tasar\u0131m\u0131 ve g\u00fc\u00e7lendirilmi\u015f ini\u015f tak\u0131m\u0131, engebeli arazide bile g\u00fcvenli ve g\u00fcvenilir \u00e7al\u0131\u015fma sa\u011flar.<\/p>\n<p>Acil m\u00fcdahale ve afet yard\u0131m operasyonlar\u0131 i\u00e7in ideal olan IL-76TD&#8217;nin geni\u015f kargo ambar\u0131 kritik malzeme, ekipman ve personeli bar\u0131nd\u0131rabilir ve bunlar\u0131 etkilenen b\u00f6lgelere h\u0131zl\u0131 ve verimli bir \u015fekilde ta\u015f\u0131yabilir.<\/p>\n<p>IL-76TD&#8217;nin geli\u015fmi\u015f kokpit ve navigasyon sistemleri, pilotlar\u0131n her t\u00fcrl\u00fc hava ko\u015fulunda g\u00fcvenli ve etkili bir \u015fekilde \u00e7al\u0131\u015fmas\u0131n\u0131 sa\u011flar. Otopilot sistemi, pilotun i\u015f y\u00fck\u00fcn\u00fc azaltmaya yard\u0131mc\u0131 olarak u\u00e7u\u015fun di\u011fer \u00f6nemli y\u00f6nlerine odaklanmalar\u0131n\u0131 sa\u011flar.<\/p>\n<p>Genel olarak IL-76TD, i\u015f operasyonlar\u0131n\u0131z\u0131 d\u00f6n\u00fc\u015ft\u00fcrebilecek \u00e7ok y\u00f6nl\u00fc ve g\u00fcvenilir bir u\u00e7akt\u0131r. Bu etkileyici makinenin hedeflerinize ula\u015fman\u0131za nas\u0131l yard\u0131mc\u0131 olabilece\u011fi hakk\u0131nda daha fazla bilgi edinmek i\u00e7in bug\u00fcn bize ula\u015f\u0131n.<\/p>\n","protected":false},"excerpt":{"rendered":"<p>Y\u0131l: 1984<br \/>\nToplam S\u00fcre: 5620<br \/>\nU\u00e7u\u015fa Elveri\u015flilik Sertifikas\u0131: Ge\u00e7erli<\/p>\n<p>Geli\u015fmi\u015f motorlar ve aviyoniklerle donat\u0131lan IL-76TD, hava ta\u015f\u0131mac\u0131l\u0131\u011f\u0131nda rakipsiz g\u00fcvenilirlik ve verimlilik sunar. Yak\u0131t ikmali yapmadan 4.000 km&#8217;ye kadar mesafelerde 50 tona kadar y\u00fck ta\u015f\u0131yabilir.<\/p>\n","protected":false},"featured_media":3322,"comment_status":"closed","ping_status":"closed","template":"","meta":[],"product_brand":[],"product_cat":[114],"product_tag":[],"class_list":{"0":"post-4025","1":"product","2":"type-product","3":"status-publish","4":"has-post-thumbnail","5":"","6":"product_cat-ucaklar","8":"first","9":"instock","10":"sold-individually","11":"shipping-taxable","12":"product-type-simple"},"yoast_head":"<!-- This site is optimized with the Yoast SEO Premium plugin v27.1 (Yoast SEO v27.1.1) - https:\/\/yoast.com\/product\/yoast-seo-premium-wordpress\/ -->\n<title>1984 IL-76TD Sat\u0131l\u0131k Kargo U\u00e7a\u011f\u0131 &#8212; Ge\u00e7erli U\u00e7u\u015fa Elveri\u015flilik Sertifikas\u0131<\/title>\n<meta name=\"description\" content=\"The Aircraft Has a Valid Airworthiness Certificate\" \/>\n<meta name=\"robots\" content=\"index, follow, max-snippet:-1, max-image-preview:large, max-video-preview:-1\" \/>\n<link rel=\"canonical\" href=\"https:\/\/airsps.com\/tr\/stok\/satilik-ucaklar\/ucaklar\/1984-il-76td-satis-kargo-ucagi-5620\/\" \/>\n<script type=\"application\/ld+json\" class=\"yoast-schema-graph\">{\"@context\":\"https:\/\/schema.org\",\"@graph\":[{\"@type\":\"BreadcrumbList\",\"@id\":\"https:\/\/airsps.com\/tr\/stok\/satilik-ucaklar\/ucaklar\/1984-il-76td-satis-kargo-ucagi-5620\/#breadcrumb\",\"itemListElement\":[{\"@type\":\"ListItem\",\"position\":1,\"name\":\"Ana\",\"item\":\"https:\/\/airsps.com\/tr\/\"},{\"@type\":\"ListItem\",\"position\":2,\"name\":\"Stok\",\"item\":\"https:\/\/airsps.com\/tr\/stok\/\"},{\"@type\":\"ListItem\",\"position\":3,\"name\":\"Sat\u0131l\u0131k U\u00e7aklar\",\"item\":\"https:\/\/airsps.com\/tr\/depo\/satilik-ucaklar\/\"},{\"@type\":\"ListItem\",\"position\":4,\"name\":\"Sat\u0131l\u0131k Nakliye ve Kargo U\u00e7aklar\u0131\",\"item\":\"https:\/\/airsps.com\/tr\/depo\/satilik-ucaklar\/ucaklar\/\"},{\"@type\":\"ListItem\",\"position\":5,\"name\":\"1984 IL-76TD Kargo\/Freighter (Ge\u00e7erli)\"}]}]}<\/script>\n<!-- \/ Yoast SEO Premium plugin. -->","yoast_head_json":{"title":"1984 IL-76TD Sat\u0131l\u0131k Kargo U\u00e7a\u011f\u0131 &#8212; Ge\u00e7erli U\u00e7u\u015fa Elveri\u015flilik Sertifikas\u0131","description":"The Aircraft Has a Valid Airworthiness Certificate","robots":{"index":"index","follow":"follow","max-snippet":"max-snippet:-1","max-image-preview":"max-image-preview:large","max-video-preview":"max-video-preview:-1"},"canonical":"https:\/\/airsps.com\/tr\/stok\/satilik-ucaklar\/ucaklar\/1984-il-76td-satis-kargo-ucagi-5620\/","schema":{"@context":"https:\/\/schema.org","@graph":[{"@type":"BreadcrumbList","@id":"https:\/\/airsps.com\/tr\/stok\/satilik-ucaklar\/ucaklar\/1984-il-76td-satis-kargo-ucagi-5620\/#breadcrumb","itemListElement":[{"@type":"ListItem","position":1,"name":"Ana","item":"https:\/\/airsps.com\/tr\/"},{"@type":"ListItem","position":2,"name":"Stok","item":"https:\/\/airsps.com\/tr\/stok\/"},{"@type":"ListItem","position":3,"name":"Sat\u0131l\u0131k U\u00e7aklar","item":"https:\/\/airsps.com\/tr\/depo\/satilik-ucaklar\/"},{"@type":"ListItem","position":4,"name":"Sat\u0131l\u0131k Nakliye ve Kargo U\u00e7aklar\u0131","item":"https:\/\/airsps.com\/tr\/depo\/satilik-ucaklar\/ucaklar\/"},{"@type":"ListItem","position":5,"name":"1984 IL-76TD Kargo\/Freighter (Ge\u00e7erli)"}]}]}},"_links":{"self":[{"href":"https:\/\/airsps.com\/tr\/wp-json\/wp\/v2\/product\/4025","targetHints":{"allow":["GET"]}}],"collection":[{"href":"https:\/\/airsps.com\/tr\/wp-json\/wp\/v2\/product"}],"about":[{"href":"https:\/\/airsps.com\/tr\/wp-json\/wp\/v2\/types\/product"}],"replies":[{"embeddable":true,"href":"https:\/\/airsps.com\/tr\/wp-json\/wp\/v2\/comments?post=4025"}],"wp:featuredmedia":[{"embeddable":true,"href":"https:\/\/airsps.com\/tr\/wp-json\/wp\/v2\/media\/3322"}],"wp:attachment":[{"href":"https:\/\/airsps.com\/tr\/wp-json\/wp\/v2\/media?parent=4025"}],"wp:term":[{"taxonomy":"product_brand","embeddable":true,"href":"https:\/\/airsps.com\/tr\/wp-json\/wp\/v2\/product_brand?post=4025"},{"taxonomy":"product_cat","embeddable":true,"href":"https:\/\/airsps.com\/tr\/wp-json\/wp\/v2\/product_cat?post=4025"},{"taxonomy":"product_tag","embeddable":true,"href":"https:\/\/airsps.com\/tr\/wp-json\/wp\/v2\/product_tag?post=4025"}],"curies":[{"name":"wp","href":"https:\/\/api.w.org\/{rel}","templated":true}]}}