{"id":3719,"date":"2024-08-07T12:31:01","date_gmt":"2024-08-07T12:31:01","guid":{"rendered":"https:\/\/airsps.com\/stock\/kategorilenmemis\/2022-mi-171e-tasima-yolcu-yeni\/"},"modified":"2025-08-12T15:52:15","modified_gmt":"2025-08-12T15:52:15","slug":"2022-mi-171e-transport-yolcu-helikopteri-satilik","status":"publish","type":"product","link":"https:\/\/airsps.com\/tr\/stok\/satilik-ucaklar\/satilik-helikopterler\/2022-mi-171e-transport-yolcu-helikopteri-satilik\/","title":{"rendered":"2022 Mi-171E Ta\u015f\u0131ma \/ Yolcu YEN\u0130"},"content":{"rendered":"<h2>Ortak Veriler<\/h2>\n<p>Mi-171E helikopteri d\u00fcnyaca \u00fcnl\u00fc Mi-8 helikopterinin geli\u015ftirilmi\u015f bir versiyonudur. 12 binden fazla Mi-8\/Mi-17\/Mi-171 helikopteri \u00fcretilmi\u015f ve bunlar\u0131n yakla\u015f\u0131k 4.000&#8217;i ihra\u00e7 edilmi\u015ftir. \u015eu anda Mi-8\/Mi-17 helikopterleri d\u00fcnya \u00e7ap\u0131nda 80&#8217;den fazla \u00fclkede kullan\u0131lmaktad\u0131r. Bu helikopterlerin toplam u\u00e7u\u015f s\u00fcresi 35 milyon saati a\u015fmaktad\u0131r.<\/p>\n<p>Helikopterin tasar\u0131m\u0131, kullan\u0131lan malzemeler, dok\u00fcmantasyon, \u00fcretim teknolojisi ve \u00f6zellikleri g\u00fcvenli bir \u015fekilde \u00e7al\u0131\u015fmas\u0131n\u0131 sa\u011flar. Helikopter t\u00fcm iklim ko\u015fullar\u0131nda \u00e7al\u0131\u015ft\u0131r\u0131l\u0131r: karada, denizde, deniz, tropikal ve so\u011fuk iklimler de dahil olmak \u00fczere herhangi bir mikro iklim b\u00f6lgesinde, deniz sisi ve deniz suyu etkisi alt\u0131nda.<\/p>\n<p>Helikopter eksi 50C ile art\u0131 50C aras\u0131ndaki d\u0131\u015f ortam s\u0131cakl\u0131klar\u0131nda ve %100&#8217;e kadar ba\u011f\u0131l nemde \u00e7al\u0131\u015ft\u0131r\u0131labilir.<\/p>\n<h2>Mi-171E&#8217;nin temel ama\u00e7lar\u0131<\/h2>\n<p>Mi-171E \u00e7ok \u00e7e\u015fitli g\u00f6revleri \u00e7\u00f6zmek i\u00e7in tasarlanm\u0131\u015ft\u0131r. Uygun ekipman kuruldu\u011funda, helikopter a\u015fa\u011f\u0131daki temel i\u015flemleri ger\u00e7ekle\u015ftirmek i\u00e7in kullan\u0131labilir:<\/p>\n<ul>\n<li>yolcu ta\u015f\u0131mac\u0131l\u0131\u011f\u0131;<\/li>\n<li>Kargo i\u00e7inde 4000 kg&#8217;a kadar kargo ta\u015f\u0131nmas\u0131;<\/li>\n<li>b\u00f6lmede\/harici bir ask\u0131da;<\/li>\n<li>arama ve kurtarma operasyonlar\u0131;<\/li>\n<li>s\u0131hhi sedyeler ve ambulansla 12 ki\u015fiye kadar tahliye<\/li>\n<li>in\u015faat ve montaj i\u015fleri;<\/li>\n<li>Devriye geziyorum;<\/li>\n<li>\u0130tfaiyecilik.<\/li>\n<\/ul>\n<h2>Bak\u0131m ve Servis \u00d6mr\u00fc<\/h2>\n<p>Mi-171E helikopterinin bak\u0131m\u0131, u\u00e7ak g\u00f6vdesinin u\u00e7u\u015f saatlerine uygun olarak ger\u00e7ekle\u015ftirilir ve atanan prosed\u00fcrlerin zaman\u0131nda ve y\u00fcksek kalitede uygulanmas\u0131na ba\u011fl\u0131 olarak, helikopterin gerekli d\u00fczeyde hizmet verebilirli\u011fini ve u\u00e7u\u015fa haz\u0131r olmas\u0131n\u0131 sa\u011flar.<\/p>\n<p>Bak\u0131m program\u0131 (MS), bak\u0131m nesnelerini (sistemler, alt sistemler ve nesneler), ger\u00e7ekle\u015ftirilen prosed\u00fcrlerin listesini ve s\u0131kl\u0131\u011f\u0131n\u0131 tan\u0131mlayan ana operasyonel belgedir.<\/p>\n<p>Bak\u0131m program\u0131 a\u015fa\u011f\u0131daki helikopter bak\u0131m tiplerini \u00f6ng\u00f6rmektedir:<\/p>\n<ul>\n<li>Hat;<\/li>\n<li>s\u00fcreli yay\u0131n;<\/li>\n<li>\u00d6zel;<\/li>\n<li>bir helikopteri depolarken;<\/li>\n<li>Mevsimlik.<\/li>\n<\/ul>\n<h2>Hat Hizmeti<\/h2>\n<p>Lineer bak\u0131m helikopter stand\u0131nda ger\u00e7ekle\u015ftirilir, helikopterin amac\u0131na uygun olarak kullan\u0131lmas\u0131n\u0131 sa\u011flar ve \u015funlar\u0131 i\u00e7erir:<\/p>\n<ul>\n<li>\u00d6n (yard\u0131mc\u0131) i\u015flemler;<\/li>\n<li>Teknik durumun g\u00f6rsel denetimi, bak\u0131m\u0131 ve izlenmesi \u00fczerinde \u00e7al\u0131\u015f\u0131n;<\/li>\n<li>Kalk\u0131\u015f ve park yeri.<\/li>\n<\/ul>\n<h2>Periyodik bak\u0131m (planl\u0131 bak\u0131m i\u015flemleri)<\/h2>\n<p>Periyodik bak\u0131m, g\u00f6vde TSN&#8217;sine saat olarak veya son revizyondan sonra atan\u0131r ve her (50\u00b110) saatlik helikopter u\u00e7u\u015f s\u00fcresinden sonra ger\u00e7ekle\u015ftirilen temel F-1 formundaki i\u015flemlerden ve F = 2, 3, 4 ve 5 yard\u0131mc\u0131 i\u015flerinden olu\u015fur.<\/p>\n<p>Bu \u00e7al\u0131\u015fmalar\u0131n yap\u0131lmas\u0131 ihtiyac\u0131, \u00f6nceki periyodik bak\u0131mlar i\u00e7in izin verilen toleransa bak\u0131lmaks\u0131z\u0131n, s\u0131ras\u0131yla her 100, 300, 500, 1000 u\u00e7u\u015f saatinde bir helikopterin \u00e7al\u0131\u015fma s\u00fcresine g\u00f6re belirlenir.<\/p>\n<p>T\u00fcm periyodik bak\u0131m \u00e7al\u0131\u015fmalar\u0131 i\u00e7in \u00b110 saatlik tek tip bir u\u00e7u\u015f s\u00fcresi standard\u0131 belirlenmi\u015ftir. A\u015famal\u0131 bak\u0131m yap\u0131l\u0131rken, bak\u0131m aral\u0131\u011f\u0131 100 saat veya daha fazla olan i\u015fler i\u00e7in u\u00e7u\u015f saatlerinin \u00b120 saate \u00e7\u0131kar\u0131lmas\u0131na izin verilir.<\/p>\n<p>Motorlar, \u00fcniteler ve aletler i\u00e7in bak\u0131m, u\u00e7ak g\u00f6vdesinin u\u00e7u\u015f saatine g\u00f6re atan\u0131r. Motorun (motorlar\u0131n) veya di\u011fer bile\u015fenlerin hizmet \u00f6mr\u00fcn\u00fcn sona ermesi nedeniyle veya planlanandan \u00f6nce de\u011fi\u015ftirilmesi durumunda, bak\u0131m, u\u00e7ak g\u00f6vdesi u\u00e7u\u015f saatleri ve yard\u0131mc\u0131 i\u015fler i\u00e7in gerekli bi\u00e7imde yap\u0131lmal\u0131d\u0131r:<\/p>\n<ul>\n<li>do\u011frudan motorun (motorlar\u0131n) veya bile\u015fenlerinin de\u011fi\u015ftirilmesiyle ilgilidir;<\/li>\n<li>g\u00f6vde yap\u0131sal par\u00e7alar\u0131n\u0131n ve g\u00fc\u00e7 kayna\u011f\u0131 sistemlerinin par\u00e7alar\u0131n\u0131n incelenmesi ile ilgili olup, bunlara eri\u015fim sadece motor veya bile\u015fenleri s\u00f6k\u00fclm\u00fc\u015f haldeyken m\u00fcmk\u00fcnd\u00fcr.<\/li>\n<\/ul>\n<p>Motorun (motorlar\u0131n) ve di\u011fer bile\u015fenlerin m\u00fcteakip bak\u0131m\u0131, u\u00e7ak g\u00f6vdesinin \u00e7al\u0131\u015fma s\u00fcresine kar\u015f\u0131l\u0131k gelen bak\u0131m formlar\u0131na g\u00f6re ger\u00e7ekle\u015ftirilir.<\/p>\n<p>Helikopterin \u00e7e\u015fitli iklim ko\u015fullar\u0131nda, yo\u011fun \u00e7al\u0131\u015fma ko\u015fullar\u0131nda, \u00f6zel g\u00f6revleri yerine getirirken ve u\u00e7u\u015flar aras\u0131ndaki uzun molalar s\u0131ras\u0131nda sorunsuz \u00e7al\u0131\u015fmas\u0131n\u0131 sa\u011flamak i\u00e7in, operat\u00f6r\u00fcn havac\u0131l\u0131k teknik servisinin k\u0131demli yetkilisi ek \u00e7al\u0131\u015fma emri verme hakk\u0131na sahiptir. veya ek bir periyodik bak\u0131m \u015fekli.<\/p>\n<h2>\u00d6zel bak\u0131m (planlanmam\u0131\u015f bak\u0131m)<\/h2>\n<p>\u00d6zel bak\u0131m, helikopterin anormal \u00e7al\u0131\u015fma ko\u015fullar\u0131n\u0131n neden oldu\u011fu y\u00fcklere maruz kalmas\u0131ndan sonraki \u00e7al\u0131\u015fmalar\u0131 i\u00e7erir, \u00f6rn:<\/p>\n<ul>\n<li>sert ini\u015f;<\/li>\n<li>t\u00fcrb\u00fclansl\u0131 havada u\u00e7mak;<\/li>\n<li>f\u0131rt\u0131nal\u0131 ko\u015fullarda u\u00e7mak (y\u0131ld\u0131r\u0131m \u00e7arpmas\u0131);<\/li>\n<li>buzlanma ko\u015fullar\u0131nda u\u00e7u\u015f;<\/li>\n<li>dolu veya di\u011fer f\u0131rt\u0131na ko\u015fullar\u0131na maruz kalma;<\/li>\n<li>u\u00e7u\u015f s\u0131ras\u0131nda u\u00e7u\u015f limitlerinin a\u015f\u0131lmas\u0131.<\/li>\n<\/ul>\n<h2>Depo hizmeti<\/h2>\n<p>U\u00e7u\u015flardaki ge\u00e7ici molalar s\u0131ras\u0131nda ger\u00e7ekle\u015ftirilir ve prosed\u00fcrlerden olu\u015fur:<\/p>\n<ul>\n<li>Helikopteri depolama i\u00e7in haz\u0131rlay\u0131n;<\/li>\n<li>Helikopterin bak\u0131m\u0131n\u0131 her (30\u00b15) g\u00fcnde, 3 ayda \u00b110 g\u00fcnde, (6\u00b11) ayda bir yap\u0131n;<\/li>\n<li>Helikopteri depolad\u0131ktan sonra u\u00e7u\u015fa haz\u0131rlay\u0131n.<\/li>\n<\/ul>\n<h2>Sezonluk hizmet<\/h2>\n<p>Mevsimsel bak\u0131m, helikopterin sonbahar-k\u0131\u015f ve ilkbahar-yaz \u00e7al\u0131\u015fma d\u00f6nemlerine haz\u0131rlanmas\u0131yla ger\u00e7ekle\u015ftirilir.<\/p>\n<p>Bak\u0131m El Kitab\u0131nda istenen t\u00fcm i\u015flemler, Helikopter Bak\u0131m El Kitab\u0131nda yer alan g\u00f6rev kartlar\u0131na ve Komponent Operasyonlar\u0131 El Kitab\u0131nda yer alan Bak\u0131m Prosed\u00fcrleri ve Depolama El Kitab\u0131na uygun olarak ger\u00e7ekle\u015ftirilir.<\/p>\n","protected":false},"excerpt":{"rendered":"<p>Y\u0131l: 2022 (2 adet)<br \/>\nHelikopter kayna\u011f\u0131: 18000<br \/>\nRevizyonlar Aras\u0131 S\u00fcre: 2000<br \/>\n\u00c7al\u0131\u015fma \u00d6mr\u00fc: 35 y\u0131l<\/p>\n<p>#1<br \/>\nToplam S\u00fcre: 3<br \/>\nKalan kaynak: 17997<br \/>\nOnar\u0131mlar aras\u0131 kayna\u011f\u0131n geri kalan\u0131: 1997<\/p>\n<p>#2<br \/>\nToplam S\u00fcre: 5<br \/>\nKalan kaynak: 17995<br \/>\nOnar\u0131mlar aras\u0131 kayna\u011f\u0131n geri kalan\u0131: 1995<\/p>\n<p>2 (iki) Mi-171E helikopteri, yedek par\u00e7alar, kapaklar, yer destek ekipman\u0131 ve ara\u00e7lar\u0131, bir dizi operasyonel ve onar\u0131m dok\u00fcmantasyonu ile birlikte tedarik edilebilir.<\/p>\n<p><strong>Helikopter ve ekipman i\u00e7in garantiler<\/strong><br \/>\nBu teklif i\u00e7in garanti s\u00fcresi a\u015fa\u011f\u0131daki gibidir:<\/p>\n<ul>\n<li>Helikopter i\u00e7in &#8211; Helikopter Kabul Sertifikas\u0131n\u0131n imzaland\u0131\u011f\u0131 tarihten itibaren 12 (on iki) ay veya 300 (\u00fc\u00e7 y\u00fcz) saat u\u00e7u\u015f s\u00fcresi, hangisi \u00f6nce gelirse;<\/li>\n<li>Helikopter ekipman\u0131 i\u00e7in &#8211; s\u00f6zle\u015fmenin imzaland\u0131\u011f\u0131 tarihten itibaren 12 (on iki) ay.<\/li>\n<\/ul>\n<p>Uzat\u0131lm\u0131\u015f garanti hizmeti ek bir \u00fccret kar\u015f\u0131l\u0131\u011f\u0131nda sunulabilir.<\/p>\n","protected":false},"featured_media":3633,"comment_status":"closed","ping_status":"closed","template":"","meta":[],"product_brand":[],"product_cat":[112],"product_tag":[],"class_list":{"0":"post-3719","1":"product","2":"type-product","3":"status-publish","4":"has-post-thumbnail","5":"","6":"product_cat-satilik-helikopterler","8":"first","9":"instock","10":"sold-individually","11":"shipping-taxable","12":"product-type-simple"},"yoast_head":"<!-- This site is optimized with the Yoast SEO Premium plugin v27.1 (Yoast SEO v27.1.1) - https:\/\/yoast.com\/product\/yoast-seo-premium-wordpress\/ -->\n<title>Sat\u0131l\u0131k 2022 Mi-171E Nakliye Yolcu Helikopteri | TT 3 saat<\/title>\n<meta name=\"description\" content=\"Sat\u0131l\u0131k Nakliye Yolcu Helikopteri Mi-171E | 2022 Toplam S\u00fcre: 3 saat. Kargo ve yolcular\u0131n hava yoluyla ta\u015f\u0131nmas\u0131 i\u00e7in yeni ara\u00e7\" \/>\n<meta name=\"robots\" content=\"index, follow, max-snippet:-1, max-image-preview:large, max-video-preview:-1\" \/>\n<link rel=\"canonical\" href=\"https:\/\/airsps.com\/tr\/stok\/satilik-ucaklar\/satilik-helikopterler\/2022-mi-171e-transport-yolcu-helikopteri-satilik\/\" \/>\n<script type=\"application\/ld+json\" class=\"yoast-schema-graph\">{\"@context\":\"https:\/\/schema.org\",\"@graph\":[{\"@type\":\"BreadcrumbList\",\"@id\":\"https:\/\/airsps.com\/tr\/stok\/satilik-ucaklar\/satilik-helikopterler\/2022-mi-171e-transport-yolcu-helikopteri-satilik\/#breadcrumb\",\"itemListElement\":[{\"@type\":\"ListItem\",\"position\":1,\"name\":\"Ana\",\"item\":\"https:\/\/airsps.com\/tr\/\"},{\"@type\":\"ListItem\",\"position\":2,\"name\":\"Stok\",\"item\":\"https:\/\/airsps.com\/tr\/stok\/\"},{\"@type\":\"ListItem\",\"position\":3,\"name\":\"Sat\u0131l\u0131k U\u00e7aklar\",\"item\":\"https:\/\/airsps.com\/tr\/depo\/satilik-ucaklar\/\"},{\"@type\":\"ListItem\",\"position\":4,\"name\":\"Sat\u0131l\u0131k Helikopterler\",\"item\":\"https:\/\/airsps.com\/tr\/depo\/satilik-ucaklar\/satilik-helikopterler\/\"},{\"@type\":\"ListItem\",\"position\":5,\"name\":\"2022 Mi-171E Ta\u015f\u0131ma \/ Yolcu YEN\u0130\"}]}]}<\/script>\n<!-- \/ Yoast SEO Premium plugin. -->","yoast_head_json":{"title":"Sat\u0131l\u0131k 2022 Mi-171E Nakliye Yolcu Helikopteri | TT 3 saat","description":"Sat\u0131l\u0131k Nakliye Yolcu Helikopteri Mi-171E | 2022 Toplam S\u00fcre: 3 saat. Kargo ve yolcular\u0131n hava yoluyla ta\u015f\u0131nmas\u0131 i\u00e7in yeni ara\u00e7","robots":{"index":"index","follow":"follow","max-snippet":"max-snippet:-1","max-image-preview":"max-image-preview:large","max-video-preview":"max-video-preview:-1"},"canonical":"https:\/\/airsps.com\/tr\/stok\/satilik-ucaklar\/satilik-helikopterler\/2022-mi-171e-transport-yolcu-helikopteri-satilik\/","schema":{"@context":"https:\/\/schema.org","@graph":[{"@type":"BreadcrumbList","@id":"https:\/\/airsps.com\/tr\/stok\/satilik-ucaklar\/satilik-helikopterler\/2022-mi-171e-transport-yolcu-helikopteri-satilik\/#breadcrumb","itemListElement":[{"@type":"ListItem","position":1,"name":"Ana","item":"https:\/\/airsps.com\/tr\/"},{"@type":"ListItem","position":2,"name":"Stok","item":"https:\/\/airsps.com\/tr\/stok\/"},{"@type":"ListItem","position":3,"name":"Sat\u0131l\u0131k U\u00e7aklar","item":"https:\/\/airsps.com\/tr\/depo\/satilik-ucaklar\/"},{"@type":"ListItem","position":4,"name":"Sat\u0131l\u0131k Helikopterler","item":"https:\/\/airsps.com\/tr\/depo\/satilik-ucaklar\/satilik-helikopterler\/"},{"@type":"ListItem","position":5,"name":"2022 Mi-171E Ta\u015f\u0131ma \/ Yolcu YEN\u0130"}]}]}},"_links":{"self":[{"href":"https:\/\/airsps.com\/tr\/wp-json\/wp\/v2\/product\/3719","targetHints":{"allow":["GET"]}}],"collection":[{"href":"https:\/\/airsps.com\/tr\/wp-json\/wp\/v2\/product"}],"about":[{"href":"https:\/\/airsps.com\/tr\/wp-json\/wp\/v2\/types\/product"}],"replies":[{"embeddable":true,"href":"https:\/\/airsps.com\/tr\/wp-json\/wp\/v2\/comments?post=3719"}],"wp:featuredmedia":[{"embeddable":true,"href":"https:\/\/airsps.com\/tr\/wp-json\/wp\/v2\/media\/3633"}],"wp:attachment":[{"href":"https:\/\/airsps.com\/tr\/wp-json\/wp\/v2\/media?parent=3719"}],"wp:term":[{"taxonomy":"product_brand","embeddable":true,"href":"https:\/\/airsps.com\/tr\/wp-json\/wp\/v2\/product_brand?post=3719"},{"taxonomy":"product_cat","embeddable":true,"href":"https:\/\/airsps.com\/tr\/wp-json\/wp\/v2\/product_cat?post=3719"},{"taxonomy":"product_tag","embeddable":true,"href":"https:\/\/airsps.com\/tr\/wp-json\/wp\/v2\/product_tag?post=3719"}],"curies":[{"name":"wp","href":"https:\/\/api.w.org\/{rel}","templated":true}]}}