{"id":3750,"date":"2023-01-06T12:23:01","date_gmt":"2023-01-06T12:23:01","guid":{"rendered":"https:\/\/airsps.com\/airsps-iletisim\/"},"modified":"2025-11-16T06:51:32","modified_gmt":"2025-11-16T06:51:32","slug":"kisiler","status":"publish","type":"page","link":"https:\/\/airsps.com\/tr\/kisiler\/","title":{"rendered":"AirSPS \u0130leti\u015fim"},"content":{"rendered":"<p data-start=\"286\" data-end=\"436\"><span data-mce-type=\"bookmark\" style=\"display: inline-block; width: 0px; overflow: hidden; line-height: 0;\" class=\"mce_SELRES_start\">\ufeff<\/span>U\u00e7ak veya yedek par\u00e7a sat\u0131n almak m\u0131 istiyorsunuz, yoksa havac\u0131l\u0131k operasyonlar\u0131n\u0131z i\u00e7in tam \u00f6l\u00e7ekli destek mi almak istiyorsunuz? Yard\u0131m etmek i\u00e7in buraday\u0131z.<\/p>\n<p data-start=\"438\" data-end=\"521\">\ud83d\udcde <strong data-start=\"441\" data-end=\"471\">Telefon \/ WhatsApp Business:<\/strong> <a title=\"WhatsApp Business i\u00e7in \u0130leti\u015fim\" href=\"https:\/\/wa.me\/15852826595\" rel=\"nofollow\">+1-585-282-6595<\/a><br data-start=\"487\" data-end=\"490\">\ud83d\udce7 <strong data-start=\"493\" data-end=\"503\">E-posta:<\/strong> <a title=\"order@airsps.com\" href=\"mailto:order@airsps.com\" rel=\"\">order@airsps.com<\/a><\/p>\n<p data-start=\"523\" data-end=\"553\"><strong>AirSPS&#8217;de<\/strong> \u015fu konularda uzmanla\u015f\u0131yoruz:<\/p>\n<ul data-start=\"554\" data-end=\"1138\">\n<li data-start=\"554\" data-end=\"756\">\n<p data-start=\"556\" data-end=\"756\">Afrika, Asya, Latin Amerika ve Orta Do\u011fu pazarlar\u0131na \u00f6zel kargo u\u00e7aklar\u0131 ve helikopterler kullan\u0131larak <a title=\"Hava Ta\u015f\u0131mac\u0131l\u0131\u011f\u0131 B\u00fcy\u00fck Boy Kargo\" href=\"https:\/\/airsps.com\/air-freight\/air-freight-of-oversized-cargo\/\" rel=\"\">a\u011f\u0131r ve b\u00fcy\u00fck boyutlu hava kargo ta\u015f\u0131mac\u0131l\u0131\u011f\u0131<\/a>.<\/p>\n<\/li>\n<li data-start=\"757\" data-end=\"933\">\n<p data-start=\"759\" data-end=\"933\"><a title=\"U\u00e7ak sat\u0131\u015f\u0131\" href=\"https:\/\/airsps.com\/tr\/depo\/satilik-ucaklar\/\" rel=\"\">U\u00e7ak sat\u0131\u015flar\u0131<\/a> \u2013 <a title=\"Sat\u0131l\u0131k u\u00e7ak\" href=\"https:\/\/airsps.com\/tr\/depo\/satilik-ucaklar\/ucaklar\/\" rel=\"\">kargo u\u00e7aklar\u0131<\/a>, nakliye <a title=\"Sat\u0131l\u0131k helikopterler\" href=\"https:\/\/airsps.com\/tr\/depo\/satilik-ucaklar\/satilik-helikopterler\/\" rel=\"\">helikopterleri<\/a> ve hizmet u\u00e7aklar\u0131 \u2013 dok\u00fcmantasyon, ihracat haz\u0131rl\u0131\u011f\u0131 ve k\u00fcresel lojistik ile.<\/p>\n<\/li>\n<li data-start=\"934\" data-end=\"1138\">\n<p data-start=\"936\" data-end=\"1138\">D\u00f6ner kanatl\u0131 ve sabit kanatl\u0131 u\u00e7aklar i\u00e7in <a title=\"Sat\u0131l\u0131k U\u00e7ak ve Helikopter Par\u00e7alar\u0131\" href=\"https:\/\/airsps.com\/tr\/depo\/ucak-parcalari-satisi\/\" rel=\"\">yedek par\u00e7a tedariki ve bak\u0131m deste\u011fi<\/a> \u2013 filonuzun zorlu s\u0131cak\/y\u00fcksek arazilerde ve uzak b\u00f6lgelerde operasyonel kalmas\u0131n\u0131 sa\u011fl\u0131yoruz.<\/p>\n<\/li>\n<\/ul>\n<p data-start=\"1140\" data-end=\"1312\">Sorular\u0131n\u0131z\u0131, LOI&#8217;nizi veya fiyat teklifi talebinizi bize g\u00f6nderin. \u0130ster kargo ta\u015f\u0131mac\u0131l\u0131\u011f\u0131 yap\u0131yor olun, ister u\u00e7ak tedarik ediyor olun, ister par\u00e7a sat\u0131n al\u0131yor olun, <a title=\"Hakk\u0131m\u0131zda AirSPS - Hava Ta\u015f\u0131mac\u0131l\u0131\u011f\u0131, Hava Da\u011f\u0131t\u0131m\u0131 ve U\u00e7ak Sat\u0131\u015f\u0131nda Lider\" href=\"https:\/\/airsps.com\/about-us\/\" rel=\"\">ekibimiz<\/a> size \u00f6zel bir \u00e7\u00f6z\u00fcmle h\u0131zla yan\u0131t verecektir.<\/p>\n<p data-start=\"1314\" data-end=\"1413\">\ud83c\udf0d Geli\u015fen pazarlar ve karma\u015f\u0131k lojistik konular\u0131nda derin deneyime sahip, d\u00fcnya \u00e7ap\u0131ndaki m\u00fc\u015fterilere hizmet veriyoruz.<\/p>\n<h2>Geri bildirim<\/h2>\n\n<div class=\"wpcf7 no-js\" id=\"wpcf7-f4985-o1\" lang=\"tr-TR\" dir=\"ltr\" data-wpcf7-id=\"4985\">\n<div class=\"screen-reader-response\"><p role=\"status\" aria-live=\"polite\" aria-atomic=\"true\"><\/p> <ul><\/ul><\/div>\n<form action=\"\/tr\/wp-json\/wp\/v2\/pages\/3750#wpcf7-f4985-o1\" method=\"post\" class=\"wpcf7-form init wpcf7-acceptance-as-validation\" aria-label=\"\u0130leti\u015fim Formu\" enctype=\"multipart\/form-data\" novalidate=\"novalidate\" data-status=\"init\">\n<fieldset class=\"hidden-fields-container\"><input type=\"hidden\" name=\"_wpcf7\" value=\"4985\" \/><input type=\"hidden\" name=\"_wpcf7_version\" value=\"6.1.4\" \/><input type=\"hidden\" name=\"_wpcf7_locale\" value=\"tr_TR\" \/><input type=\"hidden\" name=\"_wpcf7_unit_tag\" value=\"wpcf7-f4985-o1\" \/><input type=\"hidden\" name=\"_wpcf7_container_post\" value=\"0\" \/><input type=\"hidden\" name=\"_wpcf7_posted_data_hash\" value=\"\" \/>\n<\/fieldset>\n<p><span class=\"wpcf7-form-control-wrap\" data-name=\"your-name\"><input size=\"40\" maxlength=\"50\" class=\"wpcf7-form-control wpcf7-text wpcf7-validates-as-required contact-form__field\" aria-required=\"true\" aria-invalid=\"false\" placeholder=\"Ad\u0131n\u0131z*\" value=\"\" type=\"text\" name=\"your-name\" \/><\/span><br \/>\n<span class=\"wpcf7-form-control-wrap\" data-name=\"tel-117\"><input size=\"40\" maxlength=\"20\" class=\"wpcf7-form-control wpcf7-tel wpcf7-validates-as-required wpcf7-text wpcf7-validates-as-tel contact-form__field\" aria-required=\"true\" aria-invalid=\"false\" placeholder=\"Telefon*\" value=\"\" type=\"tel\" name=\"tel-117\" \/><\/span><br \/>\n<span class=\"wpcf7-form-control-wrap\" data-name=\"your-email\"><input size=\"40\" maxlength=\"50\" class=\"wpcf7-form-control wpcf7-email wpcf7-validates-as-required wpcf7-text wpcf7-validates-as-email contact-form__field\" aria-required=\"true\" aria-invalid=\"false\" placeholder=\"E-posta*\" value=\"\" type=\"email\" name=\"your-email\" \/><\/span><br \/>\n<span class=\"wpcf7-form-control-wrap\" data-name=\"text-236\"><input size=\"40\" maxlength=\"70\" class=\"wpcf7-form-control wpcf7-text wpcf7-validates-as-required contact-form__field\" aria-required=\"true\" aria-invalid=\"false\" placeholder=\"\u00dclkeniz*\" value=\"\" type=\"text\" name=\"text-236\" \/><\/span><br \/>\n<span class=\"wpcf7-form-control-wrap\" data-name=\"your-message\"><textarea cols=\"40\" rows=\"5\" maxlength=\"2000\" minlength=\"10\" class=\"wpcf7-form-control wpcf7-textarea wpcf7-validates-as-required contact-form__field\" aria-required=\"true\" aria-invalid=\"false\" placeholder=\"Mesaj*\" name=\"your-message\"><\/textarea><\/span><br \/>\n<label> E\u011fer bir Niyet Mektubunuz varsa, l\u00fctfen ekleyin<br \/>\n<span class=\"wpcf7-form-control-wrap\" data-name=\"file-250\"><input size=\"40\" class=\"wpcf7-form-control wpcf7-file btn\" accept=\".doc,.docx,.txt,.xlsx,.xls,.csv,.pdf,.png,.jpg,.jpeg\" aria-invalid=\"false\" type=\"file\" name=\"file-250\" \/><\/span> <\/label><br \/>\n<label><br \/>\n<span class=\"wpcf7-form-control-wrap\" data-name=\"cmplz-acceptance\"><span class=\"wpcf7-form-control wpcf7-acceptance\"><span class=\"wpcf7-list-item\"><label><input type=\"checkbox\" name=\"cmplz-acceptance\" value=\"1\" aria-invalid=\"false\" \/><span class=\"wpcf7-list-item-label\">Bu formu g\u00f6ndermek i\u00e7in <a href=\"?cmplz_region_redirect=true\" target=\"_blank\" rel=\"noopener noreferrer\">Gizlilik Beyan\u0131m\u0131z\u0131<\/a> kabul etmeniz gerekmektedir<\/span><\/label><\/span><\/span><\/span><\/label><br \/>\n<span class=\"wpcf7-form-control-wrap kc_captcha cf7ic-toggle\" data-name=\"kc_captcha\"><span class=\"wpcf7-form-control wpcf7-radio\"><span class=\"captcha-image\" style=\"display: none;\"><span class=\"cf7ic_instructions\">Please prove you are human by selecting the<span> car<\/span>.<\/span><label><input aria-label=\"1\" type=\"radio\" name=\"kc_captcha\" value=\"bot\" \/><svg aria-hidden=\"true\" role=\"img\" xmlns=\"http:\/\/www.w3.org\/2000\/svg\" viewBox=\"0 0 576 512\"><path fill=\"currentColor\" d=\"M488 313v143c0 13-11 24-24 24H348c-7 0-12-5-12-12V356c0-7-5-12-12-12h-72c-7 0-12 5-12 12v112c0 7-5 12-12 12H112c-13 0-24-11-24-24V313c0-4 2-7 4-10l188-154c5-4 11-4 16 0l188 154c2 3 4 6 4 10zm84-61l-84-69V44c0-6-5-12-12-12h-56c-7 0-12 6-12 12v73l-89-74a48 48 0 00-61 0L4 252c-5 4-5 12-1 17l25 31c5 5 12 5 17 1l235-193c5-4 11-4 16 0l235 193c5 5 13 4 17-1l25-31c4-6 4-13-1-17z\"\/><\/svg><\/label><label><input aria-label=\"2\" type=\"radio\" name=\"kc_captcha\" value=\"kc_human\" \/><svg aria-hidden=\"true\" role=\"img\" xmlns=\"http:\/\/www.w3.org\/2000\/svg\" viewBox=\"0 0 512 512\"><path fill=\"currentColor\" d=\"M500 168h-55l-8-21a127 127 0 00-120-83H195a127 127 0 00-120 83l-8 21H12c-8 0-14 8-11 16l8 24a12 12 0 0011 8h29a64 64 0 00-33 56v48c0 16 6 31 16 42v62c0 13 11 24 24 24h48c13 0 24-11 24-24v-40h256v40c0 13 11 24 24 24h48c13 0 24-11 24-24v-62c10-11 16-26 16-42v-48c0-24-13-45-33-56h29a12 12 0 0011-8l8-24c3-8-3-16-11-16zm-365 2c9-25 33-42 60-42h122c27 0 51 17 60 42l15 38H120l15-38zM88 328a32 32 0 010-64c18 0 48 30 48 48s-30 16-48 16zm336 0c-18 0-48 2-48-16s30-48 48-48 32 14 32 32-14 32-32 32z\"\/><\/svg><\/label><label><input aria-label=\"3\" type=\"radio\" name=\"kc_captcha\" value=\"bot\" \/><svg aria-hidden=\"true\" role=\"img\" xmlns=\"http:\/\/www.w3.org\/2000\/svg\" viewBox=\"0 0 640 512\"><path fill=\"currentColor\" d=\"M624 352h-16V244c0-13-5-25-14-34L494 110c-9-9-21-14-34-14h-44V48c0-26-21-48-48-48H48C22 0 0 22 0 48v320c0 27 22 48 48 48h16a96 96 0 00192 0h128a96 96 0 00192 0h48c9 0 16-7 16-16v-32c0-9-7-16-16-16zM160 464a48 48 0 110-96 48 48 0 010 96zm320 0a48 48 0 110-96 48 48 0 010 96zm80-208H416V144h44l100 100v12z\"\/><\/svg><\/label>\r\n    <\/span>\r\n    <span style=\"display:none\">\r\n        <input type=\"text\" name=\"kc_honeypot\">\r\n    <\/span><\/span><\/span><br \/>\n<input class=\"wpcf7-form-control wpcf7-submit has-spinner btn\" type=\"submit\" value=\"G\u00f6ndermek\" \/>\n<\/p>\n<p>Bu site reCAPTCHA ve Google taraf\u0131ndan korunmaktad\u0131r<br \/>\n<a href=\"https:\/\/policies.google.com\/privacy\" target=\"_blank\" rel=\"noopener noreferrer\">Gizlilik Politikas\u0131<\/a> ve<br \/>\n<a href=\"https:\/\/policies.google.com\/terms\" target=\"_blank\" rel=\"noopener noreferrer\">Hizmet \u015eartlar\u0131<\/a> ge\u00e7erlidir.\n<\/p><div class=\"wpcf7-response-output\" aria-hidden=\"true\"><\/div>\n<\/form>\n<\/div>\n\n","protected":false},"excerpt":{"rendered":"<p>\ufeffU\u00e7ak veya yedek par\u00e7a sat\u0131n almak m\u0131 istiyorsunuz, yoksa havac\u0131l\u0131k operasyonlar\u0131n\u0131z i\u00e7in tam \u00f6l\u00e7ekli destek mi almak istiyorsunuz? Yard\u0131m etmek i\u00e7in buraday\u0131z. \ud83d\udcde Telefon \/ WhatsApp Business: +1-585-282-6595\ud83d\udce7 E-posta: order@airsps.com AirSPS&#8217;de \u015fu konularda uzmanla\u015f\u0131yoruz: Afrika, Asya, Latin Amerika ve Orta Do\u011fu pazarlar\u0131na \u00f6zel kargo u\u00e7aklar\u0131 ve helikopterler kullan\u0131larak a\u011f\u0131r ve b\u00fcy\u00fck boyutlu hava kargo ta\u015f\u0131mac\u0131l\u0131\u011f\u0131. [&hellip;]<\/p>\n","protected":false},"author":1,"featured_media":3189,"parent":0,"menu_order":0,"comment_status":"closed","ping_status":"closed","template":"","meta":{"footnotes":""},"class_list":["post-3750","page","type-page","status-publish","has-post-thumbnail",""],"yoast_head":"<!-- This site is optimized with the Yoast SEO Premium plugin v27.1 (Yoast SEO v27.1.1) - https:\/\/yoast.com\/product\/yoast-seo-premium-wordpress\/ -->\n<title>AirSPS \u0130leti\u015fim<\/title>\n<meta name=\"description\" content=\"AirSPS | B\u00fcy\u00fck boy hava kargo, sat\u0131l\u0131k u\u00e7ak sipari\u015fi vermek veya u\u00e7ak par\u00e7alar\u0131 sat\u0131n almak i\u00e7in bizimle ileti\u015fime ge\u00e7in. D\u00fcnyan\u0131n her yerine hava kargo g\u00f6nderileri.\" \/>\n<meta name=\"robots\" content=\"index, follow, max-snippet:-1, max-image-preview:large, max-video-preview:-1\" \/>\n<link rel=\"canonical\" href=\"https:\/\/airsps.com\/tr\/kisiler\/\" \/>\n<script type=\"application\/ld+json\" class=\"yoast-schema-graph\">{\"@context\":\"https:\/\/schema.org\",\"@graph\":[{\"@type\":\"BreadcrumbList\",\"@id\":\"https:\/\/airsps.com\/tr\/kisiler\/#breadcrumb\",\"itemListElement\":[{\"@type\":\"ListItem\",\"position\":1,\"name\":\"Ana\",\"item\":\"https:\/\/airsps.com\/tr\/\"},{\"@type\":\"ListItem\",\"position\":2,\"name\":\"AirSPS \u0130leti\u015fim\"}]}]}<\/script>\n<!-- \/ Yoast SEO Premium plugin. -->","yoast_head_json":{"title":"AirSPS \u0130leti\u015fim","description":"AirSPS | B\u00fcy\u00fck boy hava kargo, sat\u0131l\u0131k u\u00e7ak sipari\u015fi vermek veya u\u00e7ak par\u00e7alar\u0131 sat\u0131n almak i\u00e7in bizimle ileti\u015fime ge\u00e7in. D\u00fcnyan\u0131n her yerine hava kargo g\u00f6nderileri.","robots":{"index":"index","follow":"follow","max-snippet":"max-snippet:-1","max-image-preview":"max-image-preview:large","max-video-preview":"max-video-preview:-1"},"canonical":"https:\/\/airsps.com\/tr\/kisiler\/","schema":{"@context":"https:\/\/schema.org","@graph":[{"@type":"BreadcrumbList","@id":"https:\/\/airsps.com\/tr\/kisiler\/#breadcrumb","itemListElement":[{"@type":"ListItem","position":1,"name":"Ana","item":"https:\/\/airsps.com\/tr\/"},{"@type":"ListItem","position":2,"name":"AirSPS \u0130leti\u015fim"}]}]}},"_links":{"self":[{"href":"https:\/\/airsps.com\/tr\/wp-json\/wp\/v2\/pages\/3750","targetHints":{"allow":["GET"]}}],"collection":[{"href":"https:\/\/airsps.com\/tr\/wp-json\/wp\/v2\/pages"}],"about":[{"href":"https:\/\/airsps.com\/tr\/wp-json\/wp\/v2\/types\/page"}],"author":[{"embeddable":true,"href":"https:\/\/airsps.com\/tr\/wp-json\/wp\/v2\/users\/1"}],"replies":[{"embeddable":true,"href":"https:\/\/airsps.com\/tr\/wp-json\/wp\/v2\/comments?post=3750"}],"version-history":[{"count":9,"href":"https:\/\/airsps.com\/tr\/wp-json\/wp\/v2\/pages\/3750\/revisions"}],"predecessor-version":[{"id":5101,"href":"https:\/\/airsps.com\/tr\/wp-json\/wp\/v2\/pages\/3750\/revisions\/5101"}],"wp:featuredmedia":[{"embeddable":true,"href":"https:\/\/airsps.com\/tr\/wp-json\/wp\/v2\/media\/3189"}],"wp:attachment":[{"href":"https:\/\/airsps.com\/tr\/wp-json\/wp\/v2\/media?parent=3750"}],"curies":[{"name":"wp","href":"https:\/\/api.w.org\/{rel}","templated":true}]}}