{"id":3722,"date":"2023-01-08T09:46:41","date_gmt":"2023-01-08T09:46:41","guid":{"rendered":"https:\/\/airsps.com\/ana-teklif\/"},"modified":"2025-09-07T12:22:01","modified_gmt":"2025-09-07T12:22:01","slug":"ana-ucak-teklifleri","status":"publish","type":"page","link":"https:\/\/airsps.com\/tr\/ana-ucak-teklifleri\/","title":{"rendered":"Ana Teklif"},"content":{"rendered":"<h2>B\u00fcy\u00fck Boy Kargolar\u0131n Hava Ta\u015f\u0131mac\u0131l\u0131\u011f\u0131<\/h2>\n<p><a title=\"A\u011f\u0131r ve b\u00fcy\u00fck boyutlu y\u00fckler\" href=\"https:\/\/airsps.com\/tr\/hava-tasimaciligi\/\" rel=\"\">A\u011f\u0131r ve a\u015f\u0131r\u0131 boyutlu kargolar\u0131n<\/a> havaalan\u0131na teslimi, karma\u015f\u0131k kargolar\u0131n ve tehlikeli kargolar\u0131n hava ta\u015f\u0131mac\u0131l\u0131\u011f\u0131. <a title=\"B\u00fcy\u00fck Boy Kargolar\u0131n Hava Ta\u015f\u0131mac\u0131l\u0131\u011f\u0131\" href=\"https:\/\/airsps.com\/air-freight\/air-freight-of-oversized-cargo\/\" rel=\"\">A\u015f\u0131r\u0131 boyutlu hava ta\u015f\u0131mac\u0131l\u0131\u011f\u0131<\/a> \u2013 Bu t\u00fcr ta\u015f\u0131mac\u0131l\u0131k i\u00e7in, benzersiz <a title=\"1984 IL-76TD Kargo\/Freighter (Ge\u00e7erli)\" href=\"https:\/\/airsps.com\/stock\/aircraft-for-sale\/planes\/1984-il-76td-sale-cargo-plane-5620\/\" rel=\"\">IL-76TD<\/a> ve AN-124 Ruslan u\u00e7aklar\u0131 sunuyoruz.<\/p>\n<h2>Konsolide ve genel kargonun hava ta\u015f\u0131mac\u0131l\u0131\u011f\u0131<\/h2>\n<p>Kargonun havaalan\u0131na teslimi, u\u00e7u\u015f check-in, \u00fccretlerin \u00f6denmesi ve depolama. <a title=\"Hava Kargo Kiralama\" href=\"https:\/\/airsps.com\/air-freight\/air-cargo-charter\/\" rel=\"\">Standart kargo<\/a>, <a title=\"Grupaj ve Genel Kargo Hava Ta\u015f\u0131mac\u0131l\u0131\u011f\u0131\" href=\"https:\/\/airsps.com\/air-freight\/air-transportation-groupage-cargo\/\" rel=\"\">konsolide kargo ve genel kargonun ta\u015f\u0131nmas\u0131<\/a> i\u00e7in Boeing 747-400F ve Airbus A330-200F kargo u\u00e7aklar\u0131 sunuyoruz.<\/p>\n<h2>Sat\u0131l\u0131k U\u00e7aklar<\/h2>\n<h3>G\u00fcncel Teklif<\/h3>\n<ul>\n<li><strong>Mi-17V-5 Nakliye Helikopteri<\/strong>, 2010-13, 500-600 saat, 8 adet, 2025 y\u0131l\u0131nda revizyon.<br \/>\nFiyat 10.000.000 ABD dolar\u0131.<\/li>\n<li><strong>Mi-171E Nakliye Helikopteri<\/strong>, 2022, 0 saat, 2 adet.<br \/>\nFiyat 16.500.000 ABD dolar\u0131.<\/li>\n<li><strong>Mi-8AMT Nakliye\/Kargo Helikopteri<\/strong>, 2009, 6 saat, 2 adet, 2025 y\u0131l\u0131nda revizyon.<br \/>\nFiyat 8.000.000 ABD dolar\u0131.<\/li>\n<li><strong>Mi-8AMT Yolcu Helikopteri<\/strong>, VIP salonu, 2011, 800 saat, 2023&#8217;te revizyon, 0 saat.<br \/>\nFiyat 10.500.000 ABD dolar\u0131.<\/li>\n<li><strong>Mi-8MTV-1 Yolcu Helikopteri<\/strong>, VIP salonu, 2022, 20 saat.<br \/>\nFiyat 11.000.000 ABD dolar\u0131.<\/li>\n<li><strong>Agusta AW139 Yolcu Helikopteri<\/strong>, 2013, VIP salonu, 400 saat.<br \/>\nFiyat 12.000.000 ABD dolar\u0131.<\/li>\n<li><strong>Mi-26T A\u011f\u0131r Y\u00fck Helikopteri<\/strong>, 1989, 3548 saat, 2012&#8217;de revizyon, 1226 saat.<br \/>\nFiyat 16.000.000 ABD dolar\u0131.<\/li>\n<\/ul>\n<h3>Helikopterler<\/h3>\n<ul>\n<li>Mi-8P (yolcu) 1981, revizyon gerektiriyor, 4974 saat \u2026 sat\u0131ld\u0131<\/li>\n<li>Mi-8T (kargo) 1990, revizyon gerektirir, 1476 saat \u2026 sat\u0131ld\u0131<\/li>\n<li>Mi-8T (yolcu) 1992, yenileme gerekli, 3020 saat \u2026 sat\u0131ld\u0131<\/li>\n<li>Mi-8T (yolcu) 1992, yenileme gerekli, 3803 saat \u2026 sat\u0131ld\u0131<\/li>\n<li>Mi-8T (kargo) 1983, b\u00fcy\u00fck bak\u0131mdan sonra 2022, 2729 saat \u2026 2.200.000 $<\/li>\n<li>Mi-8T (kargo) 1989, 2020 y\u0131l\u0131nda b\u00fcy\u00fck bak\u0131mdan ge\u00e7mi\u015ftir, 10249 saat \u2026 2.200.000 $<\/li>\n<li>Mi-8MTV-1 (kargo) 1992, b\u00fcy\u00fck bak\u0131mdan sonra 2022, 1600 saat \u2026 5.700.000 $<\/li>\n<li>Mi-8MTV-1 (kargo) 1992, 2404 saatlik revizyon gerektirir \u2026 sat\u0131ld\u0131<\/li>\n<li>Mi-8MTV-1 (kargo) 1992, revizyon gerektirir, 2764 saat \u2026 sat\u0131ld\u0131<\/li>\n<li>Mi-8AMT (kargo) 2020, 245 saat \u2026 sat\u0131ld\u0131<\/li>\n<li>Mi-8AMT (kargo) 2017, 1075 saat \u2026 sat\u0131ld\u0131<\/li>\n<li>Mi-8AMT (kargo) 2008, 2017 y\u0131l\u0131nda 1380 saatlik genel bak\u0131mdan ge\u00e7mi\u015f \u2026 sat\u0131ld\u0131<\/li>\n<li>Mi-8AMT (kargo) 1992, b\u00fcy\u00fck bak\u0131mdan sonra 2022, 11000 saat \u2026 5.700.000 $<\/li>\n<li>Mi-8AMT (yolcu, VIP salonu) 2011, 2021 y\u0131l\u0131nda b\u00fcy\u00fck bak\u0131mdan ge\u00e7mi\u015f, 655 saat \u2026 10.000.000 $<\/li>\n<li>Mi-26T (2 adet, nakliye) 1991, motorlar hari\u00e7, 300 saat \u2026 500.000 $<\/li>\n<li>MI-172 (kargo) 2008, onar\u0131m gerektiriyor, revizyondan \u00f6nce 555 saat, 2158 saat \u2026 sat\u0131ld\u0131<\/li>\n<li>MI-17 V5 (kargo) 2005, onar\u0131m gerektirir, revizyondan \u00f6nce 947 saat, 1741 saat \u2026 sat\u0131ld\u0131<\/li>\n<li>Mi-171VIP (yolcu, VIP salonu) 2008, onar\u0131m \u00e7al\u0131\u015fmalar\u0131 devam ediyor (takvim), 1031 saat \u2026 8.600.000 $<\/li>\n<\/ul>\n<h3>U\u00e7aklar<\/h3>\n<ul>\n<li><span style=\"font-weight: 400;\">L-39 (5 adet), 1981, revizyon gerektiriyor \u2026 sat\u0131ld\u0131<\/span><\/li>\n<li><span style=\"font-weight: 400;\">AN-26B (kargo) 1974, revizyondan sonra, 11072 saat \u2026 sat\u0131ld\u0131<\/span><\/li>\n<li><span style=\"font-weight: 400;\">L-410 UVP (kargo) 1984, b\u00fcy\u00fck bak\u0131mdan sonra, 6059 saat \u2026 sat\u0131ld\u0131<\/span><\/li>\n<li><span style=\"font-weight: 400;\">L-410 UVP (kargo) 1984, b\u00fcy\u00fck bak\u0131mdan sonra, 1714 saat \u2026 sat\u0131ld\u0131<\/span><\/li>\n<li><span style=\"font-weight: 400;\">L-410 UVP-E (kargo) 1990, b\u00fcy\u00fck bak\u0131mdan sonra, 1953 saat \u2026 sat\u0131ld\u0131<\/span><\/li>\n<li><a title=\"1984 IL-76TD Kargo\/Freighter (Ge\u00e7erli)\" href=\"https:\/\/airsps.com\/stock\/aircraft-for-sale\/planes\/1984-il-76td-sale-cargo-plane-5620\/\" rel=\"\">IL-76TD, 1984, 28\/11\/2023 tarihine kadar ge\u00e7erli u\u00e7u\u015fa elveri\u015flilik sertifikas\u0131, 5620 saat \u2026 sat\u0131ld\u0131<\/a><\/li>\n<\/ul>\n<h2>U\u00e7ak Onar\u0131m\u0131<\/h2>\n<p>\u0130\u015fimizin \u00f6nemli bir k\u0131sm\u0131, Rus u\u00e7aklar\u0131n\u0131n d\u00fcnya \u00e7ap\u0131nda sat\u0131\u015f\u0131 ve bak\u0131m\u0131n\u0131 kapsamaktad\u0131r. Rus helikopterlerinizin onar\u0131m i\u00e7in sertifikal\u0131 u\u00e7ak fabrikalar\u0131na nakliyesini sunuyoruz.<\/p>\n<h2>Geri bildirim<\/h2>\n<p>Di\u011fer modelleri de tedarik etmeye haz\u0131r\u0131z &#8211; LOI&#8217;yi e-posta ile <a href=\"mailto:order@airsps.com\">order@airsps.com<\/a> adresine g\u00f6nderin.<\/p>\n\n<div class=\"wpcf7 no-js\" id=\"wpcf7-f4985-o1\" lang=\"tr-TR\" dir=\"ltr\" data-wpcf7-id=\"4985\">\n<div class=\"screen-reader-response\"><p role=\"status\" aria-live=\"polite\" aria-atomic=\"true\"><\/p> <ul><\/ul><\/div>\n<form action=\"\/tr\/wp-json\/wp\/v2\/pages\/3722#wpcf7-f4985-o1\" method=\"post\" class=\"wpcf7-form init wpcf7-acceptance-as-validation\" aria-label=\"\u0130leti\u015fim Formu\" enctype=\"multipart\/form-data\" novalidate=\"novalidate\" data-status=\"init\">\n<fieldset class=\"hidden-fields-container\"><input type=\"hidden\" name=\"_wpcf7\" value=\"4985\" \/><input type=\"hidden\" name=\"_wpcf7_version\" value=\"6.1.4\" \/><input type=\"hidden\" name=\"_wpcf7_locale\" value=\"tr_TR\" \/><input type=\"hidden\" name=\"_wpcf7_unit_tag\" value=\"wpcf7-f4985-o1\" \/><input type=\"hidden\" name=\"_wpcf7_container_post\" value=\"0\" \/><input type=\"hidden\" name=\"_wpcf7_posted_data_hash\" value=\"\" \/>\n<\/fieldset>\n<p><span class=\"wpcf7-form-control-wrap\" data-name=\"your-name\"><input size=\"40\" maxlength=\"50\" class=\"wpcf7-form-control wpcf7-text wpcf7-validates-as-required contact-form__field\" aria-required=\"true\" aria-invalid=\"false\" placeholder=\"Ad\u0131n\u0131z*\" value=\"\" type=\"text\" name=\"your-name\" \/><\/span><br \/>\n<span class=\"wpcf7-form-control-wrap\" data-name=\"tel-117\"><input size=\"40\" maxlength=\"20\" class=\"wpcf7-form-control wpcf7-tel wpcf7-validates-as-required wpcf7-text wpcf7-validates-as-tel contact-form__field\" aria-required=\"true\" aria-invalid=\"false\" placeholder=\"Telefon*\" value=\"\" type=\"tel\" name=\"tel-117\" \/><\/span><br \/>\n<span class=\"wpcf7-form-control-wrap\" data-name=\"your-email\"><input size=\"40\" maxlength=\"50\" class=\"wpcf7-form-control wpcf7-email wpcf7-validates-as-required wpcf7-text wpcf7-validates-as-email contact-form__field\" aria-required=\"true\" aria-invalid=\"false\" placeholder=\"E-posta*\" value=\"\" type=\"email\" name=\"your-email\" \/><\/span><br \/>\n<span class=\"wpcf7-form-control-wrap\" data-name=\"text-236\"><input size=\"40\" maxlength=\"70\" class=\"wpcf7-form-control wpcf7-text wpcf7-validates-as-required contact-form__field\" aria-required=\"true\" aria-invalid=\"false\" placeholder=\"\u00dclkeniz*\" value=\"\" type=\"text\" name=\"text-236\" \/><\/span><br \/>\n<span class=\"wpcf7-form-control-wrap\" data-name=\"your-message\"><textarea cols=\"40\" rows=\"5\" maxlength=\"2000\" minlength=\"10\" class=\"wpcf7-form-control wpcf7-textarea wpcf7-validates-as-required contact-form__field\" aria-required=\"true\" aria-invalid=\"false\" placeholder=\"Mesaj*\" name=\"your-message\"><\/textarea><\/span><br \/>\n<label> E\u011fer bir Niyet Mektubunuz varsa, l\u00fctfen ekleyin<br \/>\n<span class=\"wpcf7-form-control-wrap\" data-name=\"file-250\"><input size=\"40\" class=\"wpcf7-form-control wpcf7-file btn\" accept=\".doc,.docx,.txt,.xlsx,.xls,.csv,.pdf,.png,.jpg,.jpeg\" aria-invalid=\"false\" type=\"file\" name=\"file-250\" \/><\/span> <\/label><br \/>\n<label><br \/>\n<span class=\"wpcf7-form-control-wrap\" data-name=\"cmplz-acceptance\"><span class=\"wpcf7-form-control wpcf7-acceptance\"><span class=\"wpcf7-list-item\"><label><input type=\"checkbox\" name=\"cmplz-acceptance\" value=\"1\" aria-invalid=\"false\" \/><span class=\"wpcf7-list-item-label\">Bu formu g\u00f6ndermek i\u00e7in <a href=\"?cmplz_region_redirect=true\" target=\"_blank\" rel=\"noopener noreferrer\">Gizlilik Beyan\u0131m\u0131z\u0131<\/a> kabul etmeniz gerekmektedir<\/span><\/label><\/span><\/span><\/span><\/label><br \/>\n<span class=\"wpcf7-form-control-wrap kc_captcha cf7ic-toggle\" data-name=\"kc_captcha\"><span class=\"wpcf7-form-control wpcf7-radio\"><span class=\"captcha-image\" style=\"display: none;\"><span class=\"cf7ic_instructions\">Please prove you are human by selecting the<span> house<\/span>.<\/span><label><input aria-label=\"1\" type=\"radio\" name=\"kc_captcha\" value=\"kc_human\" \/><svg aria-hidden=\"true\" role=\"img\" xmlns=\"http:\/\/www.w3.org\/2000\/svg\" viewBox=\"0 0 576 512\"><path fill=\"currentColor\" d=\"M488 313v143c0 13-11 24-24 24H348c-7 0-12-5-12-12V356c0-7-5-12-12-12h-72c-7 0-12 5-12 12v112c0 7-5 12-12 12H112c-13 0-24-11-24-24V313c0-4 2-7 4-10l188-154c5-4 11-4 16 0l188 154c2 3 4 6 4 10zm84-61l-84-69V44c0-6-5-12-12-12h-56c-7 0-12 6-12 12v73l-89-74a48 48 0 00-61 0L4 252c-5 4-5 12-1 17l25 31c5 5 12 5 17 1l235-193c5-4 11-4 16 0l235 193c5 5 13 4 17-1l25-31c4-6 4-13-1-17z\"\/><\/svg><\/label><label><input aria-label=\"2\" type=\"radio\" name=\"kc_captcha\" value=\"bot\" \/><svg aria-hidden=\"true\" role=\"img\" xmlns=\"http:\/\/www.w3.org\/2000\/svg\" viewBox=\"0 0 512 512\"><path fill=\"currentColor\" d=\"M512 176a176 176 0 01-209 173l-24 27a24 24 0 01-18 8h-37v40c0 13-11 24-24 24h-40v40c0 13-11 24-24 24H24c-13 0-24-11-24-24v-78c0-6 3-13 7-17l162-162a176 176 0 11343-55zm-176-48a48 48 0 1096 0 48 48 0 00-96 0z\"\/><\/svg><\/label><label><input aria-label=\"3\" type=\"radio\" name=\"kc_captcha\" value=\"bot\" \/><svg aria-hidden=\"true\" role=\"img\" xmlns=\"http:\/\/www.w3.org\/2000\/svg\" viewBox=\"0 0 384 512\"><path fill=\"currentColor\" d=\"M377 375l-83-87h34c21 0 32-25 17-40l-82-88h33c21 0 32-25 18-40L210 8c-10-11-26-11-36 0L70 120c-14 15-3 40 18 40h33l-82 88c-15 15-4 40 17 40h34L7 375c-15 16-4 41 17 41h120c0 33-11 49-34 68-12 9-5 28 10 28h144c15 0 22-19 10-28-20-16-34-32-34-68h120c21 0 32-25 17-41z\"\/><\/svg><\/label>\r\n    <\/span>\r\n    <span style=\"display:none\">\r\n        <input type=\"text\" name=\"kc_honeypot\">\r\n    <\/span><\/span><\/span><br \/>\n<input class=\"wpcf7-form-control wpcf7-submit has-spinner btn\" type=\"submit\" value=\"G\u00f6ndermek\" \/>\n<\/p>\n<p>Bu site reCAPTCHA ve Google taraf\u0131ndan korunmaktad\u0131r<br \/>\n<a href=\"https:\/\/policies.google.com\/privacy\" target=\"_blank\" rel=\"noopener noreferrer\">Gizlilik Politikas\u0131<\/a> ve<br \/>\n<a href=\"https:\/\/policies.google.com\/terms\" target=\"_blank\" rel=\"noopener noreferrer\">Hizmet \u015eartlar\u0131<\/a> ge\u00e7erlidir.\n<\/p><div class=\"wpcf7-response-output\" aria-hidden=\"true\"><\/div>\n<\/form>\n<\/div>\n\n","protected":false},"excerpt":{"rendered":"<p>B\u00fcy\u00fck Boy Kargolar\u0131n Hava Ta\u015f\u0131mac\u0131l\u0131\u011f\u0131 A\u011f\u0131r ve a\u015f\u0131r\u0131 boyutlu kargolar\u0131n havaalan\u0131na teslimi, karma\u015f\u0131k kargolar\u0131n ve tehlikeli kargolar\u0131n hava ta\u015f\u0131mac\u0131l\u0131\u011f\u0131. A\u015f\u0131r\u0131 boyutlu hava ta\u015f\u0131mac\u0131l\u0131\u011f\u0131 \u2013 Bu t\u00fcr ta\u015f\u0131mac\u0131l\u0131k i\u00e7in, benzersiz IL-76TD ve AN-124 Ruslan u\u00e7aklar\u0131 sunuyoruz. Konsolide ve genel kargonun hava ta\u015f\u0131mac\u0131l\u0131\u011f\u0131 Kargonun havaalan\u0131na teslimi, u\u00e7u\u015f check-in, \u00fccretlerin \u00f6denmesi ve depolama. Standart kargo, konsolide kargo ve [&hellip;]<\/p>\n","protected":false},"author":1,"featured_media":3208,"parent":0,"menu_order":0,"comment_status":"closed","ping_status":"closed","template":"","meta":{"footnotes":""},"class_list":["post-3722","page","type-page","status-publish","has-post-thumbnail",""],"yoast_head":"<!-- This site is optimized with the Yoast SEO Premium plugin v27.1 (Yoast SEO v27.1.1) - https:\/\/yoast.com\/product\/yoast-seo-premium-wordpress\/ -->\n<title>A\u011f\u0131r ve B\u00fcy\u00fck Boy Hava Kargo. Sat\u0131l\u0131k U\u00e7aklar ve Helikopterler<\/title>\n<meta name=\"description\" content=\"U\u00e7ak sat\u0131\u015f\u0131 (kargo u\u00e7aklar\u0131, nakliye ve VIP yolcu helikopterleri) fiyat listemizi ve b\u00fcy\u00fck boyutlu kargo hava ta\u015f\u0131mac\u0131l\u0131\u011f\u0131 teklifimizi inceleyin.\" \/>\n<meta name=\"robots\" content=\"index, follow, max-snippet:-1, max-image-preview:large, max-video-preview:-1\" \/>\n<link rel=\"canonical\" href=\"https:\/\/airsps.com\/tr\/ana-ucak-teklifleri\/\" \/>\n<script type=\"application\/ld+json\" class=\"yoast-schema-graph\">{\"@context\":\"https:\/\/schema.org\",\"@graph\":[{\"@type\":\"BreadcrumbList\",\"@id\":\"https:\/\/airsps.com\/tr\/ana-ucak-teklifleri\/#breadcrumb\",\"itemListElement\":[{\"@type\":\"ListItem\",\"position\":1,\"name\":\"Ana\",\"item\":\"https:\/\/airsps.com\/tr\/\"},{\"@type\":\"ListItem\",\"position\":2,\"name\":\"Ana Teklif\"}]}]}<\/script>\n<!-- \/ Yoast SEO Premium plugin. -->","yoast_head_json":{"title":"A\u011f\u0131r ve B\u00fcy\u00fck Boy Hava Kargo. Sat\u0131l\u0131k U\u00e7aklar ve Helikopterler","description":"U\u00e7ak sat\u0131\u015f\u0131 (kargo u\u00e7aklar\u0131, nakliye ve VIP yolcu helikopterleri) fiyat listemizi ve b\u00fcy\u00fck boyutlu kargo hava ta\u015f\u0131mac\u0131l\u0131\u011f\u0131 teklifimizi inceleyin.","robots":{"index":"index","follow":"follow","max-snippet":"max-snippet:-1","max-image-preview":"max-image-preview:large","max-video-preview":"max-video-preview:-1"},"canonical":"https:\/\/airsps.com\/tr\/ana-ucak-teklifleri\/","schema":{"@context":"https:\/\/schema.org","@graph":[{"@type":"BreadcrumbList","@id":"https:\/\/airsps.com\/tr\/ana-ucak-teklifleri\/#breadcrumb","itemListElement":[{"@type":"ListItem","position":1,"name":"Ana","item":"https:\/\/airsps.com\/tr\/"},{"@type":"ListItem","position":2,"name":"Ana Teklif"}]}]}},"_links":{"self":[{"href":"https:\/\/airsps.com\/tr\/wp-json\/wp\/v2\/pages\/3722","targetHints":{"allow":["GET"]}}],"collection":[{"href":"https:\/\/airsps.com\/tr\/wp-json\/wp\/v2\/pages"}],"about":[{"href":"https:\/\/airsps.com\/tr\/wp-json\/wp\/v2\/types\/page"}],"author":[{"embeddable":true,"href":"https:\/\/airsps.com\/tr\/wp-json\/wp\/v2\/users\/1"}],"replies":[{"embeddable":true,"href":"https:\/\/airsps.com\/tr\/wp-json\/wp\/v2\/comments?post=3722"}],"version-history":[{"count":1,"href":"https:\/\/airsps.com\/tr\/wp-json\/wp\/v2\/pages\/3722\/revisions"}],"predecessor-version":[{"id":4743,"href":"https:\/\/airsps.com\/tr\/wp-json\/wp\/v2\/pages\/3722\/revisions\/4743"}],"wp:featuredmedia":[{"embeddable":true,"href":"https:\/\/airsps.com\/tr\/wp-json\/wp\/v2\/media\/3208"}],"wp:attachment":[{"href":"https:\/\/airsps.com\/tr\/wp-json\/wp\/v2\/media?parent=3722"}],"curies":[{"name":"wp","href":"https:\/\/api.w.org\/{rel}","templated":true}]}}