{"id":4486,"date":"2023-02-16T05:07:10","date_gmt":"2023-02-16T05:07:10","guid":{"rendered":"https:\/\/airsps.com\/stock\/sem categoria\/1981-mi-8p-passageiro\/"},"modified":"2023-02-16T05:07:10","modified_gmt":"2023-02-16T05:07:10","slug":"1981-mi-8p-passageiro","status":"publish","type":"product","link":"https:\/\/airsps.com\/pt-br\/estoque\/aeronaves-a-venda\/helicopteros-a-venda\/1981-mi-8p-passageiro\/","title":{"rendered":"1981 Mi-8P Passageiro"},"content":{"rendered":"<p>O helic\u00f3ptero Mi-8P foi projetado como um helic\u00f3ptero de rotor \u00fanico. O rotor principal de cinco p\u00e1s tem tr\u00eas articula\u00e7\u00f5es, e o rotor de cauda tem tr\u00eas p\u00e1s. O trem de pouso tem tr\u00eas suportes com um suporte frontal autolocalizado em voo. O rotor de cauda \u00e9 protegido por um suporte de cauda.<\/p>\n<ul>\n<li>Na vers\u00e3o para passageiros, a cabine mede 6,36&#215;2,05&#215;1,7 metros (250x80x67 polegadas) e tem 28 assentos montados em dois de cada lado, com espa\u00e7amento de 0,74 metro (29 polegadas) e um corredor de 0,3 metro (12 polegadas);<\/li>\n<li>Na parte traseira da cabine, \u00e0 direita, h\u00e1 uma sala de controle e, na parte traseira dos caixilhos, h\u00e1 uma abertura para a porta de entrada traseira, composta de caixilhos e rampa.<\/li>\n<\/ul>\n<p>O boom da cauda \u00e9 do tipo viga rebitada com um revestimento de trabalho, equipado com n\u00f3s para prender um estabilizador controlado e um suporte de cauda.<\/p>\n","protected":false},"excerpt":{"rendered":"<p>Ano: 1981<br \/>\nTempo total: 4974<br \/>\nObserva\u00e7\u00f5es: requer revis\u00e3o<\/p>\n<p>O helic\u00f3ptero de passageiros Mi-8P difere do helic\u00f3ptero de <a title=\"1990 Transporte Mi-8T\" href=\"https:\/\/airsps.com\/stock\/aircraft-for-sale\/helicopters\/1990-mi-8t-transport-helicopter-for-sale-1476\/\" rel=\"\">transporte Mi-8T <\/a>pelas vigias retangulares e pela aus\u00eancia da antena de lan\u00e7a de cauda, velocidade Doppler e \u00e2ngulo de deriva DIV-1. Em sua cabine, foram instalados 28 assentos macios para passageiros. O Mi-8P pode ser usado como aeronave sanit\u00e1ria e de transporte de cargas, inclusive aquelas em sling externo.<\/p>\n","protected":false},"featured_media":4489,"comment_status":"closed","ping_status":"closed","template":"","meta":[],"product_brand":[],"product_cat":[138],"product_tag":[],"class_list":{"0":"post-4486","1":"product","2":"type-product","3":"status-publish","4":"has-post-thumbnail","5":"","6":"product_cat-helicopteros-a-venda","8":"first","9":"instock","10":"sold-individually","11":"shipping-taxable","12":"product-type-simple"},"yoast_head":"<!-- This site is optimized with the Yoast SEO Premium plugin v27.1 (Yoast SEO v27.1.1) - https:\/\/yoast.com\/product\/yoast-seo-premium-wordpress\/ -->\n<title>1981 Mi-8P Passenger Helicopter &#8212; Aeronaves e pe\u00e7as para venda<\/title>\n<meta name=\"description\" content=\"Helic\u00f3ptero de passageiros Mi-8P 1981 para venda | Aeronave confi\u00e1vel para transportar 28 passageiros por via a\u00e9rea em uma dist\u00e2ncia de 264 milhas (425 km) - Requer revis\u00e3o.\" \/>\n<meta name=\"robots\" content=\"index, follow, max-snippet:-1, max-image-preview:large, max-video-preview:-1\" \/>\n<link rel=\"canonical\" href=\"https:\/\/airsps.com\/pt-br\/estoque\/aeronaves-a-venda\/helicopteros-a-venda\/1981-mi-8p-passageiro\/\" \/>\n<script type=\"application\/ld+json\" class=\"yoast-schema-graph\">{\"@context\":\"https:\/\/schema.org\",\"@graph\":[{\"@type\":\"BreadcrumbList\",\"@id\":\"https:\/\/airsps.com\/pt-br\/estoque\/aeronaves-a-venda\/helicopteros-a-venda\/1981-mi-8p-passageiro\/#breadcrumb\",\"itemListElement\":[{\"@type\":\"ListItem\",\"position\":1,\"name\":\"Principal\",\"item\":\"https:\/\/airsps.com\/pt-br\/\"},{\"@type\":\"ListItem\",\"position\":2,\"name\":\"Estoque\",\"item\":\"https:\/\/airsps.com\/pt-br\/estoque\/\"},{\"@type\":\"ListItem\",\"position\":3,\"name\":\"Aeronaves \u00e0 venda\",\"item\":\"https:\/\/airsps.com\/pt-br\/dep\u00f3sito\/aeronaves-a-venda\/\"},{\"@type\":\"ListItem\",\"position\":4,\"name\":\"Helic\u00f3pteros \u00e0 venda\",\"item\":\"https:\/\/airsps.com\/pt-br\/dep\u00f3sito\/aeronaves-a-venda\/helicopteros-a-venda\/\"},{\"@type\":\"ListItem\",\"position\":5,\"name\":\"1981 Mi-8P Passageiro\"}]}]}<\/script>\n<!-- \/ Yoast SEO Premium plugin. -->","yoast_head_json":{"title":"1981 Mi-8P Passenger Helicopter &#8212; Aeronaves e pe\u00e7as para venda","description":"Helic\u00f3ptero de passageiros Mi-8P 1981 para venda | Aeronave confi\u00e1vel para transportar 28 passageiros por via a\u00e9rea em uma dist\u00e2ncia de 264 milhas (425 km) - Requer revis\u00e3o.","robots":{"index":"index","follow":"follow","max-snippet":"max-snippet:-1","max-image-preview":"max-image-preview:large","max-video-preview":"max-video-preview:-1"},"canonical":"https:\/\/airsps.com\/pt-br\/estoque\/aeronaves-a-venda\/helicopteros-a-venda\/1981-mi-8p-passageiro\/","schema":{"@context":"https:\/\/schema.org","@graph":[{"@type":"BreadcrumbList","@id":"https:\/\/airsps.com\/pt-br\/estoque\/aeronaves-a-venda\/helicopteros-a-venda\/1981-mi-8p-passageiro\/#breadcrumb","itemListElement":[{"@type":"ListItem","position":1,"name":"Principal","item":"https:\/\/airsps.com\/pt-br\/"},{"@type":"ListItem","position":2,"name":"Estoque","item":"https:\/\/airsps.com\/pt-br\/estoque\/"},{"@type":"ListItem","position":3,"name":"Aeronaves \u00e0 venda","item":"https:\/\/airsps.com\/pt-br\/dep\u00f3sito\/aeronaves-a-venda\/"},{"@type":"ListItem","position":4,"name":"Helic\u00f3pteros \u00e0 venda","item":"https:\/\/airsps.com\/pt-br\/dep\u00f3sito\/aeronaves-a-venda\/helicopteros-a-venda\/"},{"@type":"ListItem","position":5,"name":"1981 Mi-8P Passageiro"}]}]}},"_links":{"self":[{"href":"https:\/\/airsps.com\/pt-br\/wp-json\/wp\/v2\/product\/4486","targetHints":{"allow":["GET"]}}],"collection":[{"href":"https:\/\/airsps.com\/pt-br\/wp-json\/wp\/v2\/product"}],"about":[{"href":"https:\/\/airsps.com\/pt-br\/wp-json\/wp\/v2\/types\/product"}],"replies":[{"embeddable":true,"href":"https:\/\/airsps.com\/pt-br\/wp-json\/wp\/v2\/comments?post=4486"}],"wp:featuredmedia":[{"embeddable":true,"href":"https:\/\/airsps.com\/pt-br\/wp-json\/wp\/v2\/media\/4489"}],"wp:attachment":[{"href":"https:\/\/airsps.com\/pt-br\/wp-json\/wp\/v2\/media?parent=4486"}],"wp:term":[{"taxonomy":"product_brand","embeddable":true,"href":"https:\/\/airsps.com\/pt-br\/wp-json\/wp\/v2\/product_brand?post=4486"},{"taxonomy":"product_cat","embeddable":true,"href":"https:\/\/airsps.com\/pt-br\/wp-json\/wp\/v2\/product_cat?post=4486"},{"taxonomy":"product_tag","embeddable":true,"href":"https:\/\/airsps.com\/pt-br\/wp-json\/wp\/v2\/product_tag?post=4486"}],"curies":[{"name":"wp","href":"https:\/\/api.w.org\/{rel}","templated":true}]}}