{"id":4450,"date":"2023-03-22T17:29:02","date_gmt":"2023-03-22T17:29:02","guid":{"rendered":"https:\/\/airsps.com\/stock\/sem categoria\/1989-mi-8t-transport-revisao-de-julho-de-2020\/"},"modified":"2025-08-15T16:24:01","modified_gmt":"2025-08-15T16:24:01","slug":"1989-mi-8t-transport-revisao-de-julho-de-2020","status":"publish","type":"product","link":"https:\/\/airsps.com\/pt-br\/estoque\/aeronaves-a-venda\/helicopteros-a-venda\/1989-mi-8t-transport-revisao-de-julho-de-2020\/","title":{"rendered":"1989 Mi-8T Transport Revis\u00e3o de julho de 2020"},"content":{"rendered":"<p>O <a title=\"1983 Mi-8T Transport revis\u00e3o 2022\" href=\"https:\/\/airsps.com\/stock\/aircraft-for-sale\/helicopters\/1983-mi-8t-transport-helicopter-for-sale-20114\/\" rel=\"\">helic\u00f3ptero de transporte Mi-8T<\/a> \u00e9 uma aeronave vers\u00e1til que se provou eficaz em uma ampla gama de aplica\u00e7\u00f5es civis. Sua cabine espa\u00e7osa e seu design flex\u00edvel o tornam adequado para uma variedade de miss\u00f5es, e sua confiabilidade e durabilidade o tornaram uma escolha popular para ambientes desafiadores.<\/p>\n<p>Com mais de 17.000 unidades produzidas at\u00e9 o momento, o Mi-8T \u00e9 um dos helic\u00f3pteros mais utilizados no mundo. Sua popularidade duradoura \u00e9 prova de sua versatilidade e efic\u00e1cia como plataforma de transporte. Seja transportando carga ou passageiros, ou realizando tarefas especializadas, como combate a inc\u00eandios ou evacua\u00e7\u00e3o m\u00e9dica, o Mi-8T continua sendo uma parte importante das frotas de muitas organiza\u00e7\u00f5es.<\/p>\n<ol>\n<li>De acordo com as recomenda\u00e7\u00f5es do projetista geral, o fornecedor tem o direito de alterar a qualidade mencionada dos itens do fornecedor e dos agregados instalados no helic\u00f3ptero com o acordo pr\u00e9vio do cliente.<\/li>\n<li>O Fornecedor se reserva o direito de substituir os itens especificados por outros equivalentes, com caracter\u00edsticas t\u00e9cnicas e operacionais iguais ou melhores do que as listadas acima, mediante acordo pr\u00e9vio com o Cliente.<\/li>\n<\/ol>\n","protected":false},"excerpt":{"rendered":"<p>Ano: 1989<br \/>\nTempo total: 10249<br \/>\nAno desde a revis\u00e3o: Julho de 2020<br \/>\nTempo desde a revis\u00e3o: 0<\/p>\n<p>O recurso do helic\u00f3ptero ap\u00f3s o reparo \u00e9 de 2.000 horas de voo durante a vida \u00fatil de 8 anos.<\/p>\n","protected":false},"featured_media":4458,"comment_status":"closed","ping_status":"closed","template":"","meta":[],"product_brand":[],"product_cat":[138],"product_tag":[],"class_list":{"0":"post-4450","1":"product","2":"type-product","3":"status-publish","4":"has-post-thumbnail","5":"","6":"product_cat-helicopteros-a-venda","8":"first","9":"instock","10":"sold-individually","11":"shipping-taxable","12":"product-type-simple"},"yoast_head":"<!-- This site is optimized with the Yoast SEO Premium plugin v27.1 (Yoast SEO v27.1.1) - https:\/\/yoast.com\/product\/yoast-seo-premium-wordpress\/ -->\n<title>Helic\u00f3ptero de transporte Mi-8T de 1989 \u00e0 venda - revis\u00e3o de julho de 2020<\/title>\n<meta name=\"description\" content=\"Helic\u00f3ptero de transporte Mi-8T 1989 \u00e0 venda | 2020, julho - Tempo desde a revis\u00e3o: ZERO. O recurso do helic\u00f3ptero ap\u00f3s o reparo \u00e9 de 2.000 horas ou 8 anos\" \/>\n<meta name=\"robots\" content=\"index, follow, max-snippet:-1, max-image-preview:large, max-video-preview:-1\" \/>\n<link rel=\"canonical\" href=\"https:\/\/airsps.com\/pt-br\/estoque\/aeronaves-a-venda\/helicopteros-a-venda\/1989-mi-8t-transport-revisao-de-julho-de-2020\/\" \/>\n<script type=\"application\/ld+json\" class=\"yoast-schema-graph\">{\"@context\":\"https:\/\/schema.org\",\"@graph\":[{\"@type\":\"BreadcrumbList\",\"@id\":\"https:\/\/airsps.com\/pt-br\/estoque\/aeronaves-a-venda\/helicopteros-a-venda\/1989-mi-8t-transport-revisao-de-julho-de-2020\/#breadcrumb\",\"itemListElement\":[{\"@type\":\"ListItem\",\"position\":1,\"name\":\"Principal\",\"item\":\"https:\/\/airsps.com\/pt-br\/\"},{\"@type\":\"ListItem\",\"position\":2,\"name\":\"Estoque\",\"item\":\"https:\/\/airsps.com\/pt-br\/estoque\/\"},{\"@type\":\"ListItem\",\"position\":3,\"name\":\"Aeronaves \u00e0 venda\",\"item\":\"https:\/\/airsps.com\/pt-br\/dep\u00f3sito\/aeronaves-a-venda\/\"},{\"@type\":\"ListItem\",\"position\":4,\"name\":\"Helic\u00f3pteros \u00e0 venda\",\"item\":\"https:\/\/airsps.com\/pt-br\/dep\u00f3sito\/aeronaves-a-venda\/helicopteros-a-venda\/\"},{\"@type\":\"ListItem\",\"position\":5,\"name\":\"1989 Mi-8T Transport Revis\u00e3o de julho de 2020\"}]}]}<\/script>\n<!-- \/ Yoast SEO Premium plugin. -->","yoast_head_json":{"title":"Helic\u00f3ptero de transporte Mi-8T de 1989 \u00e0 venda - revis\u00e3o de julho de 2020","description":"Helic\u00f3ptero de transporte Mi-8T 1989 \u00e0 venda | 2020, julho - Tempo desde a revis\u00e3o: ZERO. O recurso do helic\u00f3ptero ap\u00f3s o reparo \u00e9 de 2.000 horas ou 8 anos","robots":{"index":"index","follow":"follow","max-snippet":"max-snippet:-1","max-image-preview":"max-image-preview:large","max-video-preview":"max-video-preview:-1"},"canonical":"https:\/\/airsps.com\/pt-br\/estoque\/aeronaves-a-venda\/helicopteros-a-venda\/1989-mi-8t-transport-revisao-de-julho-de-2020\/","schema":{"@context":"https:\/\/schema.org","@graph":[{"@type":"BreadcrumbList","@id":"https:\/\/airsps.com\/pt-br\/estoque\/aeronaves-a-venda\/helicopteros-a-venda\/1989-mi-8t-transport-revisao-de-julho-de-2020\/#breadcrumb","itemListElement":[{"@type":"ListItem","position":1,"name":"Principal","item":"https:\/\/airsps.com\/pt-br\/"},{"@type":"ListItem","position":2,"name":"Estoque","item":"https:\/\/airsps.com\/pt-br\/estoque\/"},{"@type":"ListItem","position":3,"name":"Aeronaves \u00e0 venda","item":"https:\/\/airsps.com\/pt-br\/dep\u00f3sito\/aeronaves-a-venda\/"},{"@type":"ListItem","position":4,"name":"Helic\u00f3pteros \u00e0 venda","item":"https:\/\/airsps.com\/pt-br\/dep\u00f3sito\/aeronaves-a-venda\/helicopteros-a-venda\/"},{"@type":"ListItem","position":5,"name":"1989 Mi-8T Transport Revis\u00e3o de julho de 2020"}]}]}},"_links":{"self":[{"href":"https:\/\/airsps.com\/pt-br\/wp-json\/wp\/v2\/product\/4450","targetHints":{"allow":["GET"]}}],"collection":[{"href":"https:\/\/airsps.com\/pt-br\/wp-json\/wp\/v2\/product"}],"about":[{"href":"https:\/\/airsps.com\/pt-br\/wp-json\/wp\/v2\/types\/product"}],"replies":[{"embeddable":true,"href":"https:\/\/airsps.com\/pt-br\/wp-json\/wp\/v2\/comments?post=4450"}],"wp:featuredmedia":[{"embeddable":true,"href":"https:\/\/airsps.com\/pt-br\/wp-json\/wp\/v2\/media\/4458"}],"wp:attachment":[{"href":"https:\/\/airsps.com\/pt-br\/wp-json\/wp\/v2\/media?parent=4450"}],"wp:term":[{"taxonomy":"product_brand","embeddable":true,"href":"https:\/\/airsps.com\/pt-br\/wp-json\/wp\/v2\/product_brand?post=4450"},{"taxonomy":"product_cat","embeddable":true,"href":"https:\/\/airsps.com\/pt-br\/wp-json\/wp\/v2\/product_cat?post=4450"},{"taxonomy":"product_tag","embeddable":true,"href":"https:\/\/airsps.com\/pt-br\/wp-json\/wp\/v2\/product_tag?post=4450"}],"curies":[{"name":"wp","href":"https:\/\/api.w.org\/{rel}","templated":true}]}}