{"id":4412,"date":"2023-04-13T06:38:16","date_gmt":"2023-04-13T06:38:16","guid":{"rendered":"https:\/\/airsps.com\/stock\/sem categoria\/1981-1985-l-39-jet-trainer\/"},"modified":"2025-08-13T16:10:50","modified_gmt":"2025-08-13T16:10:50","slug":"1981-1985-l-39-jet-trainer","status":"publish","type":"product","link":"https:\/\/airsps.com\/pt-br\/estoque\/aeronaves-a-venda\/avioes-de-carga-a-venda\/1981-1985-l-39-jet-trainer\/","title":{"rendered":"1981-1985 L-39 Jet Trainer"},"content":{"rendered":"<p>Voc\u00ea est\u00e1 procurando um treinador a jato de alto desempenho? N\u00e3o procure mais do que o L-39 Albatros! Constru\u00edda pela Aero Vodochody, essa aeronave vers\u00e1til e \u00e1gil tem sido usada por for\u00e7as armadas em todo o mundo h\u00e1 d\u00e9cadas.<\/p>\n<p>Na AirSPS, somos especializados na venda de aeronaves L-39 Jet Trainer Albatros. Com nosso amplo estoque e conhecimento especializado desses avi\u00f5es, temos certeza de que podemos ajud\u00e1-lo a encontrar o modelo perfeito para atender \u00e0s suas necessidades.<\/p>\n<p>O L-39 Albatros \u00e9 conhecido por sua excepcional capacidade de manobra, motor potente e sistemas avi\u00f4nicos avan\u00e7ados. Capaz de atingir velocidades de at\u00e9 750 km\/h e subir a altitudes de mais de 11.000 metros, essa aeronave \u00e9 ideal para pilotos que desejam levar suas habilidades para o pr\u00f3ximo n\u00edvel.<\/p>\n<p>Mas a compra de uma aeronave \u00e9 um investimento significativo, e \u00e9 por isso que nossa equipe na AirSPS tem o compromisso de oferecer aos nossos clientes o melhor servi\u00e7o e suporte poss\u00edveis. Entendemos a import\u00e2ncia de encontrar a aeronave certa, as op\u00e7\u00f5es de financiamento e a organiza\u00e7\u00e3o dos servi\u00e7os de entrega e manuten\u00e7\u00e3o.<\/p>\n<p>Al\u00e9m de nossa sele\u00e7\u00e3o de aeronaves L-39 Jet Trainer Albatros <a title=\"Aeronaves \u00e0 venda\" href=\"https:\/\/airsps.com\/depot\/aircraft-for-sale\/\" rel=\"\">para venda<\/a>, tamb\u00e9m oferecemos uma gama de servi\u00e7os relacionados \u00e0 avia\u00e7\u00e3o para ajud\u00e1-lo a obter o m\u00e1ximo de seu investimento. De manuten\u00e7\u00e3o e reparo a pe\u00e7as e acess\u00f3rios, temos tudo o que voc\u00ea precisa para manter sua aeronave funcionando sem problemas.<\/p>\n<p>Nossa equipe de especialistas em avia\u00e7\u00e3o, com conhecimento e experi\u00eancia, est\u00e1 aqui para ajud\u00e1-lo em cada etapa do processo. Temos orgulho em oferecer aos nossos clientes aten\u00e7\u00e3o personalizada e servi\u00e7o de alta qualidade, garantindo que sua experi\u00eancia conosco seja excepcional.<\/p>\n<p>Portanto, se estiver pronto para levar seu voo para o pr\u00f3ximo n\u00edvel com um L-39 Jet Trainer Albatros, entre em contato conosco hoje mesmo para saber mais sobre nosso estoque e servi\u00e7os. Estamos ansiosos para ajud\u00e1-lo a atingir suas metas de avia\u00e7\u00e3o e tornar seus sonhos de voar uma realidade!<\/p>\n","protected":false},"excerpt":{"rendered":"<p>#1<br \/>\nYear: 1985<br \/>\nTotal Time: 1953<br \/>\nYear of last overhaul: 1991<br \/>\nTime since last overhaul: 454<\/p>\n<p>#2<br \/>\nYear: 1981<br \/>\nTotal Time: 2122<br \/>\nYear of last overhaul: 1992<br \/>\nTime since last overhaul: 607<\/p>\n<p>#3<br \/>\nYear: 1981<br \/>\nTotal time: 1633<br \/>\nYear of last overhaul: 1991<br \/>\nTime since last overhaul: 230<\/p>\n<p>#4<br \/>\nYear: 1981<br \/>\nTotal time: 1599<br \/>\nYear of last overhaul: 1992<br \/>\nTime since last overhaul: 230<\/p>\n<p>#5<br \/>\nYear: 1981<br \/>\nTotal Time: 1894<br \/>\nYear of last overhaul: 1991<br \/>\nTime since last overhaul: 470<\/p>\n","protected":false},"featured_media":4413,"comment_status":"closed","ping_status":"closed","template":"","meta":[],"product_brand":[],"product_cat":[140],"product_tag":[],"class_list":{"0":"post-4412","1":"product","2":"type-product","3":"status-publish","4":"has-post-thumbnail","5":"","6":"product_cat-avioes-de-carga-a-venda","8":"first","9":"instock","10":"sold-individually","11":"shipping-taxable","12":"product-type-simple"},"yoast_head":"<!-- This site is optimized with the Yoast SEO Premium plugin v27.1 (Yoast SEO v27.1.1) - https:\/\/yoast.com\/product\/yoast-seo-premium-wordpress\/ -->\n<title>1981-1985 L-39 Jet Trainer para venda &#8212; Requer revis\u00e3o<\/title>\n<meta name=\"description\" content=\"L-39 Jet Trainer for Sale | Requires Overhaul | Atualmente, h\u00e1 5 aeronaves de treinamento produzidas em 1981-1985. Compra r\u00e1pida\" \/>\n<meta name=\"robots\" content=\"index, follow, max-snippet:-1, max-image-preview:large, max-video-preview:-1\" \/>\n<link rel=\"canonical\" href=\"https:\/\/airsps.com\/pt-br\/estoque\/aeronaves-a-venda\/avioes-de-carga-a-venda\/1981-1985-l-39-jet-trainer\/\" \/>\n<script type=\"application\/ld+json\" class=\"yoast-schema-graph\">{\"@context\":\"https:\/\/schema.org\",\"@graph\":[{\"@type\":\"BreadcrumbList\",\"@id\":\"https:\/\/airsps.com\/pt-br\/estoque\/aeronaves-a-venda\/avioes-de-carga-a-venda\/1981-1985-l-39-jet-trainer\/#breadcrumb\",\"itemListElement\":[{\"@type\":\"ListItem\",\"position\":1,\"name\":\"Principal\",\"item\":\"https:\/\/airsps.com\/pt-br\/\"},{\"@type\":\"ListItem\",\"position\":2,\"name\":\"Estoque\",\"item\":\"https:\/\/airsps.com\/pt-br\/estoque\/\"},{\"@type\":\"ListItem\",\"position\":3,\"name\":\"Aeronaves \u00e0 venda\",\"item\":\"https:\/\/airsps.com\/pt-br\/dep\u00f3sito\/aeronaves-a-venda\/\"},{\"@type\":\"ListItem\",\"position\":4,\"name\":\"Avi\u00f5es de transporte e carga \u00e0 venda\",\"item\":\"https:\/\/airsps.com\/pt-br\/dep\u00f3sito\/aeronaves-a-venda\/avioes-de-carga-a-venda\/\"},{\"@type\":\"ListItem\",\"position\":5,\"name\":\"1981-1985 L-39 Jet Trainer\"}]}]}<\/script>\n<!-- \/ Yoast SEO Premium plugin. -->","yoast_head_json":{"title":"1981-1985 L-39 Jet Trainer para venda &#8212; Requer revis\u00e3o","description":"L-39 Jet Trainer for Sale | Requires Overhaul | Atualmente, h\u00e1 5 aeronaves de treinamento produzidas em 1981-1985. Compra r\u00e1pida","robots":{"index":"index","follow":"follow","max-snippet":"max-snippet:-1","max-image-preview":"max-image-preview:large","max-video-preview":"max-video-preview:-1"},"canonical":"https:\/\/airsps.com\/pt-br\/estoque\/aeronaves-a-venda\/avioes-de-carga-a-venda\/1981-1985-l-39-jet-trainer\/","schema":{"@context":"https:\/\/schema.org","@graph":[{"@type":"BreadcrumbList","@id":"https:\/\/airsps.com\/pt-br\/estoque\/aeronaves-a-venda\/avioes-de-carga-a-venda\/1981-1985-l-39-jet-trainer\/#breadcrumb","itemListElement":[{"@type":"ListItem","position":1,"name":"Principal","item":"https:\/\/airsps.com\/pt-br\/"},{"@type":"ListItem","position":2,"name":"Estoque","item":"https:\/\/airsps.com\/pt-br\/estoque\/"},{"@type":"ListItem","position":3,"name":"Aeronaves \u00e0 venda","item":"https:\/\/airsps.com\/pt-br\/dep\u00f3sito\/aeronaves-a-venda\/"},{"@type":"ListItem","position":4,"name":"Avi\u00f5es de transporte e carga \u00e0 venda","item":"https:\/\/airsps.com\/pt-br\/dep\u00f3sito\/aeronaves-a-venda\/avioes-de-carga-a-venda\/"},{"@type":"ListItem","position":5,"name":"1981-1985 L-39 Jet Trainer"}]}]}},"_links":{"self":[{"href":"https:\/\/airsps.com\/pt-br\/wp-json\/wp\/v2\/product\/4412","targetHints":{"allow":["GET"]}}],"collection":[{"href":"https:\/\/airsps.com\/pt-br\/wp-json\/wp\/v2\/product"}],"about":[{"href":"https:\/\/airsps.com\/pt-br\/wp-json\/wp\/v2\/types\/product"}],"replies":[{"embeddable":true,"href":"https:\/\/airsps.com\/pt-br\/wp-json\/wp\/v2\/comments?post=4412"}],"wp:featuredmedia":[{"embeddable":true,"href":"https:\/\/airsps.com\/pt-br\/wp-json\/wp\/v2\/media\/4413"}],"wp:attachment":[{"href":"https:\/\/airsps.com\/pt-br\/wp-json\/wp\/v2\/media?parent=4412"}],"wp:term":[{"taxonomy":"product_brand","embeddable":true,"href":"https:\/\/airsps.com\/pt-br\/wp-json\/wp\/v2\/product_brand?post=4412"},{"taxonomy":"product_cat","embeddable":true,"href":"https:\/\/airsps.com\/pt-br\/wp-json\/wp\/v2\/product_cat?post=4412"},{"taxonomy":"product_tag","embeddable":true,"href":"https:\/\/airsps.com\/pt-br\/wp-json\/wp\/v2\/product_tag?post=4412"}],"curies":[{"name":"wp","href":"https:\/\/api.w.org\/{rel}","templated":true}]}}