{"id":4310,"date":"2023-04-17T07:30:27","date_gmt":"2023-04-17T07:30:27","guid":{"rendered":"https:\/\/airsps.com\/stock\/sem categoria\/2019-mi-8amt-transport-519-horas\/"},"modified":"2025-08-13T15:57:24","modified_gmt":"2025-08-13T15:57:24","slug":"2019-mi-8amt-transport-519-horas","status":"publish","type":"product","link":"https:\/\/airsps.com\/pt-br\/estoque\/aeronaves-a-venda\/helicopteros-a-venda\/2019-mi-8amt-transport-519-horas\/","title":{"rendered":"2019 Mi-8AMT Transport 519 horas"},"content":{"rendered":"<p>Uma das principais caracter\u00edsticas do Mi-8 \u00e9 sua multifuncionalidade &#8211; ele pode realizar uma ampla gama de tarefas, incluindo transporte de passageiros e cargas, opera\u00e7\u00f5es de busca e resgate, combate a inc\u00eandios e apoio offshore. Esse helic\u00f3ptero tamb\u00e9m \u00e9 amplamente utilizado no setor de turismo para proporcionar aventuras tur\u00edsticas de tirar o f\u00f4lego.<br \/>\nAs capacidades excepcionais de desempenho do Mi-8 o tornam ideal para operar em condi\u00e7\u00f5es extremas, como grandes altitudes, clima severo e temperaturas quentes. Seu design robusto e recursos avan\u00e7ados de seguran\u00e7a garantem que os passageiros e a tripula\u00e7\u00e3o estejam protegidos o tempo todo.<\/p>\n<p>Al\u00e9m disso, o Mi-8 se destaca por sua confiabilidade e durabilidade, o que o torna um excelente investimento para empresas ou organiza\u00e7\u00f5es que procuram um helic\u00f3ptero de alta qualidade capaz de realizar qualquer tarefa. O helic\u00f3ptero \u00e9 equipado com motores potentes que lhe permitem voar em alta velocidade por longos per\u00edodos, o que o torna uma escolha popular para o transporte de longa dist\u00e2ncia.<\/p>\n<p>Para as empresas que est\u00e3o lan\u00e7ando novos empreendimentos de transporte de carga, o Mi-8 \u00e9 uma excelente op\u00e7\u00e3o, pois pode transportar at\u00e9 4,5 toneladas de carga em dist\u00e2ncias de at\u00e9 480 km. Isso torna o helic\u00f3ptero a escolha ideal para opera\u00e7\u00f5es em \u00e1reas remotas, onde outros meios de transporte podem ser impratic\u00e1veis.<br \/>\nAs tecnologias inovadoras usadas no Mi-8 o tornam confort\u00e1vel e seguro para os passageiros. O helic\u00f3ptero \u00e9 equipado com piloto autom\u00e1tico, sistema de controle digital e equipamento de resgate de emerg\u00eancia certificado, garantindo seguran\u00e7a m\u00e1xima.<\/p>\n<p>Com seu excelente desempenho, versatilidade e confiabilidade, o Mi-8 tornou-se parte integrante da vida de muitas pessoas em v\u00e1rios pa\u00edses do mundo. Se voc\u00ea estiver procurando um helic\u00f3ptero que possa resolver qualquer desafio, vale a pena considerar o Mi-8.<\/p>\n","protected":false},"excerpt":{"rendered":"<p>Ano: 2017 (2 unid.)<br \/>\nRecurso de helic\u00f3ptero: 18000<br \/>\nTempo entre revis\u00f5es: 2000<br \/>\nVida \u00fatil operacional: 35 anos<\/p>\n<p>#1<br \/>\nTempo total: 519<br \/>\nRecurso restante: 17481<br \/>\nO restante do recurso entre reparos: 1481<\/p>\n<p>#2<br \/>\nTempo total: 999<br \/>\nRecurso restante: 17001<br \/>\nO restante do recurso entre reparos: 1001<\/p>\n<p>O helic\u00f3ptero civil de transporte Mi-8 \u00e9 uma aeronave vers\u00e1til e confi\u00e1vel que tem servido a v\u00e1rios setores por muitas d\u00e9cadas. Com seus motores potentes, sistemas avi\u00f4nicos avan\u00e7ados e cabine espa\u00e7osa, o Mi-8 \u00e9 uma excelente op\u00e7\u00e3o para o transporte de passageiros e cargas em v\u00e1rios ambientes.<\/p>\n","protected":false},"featured_media":4323,"comment_status":"closed","ping_status":"closed","template":"","meta":[],"product_brand":[],"product_cat":[138],"product_tag":[],"class_list":{"0":"post-4310","1":"product","2":"type-product","3":"status-publish","4":"has-post-thumbnail","5":"","6":"product_cat-helicopteros-a-venda","8":"first","9":"instock","10":"sold-individually","11":"shipping-taxable","12":"product-type-simple"},"yoast_head":"<!-- This site is optimized with the Yoast SEO Premium plugin v27.1 (Yoast SEO v27.1.1) - https:\/\/yoast.com\/product\/yoast-seo-premium-wordpress\/ -->\n<title>Helic\u00f3ptero de transporte Mi-8AMT 2019 para venda | Tempo total 519 horas<\/title>\n<meta name=\"description\" content=\"Helic\u00f3ptero de transporte Mi-8AMT para venda | 2019 Tempo total: 519 horas. O recurso do helic\u00f3ptero ap\u00f3s o reparo \u00e9 de 925 horas\" \/>\n<meta name=\"robots\" content=\"index, follow, max-snippet:-1, max-image-preview:large, max-video-preview:-1\" \/>\n<link rel=\"canonical\" href=\"https:\/\/airsps.com\/pt-br\/estoque\/aeronaves-a-venda\/helicopteros-a-venda\/2019-mi-8amt-transport-519-horas\/\" \/>\n<script type=\"application\/ld+json\" class=\"yoast-schema-graph\">{\"@context\":\"https:\/\/schema.org\",\"@graph\":[{\"@type\":\"BreadcrumbList\",\"@id\":\"https:\/\/airsps.com\/pt-br\/estoque\/aeronaves-a-venda\/helicopteros-a-venda\/2019-mi-8amt-transport-519-horas\/#breadcrumb\",\"itemListElement\":[{\"@type\":\"ListItem\",\"position\":1,\"name\":\"Principal\",\"item\":\"https:\/\/airsps.com\/pt-br\/\"},{\"@type\":\"ListItem\",\"position\":2,\"name\":\"Estoque\",\"item\":\"https:\/\/airsps.com\/pt-br\/estoque\/\"},{\"@type\":\"ListItem\",\"position\":3,\"name\":\"Aeronaves \u00e0 venda\",\"item\":\"https:\/\/airsps.com\/pt-br\/dep\u00f3sito\/aeronaves-a-venda\/\"},{\"@type\":\"ListItem\",\"position\":4,\"name\":\"Helic\u00f3pteros \u00e0 venda\",\"item\":\"https:\/\/airsps.com\/pt-br\/dep\u00f3sito\/aeronaves-a-venda\/helicopteros-a-venda\/\"},{\"@type\":\"ListItem\",\"position\":5,\"name\":\"2019 Mi-8AMT Transport 519 horas\"}]}]}<\/script>\n<!-- \/ Yoast SEO Premium plugin. -->","yoast_head_json":{"title":"Helic\u00f3ptero de transporte Mi-8AMT 2019 para venda | Tempo total 519 horas","description":"Helic\u00f3ptero de transporte Mi-8AMT para venda | 2019 Tempo total: 519 horas. O recurso do helic\u00f3ptero ap\u00f3s o reparo \u00e9 de 925 horas","robots":{"index":"index","follow":"follow","max-snippet":"max-snippet:-1","max-image-preview":"max-image-preview:large","max-video-preview":"max-video-preview:-1"},"canonical":"https:\/\/airsps.com\/pt-br\/estoque\/aeronaves-a-venda\/helicopteros-a-venda\/2019-mi-8amt-transport-519-horas\/","schema":{"@context":"https:\/\/schema.org","@graph":[{"@type":"BreadcrumbList","@id":"https:\/\/airsps.com\/pt-br\/estoque\/aeronaves-a-venda\/helicopteros-a-venda\/2019-mi-8amt-transport-519-horas\/#breadcrumb","itemListElement":[{"@type":"ListItem","position":1,"name":"Principal","item":"https:\/\/airsps.com\/pt-br\/"},{"@type":"ListItem","position":2,"name":"Estoque","item":"https:\/\/airsps.com\/pt-br\/estoque\/"},{"@type":"ListItem","position":3,"name":"Aeronaves \u00e0 venda","item":"https:\/\/airsps.com\/pt-br\/dep\u00f3sito\/aeronaves-a-venda\/"},{"@type":"ListItem","position":4,"name":"Helic\u00f3pteros \u00e0 venda","item":"https:\/\/airsps.com\/pt-br\/dep\u00f3sito\/aeronaves-a-venda\/helicopteros-a-venda\/"},{"@type":"ListItem","position":5,"name":"2019 Mi-8AMT Transport 519 horas"}]}]}},"_links":{"self":[{"href":"https:\/\/airsps.com\/pt-br\/wp-json\/wp\/v2\/product\/4310","targetHints":{"allow":["GET"]}}],"collection":[{"href":"https:\/\/airsps.com\/pt-br\/wp-json\/wp\/v2\/product"}],"about":[{"href":"https:\/\/airsps.com\/pt-br\/wp-json\/wp\/v2\/types\/product"}],"replies":[{"embeddable":true,"href":"https:\/\/airsps.com\/pt-br\/wp-json\/wp\/v2\/comments?post=4310"}],"wp:featuredmedia":[{"embeddable":true,"href":"https:\/\/airsps.com\/pt-br\/wp-json\/wp\/v2\/media\/4323"}],"wp:attachment":[{"href":"https:\/\/airsps.com\/pt-br\/wp-json\/wp\/v2\/media?parent=4310"}],"wp:term":[{"taxonomy":"product_brand","embeddable":true,"href":"https:\/\/airsps.com\/pt-br\/wp-json\/wp\/v2\/product_brand?post=4310"},{"taxonomy":"product_cat","embeddable":true,"href":"https:\/\/airsps.com\/pt-br\/wp-json\/wp\/v2\/product_cat?post=4310"},{"taxonomy":"product_tag","embeddable":true,"href":"https:\/\/airsps.com\/pt-br\/wp-json\/wp\/v2\/product_tag?post=4310"}],"curies":[{"name":"wp","href":"https:\/\/api.w.org\/{rel}","templated":true}]}}