{"id":4296,"date":"2023-05-05T04:01:06","date_gmt":"2023-05-05T04:01:06","guid":{"rendered":"https:\/\/airsps.com\/stock\/sem categoria\/1984-il-76td-carga-cargueiro-valido\/"},"modified":"2023-05-05T04:01:06","modified_gmt":"2023-05-05T04:01:06","slug":"1984-il-76td-carga-cargueiro-valido","status":"publish","type":"product","link":"https:\/\/airsps.com\/pt-br\/estoque\/aeronaves-a-venda\/avioes-de-carga-a-venda\/1984-il-76td-carga-cargueiro-valido\/","title":{"rendered":"1984 IL-76TD Carga\/Cargueiro (V\u00e1lido)"},"content":{"rendered":"<p>\u00c0 venda: Aeronave de transporte pesado IL-76TD da Ilyushin &#8211; uma m\u00e1quina confi\u00e1vel e potente com capacidade de carga e alcance formid\u00e1veis.<\/p>\n<p>O IL-76TD tamb\u00e9m \u00e9 capaz de operar em pistas pavimentadas e n\u00e3o pavimentadas, o que o torna uma excelente op\u00e7\u00e3o para ambientes desafiadores e locais remotos. Seu projeto robusto e o trem de pouso refor\u00e7ado garantem uma opera\u00e7\u00e3o segura e confi\u00e1vel, mesmo em terrenos acidentados.<\/p>\n<p>Ideal para opera\u00e7\u00f5es de resposta a emerg\u00eancias e al\u00edvio de desastres, o espa\u00e7oso compartimento de carga do IL-76TD pode acomodar suprimentos essenciais, equipamentos e pessoal, transportando-os de forma r\u00e1pida e eficiente para as \u00e1reas afetadas.<\/p>\n<p>A cabine de comando e os sistemas de navega\u00e7\u00e3o avan\u00e7ados do IL-76TD permitem que os pilotos operem com seguran\u00e7a e efic\u00e1cia em todas as condi\u00e7\u00f5es clim\u00e1ticas. O sistema de piloto autom\u00e1tico ajuda a reduzir a carga de trabalho do piloto, permitindo que ele se concentre em outros aspectos essenciais do voo.<\/p>\n<p>De modo geral, o IL-76TD \u00e9 uma aeronave vers\u00e1til e confi\u00e1vel que pode transformar suas opera\u00e7\u00f5es comerciais. Entre em contato conosco hoje mesmo para saber mais sobre como essa m\u00e1quina impressionante pode ajud\u00e1-lo a atingir suas metas.<\/p>\n","protected":false},"excerpt":{"rendered":"<p>Ano: 1984<br \/>\nTempo total: 5620<br \/>\nCertificado de aeronavegabilidade: V\u00e1lidoCertificado de aeronavegabilidade: V\u00e1lido<\/p>\n<p>Equipado com motores e avi\u00f4nicos avan\u00e7ados, o IL-76TD oferece confiabilidade e efici\u00eancia imbat\u00edveis no transporte a\u00e9reo. Capaz de transportar at\u00e9 50 toneladas de carga por dist\u00e2ncias de at\u00e9 4.000 km sem reabastecimento.<\/p>\n","protected":false},"featured_media":4297,"comment_status":"closed","ping_status":"closed","template":"","meta":[],"product_brand":[],"product_cat":[140],"product_tag":[],"class_list":{"0":"post-4296","1":"product","2":"type-product","3":"status-publish","4":"has-post-thumbnail","5":"","6":"product_cat-avioes-de-carga-a-venda","8":"first","9":"instock","10":"sold-individually","11":"shipping-taxable","12":"product-type-simple"},"yoast_head":"<!-- This site is optimized with the Yoast SEO Premium plugin v27.1 (Yoast SEO v27.1.1) - https:\/\/yoast.com\/product\/yoast-seo-premium-wordpress\/ -->\n<title>Avi\u00e3o de carga IL-76TD 1984 para venda &#8212; Certificado de aeronavegabilidade v\u00e1lido<\/title>\n<meta name=\"description\" content=\"Avi\u00e3o de carga\/cargueiro IL-76TD | A aeronave possui um certificado de aeronavegabilidade v\u00e1lido | Aeronave de transporte pesado para transporte a\u00e9reo de carga\" \/>\n<meta name=\"robots\" content=\"index, follow, max-snippet:-1, max-image-preview:large, max-video-preview:-1\" \/>\n<link rel=\"canonical\" href=\"https:\/\/airsps.com\/pt-br\/estoque\/aeronaves-a-venda\/avioes-de-carga-a-venda\/1984-il-76td-carga-cargueiro-valido\/\" \/>\n<script type=\"application\/ld+json\" class=\"yoast-schema-graph\">{\"@context\":\"https:\/\/schema.org\",\"@graph\":[{\"@type\":\"BreadcrumbList\",\"@id\":\"https:\/\/airsps.com\/pt-br\/estoque\/aeronaves-a-venda\/avioes-de-carga-a-venda\/1984-il-76td-carga-cargueiro-valido\/#breadcrumb\",\"itemListElement\":[{\"@type\":\"ListItem\",\"position\":1,\"name\":\"Principal\",\"item\":\"https:\/\/airsps.com\/pt-br\/\"},{\"@type\":\"ListItem\",\"position\":2,\"name\":\"Estoque\",\"item\":\"https:\/\/airsps.com\/pt-br\/estoque\/\"},{\"@type\":\"ListItem\",\"position\":3,\"name\":\"Aeronaves \u00e0 venda\",\"item\":\"https:\/\/airsps.com\/pt-br\/dep\u00f3sito\/aeronaves-a-venda\/\"},{\"@type\":\"ListItem\",\"position\":4,\"name\":\"Avi\u00f5es de transporte e carga \u00e0 venda\",\"item\":\"https:\/\/airsps.com\/pt-br\/dep\u00f3sito\/aeronaves-a-venda\/avioes-de-carga-a-venda\/\"},{\"@type\":\"ListItem\",\"position\":5,\"name\":\"1984 IL-76TD Carga\/Cargueiro (V\u00e1lido)\"}]}]}<\/script>\n<!-- \/ Yoast SEO Premium plugin. -->","yoast_head_json":{"title":"Avi\u00e3o de carga IL-76TD 1984 para venda &#8212; Certificado de aeronavegabilidade v\u00e1lido","description":"Avi\u00e3o de carga\/cargueiro IL-76TD | A aeronave possui um certificado de aeronavegabilidade v\u00e1lido | Aeronave de transporte pesado para transporte a\u00e9reo de carga","robots":{"index":"index","follow":"follow","max-snippet":"max-snippet:-1","max-image-preview":"max-image-preview:large","max-video-preview":"max-video-preview:-1"},"canonical":"https:\/\/airsps.com\/pt-br\/estoque\/aeronaves-a-venda\/avioes-de-carga-a-venda\/1984-il-76td-carga-cargueiro-valido\/","schema":{"@context":"https:\/\/schema.org","@graph":[{"@type":"BreadcrumbList","@id":"https:\/\/airsps.com\/pt-br\/estoque\/aeronaves-a-venda\/avioes-de-carga-a-venda\/1984-il-76td-carga-cargueiro-valido\/#breadcrumb","itemListElement":[{"@type":"ListItem","position":1,"name":"Principal","item":"https:\/\/airsps.com\/pt-br\/"},{"@type":"ListItem","position":2,"name":"Estoque","item":"https:\/\/airsps.com\/pt-br\/estoque\/"},{"@type":"ListItem","position":3,"name":"Aeronaves \u00e0 venda","item":"https:\/\/airsps.com\/pt-br\/dep\u00f3sito\/aeronaves-a-venda\/"},{"@type":"ListItem","position":4,"name":"Avi\u00f5es de transporte e carga \u00e0 venda","item":"https:\/\/airsps.com\/pt-br\/dep\u00f3sito\/aeronaves-a-venda\/avioes-de-carga-a-venda\/"},{"@type":"ListItem","position":5,"name":"1984 IL-76TD Carga\/Cargueiro (V\u00e1lido)"}]}]}},"_links":{"self":[{"href":"https:\/\/airsps.com\/pt-br\/wp-json\/wp\/v2\/product\/4296","targetHints":{"allow":["GET"]}}],"collection":[{"href":"https:\/\/airsps.com\/pt-br\/wp-json\/wp\/v2\/product"}],"about":[{"href":"https:\/\/airsps.com\/pt-br\/wp-json\/wp\/v2\/types\/product"}],"replies":[{"embeddable":true,"href":"https:\/\/airsps.com\/pt-br\/wp-json\/wp\/v2\/comments?post=4296"}],"wp:featuredmedia":[{"embeddable":true,"href":"https:\/\/airsps.com\/pt-br\/wp-json\/wp\/v2\/media\/4297"}],"wp:attachment":[{"href":"https:\/\/airsps.com\/pt-br\/wp-json\/wp\/v2\/media?parent=4296"}],"wp:term":[{"taxonomy":"product_brand","embeddable":true,"href":"https:\/\/airsps.com\/pt-br\/wp-json\/wp\/v2\/product_brand?post=4296"},{"taxonomy":"product_cat","embeddable":true,"href":"https:\/\/airsps.com\/pt-br\/wp-json\/wp\/v2\/product_cat?post=4296"},{"taxonomy":"product_tag","embeddable":true,"href":"https:\/\/airsps.com\/pt-br\/wp-json\/wp\/v2\/product_tag?post=4296"}],"curies":[{"name":"wp","href":"https:\/\/api.w.org\/{rel}","templated":true}]}}