{"id":4286,"date":"2024-08-07T12:31:01","date_gmt":"2024-08-07T12:31:01","guid":{"rendered":"https:\/\/airsps.com\/stock\/sem categoria\/2022-mi-171e-transporte-passageiro-novo\/"},"modified":"2024-08-07T12:31:01","modified_gmt":"2024-08-07T12:31:01","slug":"2022-mi-171e-transporte-passageiro-novo","status":"publish","type":"product","link":"https:\/\/airsps.com\/pt-br\/estoque\/aeronaves-a-venda\/helicopteros-a-venda\/2022-mi-171e-transporte-passageiro-novo\/","title":{"rendered":"2022 Mi-171E Transporte \/ Passageiro NOVO"},"content":{"rendered":"<h2>Dados comuns<\/h2>\n<p>O helic\u00f3ptero Mi-171E \u00e9 uma vers\u00e3o aprimorada do mundialmente famoso helic\u00f3ptero Mi-8. Foram produzidos mais de 12 mil helic\u00f3pteros Mi-8\/Mi-17\/Mi-171, dos quais cerca de 4.000 foram exportados. Atualmente, os helic\u00f3pteros Mi-8\/Mi-17 s\u00e3o operados em mais de 80 pa\u00edses em todo o mundo. O tempo total de voo desses helic\u00f3pteros ultrapassa 35 milh\u00f5es de horas.<\/p>\n<p>O projeto, os materiais usados, a documenta\u00e7\u00e3o, a tecnologia de fabrica\u00e7\u00e3o e as caracter\u00edsticas do helic\u00f3ptero garantem sua opera\u00e7\u00e3o segura. O helic\u00f3ptero \u00e9 operado em todas as condi\u00e7\u00f5es clim\u00e1ticas: em terra, no mar, em qualquer zona microclim\u00e1tica, incluindo climas marinhos, tropicais e frios, sob a influ\u00eancia de neblina e \u00e1gua do mar.<\/p>\n<p>O helic\u00f3ptero pode ser operado em temperaturas externas de 50\u00b0C negativos a 50\u00b0C positivos e umidade relativa de at\u00e9 100%.<\/p>\n<h2>Principais objetivos do Mi-171E<\/h2>\n<p>O Mi-171E foi projetado para resolver uma ampla gama de tarefas. Quando o equipamento adequado \u00e9 instalado, o helic\u00f3ptero pode ser usado para realizar as seguintes opera\u00e7\u00f5es b\u00e1sicas:<\/p>\n<ul>\n<li>transporte de passageiros;<\/li>\n<li>transporte de carga de at\u00e9 4.000 kg dentro da carga;<\/li>\n<li>compartimento\/em um sling externo;<\/li>\n<li>opera\u00e7\u00f5es de busca e resgate;<\/li>\n<li>evacua\u00e7\u00e3o de at\u00e9 12 pessoas em macas sanit\u00e1rias e ambul\u00e2ncia<\/li>\n<li>obras de constru\u00e7\u00e3o e instala\u00e7\u00e3o;<\/li>\n<li>patrulhamento;<\/li>\n<li>combate a inc\u00eandios.<\/li>\n<\/ul>\n<h2>Manuten\u00e7\u00e3o e vida \u00fatil<\/h2>\n<p>A manuten\u00e7\u00e3o do helic\u00f3ptero Mi-171E \u00e9 realizada de acordo com as horas de voo da fuselagem e, sujeita \u00e0 implementa\u00e7\u00e3o oportuna e de alta qualidade dos procedimentos designados, garante o n\u00edvel necess\u00e1rio de capacidade de servi\u00e7o e prontid\u00e3o do helic\u00f3ptero para voos.<\/p>\n<p>O cronograma de manuten\u00e7\u00e3o (MS) \u00e9 o principal documento operacional que define os objetos de manuten\u00e7\u00e3o (sistemas, subsistemas e objetos), a lista e a frequ\u00eancia dos procedimentos realizados.<\/p>\n<p>O cronograma de manuten\u00e7\u00e3o prev\u00ea os seguintes tipos de manuten\u00e7\u00e3o de helic\u00f3pteros:<\/p>\n<ul>\n<li>linha;<\/li>\n<li>peri\u00f3dico;<\/li>\n<li>especial;<\/li>\n<li>ao armazenar um helic\u00f3ptero;<\/li>\n<li>sazonal.<\/li>\n<\/ul>\n<h2>Servi\u00e7o de linha<\/h2>\n<p>A manuten\u00e7\u00e3o linear \u00e9 realizada no estande do helic\u00f3ptero, garante o uso do helic\u00f3ptero para a finalidade pretendida e inclui:<\/p>\n<ul>\n<li>Opera\u00e7\u00f5es preliminares (auxiliares);<\/li>\n<li>Trabalhar na inspe\u00e7\u00e3o visual, manuten\u00e7\u00e3o e monitoramento das condi\u00e7\u00f5es t\u00e9cnicas;<\/li>\n<li>Partida e estacionamento.<\/li>\n<\/ul>\n<h2>Manuten\u00e7\u00e3o peri\u00f3dica (opera\u00e7\u00f5es de manuten\u00e7\u00e3o programada)<\/h2>\n<p>A manuten\u00e7\u00e3o peri\u00f3dica \u00e9 atribu\u00edda ao TSN da estrutura em horas ou ap\u00f3s a \u00faltima revis\u00e3o e consiste em opera\u00e7\u00f5es do formul\u00e1rio b\u00e1sico F-1, realizadas a cada (50\u00b110) horas de voo do helic\u00f3ptero e trabalho auxiliar F = 2, 3, 4 e 5.<\/p>\n<p>A necessidade de realizar esses trabalhos \u00e9 determinada pelo tempo de opera\u00e7\u00e3o do helic\u00f3ptero a cada 100, 300, 500, 1.000 horas de voo, respectivamente, independentemente da toler\u00e2ncia permitida para a manuten\u00e7\u00e3o peri\u00f3dica anterior.<\/p>\n<p>Um padr\u00e3o uniforme de \u00b110 horas de tempo de voo \u00e9 estabelecido para todos os trabalhos de manuten\u00e7\u00e3o peri\u00f3dica. Ao realizar a manuten\u00e7\u00e3o em fases, \u00e9 permitido aumentar as horas de voo para \u00b120 horas para trabalhos com um intervalo de manuten\u00e7\u00e3o de 100 horas ou mais.<\/p>\n<p>Para motores, unidades e instrumentos, a manuten\u00e7\u00e3o \u00e9 atribu\u00edda com base nas horas de voo da estrutura. No caso de substitui\u00e7\u00e3o do motor (motores) ou de outros componentes devido \u00e0 expira\u00e7\u00e3o da vida \u00fatil ou antes do prazo, a manuten\u00e7\u00e3o deve ser realizada na forma necess\u00e1ria para as horas de voo da fuselagem e o trabalho auxiliar:<\/p>\n<ul>\n<li>diretamente relacionados \u00e0 substitui\u00e7\u00e3o do motor (motores) ou de seus componentes;<\/li>\n<li>relacionadas \u00e0 inspe\u00e7\u00e3o de partes estruturais da fuselagem e partes de sistemas de fornecimento de energia, cujo acesso s\u00f3 \u00e9 poss\u00edvel com o motor ou seus componentes removidos.<\/li>\n<\/ul>\n<p>A manuten\u00e7\u00e3o subsequente do motor (motores) e de outros componentes \u00e9 realizada de acordo com os formul\u00e1rios de manuten\u00e7\u00e3o correspondentes ao tempo de opera\u00e7\u00e3o da estrutura da aeronave.<\/p>\n<p>Para garantir uma opera\u00e7\u00e3o sem problemas do helic\u00f3ptero em v\u00e1rias condi\u00e7\u00f5es clim\u00e1ticas, sob condi\u00e7\u00f5es de opera\u00e7\u00e3o intensiva, ao executar tarefas especiais, bem como durante longos intervalos entre os voos, o oficial s\u00eanior do servi\u00e7o t\u00e9cnico de avia\u00e7\u00e3o da operadora tem o direito de solicitar trabalho adicional. ou uma forma peri\u00f3dica adicional de manuten\u00e7\u00e3o.<\/p>\n<h2>Manuten\u00e7\u00e3o especial (manuten\u00e7\u00e3o n\u00e3o programada)<\/h2>\n<p>A manuten\u00e7\u00e3o especial inclui o trabalho depois que o helic\u00f3ptero \u00e9 exposto a cargas causadas por condi\u00e7\u00f5es operacionais anormais, como:<\/p>\n<ul>\n<li>pouso for\u00e7ado;<\/li>\n<li>voar em um ar turbulento;<\/li>\n<li>voo em condi\u00e7\u00f5es de tempestade (queda de raio);<\/li>\n<li>voo em condi\u00e7\u00f5es de forma\u00e7\u00e3o de gelo;<\/li>\n<li>exposi\u00e7\u00e3o a granizo ou outras condi\u00e7\u00f5es de tempestade;<\/li>\n<li>exceder os limites de voo durante o voo.<\/li>\n<\/ul>\n<h2>Servi\u00e7o de armaz\u00e9m<\/h2>\n<p>Realizado durante pausas tempor\u00e1rias nos voos e consiste em procedimentos:<\/p>\n<ul>\n<li>preparar o helic\u00f3ptero para armazenamento;<\/li>\n<li>manter o helic\u00f3ptero a cada (30\u00b15) dias, 3 meses \u00b110 dias, (6\u00b11) meses;<\/li>\n<li>preparar o helic\u00f3ptero para os voos ap\u00f3s o armazenamento.<\/li>\n<\/ul>\n<h2>Servi\u00e7o sazonal<\/h2>\n<p>A manuten\u00e7\u00e3o sazonal \u00e9 realizada preparando o helic\u00f3ptero para os per\u00edodos de opera\u00e7\u00e3o outono-inverno e primavera-ver\u00e3o.<\/p>\n<p>Todas as opera\u00e7\u00f5es exigidas no Manual de Manuten\u00e7\u00e3o s\u00e3o realizadas de acordo com os cart\u00f5es de tarefas inclu\u00eddos no Manual de Manuten\u00e7\u00e3o de Helic\u00f3pteros e no Manual de Procedimentos de Manuten\u00e7\u00e3o e Armazenamento inclu\u00eddo no Manual de Opera\u00e7\u00f5es do Componente.<\/p>\n","protected":false},"excerpt":{"rendered":"<p>Ano: 2022 (2 pe\u00e7as)<br \/>\nRecurso de helic\u00f3ptero: 18000<br \/>\nTempo entre revis\u00f5es: 2000<br \/>\nVida \u00fatil operacional: 35 anos<\/p>\n<p>#1<br \/>\nTempo total: 3<br \/>\nRecurso restante: 17997<br \/>\nO restante do recurso entre reparos: 1997<\/p>\n<p>#2<br \/>\nTempo total: 5<br \/>\nRecurso restante: 17995<br \/>\nO restante do recurso de inter-reparo: 1995<\/p>\n<p>2 (dois) helic\u00f3pteros Mi-171E podem ser fornecidos completos com: pe\u00e7as sobressalentes, coberturas, equipamentos e ferramentas de apoio no solo, um conjunto de documenta\u00e7\u00e3o operacional e de reparo.<\/p>\n<p><strong>Garantias para helic\u00f3pteros e equipamentos<\/strong><br \/>\nO per\u00edodo de garantia para esta oferta \u00e9 o seguinte:<\/p>\n<ul>\n<li>para um helic\u00f3ptero &#8211; 12 (doze) meses ou 300 (trezentas) horas de voo a partir da data de assinatura do Certificado de Aceita\u00e7\u00e3o do Helic\u00f3ptero, o que ocorrer primeiro;<\/li>\n<li>para equipamentos de helic\u00f3ptero &#8211; 12 (doze) meses a partir da data de assinatura do contrato.<\/li>\n<\/ul>\n<p>O servi\u00e7o de garantia estendida pode ser oferecido por um custo adicional.<\/p>\n","protected":false},"featured_media":4287,"comment_status":"closed","ping_status":"closed","template":"","meta":[],"product_brand":[],"product_cat":[138],"product_tag":[],"class_list":{"0":"post-4286","1":"product","2":"type-product","3":"status-publish","4":"has-post-thumbnail","5":"","6":"product_cat-helicopteros-a-venda","8":"first","9":"instock","10":"sold-individually","11":"shipping-taxable","12":"product-type-simple"},"yoast_head":"<!-- This site is optimized with the Yoast SEO Premium plugin v27.1 (Yoast SEO v27.1.1) - https:\/\/yoast.com\/product\/yoast-seo-premium-wordpress\/ -->\n<title>2022 Mi-171E Helic\u00f3ptero de transporte de passageiros para venda | TT 3 horas<\/title>\n<meta name=\"description\" content=\"Helic\u00f3ptero de transporte de passageiros Mi-171E para venda | 2022 Tempo total: 3 horas. Novo ve\u00edculo para transporte a\u00e9reo de cargas e passageiros\" \/>\n<meta name=\"robots\" content=\"index, follow, max-snippet:-1, max-image-preview:large, max-video-preview:-1\" \/>\n<link rel=\"canonical\" href=\"https:\/\/airsps.com\/pt-br\/estoque\/aeronaves-a-venda\/helicopteros-a-venda\/2022-mi-171e-transporte-passageiro-novo\/\" \/>\n<script type=\"application\/ld+json\" class=\"yoast-schema-graph\">{\"@context\":\"https:\/\/schema.org\",\"@graph\":[{\"@type\":\"BreadcrumbList\",\"@id\":\"https:\/\/airsps.com\/pt-br\/estoque\/aeronaves-a-venda\/helicopteros-a-venda\/2022-mi-171e-transporte-passageiro-novo\/#breadcrumb\",\"itemListElement\":[{\"@type\":\"ListItem\",\"position\":1,\"name\":\"Principal\",\"item\":\"https:\/\/airsps.com\/pt-br\/\"},{\"@type\":\"ListItem\",\"position\":2,\"name\":\"Estoque\",\"item\":\"https:\/\/airsps.com\/pt-br\/estoque\/\"},{\"@type\":\"ListItem\",\"position\":3,\"name\":\"Aeronaves \u00e0 venda\",\"item\":\"https:\/\/airsps.com\/pt-br\/dep\u00f3sito\/aeronaves-a-venda\/\"},{\"@type\":\"ListItem\",\"position\":4,\"name\":\"Helic\u00f3pteros \u00e0 venda\",\"item\":\"https:\/\/airsps.com\/pt-br\/dep\u00f3sito\/aeronaves-a-venda\/helicopteros-a-venda\/\"},{\"@type\":\"ListItem\",\"position\":5,\"name\":\"2022 Mi-171E Transporte \/ Passageiro NOVO\"}]}]}<\/script>\n<!-- \/ Yoast SEO Premium plugin. -->","yoast_head_json":{"title":"2022 Mi-171E Helic\u00f3ptero de transporte de passageiros para venda | TT 3 horas","description":"Helic\u00f3ptero de transporte de passageiros Mi-171E para venda | 2022 Tempo total: 3 horas. Novo ve\u00edculo para transporte a\u00e9reo de cargas e passageiros","robots":{"index":"index","follow":"follow","max-snippet":"max-snippet:-1","max-image-preview":"max-image-preview:large","max-video-preview":"max-video-preview:-1"},"canonical":"https:\/\/airsps.com\/pt-br\/estoque\/aeronaves-a-venda\/helicopteros-a-venda\/2022-mi-171e-transporte-passageiro-novo\/","schema":{"@context":"https:\/\/schema.org","@graph":[{"@type":"BreadcrumbList","@id":"https:\/\/airsps.com\/pt-br\/estoque\/aeronaves-a-venda\/helicopteros-a-venda\/2022-mi-171e-transporte-passageiro-novo\/#breadcrumb","itemListElement":[{"@type":"ListItem","position":1,"name":"Principal","item":"https:\/\/airsps.com\/pt-br\/"},{"@type":"ListItem","position":2,"name":"Estoque","item":"https:\/\/airsps.com\/pt-br\/estoque\/"},{"@type":"ListItem","position":3,"name":"Aeronaves \u00e0 venda","item":"https:\/\/airsps.com\/pt-br\/dep\u00f3sito\/aeronaves-a-venda\/"},{"@type":"ListItem","position":4,"name":"Helic\u00f3pteros \u00e0 venda","item":"https:\/\/airsps.com\/pt-br\/dep\u00f3sito\/aeronaves-a-venda\/helicopteros-a-venda\/"},{"@type":"ListItem","position":5,"name":"2022 Mi-171E Transporte \/ Passageiro NOVO"}]}]}},"_links":{"self":[{"href":"https:\/\/airsps.com\/pt-br\/wp-json\/wp\/v2\/product\/4286","targetHints":{"allow":["GET"]}}],"collection":[{"href":"https:\/\/airsps.com\/pt-br\/wp-json\/wp\/v2\/product"}],"about":[{"href":"https:\/\/airsps.com\/pt-br\/wp-json\/wp\/v2\/types\/product"}],"replies":[{"embeddable":true,"href":"https:\/\/airsps.com\/pt-br\/wp-json\/wp\/v2\/comments?post=4286"}],"wp:featuredmedia":[{"embeddable":true,"href":"https:\/\/airsps.com\/pt-br\/wp-json\/wp\/v2\/media\/4287"}],"wp:attachment":[{"href":"https:\/\/airsps.com\/pt-br\/wp-json\/wp\/v2\/media?parent=4286"}],"wp:term":[{"taxonomy":"product_brand","embeddable":true,"href":"https:\/\/airsps.com\/pt-br\/wp-json\/wp\/v2\/product_brand?post=4286"},{"taxonomy":"product_cat","embeddable":true,"href":"https:\/\/airsps.com\/pt-br\/wp-json\/wp\/v2\/product_cat?post=4286"},{"taxonomy":"product_tag","embeddable":true,"href":"https:\/\/airsps.com\/pt-br\/wp-json\/wp\/v2\/product_tag?post=4286"}],"curies":[{"name":"wp","href":"https:\/\/api.w.org\/{rel}","templated":true}]}}