{"id":4281,"date":"2023-04-12T06:28:34","date_gmt":"2023-04-12T06:28:34","guid":{"rendered":"https:\/\/airsps.com\/stock\/sem categoria\/2017-mi-8-amt-transport-1075-horas\/"},"modified":"2023-04-12T06:28:34","modified_gmt":"2023-04-12T06:28:34","slug":"2017-mi-8-amt-transport-1075-horas","status":"publish","type":"product","link":"https:\/\/airsps.com\/pt-br\/estoque\/aeronaves-a-venda\/helicopteros-a-venda\/2017-mi-8-amt-transport-1075-horas\/","title":{"rendered":"2017 Mi-8 AMT Transport 1075 horas"},"content":{"rendered":"<p>O Mi-8 AMT foi apresentado pela primeira vez na d\u00e9cada de 1980 como uma vers\u00e3o atualizada do lend\u00e1rio helic\u00f3ptero Mi-8. A nova vers\u00e3o contava com avi\u00f4nicos aprimorados, motores mais potentes e uma cabine redesenhada que a tornava mais confort\u00e1vel e funcional tanto para os passageiros quanto para a tripula\u00e7\u00e3o. Ao longo dos anos, o Mi-8 AMT passou por v\u00e1rias atualiza\u00e7\u00f5es e modifica\u00e7\u00f5es para acompanhar a evolu\u00e7\u00e3o das tecnologias e as mudan\u00e7as nos requisitos da miss\u00e3o.<\/p>\n<p>Uma das principais caracter\u00edsticas do Mi-8 AMT s\u00e3o seus potentes motores de duas turbinas, que fornecem ampla pot\u00eancia e velocidade para o transporte de cargas pesadas ou passageiros em longas dist\u00e2ncias. Com um peso m\u00e1ximo de decolagem de mais de 13.000 kg e um alcance de at\u00e9 800 km, o Mi-8 AMT pode transportar at\u00e9 24 passageiros ou 4.000 kg de carga, o que o torna a escolha ideal para uma ampla gama de miss\u00f5es.<\/p>\n<p>Al\u00e9m de sua impressionante capacidade de carga, o Mi-8 AMT tamb\u00e9m \u00e9 conhecido por sua robustez e durabilidade. Constru\u00eddo para resistir a ambientes adversos e condi\u00e7\u00f5es clim\u00e1ticas extremas, esse helic\u00f3ptero \u00e9 uma escolha popular entre os operadores que precisam de uma plataforma confi\u00e1vel e robusta para suas opera\u00e7\u00f5es. Seja transportando equipamentos e suprimentos para locais remotos, fornecendo suporte para opera\u00e7\u00f5es de busca e resgate ou realizando miss\u00f5es a\u00e9reas de combate a inc\u00eandios, o Mi-8 AMT est\u00e1 \u00e0 altura da tarefa.<\/p>\n<p>Outra vantagem importante do Mi-8 AMT \u00e9 sua versatilidade. Esse helic\u00f3ptero pode ser equipado com uma ampla gama de sensores, c\u00e2meras e outros equipamentos para dar suporte a v\u00e1rios tipos de miss\u00f5es, incluindo vigil\u00e2ncia, monitoramento e reconhecimento. Ele tamb\u00e9m pode ser equipado com tanques de combust\u00edvel externos e outros acess\u00f3rios para ampliar seu alcance e suas capacidades.<\/p>\n<p>De modo geral, o <a title=\"comprar um helic\u00f3ptero\" href=\"https:\/\/airsps.com\/depot\/aircraft-for-sale\/helicopters\/\" rel=\"\">helic\u00f3ptero de transporte<\/a> Mi-8 AMT \u00e9 um ativo valioso para qualquer organiza\u00e7\u00e3o que necessite de uma plataforma a\u00e9rea confi\u00e1vel e flex\u00edvel. Com seus motores potentes, grande capacidade de carga e alcance impressionante, esse helic\u00f3ptero se provou repetidamente em uma ampla gama de opera\u00e7\u00f5es e ambientes. Seja para apoiar miss\u00f5es militares, prestar ajuda humanit\u00e1ria ou transportar pessoal e equipamentos para projetos comerciais, o Mi-8 AMT \u00e9 uma aeronave que d\u00e1 conta do recado.<\/p>\n","protected":false},"excerpt":{"rendered":"<p>Ano: 2017<br \/>\nTempo total: 1075<br \/>\nRecurso de helic\u00f3ptero: 18000<br \/>\nVida \u00fatil da revis\u00e3o do helic\u00f3ptero: 2000<br \/>\nRecurso restante: 16925<br \/>\nO restante do recurso entre reparos: 925<br \/>\nVida \u00fatil operacional: 35 anos<\/p>\n<p>O helic\u00f3ptero de transporte Mi-8 AMT \u00e9 uma aeronave vers\u00e1til e confi\u00e1vel que tem sido usada extensivamente em aplica\u00e7\u00f5es civis e militares em todo o mundo.<\/p>\n<p>Com seus motores potentes, grande capacidade de carga e alcance impressionante, o Mi-8 AMT \u00e9 o helic\u00f3ptero ideal para organiza\u00e7\u00f5es que precisam de uma plataforma a\u00e9rea confi\u00e1vel e flex\u00edvel.<\/p>\n","protected":false},"featured_media":4284,"comment_status":"closed","ping_status":"closed","template":"","meta":[],"product_brand":[],"product_cat":[138],"product_tag":[],"class_list":{"0":"post-4281","1":"product","2":"type-product","3":"status-publish","4":"has-post-thumbnail","5":"","6":"product_cat-helicopteros-a-venda","8":"first","9":"instock","10":"sold-individually","11":"shipping-taxable","12":"product-type-simple"},"yoast_head":"<!-- This site is optimized with the Yoast SEO Premium plugin v27.1 (Yoast SEO v27.1.1) - https:\/\/yoast.com\/product\/yoast-seo-premium-wordpress\/ -->\n<title>Helic\u00f3ptero de transporte Mi-8 AMT 2017 para venda | Tempo total 1075 horas<\/title>\n<meta name=\"description\" content=\"Helic\u00f3ptero de transporte Mi-8 AMT 2017 para venda | Tempo total: 1075 horas. O recurso do helic\u00f3ptero ap\u00f3s o reparo \u00e9 de 925 horas\" \/>\n<meta name=\"robots\" content=\"index, follow, max-snippet:-1, max-image-preview:large, max-video-preview:-1\" \/>\n<link rel=\"canonical\" href=\"https:\/\/airsps.com\/pt-br\/estoque\/aeronaves-a-venda\/helicopteros-a-venda\/2017-mi-8-amt-transport-1075-horas\/\" \/>\n<script type=\"application\/ld+json\" class=\"yoast-schema-graph\">{\"@context\":\"https:\/\/schema.org\",\"@graph\":[{\"@type\":\"BreadcrumbList\",\"@id\":\"https:\/\/airsps.com\/pt-br\/estoque\/aeronaves-a-venda\/helicopteros-a-venda\/2017-mi-8-amt-transport-1075-horas\/#breadcrumb\",\"itemListElement\":[{\"@type\":\"ListItem\",\"position\":1,\"name\":\"Principal\",\"item\":\"https:\/\/airsps.com\/pt-br\/\"},{\"@type\":\"ListItem\",\"position\":2,\"name\":\"Estoque\",\"item\":\"https:\/\/airsps.com\/pt-br\/estoque\/\"},{\"@type\":\"ListItem\",\"position\":3,\"name\":\"Aeronaves \u00e0 venda\",\"item\":\"https:\/\/airsps.com\/pt-br\/dep\u00f3sito\/aeronaves-a-venda\/\"},{\"@type\":\"ListItem\",\"position\":4,\"name\":\"Helic\u00f3pteros \u00e0 venda\",\"item\":\"https:\/\/airsps.com\/pt-br\/dep\u00f3sito\/aeronaves-a-venda\/helicopteros-a-venda\/\"},{\"@type\":\"ListItem\",\"position\":5,\"name\":\"2017 Mi-8 AMT Transport 1075 horas\"}]}]}<\/script>\n<!-- \/ Yoast SEO Premium plugin. -->","yoast_head_json":{"title":"Helic\u00f3ptero de transporte Mi-8 AMT 2017 para venda | Tempo total 1075 horas","description":"Helic\u00f3ptero de transporte Mi-8 AMT 2017 para venda | Tempo total: 1075 horas. O recurso do helic\u00f3ptero ap\u00f3s o reparo \u00e9 de 925 horas","robots":{"index":"index","follow":"follow","max-snippet":"max-snippet:-1","max-image-preview":"max-image-preview:large","max-video-preview":"max-video-preview:-1"},"canonical":"https:\/\/airsps.com\/pt-br\/estoque\/aeronaves-a-venda\/helicopteros-a-venda\/2017-mi-8-amt-transport-1075-horas\/","schema":{"@context":"https:\/\/schema.org","@graph":[{"@type":"BreadcrumbList","@id":"https:\/\/airsps.com\/pt-br\/estoque\/aeronaves-a-venda\/helicopteros-a-venda\/2017-mi-8-amt-transport-1075-horas\/#breadcrumb","itemListElement":[{"@type":"ListItem","position":1,"name":"Principal","item":"https:\/\/airsps.com\/pt-br\/"},{"@type":"ListItem","position":2,"name":"Estoque","item":"https:\/\/airsps.com\/pt-br\/estoque\/"},{"@type":"ListItem","position":3,"name":"Aeronaves \u00e0 venda","item":"https:\/\/airsps.com\/pt-br\/dep\u00f3sito\/aeronaves-a-venda\/"},{"@type":"ListItem","position":4,"name":"Helic\u00f3pteros \u00e0 venda","item":"https:\/\/airsps.com\/pt-br\/dep\u00f3sito\/aeronaves-a-venda\/helicopteros-a-venda\/"},{"@type":"ListItem","position":5,"name":"2017 Mi-8 AMT Transport 1075 horas"}]}]}},"_links":{"self":[{"href":"https:\/\/airsps.com\/pt-br\/wp-json\/wp\/v2\/product\/4281","targetHints":{"allow":["GET"]}}],"collection":[{"href":"https:\/\/airsps.com\/pt-br\/wp-json\/wp\/v2\/product"}],"about":[{"href":"https:\/\/airsps.com\/pt-br\/wp-json\/wp\/v2\/types\/product"}],"replies":[{"embeddable":true,"href":"https:\/\/airsps.com\/pt-br\/wp-json\/wp\/v2\/comments?post=4281"}],"wp:featuredmedia":[{"embeddable":true,"href":"https:\/\/airsps.com\/pt-br\/wp-json\/wp\/v2\/media\/4284"}],"wp:attachment":[{"href":"https:\/\/airsps.com\/pt-br\/wp-json\/wp\/v2\/media?parent=4281"}],"wp:term":[{"taxonomy":"product_brand","embeddable":true,"href":"https:\/\/airsps.com\/pt-br\/wp-json\/wp\/v2\/product_brand?post=4281"},{"taxonomy":"product_cat","embeddable":true,"href":"https:\/\/airsps.com\/pt-br\/wp-json\/wp\/v2\/product_cat?post=4281"},{"taxonomy":"product_tag","embeddable":true,"href":"https:\/\/airsps.com\/pt-br\/wp-json\/wp\/v2\/product_tag?post=4281"}],"curies":[{"name":"wp","href":"https:\/\/api.w.org\/{rel}","templated":true}]}}