{"id":4728,"date":"2025-09-07T09:39:18","date_gmt":"2025-09-07T09:39:18","guid":{"rendered":"https:\/\/airsps.com\/sobre-nos\/"},"modified":"2025-09-07T12:48:08","modified_gmt":"2025-09-07T12:48:08","slug":"sobre-nos","status":"publish","type":"page","link":"https:\/\/airsps.com\/pt-br\/sobre-nos\/","title":{"rendered":"Sobre n\u00f3s: AirSPS \u2013 L\u00edderes em frete a\u00e9reo, entrega a\u00e9rea e venda de aeronaves"},"content":{"rendered":"<p dir=\"auto\">Na AirSPS, somos o seu parceiro de confian\u00e7a em solu\u00e7\u00f5es de <a title=\"Frete a\u00e9reo\" href=\"https:\/\/airsps.com\/pt-br\/frete-aereo\/\" rel=\"\"><strong>frete a\u00e9reo<\/strong><\/a>, entrega a\u00e9rea e transporte a\u00e9reo, especializados no transporte de <strong>cargas de grandes dimens\u00f5es<\/strong> atrav\u00e9s de <strong>avi\u00f5es de carga<\/strong> e <strong>helic\u00f3pteros<\/strong> de \u00faltima gera\u00e7\u00e3o. Com um compromisso com a excel\u00eancia, prestamos servi\u00e7os completos que incluem a venda de aeronaves de alta qualidade, tais como avi\u00f5es de carga para opera\u00e7\u00f5es de frete e helic\u00f3pteros vers\u00e1teis para transporte de passageiros e carga. Nossa experi\u00eancia garante um<strong> transporte a\u00e9reo sem interrup\u00e7\u00f5es para empresas<\/strong> em todo o mundo, lidando com tudo, desde mercadorias valiosas at\u00e9 materiais perigosos, com precis\u00e3o e cuidado.<\/p>\n<p dir=\"auto\">Confira nossa \u27a4 <a title=\"Oferta principal\" href=\"https:\/\/airsps.com\/main-aircraft-offerings\/\" rel=\"\">Oferta Principal<\/a>.<\/p>\n<h2 dir=\"auto\">Nossa miss\u00e3o e valores<\/h2>\n<p dir=\"auto\">Fundada nos princ\u00edpios de seguran\u00e7a, confiabilidade e inova\u00e7\u00e3o, a AirSPS tem como objetivo capacitar os clientes, fornecendo <strong>servi\u00e7os eficientes de frete a\u00e9reo<\/strong> que impulsionam o sucesso dos neg\u00f3cios. Priorizamos os mais altos padr\u00f5es do setor, empregando pilotos, mec\u00e2nicos e especialistas em log\u00edstica qualificados para garantir que todas as remessas cheguem no prazo e intactas. Se voc\u00ea est\u00e1 procurando <a title=\"Carga de grandes dimens\u00f5es por via a\u00e9rea\" href=\"https:\/\/airsps.com\/air-freight\/oversize-load-air-freight\/\" rel=\"\"><strong>frete a\u00e9reo para cargas de grandes dimens\u00f5es<\/strong><\/a> ou explorando op\u00e7\u00f5es para <strong>venda de aeronaves<\/strong>, nossa equipe se dedica a personalizar solu\u00e7\u00f5es que atendam \u00e0s suas necessidades espec\u00edficas.<\/p>\n<h2 dir=\"auto\">Experi\u00eancia em cargas de grandes dimens\u00f5es e transporte a\u00e9reo<\/h2>\n<p dir=\"auto\">A AirSPS se destaca no transporte a\u00e9reo de cargas de grandes dimens\u00f5es e especializadas, utilizando avi\u00f5es de carga avan\u00e7ados e helic\u00f3pteros projetados para cargas desafiadoras. Nossos servi\u00e7os de transporte de carga por helic\u00f3ptero s\u00e3o ideais para entregas remotas ou urgentes, enquanto nossas op\u00e7\u00f5es de fretamento de carga a\u00e9rea oferecem flexibilidade para projetos com prazos curtos. Lidamos com a entrega de cargas de grandes dimens\u00f5es com equipamento especializado, garantindo a conformidade para mercadorias perigosas, animais vivos e artigos de alto valor. Desde o transporte a\u00e9reo de mercadorias em \u00c1frica \u2013 a rota mais r\u00e1pida dispon\u00edvel \u2013 at\u00e9 ao transporte a\u00e9reo de mercadorias no Sudeste Asi\u00e1tico com servi\u00e7os di\u00e1rios rent\u00e1veis, cobrimos pontos nevr\u00e1lgicos globais, incluindo a China, Emirados \u00c1rabes Unidos, Turquia, \u00cdndia, EUA e Europa.<\/p>\n<h2 dir=\"auto\">Venda de aeronaves: avi\u00f5es de carga e helic\u00f3pteros<\/h2>\n<p dir=\"auto\">Quer expandir sua frota? A AirSPS oferece uma sele\u00e7\u00e3o diversificada de aeronaves \u00e0 venda, incluindo <a title=\"Avi\u00f5es de carga \u00e0 venda\" href=\"https:\/\/airsps.com\/pt-br\/dep\u00f3sito\/aeronaves-a-venda\/avioes-de-carga-a-venda\/\" rel=\"\"><strong>avi\u00f5es de carga<\/strong><\/a> robustos, adequados para treinamento e transporte de cargas pesadas, bem como <a title=\"Helic\u00f3pteros \u00e0 venda\" href=\"https:\/\/airsps.com\/pt-br\/dep\u00f3sito\/aeronaves-a-venda\/helicopteros-a-venda\/\" rel=\"\"><strong>helic\u00f3pteros<\/strong><\/a> confi\u00e1veis para necessidades de passageiros e carga. Nosso invent\u00e1rio apresenta os melhores modelos para atender a v\u00e1rios or\u00e7amentos e requisitos operacionais, com o apoio de orienta\u00e7\u00e3o especializada para ajud\u00e1-lo a escolher a aeronave perfeita. Tamb\u00e9m fornecemos pe\u00e7as essenciais e suporte de manuten\u00e7\u00e3o para manter suas opera\u00e7\u00f5es em alta.<\/p>\n<h2 dir=\"auto\">Alcance global e vantagens exclusivas<\/h2>\n<p dir=\"auto\">Com uma rede mundial, a AirSPS facilita o transporte a\u00e9reo entre continentes, desde frete a\u00e9reo da China para entregas r\u00e1pidas e seguras at\u00e9 frete a\u00e9reo dos EUA com tipos de transporte organizados. Nossos diferenciais incluem uma frota moderna, protocolos de seguran\u00e7a incompar\u00e1veis e estrat\u00e9gias de entrega a\u00e9rea personalizadas que minimizam riscos e maximizam a efici\u00eancia. Atendemos setores que v\u00e3o desde log\u00edstica at\u00e9 ajuda humanit\u00e1ria, tornando-nos a escolha certa para frete a\u00e9reo de cargas superdimensionadas e muito mais.<\/p>\n<p dir=\"auto\">Na AirSPS, somos mais do que um prestador de servi\u00e7os \u2013 somos o seu aliado em log\u00edstica a\u00e9rea. <a title=\"Contatos da AirSPS\" href=\"https:\/\/airsps.com\/contacts\/\" rel=\"\">Entre em contato<\/a> conosco hoje mesmo para descobrir como nosso transporte a\u00e9reo de carga, remessas a\u00e9reas e vendas de aeronaves podem elevar o seu neg\u00f3cio. Vamos levar sua carga a novas alturas!<\/p>\n<h3 class=\"section-block__title\">Aeronaves de carga\/cargueiro e passageiros \u00e0 venda<\/h3>\n<div class=\"woocommerce columns-4 \"><ul class=\"products columns-4\">\n<li class=\"product type-product post-4486 status-publish first instock product_cat-helicopteros-a-venda has-post-thumbnail sold-individually shipping-taxable product-type-simple\">\n\t<a href=\"https:\/\/airsps.com\/pt-br\/estoque\/aeronaves-a-venda\/helicopteros-a-venda\/1981-mi-8p-passageiro\/\" class=\"woocommerce-LoopProduct-link woocommerce-loop-product__link\"><span itemprop=\"image\" itemscope itemtype=\"https:\/\/schema.org\/ImageObject\"><img itemprop=\"url image\" fetchpriority=\"high\" decoding=\"async\" width=\"300\" height=\"169\"  src=\"https:\/\/airsps.com\/wp-content\/uploads\/2023\/02\/helicopter-mi-8p-passenger-1981-requires-overhaul-4974-300x169.jpg\" class=\"attachment-woocommerce_thumbnail size-woocommerce_thumbnail\" alt=\"Helicopter opler Mi-8P (passenger) 1981 requires overhaul\" srcset=\"https:\/\/airsps.com\/wp-content\/uploads\/2023\/02\/helicopter-mi-8p-passenger-1981-requires-overhaul-4974-300x169.jpg 300w, https:\/\/airsps.com\/wp-content\/uploads\/2023\/02\/helicopter-mi-8p-passenger-1981-requires-overhaul-4974-1200x675-cropped.jpg 1200w\" sizes=\"(max-width: 300px) 100vw, 300px\" data-wp-pid=\"4489\" \/><meta itemprop=\"width\" content=\"300\"><meta itemprop=\"height\" content=\"169\"><\/span><p class=\"woocommerce-loop-product__title\">1981 Mi-8P Passageiro<\/p>\n\t<span class=\"price\"><span class=\"woocommerce-Price-amount amount\"><bdi><span class=\"woocommerce-Price-currencySymbol\">&#36;<\/span>150,000<\/bdi><\/span><\/span>\n<\/a><\/li>\n<li class=\"product type-product post-4310 status-publish instock product_cat-helicopteros-a-venda has-post-thumbnail sold-individually shipping-taxable product-type-simple\">\n\t<a href=\"https:\/\/airsps.com\/pt-br\/estoque\/aeronaves-a-venda\/helicopteros-a-venda\/2019-mi-8amt-transport-519-horas\/\" class=\"woocommerce-LoopProduct-link woocommerce-loop-product__link\"><span itemprop=\"image\" itemscope itemtype=\"https:\/\/schema.org\/ImageObject\"><img itemprop=\"url image\" decoding=\"async\" width=\"300\" height=\"169\"  src=\"https:\/\/airsps.com\/wp-content\/uploads\/2023\/04\/helicopter-mi-8amt-transport-for-sale-2019-519-999-300x169.jpg\" class=\"attachment-woocommerce_thumbnail size-woocommerce_thumbnail\" alt=\"Helic\u00f3ptero Mi-8AMT Transport para venda 2019 519 999\" srcset=\"https:\/\/airsps.com\/wp-content\/uploads\/2023\/04\/helicopter-mi-8amt-transport-for-sale-2019-519-999-300x169.jpg 300w, https:\/\/airsps.com\/wp-content\/uploads\/2023\/04\/helicopter-mi-8amt-transport-for-sale-2019-519-999-1200x675-cropped.jpg 1200w\" sizes=\"(max-width: 300px) 100vw, 300px\" data-wp-pid=\"4323\" \/><meta itemprop=\"width\" content=\"300\"><meta itemprop=\"height\" content=\"169\"><\/span><p class=\"woocommerce-loop-product__title\">2019 Mi-8AMT Transport 519 horas<\/p>\n\t<span class=\"price\"><span class=\"woocommerce-Price-amount amount\"><bdi><span class=\"woocommerce-Price-currencySymbol\">&#36;<\/span>8,500,000<\/bdi><\/span><\/span>\n<\/a><\/li>\n<li class=\"product type-product post-4286 status-publish instock product_cat-helicopteros-a-venda has-post-thumbnail sold-individually shipping-taxable product-type-simple\">\n\t<a href=\"https:\/\/airsps.com\/pt-br\/estoque\/aeronaves-a-venda\/helicopteros-a-venda\/2022-mi-171e-transporte-passageiro-novo\/\" class=\"woocommerce-LoopProduct-link woocommerce-loop-product__link\"><span itemprop=\"image\" itemscope itemtype=\"https:\/\/schema.org\/ImageObject\"><img itemprop=\"url image\" decoding=\"async\" width=\"300\" height=\"169\"  src=\"https:\/\/airsps.com\/wp-content\/uploads\/2024\/08\/helicopter-mi-171e-for-sale-2022-3-300x169.jpg\" class=\"attachment-woocommerce_thumbnail size-woocommerce_thumbnail\" alt=\"Helicopter Mi-171E for Sale 2022 3 hours\" srcset=\"https:\/\/airsps.com\/wp-content\/uploads\/2024\/08\/helicopter-mi-171e-for-sale-2022-3-300x169.jpg 300w, https:\/\/airsps.com\/wp-content\/uploads\/2024\/08\/helicopter-mi-171e-for-sale-2022-3-1200x675-cropped.jpg 1200w\" sizes=\"(max-width: 300px) 100vw, 300px\" data-wp-pid=\"4287\" \/><meta itemprop=\"width\" content=\"300\"><meta itemprop=\"height\" content=\"169\"><\/span><p class=\"woocommerce-loop-product__title\">2022 Mi-171E Transporte \/ Passageiro NOVO<\/p>\n\t<span class=\"price\"><span class=\"woocommerce-Price-amount amount\"><bdi><span class=\"woocommerce-Price-currencySymbol\">&#36;<\/span>17,000,000<\/bdi><\/span><\/span>\n<\/a><\/li>\n<li class=\"product type-product post-4281 status-publish last instock product_cat-helicopteros-a-venda has-post-thumbnail sold-individually shipping-taxable product-type-simple\">\n\t<a href=\"https:\/\/airsps.com\/pt-br\/estoque\/aeronaves-a-venda\/helicopteros-a-venda\/2017-mi-8-amt-transport-1075-horas\/\" class=\"woocommerce-LoopProduct-link woocommerce-loop-product__link\"><span itemprop=\"image\" itemscope itemtype=\"https:\/\/schema.org\/ImageObject\"><img itemprop=\"url image\" loading=\"lazy\" decoding=\"async\" width=\"300\" height=\"169\"  src=\"https:\/\/airsps.com\/wp-content\/uploads\/2023\/04\/mi-8amt-transport-helicopter-2017-1075-300x169.jpg\" class=\"attachment-woocommerce_thumbnail size-woocommerce_thumbnail\" alt=\"Mi-8amt Transport Helicopter 2017 1075\" srcset=\"https:\/\/airsps.com\/wp-content\/uploads\/2023\/04\/mi-8amt-transport-helicopter-2017-1075-300x169.jpg 300w, https:\/\/airsps.com\/wp-content\/uploads\/2023\/04\/mi-8amt-transport-helicopter-2017-1075-1200x675-cropped.jpg 1200w\" sizes=\"(max-width: 300px) 100vw, 300px\" data-wp-pid=\"4284\" \/><meta itemprop=\"width\" content=\"300\"><meta itemprop=\"height\" content=\"169\"><\/span><p class=\"woocommerce-loop-product__title\">2017 Mi-8 AMT Transport 1075 horas<\/p>\n\t<span class=\"price\"><span class=\"woocommerce-Price-amount amount\"><bdi><span class=\"woocommerce-Price-currencySymbol\">&#36;<\/span>10,500,000<\/bdi><\/span><\/span>\n<\/a><\/li>\n<li class=\"product type-product post-4450 status-publish first instock product_cat-helicopteros-a-venda has-post-thumbnail sold-individually shipping-taxable product-type-simple\">\n\t<a href=\"https:\/\/airsps.com\/pt-br\/estoque\/aeronaves-a-venda\/helicopteros-a-venda\/1989-mi-8t-transport-revisao-de-julho-de-2020\/\" class=\"woocommerce-LoopProduct-link woocommerce-loop-product__link\"><span itemprop=\"image\" itemscope itemtype=\"https:\/\/schema.org\/ImageObject\"><img itemprop=\"url image\" loading=\"lazy\" decoding=\"async\" width=\"300\" height=\"169\"  src=\"https:\/\/airsps.com\/wp-content\/uploads\/2023\/03\/helicopter-mi-8t-transport-1989-after-major-overhaul-10249-300x169.jpg\" class=\"attachment-woocommerce_thumbnail size-woocommerce_thumbnail\" alt=\"Helicopter Mi-8T Transport 1989 after major overhaul 10249 hours\" srcset=\"https:\/\/airsps.com\/wp-content\/uploads\/2023\/03\/helicopter-mi-8t-transport-1989-after-major-overhaul-10249-300x169.jpg 300w, https:\/\/airsps.com\/wp-content\/uploads\/2023\/03\/helicopter-mi-8t-transport-1989-after-major-overhaul-10249-1200x675-cropped.jpg 1200w\" sizes=\"(max-width: 300px) 100vw, 300px\" data-wp-pid=\"4458\" \/><meta itemprop=\"width\" content=\"300\"><meta itemprop=\"height\" content=\"169\"><\/span><p class=\"woocommerce-loop-product__title\">1989 Mi-8T Transport Revis\u00e3o de julho de 2020<\/p>\n\t<span class=\"price\"><span class=\"woocommerce-Price-amount amount\"><bdi><span class=\"woocommerce-Price-currencySymbol\">&#36;<\/span>2,200,000<\/bdi><\/span><\/span>\n<\/a><\/li>\n<li class=\"product type-product post-4412 status-publish instock product_cat-avioes-de-carga-a-venda has-post-thumbnail sold-individually shipping-taxable product-type-simple\">\n\t<a href=\"https:\/\/airsps.com\/pt-br\/estoque\/aeronaves-a-venda\/avioes-de-carga-a-venda\/1981-1985-l-39-jet-trainer\/\" class=\"woocommerce-LoopProduct-link woocommerce-loop-product__link\"><span itemprop=\"image\" itemscope itemtype=\"https:\/\/schema.org\/ImageObject\"><img itemprop=\"url image\" loading=\"lazy\" decoding=\"async\" width=\"300\" height=\"169\"  src=\"https:\/\/airsps.com\/wp-content\/uploads\/2023\/04\/l-39-jet-trainer-for-sale-1981-1985-300x169.jpg\" class=\"attachment-woocommerce_thumbnail size-woocommerce_thumbnail\" alt=\"L-39 Jet Trainer for sale 1981-1985 years\" srcset=\"https:\/\/airsps.com\/wp-content\/uploads\/2023\/04\/l-39-jet-trainer-for-sale-1981-1985-300x169.jpg 300w, https:\/\/airsps.com\/wp-content\/uploads\/2023\/04\/l-39-jet-trainer-for-sale-1981-1985-1200x675-cropped.jpg 1200w\" sizes=\"(max-width: 300px) 100vw, 300px\" data-wp-pid=\"4413\" \/><meta itemprop=\"width\" content=\"300\"><meta itemprop=\"height\" content=\"169\"><\/span><p class=\"woocommerce-loop-product__title\">1981-1985 L-39 Jet Trainer<\/p>\n\t<span class=\"price\"><span class=\"woocommerce-Price-amount amount\"><bdi><span class=\"woocommerce-Price-currencySymbol\">&#36;<\/span>150,000<\/bdi><\/span><\/span>\n<\/a><\/li>\n<li class=\"product type-product post-4434 status-publish instock product_cat-helicopteros-a-venda has-post-thumbnail sold-individually shipping-taxable product-type-simple\">\n\t<a href=\"https:\/\/airsps.com\/pt-br\/estoque\/aeronaves-a-venda\/helicopteros-a-venda\/2020-mi-8amt-transporte-245-horas\/\" class=\"woocommerce-LoopProduct-link woocommerce-loop-product__link\"><span itemprop=\"image\" itemscope itemtype=\"https:\/\/schema.org\/ImageObject\"><img itemprop=\"url image\" loading=\"lazy\" decoding=\"async\" width=\"300\" height=\"169\"  src=\"https:\/\/airsps.com\/wp-content\/uploads\/2023\/04\/helicopter-mi-8amt-transport-for-sale-2020-245-300x169.jpg\" class=\"attachment-woocommerce_thumbnail size-woocommerce_thumbnail\" alt=\"Helicopter Mi-8amt Transport For Sale 2020 245\" srcset=\"https:\/\/airsps.com\/wp-content\/uploads\/2023\/04\/helicopter-mi-8amt-transport-for-sale-2020-245-300x169.jpg 300w, https:\/\/airsps.com\/wp-content\/uploads\/2023\/04\/helicopter-mi-8amt-transport-for-sale-2020-245-1200x675-cropped.jpg 1200w\" sizes=\"(max-width: 300px) 100vw, 300px\" data-wp-pid=\"4449\" \/><meta itemprop=\"width\" content=\"300\"><meta itemprop=\"height\" content=\"169\"><\/span><p class=\"woocommerce-loop-product__title\">2020 Mi-8AMT Transporte 245 horas<\/p>\n\t<span class=\"price\"><span class=\"woocommerce-Price-amount amount\"><bdi><span class=\"woocommerce-Price-currencySymbol\">&#36;<\/span>11,500,000<\/bdi><\/span><\/span>\n<\/a><\/li>\n<li class=\"product type-product post-4296 status-publish last instock product_cat-avioes-de-carga-a-venda has-post-thumbnail sold-individually shipping-taxable product-type-simple\">\n\t<a href=\"https:\/\/airsps.com\/pt-br\/estoque\/aeronaves-a-venda\/avioes-de-carga-a-venda\/1984-il-76td-carga-cargueiro-valido\/\" class=\"woocommerce-LoopProduct-link woocommerce-loop-product__link\"><span itemprop=\"image\" itemscope itemtype=\"https:\/\/schema.org\/ImageObject\"><img itemprop=\"url image\" loading=\"lazy\" decoding=\"async\" width=\"300\" height=\"169\"  src=\"https:\/\/airsps.com\/wp-content\/uploads\/2023\/05\/il-76td-sale-1984-5620-300x169.jpg\" class=\"attachment-woocommerce_thumbnail size-woocommerce_thumbnail\" alt=\"Il-76TD Sale 1984 5620\" srcset=\"https:\/\/airsps.com\/wp-content\/uploads\/2023\/05\/il-76td-sale-1984-5620-300x169.jpg 300w, https:\/\/airsps.com\/wp-content\/uploads\/2023\/05\/il-76td-sale-1984-5620-1200x675-cropped.jpg 1200w\" sizes=\"(max-width: 300px) 100vw, 300px\" data-wp-pid=\"4297\" \/><meta itemprop=\"width\" content=\"300\"><meta itemprop=\"height\" content=\"169\"><\/span><p class=\"woocommerce-loop-product__title\">1984 IL-76TD Carga\/Cargueiro (V\u00e1lido)<\/p>\n\t<span class=\"price\"><span class=\"woocommerce-Price-amount amount\"><bdi><span class=\"woocommerce-Price-currencySymbol\">&#36;<\/span>7,000,000<\/bdi><\/span><\/span>\n<\/a><\/li>\n<li class=\"product type-product post-4217 status-publish first instock product_cat-helicopteros-a-venda has-post-thumbnail sold-individually shipping-taxable product-type-simple\">\n\t<a href=\"https:\/\/airsps.com\/pt-br\/estoque\/aeronaves-a-venda\/helicopteros-a-venda\/bell-uh-1-iroquois-tambem-conhecido-como-huey\/\" class=\"woocommerce-LoopProduct-link woocommerce-loop-product__link\"><span itemprop=\"image\" itemscope itemtype=\"https:\/\/schema.org\/ImageObject\"><img itemprop=\"url image\" loading=\"lazy\" decoding=\"async\" width=\"300\" height=\"169\"  src=\"https:\/\/airsps.com\/wp-content\/uploads\/2024\/08\/helicopter-bell-uh-1-iroquois-huey-scaled-300x169.jpg\" class=\"attachment-woocommerce_thumbnail size-woocommerce_thumbnail\" alt=\"Bell UH-1 Iroquois, tamb\u00e9m conhecido como Huey\" srcset=\"https:\/\/airsps.com\/wp-content\/uploads\/2024\/08\/helicopter-bell-uh-1-iroquois-huey-scaled-300x169.jpg 300w, https:\/\/airsps.com\/wp-content\/uploads\/2024\/08\/helicopter-bell-uh-1-iroquois-huey-scaled-1200x675-cropped.jpg 1200w\" sizes=\"(max-width: 300px) 100vw, 300px\" data-wp-pid=\"4218\" \/><meta itemprop=\"width\" content=\"300\"><meta itemprop=\"height\" content=\"169\"><\/span><p class=\"woocommerce-loop-product__title\">Bell UH-1 Iroquois, tamb\u00e9m conhecido como Huey<\/p>\n\t<span class=\"price\"><span class=\"woocommerce-Price-amount amount\"><bdi><span class=\"woocommerce-Price-currencySymbol\">&#36;<\/span>1,300,000<\/bdi><\/span><\/span>\n<\/a><\/li>\n<\/ul>\n<\/div>\n","protected":false},"excerpt":{"rendered":"<p>Na AirSPS, somos o seu parceiro de confian\u00e7a em solu\u00e7\u00f5es de frete a\u00e9reo, entrega a\u00e9rea e transporte a\u00e9reo, especializados no transporte de cargas de grandes dimens\u00f5es atrav\u00e9s de avi\u00f5es de carga e helic\u00f3pteros de \u00faltima gera\u00e7\u00e3o. Com um compromisso com a excel\u00eancia, prestamos servi\u00e7os completos que incluem a venda de aeronaves de alta qualidade, tais [&hellip;]<\/p>\n","protected":false},"author":1,"featured_media":4163,"parent":0,"menu_order":0,"comment_status":"closed","ping_status":"closed","template":"","meta":{"footnotes":""},"class_list":["post-4728","page","type-page","status-publish","has-post-thumbnail",""],"yoast_head":"<!-- This site is optimized with the Yoast SEO Premium plugin v27.1 (Yoast SEO v27.1.1) - https:\/\/yoast.com\/product\/yoast-seo-premium-wordpress\/ -->\n<title>L\u00edderes em transporte a\u00e9reo de mercadorias, entregas a\u00e9reas e venda de aeronaves<\/title>\n<meta name=\"description\" content=\"Somos uma empresa especializada na presta\u00e7\u00e3o de servi\u00e7os de transporte a\u00e9reo de cargas de grandes dimens\u00f5es, venda de helic\u00f3pteros e aeronaves e pe\u00e7as sobressalentes.\" \/>\n<meta name=\"robots\" content=\"index, follow, max-snippet:-1, max-image-preview:large, max-video-preview:-1\" \/>\n<link rel=\"canonical\" href=\"https:\/\/airsps.com\/pt-br\/sobre-nos\/\" \/>\n<script type=\"application\/ld+json\" class=\"yoast-schema-graph\">{\"@context\":\"https:\/\/schema.org\",\"@graph\":[{\"@type\":\"BreadcrumbList\",\"@id\":\"https:\/\/airsps.com\/pt-br\/sobre-nos\/#breadcrumb\",\"itemListElement\":[{\"@type\":\"ListItem\",\"position\":1,\"name\":\"Principal\",\"item\":\"https:\/\/airsps.com\/pt-br\/\"},{\"@type\":\"ListItem\",\"position\":2,\"name\":\"Sobre n\u00f3s: AirSPS \u2013 L\u00edderes em frete a\u00e9reo, entrega a\u00e9rea e venda de aeronaves\"}]}]}<\/script>\n<!-- \/ Yoast SEO Premium plugin. -->","yoast_head_json":{"title":"L\u00edderes em transporte a\u00e9reo de mercadorias, entregas a\u00e9reas e venda de aeronaves","description":"Somos uma empresa especializada na presta\u00e7\u00e3o de servi\u00e7os de transporte a\u00e9reo de cargas de grandes dimens\u00f5es, venda de helic\u00f3pteros e aeronaves e pe\u00e7as sobressalentes.","robots":{"index":"index","follow":"follow","max-snippet":"max-snippet:-1","max-image-preview":"max-image-preview:large","max-video-preview":"max-video-preview:-1"},"canonical":"https:\/\/airsps.com\/pt-br\/sobre-nos\/","schema":{"@context":"https:\/\/schema.org","@graph":[{"@type":"BreadcrumbList","@id":"https:\/\/airsps.com\/pt-br\/sobre-nos\/#breadcrumb","itemListElement":[{"@type":"ListItem","position":1,"name":"Principal","item":"https:\/\/airsps.com\/pt-br\/"},{"@type":"ListItem","position":2,"name":"Sobre n\u00f3s: AirSPS \u2013 L\u00edderes em frete a\u00e9reo, entrega a\u00e9rea e venda de aeronaves"}]}]}},"_links":{"self":[{"href":"https:\/\/airsps.com\/pt-br\/wp-json\/wp\/v2\/pages\/4728","targetHints":{"allow":["GET"]}}],"collection":[{"href":"https:\/\/airsps.com\/pt-br\/wp-json\/wp\/v2\/pages"}],"about":[{"href":"https:\/\/airsps.com\/pt-br\/wp-json\/wp\/v2\/types\/page"}],"author":[{"embeddable":true,"href":"https:\/\/airsps.com\/pt-br\/wp-json\/wp\/v2\/users\/1"}],"replies":[{"embeddable":true,"href":"https:\/\/airsps.com\/pt-br\/wp-json\/wp\/v2\/comments?post=4728"}],"version-history":[{"count":2,"href":"https:\/\/airsps.com\/pt-br\/wp-json\/wp\/v2\/pages\/4728\/revisions"}],"predecessor-version":[{"id":4753,"href":"https:\/\/airsps.com\/pt-br\/wp-json\/wp\/v2\/pages\/4728\/revisions\/4753"}],"wp:featuredmedia":[{"embeddable":true,"href":"https:\/\/airsps.com\/pt-br\/wp-json\/wp\/v2\/media\/4163"}],"wp:attachment":[{"href":"https:\/\/airsps.com\/pt-br\/wp-json\/wp\/v2\/media?parent=4728"}],"curies":[{"name":"wp","href":"https:\/\/api.w.org\/{rel}","templated":true}]}}