{"id":4147,"date":"2023-01-08T09:46:41","date_gmt":"2023-01-08T09:46:41","guid":{"rendered":"https:\/\/airsps.com\/oferta-principal\/"},"modified":"2025-09-07T17:44:29","modified_gmt":"2025-09-07T17:44:29","slug":"oferta-principal","status":"publish","type":"page","link":"https:\/\/airsps.com\/pt-br\/oferta-principal\/","title":{"rendered":"Oferta principal"},"content":{"rendered":"<h2>Frete a\u00e9reo de cargas superdimensionadas<\/h2>\n<p>Entrega de <a title=\"Cargas pesadas e superdimensionadas\" href=\"https:\/\/airsps.com\/pt-br\/frete-aereo\/\" rel=\"\">cargas pesadas e superdimensionadas<\/a> no aeroporto, frete a\u00e9reo de cargas complexas e cargas perigosas. <a title=\"Frete a\u00e9reo de cargas superdimensionadas\" href=\"https:\/\/airsps.com\/air-freight\/air-freight-of-oversized-cargo\/\" rel=\"\">Frete a\u00e9reo de cargas superdimensionadas<\/a> &#8211; Para esse tipo de transporte, oferecemos as exclusivas aeronaves <a title=\"1984 IL-76TD Carga\/Cargueiro (V\u00e1lido)\" href=\"https:\/\/airsps.com\/stock\/aircraft-for-sale\/planes\/1984-il-76td-sale-cargo-plane-5620\/\" rel=\"\">IL-76TD<\/a> e AN-124 Ruslan.<\/p>\n<h2>Transporte a\u00e9reo de carga consolidada e geral<\/h2>\n<p>Entrega da carga no aeroporto, check-in do voo, pagamento de taxas e armazenamento. Para o <a title=\"Fretamento de carga a\u00e9rea\" href=\"https:\/\/airsps.com\/air-freight\/air-cargo-charter\/\" rel=\"\">transporte de carga padr\u00e3o<\/a>, <a title=\"Transporte a\u00e9reo de carga consolidada e geral\" href=\"https:\/\/airsps.com\/air-freight\/air-transportation-groupage-cargo\/\" rel=\"\">carga consolidada e carga geral<\/a>, oferecemos aeronaves de carga Boeing 747-400F e Airbus A330-200F.<\/p>\n<h2>Aeronaves para vendas<\/h2>\n<h3>Oferta atual<\/h3>\n<ul>\n<li><strong>Helic\u00f3ptero de transporte Mi-17V-5<\/strong>, 2010-13, 500-600 horas, 8 unidades, revis\u00e3o em 2025.<br \/>\nPre\u00e7o 10.000.000 USD.<\/li>\n<li><strong>Helic\u00f3ptero de transporte Mi-171E<\/strong>, 2022, 0 horas, 2 unidades.<br \/>\nPre\u00e7o 16.500.000 USD.<\/li>\n<li><strong>Helic\u00f3ptero de transporte\/carga Mi-8AMT<\/strong>, 2009, 6 horas, 2 unidades, revis\u00e3o em 2025.<br \/>\nPre\u00e7o: US$ 8.000.000.<\/li>\n<li><strong>Helic\u00f3ptero de passageiros Mi-8AMT<\/strong>, sal\u00e3o VIP, 2011, 800 horas, revis\u00e3o em 2023, 0 horas.<br \/>\nPre\u00e7o 10.500.000 USD.<\/li>\n<li><strong>Helic\u00f3ptero de passageiros Mi-8MTV-1<\/strong>, sal\u00e3o VIP, 2022, 20 horas.<br \/>\nPre\u00e7o 11.000.000 USD.<\/li>\n<li><strong>Helic\u00f3ptero de passageiros Agusta AW139<\/strong>, 2013, sal\u00e3o VIP, 400 horas.<br \/>\nPre\u00e7o 12.000.000 USD.<\/li>\n<li><strong>Helic\u00f3ptero de transporte pesado Mi-26T<\/strong>, 1989, 3548 horas, revis\u00e3o em 2012, 1226 horas.<br \/>\nPre\u00e7o 16.000.000 USD.<\/li>\n<\/ul>\n<h3>Helic\u00f3pteros<\/h3>\n<ul>\n<li>Mi-8P (passageiro) 1981, requer revis\u00e3o, 4974 horas &#8230; vendido<\/li>\n<li>Mi-8T (carga) 1990, requer revis\u00e3o, 1476 horas &#8230; vendido<\/li>\n<li>Mi-8T (passageiro) 1992, renova\u00e7\u00e3o requerida, 3020 horas &#8230; vendido<\/li>\n<li>Mi-8T (passageiro) 1992, renova\u00e7\u00e3o requerida, 3803 horas &#8230; vendido<\/li>\n<li>Mi-8T (carga) 1983, ap\u00f3s grande revis\u00e3o em 2022, 2729 horas &#8230; US$ 2.200.000<\/li>\n<li>Mi-8T (carga) 1989, ap\u00f3s grande revis\u00e3o em 2020, 10249 horas &#8230; US$ 2.200.000<\/li>\n<li>Mi-8MTV-1 (carga) 1992, ap\u00f3s grande revis\u00e3o em 2022, 1.600 horas &#8230; US$ 5.700.000<\/li>\n<li>Mi-8MTV-1 (carga) 1992, precisa de revis\u00e3o 2404 horas &#8230; vendido<\/li>\n<li>Mi-8MTV-1 (carga) 1992, precisa de revis\u00e3o, 2764 horas &#8230; vendido<\/li>\n<li>Mi-8AMT (carga) 2020, 245 horas &#8230; vendido<\/li>\n<li>Mi-8AMT (carga) 2017, 1075 horas &#8230; vendido<\/li>\n<li>Mi-8AMT (carga) 2008, revis\u00e3o 2017 1380 horas &#8230; vendido<\/li>\n<li>Mi-8AMT (carga) 1992, ap\u00f3s grande revis\u00e3o em 2022, 11.000 horas &#8230; US$ 5.700.000<\/li>\n<li>Mi-8AMT (passageiro, sal\u00e3o VIP) 2011, ap\u00f3s grande revis\u00e3o 2021, 655 horas &#8230; $10,000,000<\/li>\n<li>Mi-26T (2 pe\u00e7as, transporte) 1991, sem motores, 300 horas &#8230; $500.000<\/li>\n<li>MI-172 (carga) 2008, precisa de reparos, 555 horas antes da revis\u00e3o, 2158 horas &#8230; vendido<\/li>\n<li>MI-17 V5 (carga) 2005, precisa de reparos, 947 horas antes da revis\u00e3o, 1741 horas &#8230; vendido<\/li>\n<li>Mi-171VIP ( passageiro, sal\u00e3o VIP) 2008, reparos est\u00e3o em andamento (calend\u00e1rio), 1031 horas &#8230; $8.600.000<\/li>\n<\/ul>\n<h3>Avi\u00f5es<\/h3>\n<ul>\n<li><span style=\"font-weight: 400;\">L-39 (5 pe\u00e7as), 1981, requer revis\u00e3o geral &#8230; vendido<\/span><\/li>\n<li><span style=\"font-weight: 400;\">AN-26B (carga) 1974, ap\u00f3s revis\u00e3o geral, 11072 horas &#8230; vendido<\/span><\/li>\n<li><span style=\"font-weight: 400;\">L-410 UVP (carga) 1984, ap\u00f3s grande revis\u00e3o geral, 6059 horas &#8230; vendido<\/span><\/li>\n<li><span style=\"font-weight: 400;\">L-410 UVP (carga) 1984, ap\u00f3s grande revis\u00e3o, 1714 horas &#8230; vendido<\/span><\/li>\n<li><span style=\"font-weight: 400;\">L-410 UVP-E (carga) 1990, ap\u00f3s grande revis\u00e3o, 1953 horas &#8230; vendido<\/span><\/li>\n<li><a title=\"1984 IL-76TD Carga\/Cargueiro (V\u00e1lido)\" href=\"https:\/\/airsps.com\/stock\/aircraft-for-sale\/planes\/1984-il-76td-sale-cargo-plane-5620\/\" rel=\"\">IL-76TD, 1984, certificado de aeronavegabilidade at\u00e9 28\/11\/2023, 5620 horas &#8230; vendido<\/a><\/li>\n<\/ul>\n<h2>Reparo de aeronaves<\/h2>\n<p>Uma parte importante de nossos neg\u00f3cios \u00e9 a venda e a manuten\u00e7\u00e3o de aeronaves russas em todo o mundo. Oferecemos o transporte de seus helic\u00f3pteros russos para f\u00e1bricas de aeronaves certificadas para reparo.<\/p>\n<h2>Coment\u00e1rios<\/h2>\n<p>Estamos prontos para fornecer outros modelos &#8211; envie-nos a LOI pelo e-mail <a href=\"mailto:order@airsps.com\">order@airsps.com<\/a><\/p>\n\n<div class=\"wpcf7 no-js\" id=\"wpcf7-f500-o1\" lang=\"en-US\" dir=\"ltr\" data-wpcf7-id=\"500\">\n<div class=\"screen-reader-response\"><p role=\"status\" aria-live=\"polite\" aria-atomic=\"true\"><\/p> <ul><\/ul><\/div>\n<form action=\"\/pt-br\/wp-json\/wp\/v2\/pages\/4147#wpcf7-f500-o1\" method=\"post\" class=\"wpcf7-form init wpcf7-acceptance-as-validation\" aria-label=\"Contact form\" enctype=\"multipart\/form-data\" novalidate=\"novalidate\" data-status=\"init\">\n<fieldset class=\"hidden-fields-container\"><input type=\"hidden\" name=\"_wpcf7\" value=\"500\" \/><input type=\"hidden\" name=\"_wpcf7_version\" value=\"6.1.4\" \/><input type=\"hidden\" name=\"_wpcf7_locale\" value=\"en_US\" \/><input type=\"hidden\" name=\"_wpcf7_unit_tag\" value=\"wpcf7-f500-o1\" \/><input type=\"hidden\" name=\"_wpcf7_container_post\" value=\"0\" \/><input type=\"hidden\" name=\"_wpcf7_posted_data_hash\" value=\"\" \/>\n<\/fieldset>\n<p><span class=\"wpcf7-form-control-wrap\" data-name=\"your-name\"><input size=\"40\" maxlength=\"50\" class=\"wpcf7-form-control wpcf7-text wpcf7-validates-as-required contact-form__field\" aria-required=\"true\" aria-invalid=\"false\" placeholder=\"Your name*\" value=\"\" type=\"text\" name=\"your-name\" \/><\/span><br \/>\n<span class=\"wpcf7-form-control-wrap\" data-name=\"tel-117\"><input size=\"40\" maxlength=\"20\" class=\"wpcf7-form-control wpcf7-tel wpcf7-validates-as-required wpcf7-text wpcf7-validates-as-tel contact-form__field\" aria-required=\"true\" aria-invalid=\"false\" placeholder=\"Phone*\" value=\"\" type=\"tel\" name=\"tel-117\" \/><\/span><br \/>\n<span class=\"wpcf7-form-control-wrap\" data-name=\"your-email\"><input size=\"40\" maxlength=\"50\" class=\"wpcf7-form-control wpcf7-email wpcf7-validates-as-required wpcf7-text wpcf7-validates-as-email contact-form__field\" aria-required=\"true\" aria-invalid=\"false\" placeholder=\"Email*\" value=\"\" type=\"email\" name=\"your-email\" \/><\/span><br \/>\n<span class=\"wpcf7-form-control-wrap\" data-name=\"text-236\"><input size=\"40\" maxlength=\"70\" class=\"wpcf7-form-control wpcf7-text wpcf7-validates-as-required contact-form__field\" aria-required=\"true\" aria-invalid=\"false\" placeholder=\"You Country*\" value=\"\" type=\"text\" name=\"text-236\" \/><\/span><br \/>\n<span class=\"wpcf7-form-control-wrap\" data-name=\"your-message\"><textarea cols=\"40\" rows=\"5\" maxlength=\"2000\" minlength=\"10\" class=\"wpcf7-form-control wpcf7-textarea wpcf7-validates-as-required contact-form__field\" aria-required=\"true\" aria-invalid=\"false\" placeholder=\"Message*\" name=\"your-message\"><\/textarea><\/span><br \/>\n<label> If You Have a LOI, Please Attach It<br \/>\n<span class=\"wpcf7-form-control-wrap\" data-name=\"file-250\"><input size=\"40\" class=\"wpcf7-form-control wpcf7-file btn\" accept=\".doc,.docx,.txt,.xlsx,.xls,.csv,.pdf,.png,.jpg,.jpeg\" aria-invalid=\"false\" type=\"file\" name=\"file-250\" \/><\/span> <\/label><br \/>\n<label><br \/>\n<span class=\"wpcf7-form-control-wrap\" data-name=\"cmplz-acceptance\"><span class=\"wpcf7-form-control wpcf7-acceptance\"><span class=\"wpcf7-list-item\"><label><input type=\"checkbox\" name=\"cmplz-acceptance\" value=\"1\" aria-invalid=\"false\" \/><span class=\"wpcf7-list-item-label\">To submit this form, you need to accept our <a href=\"?cmplz_region_redirect=true\" target=\"_blank\" rel=\"noopener noreferrer\">Privacy Statement<\/a><\/span><\/label><\/span><\/span><\/span><\/label><br \/>\n<span class=\"wpcf7-form-control-wrap kc_captcha cf7ic-toggle\" data-name=\"kc_captcha\"><span class=\"wpcf7-form-control wpcf7-radio\"><span class=\"captcha-image\" style=\"display: none;\"><span class=\"cf7ic_instructions\">Please prove you are human by selecting the<span> truck<\/span>.<\/span><label><input aria-label=\"1\" type=\"radio\" name=\"kc_captcha\" value=\"bot\" \/><svg aria-hidden=\"true\" role=\"img\" xmlns=\"http:\/\/www.w3.org\/2000\/svg\" viewBox=\"0 0 576 512\"><path fill=\"currentColor\" d=\"M259 18l-65 132-146 22c-26 3-37 36-18 54l106 103-25 146c-5 26 23 46 46 33l131-68 131 68c23 13 51-7 46-33l-25-146 106-103c19-18 8-51-18-54l-146-22-65-132a32 32 0 00-58 0z\"\/><\/svg><\/label><label><input aria-label=\"2\" type=\"radio\" name=\"kc_captcha\" value=\"bot\" \/><svg aria-hidden=\"true\" role=\"img\" xmlns=\"http:\/\/www.w3.org\/2000\/svg\" viewBox=\"0 0 640 512\"><path fill=\"currentColor\" d=\"M192 384h192c53 0 96-43 96-96h32a128 128 0 000-256H120c-13 0-24 11-24 24v232c0 53 43 96 96 96zM512 96a64 64 0 010 128h-32V96h32zm48 384H48c-47 0-61-64-36-64h584c25 0 11 64-36 64z\"\/><\/svg><\/label><label><input aria-label=\"3\" type=\"radio\" name=\"kc_captcha\" value=\"kc_human\" \/><svg aria-hidden=\"true\" role=\"img\" xmlns=\"http:\/\/www.w3.org\/2000\/svg\" viewBox=\"0 0 640 512\"><path fill=\"currentColor\" d=\"M624 352h-16V244c0-13-5-25-14-34L494 110c-9-9-21-14-34-14h-44V48c0-26-21-48-48-48H48C22 0 0 22 0 48v320c0 27 22 48 48 48h16a96 96 0 00192 0h128a96 96 0 00192 0h48c9 0 16-7 16-16v-32c0-9-7-16-16-16zM160 464a48 48 0 110-96 48 48 0 010 96zm320 0a48 48 0 110-96 48 48 0 010 96zm80-208H416V144h44l100 100v12z\"\/><\/svg><\/label>\r\n    <\/span>\r\n    <span style=\"display:none\">\r\n        <input type=\"text\" name=\"kc_honeypot\">\r\n    <\/span><\/span><\/span><br \/>\n<input class=\"wpcf7-form-control wpcf7-submit has-spinner btn\" type=\"submit\" value=\"Send\" \/>\n<\/p>\n<p>This site is protected by reCAPTCHA and the Google<br \/>\n<a href=\"https:\/\/policies.google.com\/privacy\" target=\"_blank\" rel=\"noopener noreferrer\">Privacy Policy<\/a> and<br \/>\n<a href=\"https:\/\/policies.google.com\/terms\" target=\"_blank\" rel=\"noopener noreferrer\">Terms of Service<\/a> apply.\n<\/p><div class=\"wpcf7-response-output\" aria-hidden=\"true\"><\/div>\n<\/form>\n<\/div>\n\n","protected":false},"excerpt":{"rendered":"<p>Frete a\u00e9reo de cargas superdimensionadas Entrega de cargas pesadas e superdimensionadas no aeroporto, frete a\u00e9reo de cargas complexas e cargas perigosas. Frete a\u00e9reo de cargas superdimensionadas &#8211; Para esse tipo de transporte, oferecemos as exclusivas aeronaves IL-76TD e AN-124 Ruslan. Transporte a\u00e9reo de carga consolidada e geral Entrega da carga no aeroporto, check-in do voo, [&hellip;]<\/p>\n","protected":false},"author":1,"featured_media":4148,"parent":0,"menu_order":0,"comment_status":"closed","ping_status":"closed","template":"","meta":{"footnotes":""},"class_list":["post-4147","page","type-page","status-publish","has-post-thumbnail",""],"yoast_head":"<!-- This site is optimized with the Yoast SEO Premium plugin v27.1 (Yoast SEO v27.1.1) - https:\/\/yoast.com\/product\/yoast-seo-premium-wordpress\/ -->\n<title>Carga a\u00e9rea pesada e de grandes dimens\u00f5es. Avi\u00f5es e helic\u00f3pteros \u00e0 venda<\/title>\n<meta name=\"description\" content=\"Confira nossa lista de pre\u00e7os para a venda de aeronaves - avi\u00f5es de carga, helic\u00f3pteros de transporte e de passageiros VIP - bem como nossa oferta para frete a\u00e9reo de cargas de grandes dimens\u00f5es.\" \/>\n<meta name=\"robots\" content=\"index, follow, max-snippet:-1, max-image-preview:large, max-video-preview:-1\" \/>\n<link rel=\"canonical\" href=\"https:\/\/airsps.com\/pt-br\/oferta-principal\/\" \/>\n<script type=\"application\/ld+json\" class=\"yoast-schema-graph\">{\"@context\":\"https:\/\/schema.org\",\"@graph\":[{\"@type\":\"BreadcrumbList\",\"@id\":\"https:\/\/airsps.com\/pt-br\/oferta-principal\/#breadcrumb\",\"itemListElement\":[{\"@type\":\"ListItem\",\"position\":1,\"name\":\"Principal\",\"item\":\"https:\/\/airsps.com\/pt-br\/\"},{\"@type\":\"ListItem\",\"position\":2,\"name\":\"Oferta principal\"}]}]}<\/script>\n<!-- \/ Yoast SEO Premium plugin. -->","yoast_head_json":{"title":"Carga a\u00e9rea pesada e de grandes dimens\u00f5es. Avi\u00f5es e helic\u00f3pteros \u00e0 venda","description":"Confira nossa lista de pre\u00e7os para a venda de aeronaves - avi\u00f5es de carga, helic\u00f3pteros de transporte e de passageiros VIP - bem como nossa oferta para frete a\u00e9reo de cargas de grandes dimens\u00f5es.","robots":{"index":"index","follow":"follow","max-snippet":"max-snippet:-1","max-image-preview":"max-image-preview:large","max-video-preview":"max-video-preview:-1"},"canonical":"https:\/\/airsps.com\/pt-br\/oferta-principal\/","schema":{"@context":"https:\/\/schema.org","@graph":[{"@type":"BreadcrumbList","@id":"https:\/\/airsps.com\/pt-br\/oferta-principal\/#breadcrumb","itemListElement":[{"@type":"ListItem","position":1,"name":"Principal","item":"https:\/\/airsps.com\/pt-br\/"},{"@type":"ListItem","position":2,"name":"Oferta principal"}]}]}},"_links":{"self":[{"href":"https:\/\/airsps.com\/pt-br\/wp-json\/wp\/v2\/pages\/4147","targetHints":{"allow":["GET"]}}],"collection":[{"href":"https:\/\/airsps.com\/pt-br\/wp-json\/wp\/v2\/pages"}],"about":[{"href":"https:\/\/airsps.com\/pt-br\/wp-json\/wp\/v2\/types\/page"}],"author":[{"embeddable":true,"href":"https:\/\/airsps.com\/pt-br\/wp-json\/wp\/v2\/users\/1"}],"replies":[{"embeddable":true,"href":"https:\/\/airsps.com\/pt-br\/wp-json\/wp\/v2\/comments?post=4147"}],"version-history":[{"count":1,"href":"https:\/\/airsps.com\/pt-br\/wp-json\/wp\/v2\/pages\/4147\/revisions"}],"predecessor-version":[{"id":4765,"href":"https:\/\/airsps.com\/pt-br\/wp-json\/wp\/v2\/pages\/4147\/revisions\/4765"}],"wp:featuredmedia":[{"embeddable":true,"href":"https:\/\/airsps.com\/pt-br\/wp-json\/wp\/v2\/media\/4148"}],"wp:attachment":[{"href":"https:\/\/airsps.com\/pt-br\/wp-json\/wp\/v2\/media?parent=4147"}],"curies":[{"name":"wp","href":"https:\/\/api.w.org\/{rel}","templated":true}]}}