{"id":4851,"date":"2025-10-05T06:10:50","date_gmt":"2025-10-05T06:10:50","guid":{"rendered":"https:\/\/airsps.com\/stock\/sin%20categor\u00eda\/motor-de-helicoptero-tv3-117vm\/"},"modified":"2025-10-12T14:42:50","modified_gmt":"2025-10-12T14:42:50","slug":"motor-de-helicoptero-tv3-117vm","status":"publish","type":"product","link":"https:\/\/airsps.com\/es\/existencias\/venta-de-piezas-de-aviones\/motor-de-helicoptero-tv3-117vm\/","title":{"rendered":"Motor de helic\u00f3ptero TV3-117VM"},"content":{"rendered":"<h2>Helic\u00f3pteros compatibles<\/h2>\n<ul>\n<li><strong>Mi-8MT \/ Mi-17<\/strong> helic\u00f3pteros de transporte medio<\/li>\n<li>Helic\u00f3pteros polivalentes <strong>Mi-171 \/ Mi-171Sh<\/strong><\/li>\n<li>Helic\u00f3pteros de transporte de ataque y asalto <strong>Mi-24 \/ Mi-35<\/strong><\/li>\n<li>Helic\u00f3pteros utilitarios <strong>Ka-32<\/strong> (modificaciones espec\u00edficas)<\/li>\n<\/ul>\n<h2>Aplicaciones en mantenimiento y reparaci\u00f3n<\/h2>\n<p>El <strong>motor TV3-117VM<\/strong> se suministra como repuesto completo para:<\/p>\n<ul>\n<li><strong>Sustituci\u00f3n de motores:<\/strong> prolongaci\u00f3n de la vida \u00fatil del helic\u00f3ptero y seguridad de las operaciones.<\/li>\n<li><strong>Programas de reacondicionamiento:<\/strong> restauraci\u00f3n de motores a un estado casi nuevo despu\u00e9s de miles de horas de uso.<\/li>\n<li><strong>Actualizaciones de flota:<\/strong> sustituci\u00f3n de motores antiguos o desgastados para mejorar la fiabilidad y reducir el tiempo de inactividad.<\/li>\n<\/ul>\n<h2>\u00bfPor qu\u00e9 elegir nuestro suministro?Motores TV3-117VM disponibles para la venta en stock<\/h2>\n<!-- TV3-117VM Engines - Responsive Card Layout for WordPress --><p><style>.engine-cards{display:grid;grid-template-columns:repeat(auto-fit,minmax(280px,1fr));gap:16px;margin:20px 0}.engine-card{border:1px solid #ddd;border-radius:10px;padding:16px;background:#fff;display:flex;flex-direction:column;justify-content:space-between;box-shadow:0 2px 6px rgba(0,0,0,.08)}.engine-card h3{margin:0 0 8px;font-size:18px;color:#111827}.engine-card p{margin:4px 0;font-size:14px;color:#374151}.engine-card .price{font-weight:700;color:#065f46;margin:8px 0;font-size:16px}.engine-card a.button{display:inline-block;text-align:center;background:#0ea5e9;color:#fff!important;padding:10px 14px;border-radius:8px;text-decoration:none;font-weight:600;margin-top:12px;transition:background 0.2s}.engine-card a.button:hover{background:#0284c7}<\/style><\/p><div class=\"engine-cards\"><div class=\"engine-card\"><h3>Engine TV3-117VM<\/h3><strong>Year \/ Condition:<\/strong> 2025, New <strong>Quantity:<\/strong> 10 <strong>Location:<\/strong> Russia, Ready for export\r\n<p class=\"price\">$1,400,000<\/p><a class=\"button\" title=\"AirSPS Bussiness WhatsApp\" href=\"https:\/\/wa.me\/15852826595\" rel=\"nofollow\">Request Quote<\/a><\/div><div class=\"engine-card\"><h3>Engine TV3-117VM<\/h3><strong>Year \/ Condition:<\/strong> 1992, TSO 3321 h, Full overhaul 09.2025 <strong>Quantity:<\/strong> 1 <strong>Location:<\/strong> UAE\r\n<p class=\"price\">$1,150,000<\/p><a class=\"button\" title=\"AirSPS Bussiness WhatsApp\" href=\"https:\/\/wa.me\/15852826595\" rel=\"nofollow\">Request Quote<\/a><\/div><div class=\"engine-card\"><h3>Engine TV3-117VM<\/h3><strong>Year \/ Condition:<\/strong> 1992, TSO 2250 h, Full overhaul 09.2025 <strong>Quantity:<\/strong> 1 <strong>Location:<\/strong> UAE\r\n<p class=\"price\">$1,150,000<\/p><a class=\"button\" title=\"AirSPS Bussiness WhatsApp\" href=\"https:\/\/wa.me\/15852826595\" rel=\"nofollow\">Request Quote<\/a><\/div><div class=\"engine-card\"><h3>Engine TV3-117VM<\/h3><strong>Year \/ Condition:<\/strong> 1992, TSO 300 h, Full overhaul 10.2025 <strong>Quantity:<\/strong> 2 <strong>Location:<\/strong> UAE\r\n<p class=\"price\">$1,350,000<\/p><a class=\"button\" title=\"AirSPS Bussiness WhatsApp\" href=\"https:\/\/wa.me\/15852826595\" rel=\"nofollow\">Request Quote<\/a><\/div><div class=\"engine-card\"><h3>Engine TV3-117VM Series 02<\/h3><strong>Year \/ Condition:<\/strong> 2000, TSO 2800 h, Full overhaul 11.2025 <strong>Quantity:<\/strong> 1 <strong>Location:<\/strong> UAE\r\n<p class=\"price\">$1,300,000<\/p><a class=\"button\" title=\"AirSPS Bussiness WhatsApp\" href=\"https:\/\/wa.me\/15852826595\" rel=\"nofollow\">Request Quote<\/a><\/div><div class=\"engine-card\"><h3>Engine TV3-117VM Series 02<\/h3><strong>Year \/ Condition:<\/strong> 2000, TSO 3000 h, Full overhaul 11.2025 <strong>Quantity:<\/strong> 1 <strong>Location:<\/strong> UAE\r\n<p class=\"price\">$1,300,000<\/p><a class=\"button\" title=\"AirSPS Bussiness WhatsApp\" href=\"https:\/\/wa.me\/15852826595\" rel=\"nofollow\">Request Quote<\/a><\/div><div class=\"engine-card\"><h3>Engine TV3-117VM<\/h3><strong>Year \/ Condition:<\/strong> 1993, TSO 4499 h, Full overhaul 2023 <strong>Quantity:<\/strong> 1 <strong>Location:<\/strong> Russia, Ready for export\r\n<p class=\"price\">$1,150,000<\/p><a class=\"button\" title=\"AirSPS Bussiness WhatsApp\" href=\"https:\/\/wa.me\/15852826595\" rel=\"nofollow\">Request Quote<\/a><\/div><\/div>\n<h2>\u00bfPor qu\u00e9 elegir nuestro suministro?<\/h2>\n<ul>\n<li>\ud83c\udf0d Entrega r\u00e1pida en \u00c1frica, Asia y Am\u00e9rica Latina.<\/li>\n<li>\u2705 Motores certificados e inspeccionados listos para su instalaci\u00f3n inmediata.<\/li>\n<li>\ud83d\udd27 Opciones disponibles desde unidades nuevas hasta totalmente revisadas.<\/li>\n<li>\ud83d\udcb0 Precios competitivos y soluciones flexibles de exportaci\u00f3n.<\/li>\n<\/ul>\n<h2>Solicitar presupuesto<\/h2>\n<p>Contacte con nuestro <a title=\"Contactos AirSPS\" href=\"https:\/\/airsps.com\/es\/contactos\/\" rel=\"\">equipo de ventas<\/a> para m\u00e1s detalles, plazos de entrega y presupuestos personalizados de los <strong>motores de helic\u00f3ptero TV3-117VM<\/strong> actualmente en stock.<\/p>\n","protected":false},"excerpt":{"rendered":"<p>El <strong>motor TV3-117VM<\/strong> es un grupo motopropulsor turboeje fiable ampliamente utilizado en los <strong>helic\u00f3pteros Mi-8\/17, Mi-171, Mi-24\/35 y Ka-32<\/strong>. Est\u00e1 dise\u00f1ado para funcionar en condiciones exigentes de calor y alta temperatura y es una pieza de repuesto fundamental para operadores de <strong>\u00c1frica, Asia y Am\u00e9rica Latina<\/strong> que necesitan motores fiables para flotas de aviaci\u00f3n civil y militar.<\/p>\n","protected":false},"featured_media":4809,"comment_status":"closed","ping_status":"closed","template":"","meta":[],"product_brand":[],"product_cat":[143],"product_tag":[],"class_list":{"0":"post-4851","1":"product","2":"type-product","3":"status-publish","4":"has-post-thumbnail","5":"","6":"product_cat-venta-de-piezas-de-aviones","8":"first","9":"instock","10":"sold-individually","11":"shipping-taxable","12":"product-type-simple"},"yoast_head":"<!-- This site is optimized with the Yoast SEO Premium plugin v27.1 (Yoast SEO v27.1.1) - https:\/\/yoast.com\/product\/yoast-seo-premium-wordpress\/ -->\n<title>Motor de helic\u00f3ptero TV3-117VM para Mi-8, Mi-17 | Repuestos de Aviaci\u00f3n<\/title>\n<meta name=\"description\" content=\"Comprar motor de helic\u00f3ptero TV3-117VM para Mi-8, Mi-17, Mi-171. Repuestos certificados para sustituci\u00f3n y revisi\u00f3n de motores. Entrega r\u00e1pida en \u00c1frica, Asia y Am\u00e9rica Latina\" \/>\n<meta name=\"robots\" content=\"index, follow, max-snippet:-1, max-image-preview:large, max-video-preview:-1\" \/>\n<link rel=\"canonical\" href=\"https:\/\/airsps.com\/es\/existencias\/venta-de-piezas-de-aviones\/motor-de-helicoptero-tv3-117vm\/\" \/>\n<script type=\"application\/ld+json\" class=\"yoast-schema-graph\">{\"@context\":\"https:\/\/schema.org\",\"@graph\":[{\"@type\":\"BreadcrumbList\",\"@id\":\"https:\/\/airsps.com\/es\/existencias\/venta-de-piezas-de-aviones\/motor-de-helicoptero-tv3-117vm\/#breadcrumb\",\"itemListElement\":[{\"@type\":\"ListItem\",\"position\":1,\"name\":\"Inicio\",\"item\":\"https:\/\/airsps.com\/es\/\"},{\"@type\":\"ListItem\",\"position\":2,\"name\":\"Existencias\",\"item\":\"https:\/\/airsps.com\/es\/existencias\/\"},{\"@type\":\"ListItem\",\"position\":3,\"name\":\"Venta de piezas de aviones y helic\u00f3pteros\",\"item\":\"https:\/\/airsps.com\/es\/deposito\/venta-de-piezas-de-aviones\/\"},{\"@type\":\"ListItem\",\"position\":4,\"name\":\"Motor de helic\u00f3ptero TV3-117VM\"}]}]}<\/script>\n<!-- \/ Yoast SEO Premium plugin. -->","yoast_head_json":{"title":"Motor de helic\u00f3ptero TV3-117VM para Mi-8, Mi-17 | Repuestos de Aviaci\u00f3n","description":"Comprar motor de helic\u00f3ptero TV3-117VM para Mi-8, Mi-17, Mi-171. Repuestos certificados para sustituci\u00f3n y revisi\u00f3n de motores. Entrega r\u00e1pida en \u00c1frica, Asia y Am\u00e9rica Latina","robots":{"index":"index","follow":"follow","max-snippet":"max-snippet:-1","max-image-preview":"max-image-preview:large","max-video-preview":"max-video-preview:-1"},"canonical":"https:\/\/airsps.com\/es\/existencias\/venta-de-piezas-de-aviones\/motor-de-helicoptero-tv3-117vm\/","schema":{"@context":"https:\/\/schema.org","@graph":[{"@type":"BreadcrumbList","@id":"https:\/\/airsps.com\/es\/existencias\/venta-de-piezas-de-aviones\/motor-de-helicoptero-tv3-117vm\/#breadcrumb","itemListElement":[{"@type":"ListItem","position":1,"name":"Inicio","item":"https:\/\/airsps.com\/es\/"},{"@type":"ListItem","position":2,"name":"Existencias","item":"https:\/\/airsps.com\/es\/existencias\/"},{"@type":"ListItem","position":3,"name":"Venta de piezas de aviones y helic\u00f3pteros","item":"https:\/\/airsps.com\/es\/deposito\/venta-de-piezas-de-aviones\/"},{"@type":"ListItem","position":4,"name":"Motor de helic\u00f3ptero TV3-117VM"}]}]}},"_links":{"self":[{"href":"https:\/\/airsps.com\/es\/wp-json\/wp\/v2\/product\/4851","targetHints":{"allow":["GET"]}}],"collection":[{"href":"https:\/\/airsps.com\/es\/wp-json\/wp\/v2\/product"}],"about":[{"href":"https:\/\/airsps.com\/es\/wp-json\/wp\/v2\/types\/product"}],"replies":[{"embeddable":true,"href":"https:\/\/airsps.com\/es\/wp-json\/wp\/v2\/comments?post=4851"}],"wp:featuredmedia":[{"embeddable":true,"href":"https:\/\/airsps.com\/es\/wp-json\/wp\/v2\/media\/4809"}],"wp:attachment":[{"href":"https:\/\/airsps.com\/es\/wp-json\/wp\/v2\/media?parent=4851"}],"wp:term":[{"taxonomy":"product_brand","embeddable":true,"href":"https:\/\/airsps.com\/es\/wp-json\/wp\/v2\/product_brand?post=4851"},{"taxonomy":"product_cat","embeddable":true,"href":"https:\/\/airsps.com\/es\/wp-json\/wp\/v2\/product_cat?post=4851"},{"taxonomy":"product_tag","embeddable":true,"href":"https:\/\/airsps.com\/es\/wp-json\/wp\/v2\/product_tag?post=4851"}],"curies":[{"name":"wp","href":"https:\/\/api.w.org\/{rel}","templated":true}]}}