{"id":3623,"date":"2024-08-07T12:31:01","date_gmt":"2024-08-07T12:31:01","guid":{"rendered":"https:\/\/airsps.com\/?post_type=product&#038;p=3623"},"modified":"2025-08-12T15:52:23","modified_gmt":"2025-08-12T15:52:23","slug":"2022-mi-171e-helicoptero-de-transporte-de-pasajeros-en-venta","status":"publish","type":"product","link":"https:\/\/airsps.com\/es\/existencias\/aviones-en-venta\/helicopteros\/2022-mi-171e-helicoptero-de-transporte-de-pasajeros-en-venta\/","title":{"rendered":"2022 Mi-171E Transporte \/ Pasajeros NUEVO"},"content":{"rendered":"<h2>Datos Comunes<\/h2>\n<p>El helic\u00f3ptero Mi-171E es una versi\u00f3n mejorada del mundialmente famoso helic\u00f3ptero Mi-8. Se produjeron m\u00e1s de 12 mil helic\u00f3pteros Mi-8\/Mi-17\/Mi-171, de los cuales se exportaron alrededor de 4.000. Actualmente, los helic\u00f3pteros Mi-8 \/ Mi-17 se operan en m\u00e1s de 80 pa\u00edses de todo el mundo. El tiempo total de vuelo de estos helic\u00f3pteros supera los 35 millones de horas.<\/p>\n<p>El dise\u00f1o, los materiales utilizados, la documentaci\u00f3n, la tecnolog\u00eda de fabricaci\u00f3n y las caracter\u00edsticas del helic\u00f3ptero garantizan su funcionamiento seguro. El helic\u00f3ptero se opera en todas las condiciones clim\u00e1ticas: en tierra, en el mar, en cualquier zona microclim\u00e1tica, incluidos los climas marinos, tropicales y fr\u00edos, bajo la influencia de la niebla marina y el agua de mar.<\/p>\n<p>El helic\u00f3ptero puede operarse a temperaturas exteriores de menos 50 \u00b0 C a m\u00e1s 50 \u00b0 C y humedad relativa de hasta el 100%.<\/p>\n<h2>Prop\u00f3sitos principales del Mi-171E<\/h2>\n<p>El Mi-171E est\u00e1 dise\u00f1ado para resolver una amplia gama de tareas. Cuando se instala el equipo adecuado, el helic\u00f3ptero se puede utilizar para realizar las siguientes operaciones b\u00e1sicas:<\/p>\n<ul>\n<li>transporte de pasajeros;<\/li>\n<li>transporte de carga de hasta 4000 kg dentro de la carga;<\/li>\n<li>compartimento \/ en una eslinga externa;<\/li>\n<li>operaciones de b\u00fasqueda y rescate;<\/li>\n<li>evacuaci\u00f3n de hasta 12 personas en camillas sanitarias y ambulancia<\/li>\n<li>trabajos de construcci\u00f3n e instalaci\u00f3n;<\/li>\n<li>patrullaje;<\/li>\n<li>extinci\u00f3n de incendios.<\/li>\n<\/ul>\n<h2>Mantenimiento Y Vida \u00datil<\/h2>\n<p>El mantenimiento del helic\u00f3ptero Mi-171E se lleva a cabo de acuerdo con las horas de vuelo del fuselaje y, sujeto a la implementaci\u00f3n oportuna y de alta calidad de los procedimientos asignados, garantiza el nivel requerido de capacidad de servicio y preparaci\u00f3n del helic\u00f3ptero para los vuelos.<\/p>\n<p>El programa de mantenimiento (MS) es el principal documento operativo que define los objetos de mantenimiento( sistemas, subsistemas y objetos), la lista y frecuencia de los procedimientos realizados.<\/p>\n<p>El programa de mantenimiento prev\u00e9 los siguientes tipos de mantenimiento de helic\u00f3pteros:<\/p>\n<ul>\n<li>l\u00ednea;<\/li>\n<li>peri\u00f3dico;<\/li>\n<li>especial;<\/li>\n<li>al almacenar un helic\u00f3ptero;<\/li>\n<li>estacional.<\/li>\n<\/ul>\n<h2>Servicio de L\u00ednea<\/h2>\n<p>El mantenimiento lineal se lleva a cabo en el puesto de helic\u00f3pteros, garantiza el uso del helic\u00f3ptero para su prop\u00f3sito previsto e incluye:<\/p>\n<ul>\n<li>Operaciones preliminares (auxiliares) ;<\/li>\n<li>Trabajos de inspecci\u00f3n visual, mantenimiento y seguimiento del estado t\u00e9cnico;<\/li>\n<li>Salida y estacionamiento.<\/li>\n<\/ul>\n<h2>Mantenimiento peri\u00f3dico (operaciones de mantenimiento programadas)<\/h2>\n<p>El mantenimiento peri\u00f3dico se asigna al TSN del fuselaje en horas o despu\u00e9s de la \u00faltima revisi\u00f3n y consiste en operaciones de la forma b\u00e1sica F-1, realizadas despu\u00e9s de cada (50\u00b110) horas de tiempo de vuelo del helic\u00f3ptero y trabajo auxiliar F = 2, 3, 4 y 5.<\/p>\n<p>La necesidad de realizar estos trabajos est\u00e1 determinada por el tiempo de operaci\u00f3n del helic\u00f3ptero cada 100, 300, 500, 1000 horas de vuelo, respectivamente, independientemente de la tolerancia permitida para el mantenimiento peri\u00f3dico previo.<\/p>\n<p>Se establece un est\u00e1ndar uniforme de \u00b110 horas de tiempo de vuelo para todos los trabajos de mantenimiento peri\u00f3dico. Al realizar un mantenimiento por fases, se permite aumentar las horas de vuelo a \u00b120 horas para trabajos con un intervalo de mantenimiento de 100 horas o m\u00e1s.<\/p>\n<p>Para motores, unidades e instrumentos, el mantenimiento se asigna en funci\u00f3n de las horas de vuelo del fuselaje. En caso de reemplazo del motor (motores) u otros componentes debido a la expiraci\u00f3n de la vida \u00fatil o antes de lo programado, el mantenimiento debe llevarse a cabo en la forma necesaria para las horas de vuelo del fuselaje y el trabajo auxiliar.:<\/p>\n<ul>\n<li>directamente relacionado con la sustituci\u00f3n del motor (motores) o sus componentes;<\/li>\n<li>relacionado con la inspecci\u00f3n de partes estructurales del fuselaje y partes de los sistemas de suministro de energ\u00eda, cuyo acceso solo es posible con el motor o sus componentes retirados.<\/li>\n<\/ul>\n<p>El mantenimiento posterior del motor (motores) y otros componentes se lleva a cabo de acuerdo con los formularios de mantenimiento correspondientes al tiempo de funcionamiento del fuselaje.<\/p>\n<p>Para garantizar un funcionamiento sin problemas del helic\u00f3ptero en diversas condiciones clim\u00e1ticas, en condiciones de operaci\u00f3n intensiva, al realizar tareas especiales, as\u00ed como durante largos descansos entre vuelos, el oficial superior del servicio t\u00e9cnico de aviaci\u00f3n del operador tiene derecho a solicitar trabajo adicional. o una forma peri\u00f3dica adicional de mantenimiento.<\/p>\n<h2>Mantenimiento especial (mantenimiento no programado)<\/h2>\n<p>El mantenimiento especial incluye el trabajo despu\u00e9s de que el helic\u00f3ptero est\u00e9 expuesto a cargas causadas por condiciones de operaci\u00f3n anormales, tales como:<\/p>\n<ul>\n<li>aterrizaje forzoso;<\/li>\n<li>volando en aire turbulento;<\/li>\n<li>volar en condiciones de tormenta (ca\u00edda de rayos);<\/li>\n<li>vuelo en condiciones de hielo;<\/li>\n<li>exposici\u00f3n al granizo u otras condiciones de tormenta;<\/li>\n<li>exceder los l\u00edmites de vuelo durante el vuelo.<\/li>\n<\/ul>\n<h2>Servicio de almac\u00e9n<\/h2>\n<p>Se realiza durante pausas temporales en los vuelos y consta de procedimientos:<\/p>\n<ul>\n<li>prepare el helic\u00f3ptero para el almacenamiento;<\/li>\n<li>mantenga el helic\u00f3ptero cada (30\u00b15) d\u00edas, 3 meses \u00b110 d\u00edas, (6\u00b11) meses;<\/li>\n<li>prepare el helic\u00f3ptero para los vuelos despu\u00e9s del almacenamiento.<\/li>\n<\/ul>\n<h2>Servicio de temporada<\/h2>\n<p>El mantenimiento estacional se lleva a cabo preparando el helic\u00f3ptero para los per\u00edodos de operaci\u00f3n de oto\u00f1o-invierno y primavera-verano.<\/p>\n<p>Todas las operaciones requeridas en el Manual de Mantenimiento se realizan de acuerdo con las tarjetas de tareas incluidas en el Manual de Mantenimiento del Helic\u00f3ptero y los Procedimientos de Mantenimiento y el Manual de Almacenamiento incluidos en el Manual de Operaciones de Componentes.<\/p>\n","protected":false},"excerpt":{"rendered":"<p>A\u00f1o: 2022 (2 uds.)<br \/>\nRecurso de helic\u00f3ptero: 18000<br \/>\nTiempo entre revisiones: 2000<br \/>\nVida \u00fatil: 35 a\u00f1os<\/p>\n<p>#1<br \/>\nTiempo total: 3<br \/>\nRecurso restante: 17997<br \/>\nEl resto del recurso inter-reparaci\u00f3n: 1997<\/p>\n<p>#2<br \/>\nTiempo total: 5<br \/>\nRecurso restante: 17995<br \/>\nEl resto del recurso inter-reparaci\u00f3n: 1995<\/p>\n<p>2 (dos) helic\u00f3pteros Mi-171E se pueden suministrar completos con: piezas de repuesto, cubiertas, equipos y herramientas de apoyo en tierra, un conjunto de documentaci\u00f3n operativa y de reparaci\u00f3n.<\/p>\n<p><strong>Garant\u00edas para helic\u00f3pteros y equipos<\/strong><br \/>\nEl per\u00edodo de garant\u00eda de esta oferta es el siguiente:<\/p>\n<ul>\n<li>para un helic\u00f3ptero: 12 (doce) meses o 300 (trescientas) horas de vuelo a partir de la fecha de firma del Certificado de Aceptaci\u00f3n del Helic\u00f3ptero, lo que ocurra primero;<\/li>\n<li>para equipos de helic\u00f3pteros: 12 (doce) meses a partir de la fecha de firma del contrato.<\/li>\n<\/ul>\n<p>El servicio de garant\u00eda extendida puede ofrecerse a un costo adicional.<\/p>\n","protected":false},"featured_media":3632,"comment_status":"closed","ping_status":"closed","template":"","meta":[],"product_brand":[],"product_cat":[71],"product_tag":[],"class_list":{"0":"post-3623","1":"product","2":"type-product","3":"status-publish","4":"has-post-thumbnail","5":"","6":"product_cat-helicopteros","8":"first","9":"instock","10":"sold-individually","11":"shipping-taxable","12":"product-type-simple"},"yoast_head":"<!-- This site is optimized with the Yoast SEO Premium plugin v27.1 (Yoast SEO v27.1.1) - https:\/\/yoast.com\/product\/yoast-seo-premium-wordpress\/ -->\n<title>Helic\u00f3ptero de Transporte de Pasajeros Mi-171E 2022 a la venta \/ TT 3 horas<\/title>\n<meta name=\"description\" content=\"Helic\u00f3ptero de Transporte de Pasajeros Mi-171E a la venta \/ 2022 Tiempo total: 3 horas. Nuevo veh\u00edculo para transporte a\u00e9reo de carga y pasajeros\" \/>\n<meta name=\"robots\" content=\"index, follow, max-snippet:-1, max-image-preview:large, max-video-preview:-1\" \/>\n<link rel=\"canonical\" href=\"https:\/\/airsps.com\/es\/existencias\/aviones-en-venta\/helicopteros\/2022-mi-171e-helicoptero-de-transporte-de-pasajeros-en-venta\/\" \/>\n<script type=\"application\/ld+json\" class=\"yoast-schema-graph\">{\"@context\":\"https:\/\/schema.org\",\"@graph\":[{\"@type\":\"BreadcrumbList\",\"@id\":\"https:\/\/airsps.com\/es\/existencias\/aviones-en-venta\/helicopteros\/2022-mi-171e-helicoptero-de-transporte-de-pasajeros-en-venta\/#breadcrumb\",\"itemListElement\":[{\"@type\":\"ListItem\",\"position\":1,\"name\":\"Inicio\",\"item\":\"https:\/\/airsps.com\/es\/\"},{\"@type\":\"ListItem\",\"position\":2,\"name\":\"Existencias\",\"item\":\"https:\/\/airsps.com\/es\/existencias\/\"},{\"@type\":\"ListItem\",\"position\":3,\"name\":\"Aviones en Venta\",\"item\":\"https:\/\/airsps.com\/es\/deposito\/aviones-en-venta\/\"},{\"@type\":\"ListItem\",\"position\":4,\"name\":\"Venta de helic\u00f3pteros\",\"item\":\"https:\/\/airsps.com\/es\/deposito\/aviones-en-venta\/helicopteros\/\"},{\"@type\":\"ListItem\",\"position\":5,\"name\":\"2022 Mi-171E Transporte \/ Pasajeros NUEVO\"}]}]}<\/script>\n<!-- \/ Yoast SEO Premium plugin. -->","yoast_head_json":{"title":"Helic\u00f3ptero de Transporte de Pasajeros Mi-171E 2022 a la venta \/ TT 3 horas","description":"Helic\u00f3ptero de Transporte de Pasajeros Mi-171E a la venta \/ 2022 Tiempo total: 3 horas. Nuevo veh\u00edculo para transporte a\u00e9reo de carga y pasajeros","robots":{"index":"index","follow":"follow","max-snippet":"max-snippet:-1","max-image-preview":"max-image-preview:large","max-video-preview":"max-video-preview:-1"},"canonical":"https:\/\/airsps.com\/es\/existencias\/aviones-en-venta\/helicopteros\/2022-mi-171e-helicoptero-de-transporte-de-pasajeros-en-venta\/","schema":{"@context":"https:\/\/schema.org","@graph":[{"@type":"BreadcrumbList","@id":"https:\/\/airsps.com\/es\/existencias\/aviones-en-venta\/helicopteros\/2022-mi-171e-helicoptero-de-transporte-de-pasajeros-en-venta\/#breadcrumb","itemListElement":[{"@type":"ListItem","position":1,"name":"Inicio","item":"https:\/\/airsps.com\/es\/"},{"@type":"ListItem","position":2,"name":"Existencias","item":"https:\/\/airsps.com\/es\/existencias\/"},{"@type":"ListItem","position":3,"name":"Aviones en Venta","item":"https:\/\/airsps.com\/es\/deposito\/aviones-en-venta\/"},{"@type":"ListItem","position":4,"name":"Venta de helic\u00f3pteros","item":"https:\/\/airsps.com\/es\/deposito\/aviones-en-venta\/helicopteros\/"},{"@type":"ListItem","position":5,"name":"2022 Mi-171E Transporte \/ Pasajeros NUEVO"}]}]}},"_links":{"self":[{"href":"https:\/\/airsps.com\/es\/wp-json\/wp\/v2\/product\/3623","targetHints":{"allow":["GET"]}}],"collection":[{"href":"https:\/\/airsps.com\/es\/wp-json\/wp\/v2\/product"}],"about":[{"href":"https:\/\/airsps.com\/es\/wp-json\/wp\/v2\/types\/product"}],"replies":[{"embeddable":true,"href":"https:\/\/airsps.com\/es\/wp-json\/wp\/v2\/comments?post=3623"}],"wp:featuredmedia":[{"embeddable":true,"href":"https:\/\/airsps.com\/es\/wp-json\/wp\/v2\/media\/3632"}],"wp:attachment":[{"href":"https:\/\/airsps.com\/es\/wp-json\/wp\/v2\/media?parent=3623"}],"wp:term":[{"taxonomy":"product_brand","embeddable":true,"href":"https:\/\/airsps.com\/es\/wp-json\/wp\/v2\/product_brand?post=3623"},{"taxonomy":"product_cat","embeddable":true,"href":"https:\/\/airsps.com\/es\/wp-json\/wp\/v2\/product_cat?post=3623"},{"taxonomy":"product_tag","embeddable":true,"href":"https:\/\/airsps.com\/es\/wp-json\/wp\/v2\/product_tag?post=3623"}],"curies":[{"name":"wp","href":"https:\/\/api.w.org\/{rel}","templated":true}]}}