{"id":2269,"date":"2023-05-05T04:01:06","date_gmt":"2023-05-05T04:01:06","guid":{"rendered":"https:\/\/airsps.com\/?post_type=product&#038;p=2269"},"modified":"2025-08-12T15:52:27","modified_gmt":"2025-08-12T15:52:27","slug":"1984-il-76td-venta-avion-de-carga-5620","status":"publish","type":"product","link":"https:\/\/airsps.com\/es\/existencias\/aviones-en-venta\/aviones\/1984-il-76td-venta-avion-de-carga-5620\/","title":{"rendered":"1984 IL-76TD Cargo\/Freighter (V\u00e1lido)"},"content":{"rendered":"<p>En venta: El avi\u00f3n de transporte pesado IL-76TD de Ilyushin: una m\u00e1quina fiable y potente con una capacidad de carga y un alcance formidables.<\/p>\n<p>El IL-76TD tambi\u00e9n es capaz de operar tanto en pistas pavimentadas como sin pavimentar, lo que lo convierte en una excelente opci\u00f3n para entornos dif\u00edciles y lugares remotos. Su dise\u00f1o robusto y su tren de aterrizaje reforzado garantizan un funcionamiento seguro y fiable incluso en terrenos accidentados.<\/p>\n<p>Ideal para operaciones de respuesta a emergencias y ayuda en cat\u00e1strofes, la espaciosa bodega de carga del IL-76TD puede acomodar suministros cr\u00edticos, equipos y personal, transport\u00e1ndolos de forma r\u00e1pida y eficiente a las zonas afectadas.<\/p>\n<p>Los avanzados sistemas de cabina y navegaci\u00f3n del IL-76TD permiten a los pilotos operar con seguridad y eficacia en todas las condiciones meteorol\u00f3gicas. El sistema de piloto autom\u00e1tico ayuda a reducir la carga de trabajo del piloto, permiti\u00e9ndole centrarse en otros aspectos esenciales del vuelo.<\/p>\n<p>En general, el IL-76TD es un avi\u00f3n vers\u00e1til y fiable que puede transformar las operaciones de su empresa. P\u00f3ngase en contacto con nosotros hoy mismo para obtener m\u00e1s informaci\u00f3n sobre c\u00f3mo esta impresionante m\u00e1quina puede ayudarle a alcanzar sus objetivos.<\/p>\n","protected":false},"excerpt":{"rendered":"<p>A\u00f1o: 1984<br \/>\nTiempo total: 5620<br \/>\nCertificado de aeronavegabilidad: V\u00e1lido<\/p>\n<p>Equipado con motores y avi\u00f3nica avanzados, el IL-76TD ofrece una fiabilidad y eficiencia insuperables en el transporte a\u00e9reo. Capaz de transportar hasta 50 toneladas de carga a distancias de hasta 4.000 km sin repostar.<\/p>\n","protected":false},"featured_media":2274,"comment_status":"closed","ping_status":"closed","template":"","meta":[],"product_brand":[],"product_cat":[72],"product_tag":[],"class_list":{"0":"post-2269","1":"product","2":"type-product","3":"status-publish","4":"has-post-thumbnail","5":"","6":"product_cat-aviones","8":"first","9":"instock","10":"sold-individually","11":"shipping-taxable","12":"product-type-simple"},"yoast_head":"<!-- This site is optimized with the Yoast SEO Premium plugin v27.1 (Yoast SEO v27.1.1) - https:\/\/yoast.com\/product\/yoast-seo-premium-wordpress\/ -->\n<title>1984 IL-76TD avi\u00f3n de carga para la venta &#8212; Certificado de aeronavegabilidad v\u00e1lido<\/title>\n<meta name=\"description\" content=\"Avi\u00f3n de carga IL-76TD | El avi\u00f3n tiene un certificado de aeronavegabilidad v\u00e1lido | Avi\u00f3n de transporte pesado para transporte a\u00e9reo de carga\" \/>\n<meta name=\"robots\" content=\"index, follow, max-snippet:-1, max-image-preview:large, max-video-preview:-1\" \/>\n<link rel=\"canonical\" href=\"https:\/\/airsps.com\/es\/existencias\/aviones-en-venta\/aviones\/1984-il-76td-venta-avion-de-carga-5620\/\" \/>\n<script type=\"application\/ld+json\" class=\"yoast-schema-graph\">{\"@context\":\"https:\/\/schema.org\",\"@graph\":[{\"@type\":\"BreadcrumbList\",\"@id\":\"https:\/\/airsps.com\/es\/existencias\/aviones-en-venta\/aviones\/1984-il-76td-venta-avion-de-carga-5620\/#breadcrumb\",\"itemListElement\":[{\"@type\":\"ListItem\",\"position\":1,\"name\":\"Inicio\",\"item\":\"https:\/\/airsps.com\/es\/\"},{\"@type\":\"ListItem\",\"position\":2,\"name\":\"Existencias\",\"item\":\"https:\/\/airsps.com\/es\/existencias\/\"},{\"@type\":\"ListItem\",\"position\":3,\"name\":\"Aviones en Venta\",\"item\":\"https:\/\/airsps.com\/es\/deposito\/aviones-en-venta\/\"},{\"@type\":\"ListItem\",\"position\":4,\"name\":\"Aviones de Transporte y Carga en Venta\",\"item\":\"https:\/\/airsps.com\/es\/deposito\/aviones-en-venta\/aviones\/\"},{\"@type\":\"ListItem\",\"position\":5,\"name\":\"1984 IL-76TD Cargo\/Freighter (V\u00e1lido)\"}]}]}<\/script>\n<!-- \/ Yoast SEO Premium plugin. -->","yoast_head_json":{"title":"1984 IL-76TD avi\u00f3n de carga para la venta &#8212; Certificado de aeronavegabilidad v\u00e1lido","description":"Avi\u00f3n de carga IL-76TD | El avi\u00f3n tiene un certificado de aeronavegabilidad v\u00e1lido | Avi\u00f3n de transporte pesado para transporte a\u00e9reo de carga","robots":{"index":"index","follow":"follow","max-snippet":"max-snippet:-1","max-image-preview":"max-image-preview:large","max-video-preview":"max-video-preview:-1"},"canonical":"https:\/\/airsps.com\/es\/existencias\/aviones-en-venta\/aviones\/1984-il-76td-venta-avion-de-carga-5620\/","schema":{"@context":"https:\/\/schema.org","@graph":[{"@type":"BreadcrumbList","@id":"https:\/\/airsps.com\/es\/existencias\/aviones-en-venta\/aviones\/1984-il-76td-venta-avion-de-carga-5620\/#breadcrumb","itemListElement":[{"@type":"ListItem","position":1,"name":"Inicio","item":"https:\/\/airsps.com\/es\/"},{"@type":"ListItem","position":2,"name":"Existencias","item":"https:\/\/airsps.com\/es\/existencias\/"},{"@type":"ListItem","position":3,"name":"Aviones en Venta","item":"https:\/\/airsps.com\/es\/deposito\/aviones-en-venta\/"},{"@type":"ListItem","position":4,"name":"Aviones de Transporte y Carga en Venta","item":"https:\/\/airsps.com\/es\/deposito\/aviones-en-venta\/aviones\/"},{"@type":"ListItem","position":5,"name":"1984 IL-76TD Cargo\/Freighter (V\u00e1lido)"}]}]}},"_links":{"self":[{"href":"https:\/\/airsps.com\/es\/wp-json\/wp\/v2\/product\/2269","targetHints":{"allow":["GET"]}}],"collection":[{"href":"https:\/\/airsps.com\/es\/wp-json\/wp\/v2\/product"}],"about":[{"href":"https:\/\/airsps.com\/es\/wp-json\/wp\/v2\/types\/product"}],"replies":[{"embeddable":true,"href":"https:\/\/airsps.com\/es\/wp-json\/wp\/v2\/comments?post=2269"}],"wp:featuredmedia":[{"embeddable":true,"href":"https:\/\/airsps.com\/es\/wp-json\/wp\/v2\/media\/2274"}],"wp:attachment":[{"href":"https:\/\/airsps.com\/es\/wp-json\/wp\/v2\/media?parent=2269"}],"wp:term":[{"taxonomy":"product_brand","embeddable":true,"href":"https:\/\/airsps.com\/es\/wp-json\/wp\/v2\/product_brand?post=2269"},{"taxonomy":"product_cat","embeddable":true,"href":"https:\/\/airsps.com\/es\/wp-json\/wp\/v2\/product_cat?post=2269"},{"taxonomy":"product_tag","embeddable":true,"href":"https:\/\/airsps.com\/es\/wp-json\/wp\/v2\/product_tag?post=2269"}],"curies":[{"name":"wp","href":"https:\/\/api.w.org\/{rel}","templated":true}]}}