{"id":2242,"date":"2023-02-16T05:07:10","date_gmt":"2023-02-16T05:07:10","guid":{"rendered":"https:\/\/airsps.com\/stock\/sin%20categor\u00eda\/1981-mi-8p-pasajero\/"},"modified":"2024-08-11T04:58:31","modified_gmt":"2024-08-11T04:58:31","slug":"1981-mi-8p-helicoptero-de-pasajeros-para-la-venta-4974","status":"publish","type":"product","link":"https:\/\/airsps.com\/es\/existencias\/aviones-en-venta\/helicopteros\/1981-mi-8p-helicoptero-de-pasajeros-para-la-venta-4974\/","title":{"rendered":"1981 Mi-8P Pasajero"},"content":{"rendered":"<p>El helic\u00f3ptero Mi-8P est\u00e1 dise\u00f1ado como helic\u00f3ptero monorotor. El rotor principal de cinco palas tiene tres bisagras, y el rotor de cola tiene tres palas. El tren de aterrizaje tiene tres apoyos con un puntal delantero de auto-localizaci\u00f3n en vuelo. El rotor de cola est\u00e1 protegido por un soporte de cola.<\/p>\n<ul>\n<li>en la versi\u00f3n para pasajeros, la cabina mide 250x80x67 pulgadas (6,36&#215;2,05&#215;1,7 metros) y tiene 28 asientos montados en dos a cada lado con una separaci\u00f3n de 29 pulgadas (0,74 metros) y un pasillo de 12 pulgadas (0,3 metros);<\/li>\n<li>en la parte trasera de la cabina a la derecha hay un cuarto de control, y en la parte trasera de las hojas se hace una abertura para la puerta de entrada trasera, que consta de hojas y rampa.<\/li>\n<\/ul>\n<p>La pluma de cola es de construcci\u00f3n remachada tipo viga-tirante con un revestimiento de trabajo, equipada con nodos para fijar un estabilizador controlado y un soporte de cola.<\/p>\n","protected":false},"excerpt":{"rendered":"<p>A\u00f1o: 1981<br \/>\nTiempo total: 4974<br \/>\nNotes: requires revision<\/p>\n<p>Helic\u00f3ptero de pasajeros Mi-8P difiere del transporte <a title=\"1990 Transporte Mi-8T\" href=\"https:\/\/airsps.com\/stock\/aircraft-for-sale\/helicopters\/1990-mi-8t-transport-helicopter-for-sale-1476\/\" rel=\"\">Mi-8T<\/a> ojos de buey rectangulares y la falta de la antena del brazo de cola de velocidad Doppler y el \u00e1ngulo de deriva DIV-1. En su cabina instal\u00f3 28 asientos blandos para pasajeros. El Mi-8P puede utilizarse como avi\u00f3n sanitario y de transporte de carga, incluso en eslingas externas.<\/p>\n","protected":false},"featured_media":1440,"comment_status":"closed","ping_status":"closed","template":"","meta":[],"product_brand":[],"product_cat":[71],"product_tag":[],"class_list":{"0":"post-2242","1":"product","2":"type-product","3":"status-publish","4":"has-post-thumbnail","5":"","6":"product_cat-helicopteros","8":"first","9":"instock","10":"sold-individually","11":"shipping-taxable","12":"product-type-simple"},"yoast_head":"<!-- This site is optimized with the Yoast SEO Premium plugin v27.1 (Yoast SEO v27.1.1) - https:\/\/yoast.com\/product\/yoast-seo-premium-wordpress\/ -->\n<title>1981 Mi-8P Helic\u00f3ptero de pasajeros &#8212; Aviones y piezas para la venta<\/title>\n<meta name=\"description\" content=\"1981 Mi-8P Helic\u00f3ptero de pasajeros para la venta | Aeronave fiable para el transporte a\u00e9reo de 28 pasajeros a una distancia de 264 millas (425 km) - Requiere revisi\u00f3n.\" \/>\n<meta name=\"robots\" content=\"index, follow, max-snippet:-1, max-image-preview:large, max-video-preview:-1\" \/>\n<link rel=\"canonical\" href=\"https:\/\/airsps.com\/es\/existencias\/aviones-en-venta\/helicopteros\/1981-mi-8p-helicoptero-de-pasajeros-para-la-venta-4974\/\" \/>\n<script type=\"application\/ld+json\" class=\"yoast-schema-graph\">{\"@context\":\"https:\/\/schema.org\",\"@graph\":[{\"@type\":\"BreadcrumbList\",\"@id\":\"https:\/\/airsps.com\/es\/existencias\/aviones-en-venta\/helicopteros\/1981-mi-8p-helicoptero-de-pasajeros-para-la-venta-4974\/#breadcrumb\",\"itemListElement\":[{\"@type\":\"ListItem\",\"position\":1,\"name\":\"Inicio\",\"item\":\"https:\/\/airsps.com\/es\/\"},{\"@type\":\"ListItem\",\"position\":2,\"name\":\"Existencias\",\"item\":\"https:\/\/airsps.com\/es\/existencias\/\"},{\"@type\":\"ListItem\",\"position\":3,\"name\":\"Aviones en Venta\",\"item\":\"https:\/\/airsps.com\/es\/deposito\/aviones-en-venta\/\"},{\"@type\":\"ListItem\",\"position\":4,\"name\":\"Venta de helic\u00f3pteros\",\"item\":\"https:\/\/airsps.com\/es\/deposito\/aviones-en-venta\/helicopteros\/\"},{\"@type\":\"ListItem\",\"position\":5,\"name\":\"1981 Mi-8P Pasajero\"}]}]}<\/script>\n<!-- \/ Yoast SEO Premium plugin. -->","yoast_head_json":{"title":"1981 Mi-8P Helic\u00f3ptero de pasajeros &#8212; Aviones y piezas para la venta","description":"1981 Mi-8P Helic\u00f3ptero de pasajeros para la venta | Aeronave fiable para el transporte a\u00e9reo de 28 pasajeros a una distancia de 264 millas (425 km) - Requiere revisi\u00f3n.","robots":{"index":"index","follow":"follow","max-snippet":"max-snippet:-1","max-image-preview":"max-image-preview:large","max-video-preview":"max-video-preview:-1"},"canonical":"https:\/\/airsps.com\/es\/existencias\/aviones-en-venta\/helicopteros\/1981-mi-8p-helicoptero-de-pasajeros-para-la-venta-4974\/","schema":{"@context":"https:\/\/schema.org","@graph":[{"@type":"BreadcrumbList","@id":"https:\/\/airsps.com\/es\/existencias\/aviones-en-venta\/helicopteros\/1981-mi-8p-helicoptero-de-pasajeros-para-la-venta-4974\/#breadcrumb","itemListElement":[{"@type":"ListItem","position":1,"name":"Inicio","item":"https:\/\/airsps.com\/es\/"},{"@type":"ListItem","position":2,"name":"Existencias","item":"https:\/\/airsps.com\/es\/existencias\/"},{"@type":"ListItem","position":3,"name":"Aviones en Venta","item":"https:\/\/airsps.com\/es\/deposito\/aviones-en-venta\/"},{"@type":"ListItem","position":4,"name":"Venta de helic\u00f3pteros","item":"https:\/\/airsps.com\/es\/deposito\/aviones-en-venta\/helicopteros\/"},{"@type":"ListItem","position":5,"name":"1981 Mi-8P Pasajero"}]}]}},"_links":{"self":[{"href":"https:\/\/airsps.com\/es\/wp-json\/wp\/v2\/product\/2242","targetHints":{"allow":["GET"]}}],"collection":[{"href":"https:\/\/airsps.com\/es\/wp-json\/wp\/v2\/product"}],"about":[{"href":"https:\/\/airsps.com\/es\/wp-json\/wp\/v2\/types\/product"}],"replies":[{"embeddable":true,"href":"https:\/\/airsps.com\/es\/wp-json\/wp\/v2\/comments?post=2242"}],"wp:featuredmedia":[{"embeddable":true,"href":"https:\/\/airsps.com\/es\/wp-json\/wp\/v2\/media\/1440"}],"wp:attachment":[{"href":"https:\/\/airsps.com\/es\/wp-json\/wp\/v2\/media?parent=2242"}],"wp:term":[{"taxonomy":"product_brand","embeddable":true,"href":"https:\/\/airsps.com\/es\/wp-json\/wp\/v2\/product_brand?post=2242"},{"taxonomy":"product_cat","embeddable":true,"href":"https:\/\/airsps.com\/es\/wp-json\/wp\/v2\/product_cat?post=2242"},{"taxonomy":"product_tag","embeddable":true,"href":"https:\/\/airsps.com\/es\/wp-json\/wp\/v2\/product_tag?post=2242"}],"curies":[{"name":"wp","href":"https:\/\/api.w.org\/{rel}","templated":true}]}}