{"id":2241,"date":"2023-02-16T05:25:31","date_gmt":"2023-02-16T05:25:31","guid":{"rendered":"https:\/\/airsps.com\/stock\/sin%20categor\u00eda\/2008-mi-171-vip-pasajeros\/"},"modified":"2025-05-22T08:09:20","modified_gmt":"2025-05-22T08:09:20","slug":"2008-mi-171-vip-helicoptero-de-pasajeros-para-la-venta-1031","status":"publish","type":"product","link":"https:\/\/airsps.com\/es\/existencias\/aviones-en-venta\/helicopteros\/2008-mi-171-vip-helicoptero-de-pasajeros-para-la-venta-1031\/","title":{"rendered":"2008 Mi-171 VIP Pasajeros"},"content":{"rendered":"<p>El helic\u00f3ptero Mi-171 VIP de clase media es utilizado principalmente por la aviaci\u00f3n estatal y de negocios. La aeronave tiene excelentes caracter\u00edsticas de vuelo y rendimiento.<\/p>\n<p>Durante el vuelo se proporciona un alto nivel de seguridad y comodidad a los pasajeros. A bordo del helic\u00f3ptero los pasajeros (hombres de negocios, funcionarios, presidentes y otras personas importantes) pueden descansar o trabajar en condiciones confortables.<\/p>\n<p>Los revestimientos interiores son en su mayor\u00eda de cuero y madera de especies raras.<\/p>\n<ul>\n<li>gran tama\u00f1o de la sala VIP<\/li>\n<li>cabina separada para acompa\u00f1antes<\/li>\n<li>cabina separada para personas VIP<\/li>\n<li>dise\u00f1o de cabina individual<\/li>\n<li>tapicer\u00eda de materiales de alta calidad<\/li>\n<li>sistema de aire acondicionado<\/li>\n<li>sistema de calefacci\u00f3n<\/li>\n<li>sistema de aviso al pasajero<\/li>\n<li>bajo nivel de vibraciones<\/li>\n<li>bajo nivel de ruido<\/li>\n<li>varios tipos de iluminaci\u00f3n<\/li>\n<li>Sof\u00e1s VIP, sillas VIP, mesas plegables y extra\u00edbles<\/li>\n<li>tel\u00e9fono por sat\u00e9lite<\/li>\n<li>sistema de conferencias<\/li>\n<li>sistema audio\/v\u00eddeo<\/li>\n<li>c\u00e1mara de v\u00eddeo externa<\/li>\n<li>minibar<\/li>\n<li>sal\u00f3n<\/li>\n<li>maletero<\/li>\n<li>lavabo<\/li>\n<li>dos puertas de acceso a la escalera (izquierda y trasera)<\/li>\n<\/ul>\n","protected":false},"excerpt":{"rendered":"<p>A\u00f1o: 2008<br \/>\nTiempo total: 1031<br \/>\nNotes: repairs are underwayNotas: reparaciones en curso (calendario) (calendar)<\/p>\n<p>Helic\u00f3ptero de pasajeros Mi-171 versi\u00f3n VIP, es uno de los <a title=\"2011 Mi-8AMT VIP Pasajeros Marzo 2021 Revisi\u00f3n general\" href=\"https:\/\/airsps.com\/stock\/aircraft-for-sale\/helicopters\/2011-mi-8amt-vip-passenger-for-sale-655\/\" rel=\"\">helic\u00f3pteros populares mayor comodidad para el transporte<\/a> de 14 personas acompa\u00f1adas por un mayordomo.<\/p>\n","protected":false},"featured_media":1484,"comment_status":"closed","ping_status":"closed","template":"","meta":[],"product_brand":[],"product_cat":[71],"product_tag":[],"class_list":{"0":"post-2241","1":"product","2":"type-product","3":"status-publish","4":"has-post-thumbnail","5":"","6":"product_cat-helicopteros","8":"first","9":"instock","10":"sold-individually","11":"shipping-taxable","12":"product-type-simple"},"yoast_head":"<!-- This site is optimized with the Yoast SEO Premium plugin v27.1 (Yoast SEO v27.1.1) - https:\/\/yoast.com\/product\/yoast-seo-premium-wordpress\/ -->\n<title>2008 Mi-171 VIP Helic\u00f3ptero de pasajeros &#8212; Aviones y piezas para la venta<\/title>\n<meta name=\"description\" content=\"2008 Mi-171 VIP Helic\u00f3ptero de pasajeros para la venta | Avi\u00f3n fiable y seguro para un vuelo c\u00f3modo y el trabajo de personas muy importantes. Reparaciones en curso\" \/>\n<meta name=\"robots\" content=\"index, follow, max-snippet:-1, max-image-preview:large, max-video-preview:-1\" \/>\n<link rel=\"canonical\" href=\"https:\/\/airsps.com\/es\/existencias\/aviones-en-venta\/helicopteros\/2008-mi-171-vip-helicoptero-de-pasajeros-para-la-venta-1031\/\" \/>\n<script type=\"application\/ld+json\" class=\"yoast-schema-graph\">{\"@context\":\"https:\/\/schema.org\",\"@graph\":[{\"@type\":\"BreadcrumbList\",\"@id\":\"https:\/\/airsps.com\/es\/existencias\/aviones-en-venta\/helicopteros\/2008-mi-171-vip-helicoptero-de-pasajeros-para-la-venta-1031\/#breadcrumb\",\"itemListElement\":[{\"@type\":\"ListItem\",\"position\":1,\"name\":\"Inicio\",\"item\":\"https:\/\/airsps.com\/es\/\"},{\"@type\":\"ListItem\",\"position\":2,\"name\":\"Existencias\",\"item\":\"https:\/\/airsps.com\/es\/existencias\/\"},{\"@type\":\"ListItem\",\"position\":3,\"name\":\"Aviones en Venta\",\"item\":\"https:\/\/airsps.com\/es\/deposito\/aviones-en-venta\/\"},{\"@type\":\"ListItem\",\"position\":4,\"name\":\"Venta de helic\u00f3pteros\",\"item\":\"https:\/\/airsps.com\/es\/deposito\/aviones-en-venta\/helicopteros\/\"},{\"@type\":\"ListItem\",\"position\":5,\"name\":\"2008 Mi-171 VIP Pasajeros\"}]}]}<\/script>\n<!-- \/ Yoast SEO Premium plugin. -->","yoast_head_json":{"title":"2008 Mi-171 VIP Helic\u00f3ptero de pasajeros &#8212; Aviones y piezas para la venta","description":"2008 Mi-171 VIP Helic\u00f3ptero de pasajeros para la venta | Avi\u00f3n fiable y seguro para un vuelo c\u00f3modo y el trabajo de personas muy importantes. Reparaciones en curso","robots":{"index":"index","follow":"follow","max-snippet":"max-snippet:-1","max-image-preview":"max-image-preview:large","max-video-preview":"max-video-preview:-1"},"canonical":"https:\/\/airsps.com\/es\/existencias\/aviones-en-venta\/helicopteros\/2008-mi-171-vip-helicoptero-de-pasajeros-para-la-venta-1031\/","schema":{"@context":"https:\/\/schema.org","@graph":[{"@type":"BreadcrumbList","@id":"https:\/\/airsps.com\/es\/existencias\/aviones-en-venta\/helicopteros\/2008-mi-171-vip-helicoptero-de-pasajeros-para-la-venta-1031\/#breadcrumb","itemListElement":[{"@type":"ListItem","position":1,"name":"Inicio","item":"https:\/\/airsps.com\/es\/"},{"@type":"ListItem","position":2,"name":"Existencias","item":"https:\/\/airsps.com\/es\/existencias\/"},{"@type":"ListItem","position":3,"name":"Aviones en Venta","item":"https:\/\/airsps.com\/es\/deposito\/aviones-en-venta\/"},{"@type":"ListItem","position":4,"name":"Venta de helic\u00f3pteros","item":"https:\/\/airsps.com\/es\/deposito\/aviones-en-venta\/helicopteros\/"},{"@type":"ListItem","position":5,"name":"2008 Mi-171 VIP Pasajeros"}]}]}},"_links":{"self":[{"href":"https:\/\/airsps.com\/es\/wp-json\/wp\/v2\/product\/2241","targetHints":{"allow":["GET"]}}],"collection":[{"href":"https:\/\/airsps.com\/es\/wp-json\/wp\/v2\/product"}],"about":[{"href":"https:\/\/airsps.com\/es\/wp-json\/wp\/v2\/types\/product"}],"replies":[{"embeddable":true,"href":"https:\/\/airsps.com\/es\/wp-json\/wp\/v2\/comments?post=2241"}],"wp:featuredmedia":[{"embeddable":true,"href":"https:\/\/airsps.com\/es\/wp-json\/wp\/v2\/media\/1484"}],"wp:attachment":[{"href":"https:\/\/airsps.com\/es\/wp-json\/wp\/v2\/media?parent=2241"}],"wp:term":[{"taxonomy":"product_brand","embeddable":true,"href":"https:\/\/airsps.com\/es\/wp-json\/wp\/v2\/product_brand?post=2241"},{"taxonomy":"product_cat","embeddable":true,"href":"https:\/\/airsps.com\/es\/wp-json\/wp\/v2\/product_cat?post=2241"},{"taxonomy":"product_tag","embeddable":true,"href":"https:\/\/airsps.com\/es\/wp-json\/wp\/v2\/product_tag?post=2241"}],"curies":[{"name":"wp","href":"https:\/\/api.w.org\/{rel}","templated":true}]}}