{"id":2240,"date":"2023-02-16T05:28:42","date_gmt":"2023-02-16T05:28:42","guid":{"rendered":"https:\/\/airsps.com\/stock\/sin%20categor\u00eda\/transporte-mi-8amt-de-1992-tras-una-revision-a-fondo\/"},"modified":"2024-08-11T05:11:40","modified_gmt":"2024-08-11T05:11:40","slug":"1992-mi-8amt-helicoptero-de-transporte-para-la-venta-11000","status":"publish","type":"product","link":"https:\/\/airsps.com\/es\/existencias\/aviones-en-venta\/helicopteros\/1992-mi-8amt-helicoptero-de-transporte-para-la-venta-11000\/","title":{"rendered":"Transporte Mi-8AMT de 1992 tras una revisi\u00f3n a fondo"},"content":{"rendered":"<p>Adem\u00e1s, el robusto dise\u00f1o del Mi-8, sus potentes motores y su capacidad para volar a altas velocidades durante periodos prolongados lo convierten en una inversi\u00f3n ideal para las empresas que inician nuevas actividades de transporte de carga, especialmente en zonas remotas donde otros medios de transporte pueden resultar poco pr\u00e1cticos.<\/p>\n<p>Las innovadoras tecnolog\u00edas del Mi-8, como su piloto autom\u00e1tico, su sistema de control digital y su equipo de rescate de emergencia certificado, garantizan la m\u00e1xima seguridad para los pasajeros y la tripulaci\u00f3n. Estas caracter\u00edsticas hacen que el helic\u00f3ptero sea c\u00f3modo y seguro, permiti\u00e9ndole operar en condiciones extremas como grandes altitudes, condiciones meteorol\u00f3gicas adversas y temperaturas c\u00e1lidas.<\/p>\n<p>En general, el extraordinario rendimiento, la versatilidad y la fiabilidad del Mi-8 lo han convertido en parte integrante de la vida de muchas personas en diversos pa\u00edses de todo el mundo. Si <a title=\"Comprar un helic\u00f3ptero\" href=\"https:\/\/airsps.com\/depot\/aircraft-for-sale\/helicopters\/\" rel=\"\">busca un helic\u00f3ptero<\/a> capaz de resolver cualquier desaf\u00edo, sin duda merece la pena considerar el Mi-8.<\/p>\n","protected":false},"excerpt":{"rendered":"<p>A\u00f1o: 2022<br \/>\nTiempo total: 11000<br \/>\nNotas: despu\u00e9s de una revisi\u00f3n a fondo 2022<\/p>\n<p>El helic\u00f3ptero Mi-8AMT es una aeronave vers\u00e1til y fiable que lleva d\u00e9cadas al servicio de diversas industrias. Su multifuncionalidad, sus excepcionales prestaciones y sus avanzadas caracter\u00edsticas de seguridad lo convierten en una excelente opci\u00f3n para el transporte de pasajeros y carga en diversos entornos, la realizaci\u00f3n de operaciones de b\u00fasqueda y rescate, la lucha contra incendios, el apoyo en alta mar y la realizaci\u00f3n de visitas tur\u00edsticas.<\/p>\n","protected":false},"featured_media":2121,"comment_status":"closed","ping_status":"closed","template":"","meta":[],"product_brand":[],"product_cat":[71],"product_tag":[],"class_list":{"0":"post-2240","1":"product","2":"type-product","3":"status-publish","4":"has-post-thumbnail","5":"","6":"product_cat-helicopteros","8":"first","9":"onbackorder","10":"sold-individually","11":"shipping-taxable","12":"product-type-simple"},"yoast_head":"<!-- This site is optimized with the Yoast SEO Premium plugin v27.1 (Yoast SEO v27.1.1) - https:\/\/yoast.com\/product\/yoast-seo-premium-wordpress\/ -->\n<title>1992 Mi-8AMT Helic\u00f3ptero de Transporte para la Venta &#8212; 2022 Overhaul<\/title>\n<meta name=\"description\" content=\"1992 Mi-8AMT Helic\u00f3ptero de transporte para la venta | 2022 Despu\u00e9s de la revisi\u00f3n a fondo. Tiempo total 11000 horas. Transporte de carga sobredimensionada\" \/>\n<meta name=\"robots\" content=\"index, follow, max-snippet:-1, max-image-preview:large, max-video-preview:-1\" \/>\n<link rel=\"canonical\" href=\"https:\/\/airsps.com\/es\/existencias\/aviones-en-venta\/helicopteros\/1992-mi-8amt-helicoptero-de-transporte-para-la-venta-11000\/\" \/>\n<script type=\"application\/ld+json\" class=\"yoast-schema-graph\">{\"@context\":\"https:\/\/schema.org\",\"@graph\":[{\"@type\":\"BreadcrumbList\",\"@id\":\"https:\/\/airsps.com\/es\/existencias\/aviones-en-venta\/helicopteros\/1992-mi-8amt-helicoptero-de-transporte-para-la-venta-11000\/#breadcrumb\",\"itemListElement\":[{\"@type\":\"ListItem\",\"position\":1,\"name\":\"Inicio\",\"item\":\"https:\/\/airsps.com\/es\/\"},{\"@type\":\"ListItem\",\"position\":2,\"name\":\"Existencias\",\"item\":\"https:\/\/airsps.com\/es\/existencias\/\"},{\"@type\":\"ListItem\",\"position\":3,\"name\":\"Aviones en Venta\",\"item\":\"https:\/\/airsps.com\/es\/deposito\/aviones-en-venta\/\"},{\"@type\":\"ListItem\",\"position\":4,\"name\":\"Venta de helic\u00f3pteros\",\"item\":\"https:\/\/airsps.com\/es\/deposito\/aviones-en-venta\/helicopteros\/\"},{\"@type\":\"ListItem\",\"position\":5,\"name\":\"Transporte Mi-8AMT de 1992 tras una revisi\u00f3n a fondo\"}]}]}<\/script>\n<!-- \/ Yoast SEO Premium plugin. -->","yoast_head_json":{"title":"1992 Mi-8AMT Helic\u00f3ptero de Transporte para la Venta &#8212; 2022 Overhaul","description":"1992 Mi-8AMT Helic\u00f3ptero de transporte para la venta | 2022 Despu\u00e9s de la revisi\u00f3n a fondo. Tiempo total 11000 horas. Transporte de carga sobredimensionada","robots":{"index":"index","follow":"follow","max-snippet":"max-snippet:-1","max-image-preview":"max-image-preview:large","max-video-preview":"max-video-preview:-1"},"canonical":"https:\/\/airsps.com\/es\/existencias\/aviones-en-venta\/helicopteros\/1992-mi-8amt-helicoptero-de-transporte-para-la-venta-11000\/","schema":{"@context":"https:\/\/schema.org","@graph":[{"@type":"BreadcrumbList","@id":"https:\/\/airsps.com\/es\/existencias\/aviones-en-venta\/helicopteros\/1992-mi-8amt-helicoptero-de-transporte-para-la-venta-11000\/#breadcrumb","itemListElement":[{"@type":"ListItem","position":1,"name":"Inicio","item":"https:\/\/airsps.com\/es\/"},{"@type":"ListItem","position":2,"name":"Existencias","item":"https:\/\/airsps.com\/es\/existencias\/"},{"@type":"ListItem","position":3,"name":"Aviones en Venta","item":"https:\/\/airsps.com\/es\/deposito\/aviones-en-venta\/"},{"@type":"ListItem","position":4,"name":"Venta de helic\u00f3pteros","item":"https:\/\/airsps.com\/es\/deposito\/aviones-en-venta\/helicopteros\/"},{"@type":"ListItem","position":5,"name":"Transporte Mi-8AMT de 1992 tras una revisi\u00f3n a fondo"}]}]}},"_links":{"self":[{"href":"https:\/\/airsps.com\/es\/wp-json\/wp\/v2\/product\/2240","targetHints":{"allow":["GET"]}}],"collection":[{"href":"https:\/\/airsps.com\/es\/wp-json\/wp\/v2\/product"}],"about":[{"href":"https:\/\/airsps.com\/es\/wp-json\/wp\/v2\/types\/product"}],"replies":[{"embeddable":true,"href":"https:\/\/airsps.com\/es\/wp-json\/wp\/v2\/comments?post=2240"}],"wp:featuredmedia":[{"embeddable":true,"href":"https:\/\/airsps.com\/es\/wp-json\/wp\/v2\/media\/2121"}],"wp:attachment":[{"href":"https:\/\/airsps.com\/es\/wp-json\/wp\/v2\/media?parent=2240"}],"wp:term":[{"taxonomy":"product_brand","embeddable":true,"href":"https:\/\/airsps.com\/es\/wp-json\/wp\/v2\/product_brand?post=2240"},{"taxonomy":"product_cat","embeddable":true,"href":"https:\/\/airsps.com\/es\/wp-json\/wp\/v2\/product_cat?post=2240"},{"taxonomy":"product_tag","embeddable":true,"href":"https:\/\/airsps.com\/es\/wp-json\/wp\/v2\/product_tag?post=2240"}],"curies":[{"name":"wp","href":"https:\/\/api.w.org\/{rel}","templated":true}]}}