{"id":2239,"date":"2023-02-16T05:34:12","date_gmt":"2023-02-16T05:34:12","guid":{"rendered":"https:\/\/airsps.com\/stock\/sin%20categor\u00eda\/2011-mi-8amt-vip-pasajeros-marzo-2021-revision-general\/"},"modified":"2025-10-18T11:19:08","modified_gmt":"2025-10-18T11:19:08","slug":"2011-mi-8amt-vip-passenger-en-venta-655","status":"publish","type":"product","link":"https:\/\/airsps.com\/es\/existencias\/aviones-en-venta\/helicopteros\/2011-mi-8amt-vip-passenger-en-venta-655\/","title":{"rendered":"2011 Mi-8AMT VIP Pasajeros Marzo 2021 Revisi\u00f3n general"},"content":{"rendered":"<p>El helic\u00f3ptero Mi-8 VIP tiene un dise\u00f1o exterior elegante y estilizado que refleja su estatus de alta gama. Su carrocer\u00eda est\u00e1 pintada en acabado brillante y adornada con la librea personalizada del cliente. El helic\u00f3ptero tambi\u00e9n cuenta con grandes ventanillas tintadas que ofrecen vistas panor\u00e1micas del mundo exterior. Las ventanillas est\u00e1n dise\u00f1adas para reducir el deslumbramiento y el calor del sol, proporcionando a los pasajeros una experiencia de vuelo c\u00f3moda y agradable.<\/p>\n<p>El interior del helic\u00f3ptero Mi-8 VIP es lujoso y espacioso, con capacidad para 16 pasajeros. El habit\u00e1culo est\u00e1 revestido con materiales de primera calidad como cuero, madera y m\u00e1rmol, y est\u00e1 equipado con comodidades de \u00faltima generaci\u00f3n. Los asientos son mullidos y c\u00f3modos, y ofrecen un amplio espacio para las piernas y la cabeza. Tambi\u00e9n son totalmente ajustables, lo que permite a los pasajeros encontrar su posici\u00f3n de asiento ideal.<\/p>\n<p>La cabina del helic\u00f3ptero Mi-8 VIP est\u00e1 equipada con una serie de caracter\u00edsticas avanzadas que lo convierten en una opci\u00f3n ideal para el transporte VIP. Estas caracter\u00edsticas incluyen climatizaci\u00f3n, sistemas de entretenimiento y un bar. El sistema de climatizaci\u00f3n garantiza que los pasajeros est\u00e9n c\u00f3modos en todo momento, independientemente del tiempo que haga en el exterior. Los sistemas de entretenimiento incluyen grandes televisores de pantalla plana, reproductores de DVD y sistemas de sonido envolvente, que proporcionan a los pasajeros una experiencia de audio y v\u00eddeo de alta calidad. El bar cuenta con una gran variedad de bebidas, como champ\u00e1n, vinos selectos y licores de primera calidad.<\/p>\n<p>En t\u00e9rminos de prestaciones, el helic\u00f3ptero Mi-8 VIP es una aeronave de alto rendimiento que puede alcanzar velocidades de hasta 250 km\/h. Tiene una autonom\u00eda de m\u00e1s de 700 km, lo que lo convierte en la opci\u00f3n ideal para vuelos de corto y medio alcance. El <a href=\"https:\/\/airsps.com\/existencias\/aircraft-parts-sales\/tv3-117vm-helicopter-engine\/\"  data-wpil-monitor-id=\"1\">helic\u00f3ptero est\u00e1 propulsado por dos motores<\/a> turboeje que proporcionan una gran potencia y fiabilidad. Tambi\u00e9n cuenta con avanzados sistemas de avi\u00f3nica, como un sistema de navegaci\u00f3n GPS y una serie de dispositivos de seguridad, como un radar meteorol\u00f3gico y sistemas de evitaci\u00f3n del terreno.<\/p>\n<p>En general, el helic\u00f3ptero Mi-8 VIP es una aeronave lujosa y de alto rendimiento que ofrece una experiencia de vuelo de primera l\u00ednea. Es ideal para clientes que requieren transporte VIP por negocios o placer y est\u00e1 bien adaptado para vuelos de corto y medio alcance. Con su lujoso interior, sus avanzadas caracter\u00edsticas y su fiable rendimiento, el helic\u00f3ptero Mi-8 VIP es la mejor elecci\u00f3n para los clientes m\u00e1s exigentes que demandan lo mejor.<\/p>\n","protected":false},"excerpt":{"rendered":"<p>A\u00f1o: 2011<br \/>\nTiempo total: 655<br \/>\nNotas: despu\u00e9s de una revisi\u00f3n a fondo 2021<\/p>\n<p>El <a href=\"https:\/\/airsps.com\/stock\/aircraft-for-sale\/helicopters\/2008-mi-171-vip-passenger-helicopter-for-sale-1031\/\">helic\u00f3ptero Mi-8 VIP<\/a> es una aeronave lujosa y de alto rendimiento dise\u00f1ada para transportar pasajeros con estilo y comodidad. Este helic\u00f3ptero se basa en el venerable <a href=\"https:\/\/airsps.com\/stock\/aircraft-for-sale\/helicopters\/1990-mi-8t-transport-helicopter-for-sale-1476\/\">helic\u00f3ptero de transporte Mi-8<\/a>, en servicio en diversas organizaciones militares y civiles desde hace m\u00e1s de 50 a\u00f1os. Sin embargo, la versi\u00f3n VIP del Mi-8 ha sido ampliamente modificada para satisfacer las necesidades de los clientes de gama alta que exigen una experiencia de vuelo de alta gama.<\/p>\n","protected":false},"featured_media":1851,"comment_status":"closed","ping_status":"closed","template":"","meta":[],"product_brand":[],"product_cat":[71],"product_tag":[],"class_list":{"0":"post-2239","1":"product","2":"type-product","3":"status-publish","4":"has-post-thumbnail","5":"","6":"product_cat-helicopteros","8":"first","9":"instock","10":"shipping-taxable","11":"product-type-simple"},"yoast_head":"<!-- This site is optimized with the Yoast SEO Premium plugin v27.1 (Yoast SEO v27.1.1) - https:\/\/yoast.com\/product\/yoast-seo-premium-wordpress\/ -->\n<title>2011 Helic\u00f3ptero de pasajeros VIP Mi-8AMT &#8212; Revisi\u00f3n marzo 2021<\/title>\n<meta name=\"description\" content=\"2011 Mi-8AMT VIP Helic\u00f3ptero de pasajeros para la venta | 2021, marzo - Tiempo desde la revisi\u00f3n: 655 horas. La cabina de clase superior puede alojar hasta 13 pasajeros\" \/>\n<meta name=\"robots\" content=\"index, follow, max-snippet:-1, max-image-preview:large, max-video-preview:-1\" \/>\n<link rel=\"canonical\" href=\"https:\/\/airsps.com\/es\/existencias\/aviones-en-venta\/helicopteros\/2011-mi-8amt-vip-passenger-en-venta-655\/\" \/>\n<script type=\"application\/ld+json\" class=\"yoast-schema-graph\">{\"@context\":\"https:\/\/schema.org\",\"@graph\":[{\"@type\":\"BreadcrumbList\",\"@id\":\"https:\/\/airsps.com\/es\/existencias\/aviones-en-venta\/helicopteros\/2011-mi-8amt-vip-passenger-en-venta-655\/#breadcrumb\",\"itemListElement\":[{\"@type\":\"ListItem\",\"position\":1,\"name\":\"Inicio\",\"item\":\"https:\/\/airsps.com\/es\/\"},{\"@type\":\"ListItem\",\"position\":2,\"name\":\"Existencias\",\"item\":\"https:\/\/airsps.com\/es\/existencias\/\"},{\"@type\":\"ListItem\",\"position\":3,\"name\":\"Aviones en Venta\",\"item\":\"https:\/\/airsps.com\/es\/deposito\/aviones-en-venta\/\"},{\"@type\":\"ListItem\",\"position\":4,\"name\":\"Venta de helic\u00f3pteros\",\"item\":\"https:\/\/airsps.com\/es\/deposito\/aviones-en-venta\/helicopteros\/\"},{\"@type\":\"ListItem\",\"position\":5,\"name\":\"2011 Mi-8AMT VIP Pasajeros Marzo 2021 Revisi\u00f3n general\"}]}]}<\/script>\n<!-- \/ Yoast SEO Premium plugin. -->","yoast_head_json":{"title":"2011 Helic\u00f3ptero de pasajeros VIP Mi-8AMT &#8212; Revisi\u00f3n marzo 2021","description":"2011 Mi-8AMT VIP Helic\u00f3ptero de pasajeros para la venta | 2021, marzo - Tiempo desde la revisi\u00f3n: 655 horas. La cabina de clase superior puede alojar hasta 13 pasajeros","robots":{"index":"index","follow":"follow","max-snippet":"max-snippet:-1","max-image-preview":"max-image-preview:large","max-video-preview":"max-video-preview:-1"},"canonical":"https:\/\/airsps.com\/es\/existencias\/aviones-en-venta\/helicopteros\/2011-mi-8amt-vip-passenger-en-venta-655\/","schema":{"@context":"https:\/\/schema.org","@graph":[{"@type":"BreadcrumbList","@id":"https:\/\/airsps.com\/es\/existencias\/aviones-en-venta\/helicopteros\/2011-mi-8amt-vip-passenger-en-venta-655\/#breadcrumb","itemListElement":[{"@type":"ListItem","position":1,"name":"Inicio","item":"https:\/\/airsps.com\/es\/"},{"@type":"ListItem","position":2,"name":"Existencias","item":"https:\/\/airsps.com\/es\/existencias\/"},{"@type":"ListItem","position":3,"name":"Aviones en Venta","item":"https:\/\/airsps.com\/es\/deposito\/aviones-en-venta\/"},{"@type":"ListItem","position":4,"name":"Venta de helic\u00f3pteros","item":"https:\/\/airsps.com\/es\/deposito\/aviones-en-venta\/helicopteros\/"},{"@type":"ListItem","position":5,"name":"2011 Mi-8AMT VIP Pasajeros Marzo 2021 Revisi\u00f3n general"}]}]}},"_links":{"self":[{"href":"https:\/\/airsps.com\/es\/wp-json\/wp\/v2\/product\/2239","targetHints":{"allow":["GET"]}}],"collection":[{"href":"https:\/\/airsps.com\/es\/wp-json\/wp\/v2\/product"}],"about":[{"href":"https:\/\/airsps.com\/es\/wp-json\/wp\/v2\/types\/product"}],"replies":[{"embeddable":true,"href":"https:\/\/airsps.com\/es\/wp-json\/wp\/v2\/comments?post=2239"}],"wp:featuredmedia":[{"embeddable":true,"href":"https:\/\/airsps.com\/es\/wp-json\/wp\/v2\/media\/1851"}],"wp:attachment":[{"href":"https:\/\/airsps.com\/es\/wp-json\/wp\/v2\/media?parent=2239"}],"wp:term":[{"taxonomy":"product_brand","embeddable":true,"href":"https:\/\/airsps.com\/es\/wp-json\/wp\/v2\/product_brand?post=2239"},{"taxonomy":"product_cat","embeddable":true,"href":"https:\/\/airsps.com\/es\/wp-json\/wp\/v2\/product_cat?post=2239"},{"taxonomy":"product_tag","embeddable":true,"href":"https:\/\/airsps.com\/es\/wp-json\/wp\/v2\/product_tag?post=2239"}],"curies":[{"name":"wp","href":"https:\/\/api.w.org\/{rel}","templated":true}]}}