{"id":2238,"date":"2023-02-16T05:48:52","date_gmt":"2023-02-16T05:48:52","guid":{"rendered":"https:\/\/airsps.com\/stock\/sin%20categor\u00eda\/2008-transporte-mi-172\/"},"modified":"2025-05-22T13:15:21","modified_gmt":"2025-05-22T13:15:21","slug":"2008-mi-172-helicoptero-de-transporte-para-la-venta-2158","status":"publish","type":"product","link":"https:\/\/airsps.com\/es\/existencias\/aviones-en-venta\/helicopteros\/2008-mi-172-helicoptero-de-transporte-para-la-venta-2158\/","title":{"rendered":"2008 Transporte Mi-172"},"content":{"rendered":"<p>El Mi-172 cuenta con una impresionante autonom\u00eda de hasta 800 kil\u00f3metros, lo que lo hace ideal para el transporte de larga distancia. Puede transportar hasta 26 pasajeros o 4.000 kilos de carga, y su espaciosa cabina ofrece un amplio espacio para sentarse c\u00f3modamente o guardar objetos.<\/p>\n<p>Equipado con avi\u00f3nica de \u00faltima generaci\u00f3n, el Mi-172 garantiza la m\u00e1xima seguridad y eficacia durante el vuelo. Su avanzado sistema de navegaci\u00f3n y sus funciones de piloto autom\u00e1tico facilitan su manejo en cualquier condici\u00f3n meteorol\u00f3gica, mientras que su dise\u00f1o duradero garantiza un rendimiento fiable incluso en entornos dif\u00edciles.<\/p>\n<p>Tanto si necesita transportar personal por motivos de negocios, entregar mercanc\u00edas en lugares remotos o prestar servicios m\u00e9dicos de emergencia, el Mi-172 es la elecci\u00f3n correcta. Con su rendimiento y versatilidad sin igual, este <a href=\"https:\/\/airsps.com\/es\/existencias\/aviones-en-venta\/helicopteros\/1992-mi-8amt-helicoptero-de-transporte-para-la-venta-11000\/\">helic\u00f3ptero satisfar\u00e1 todas sus necesidades de transporte<\/a>.<\/p>\n","protected":false},"excerpt":{"rendered":"<p>A\u00f1o: 2008<br \/>\nTiempo total: 2158<br \/>\nNotas: requiere reparaci\u00f3n, 555 horas antes de la revisi\u00f3n<\/p>\n<p>El helic\u00f3ptero civil de transporte Mi-172 es una aeronave vers\u00e1til y fiable que ha sido dise\u00f1ada para satisfacer las exigencias del transporte moderno. Con sus potentes motores, avi\u00f3nica avanzada y espacioso interior, este <a href=\"https:\/\/airsps.com\/stock\/aircraft-for-sale\/helicopters\/2008-mi-171-vip-passenger-helicopter-for-sale-1031\/\">helic\u00f3ptero es capaz de transportar pasajeros<\/a> y carga en una gran variedad de entornos.<\/p>\n","protected":false},"featured_media":1926,"comment_status":"closed","ping_status":"closed","template":"","meta":[],"product_brand":[],"product_cat":[71],"product_tag":[],"class_list":{"0":"post-2238","1":"product","2":"type-product","3":"status-publish","4":"has-post-thumbnail","5":"","6":"product_cat-helicopteros","8":"first","9":"instock","10":"sold-individually","11":"shipping-taxable","12":"product-type-simple"},"yoast_head":"<!-- This site is optimized with the Yoast SEO Premium plugin v27.1 (Yoast SEO v27.1.1) - https:\/\/yoast.com\/product\/yoast-seo-premium-wordpress\/ -->\n<title>2008 Mi-172 Helic\u00f3ptero de Transporte &#8212; Aviones y piezas para la venta<\/title>\n<meta name=\"description\" content=\"2008 Mi-172 Helic\u00f3ptero de Transporte para la Venta | 555 horas antes de la revisi\u00f3n, TT: 2.158 horas. Helic\u00f3ptero m\u00e9dico Cuatro plazas para tripulaci\u00f3n + 20 plazas para pasajeros\" \/>\n<meta name=\"robots\" content=\"index, follow, max-snippet:-1, max-image-preview:large, max-video-preview:-1\" \/>\n<link rel=\"canonical\" href=\"https:\/\/airsps.com\/es\/existencias\/aviones-en-venta\/helicopteros\/2008-mi-172-helicoptero-de-transporte-para-la-venta-2158\/\" \/>\n<script type=\"application\/ld+json\" class=\"yoast-schema-graph\">{\"@context\":\"https:\/\/schema.org\",\"@graph\":[{\"@type\":\"BreadcrumbList\",\"@id\":\"https:\/\/airsps.com\/es\/existencias\/aviones-en-venta\/helicopteros\/2008-mi-172-helicoptero-de-transporte-para-la-venta-2158\/#breadcrumb\",\"itemListElement\":[{\"@type\":\"ListItem\",\"position\":1,\"name\":\"Inicio\",\"item\":\"https:\/\/airsps.com\/es\/\"},{\"@type\":\"ListItem\",\"position\":2,\"name\":\"Existencias\",\"item\":\"https:\/\/airsps.com\/es\/existencias\/\"},{\"@type\":\"ListItem\",\"position\":3,\"name\":\"Aviones en Venta\",\"item\":\"https:\/\/airsps.com\/es\/deposito\/aviones-en-venta\/\"},{\"@type\":\"ListItem\",\"position\":4,\"name\":\"Venta de helic\u00f3pteros\",\"item\":\"https:\/\/airsps.com\/es\/deposito\/aviones-en-venta\/helicopteros\/\"},{\"@type\":\"ListItem\",\"position\":5,\"name\":\"2008 Transporte Mi-172\"}]}]}<\/script>\n<!-- \/ Yoast SEO Premium plugin. -->","yoast_head_json":{"title":"2008 Mi-172 Helic\u00f3ptero de Transporte &#8212; Aviones y piezas para la venta","description":"2008 Mi-172 Helic\u00f3ptero de Transporte para la Venta | 555 horas antes de la revisi\u00f3n, TT: 2.158 horas. Helic\u00f3ptero m\u00e9dico Cuatro plazas para tripulaci\u00f3n + 20 plazas para pasajeros","robots":{"index":"index","follow":"follow","max-snippet":"max-snippet:-1","max-image-preview":"max-image-preview:large","max-video-preview":"max-video-preview:-1"},"canonical":"https:\/\/airsps.com\/es\/existencias\/aviones-en-venta\/helicopteros\/2008-mi-172-helicoptero-de-transporte-para-la-venta-2158\/","schema":{"@context":"https:\/\/schema.org","@graph":[{"@type":"BreadcrumbList","@id":"https:\/\/airsps.com\/es\/existencias\/aviones-en-venta\/helicopteros\/2008-mi-172-helicoptero-de-transporte-para-la-venta-2158\/#breadcrumb","itemListElement":[{"@type":"ListItem","position":1,"name":"Inicio","item":"https:\/\/airsps.com\/es\/"},{"@type":"ListItem","position":2,"name":"Existencias","item":"https:\/\/airsps.com\/es\/existencias\/"},{"@type":"ListItem","position":3,"name":"Aviones en Venta","item":"https:\/\/airsps.com\/es\/deposito\/aviones-en-venta\/"},{"@type":"ListItem","position":4,"name":"Venta de helic\u00f3pteros","item":"https:\/\/airsps.com\/es\/deposito\/aviones-en-venta\/helicopteros\/"},{"@type":"ListItem","position":5,"name":"2008 Transporte Mi-172"}]}]}},"_links":{"self":[{"href":"https:\/\/airsps.com\/es\/wp-json\/wp\/v2\/product\/2238","targetHints":{"allow":["GET"]}}],"collection":[{"href":"https:\/\/airsps.com\/es\/wp-json\/wp\/v2\/product"}],"about":[{"href":"https:\/\/airsps.com\/es\/wp-json\/wp\/v2\/types\/product"}],"replies":[{"embeddable":true,"href":"https:\/\/airsps.com\/es\/wp-json\/wp\/v2\/comments?post=2238"}],"wp:featuredmedia":[{"embeddable":true,"href":"https:\/\/airsps.com\/es\/wp-json\/wp\/v2\/media\/1926"}],"wp:attachment":[{"href":"https:\/\/airsps.com\/es\/wp-json\/wp\/v2\/media?parent=2238"}],"wp:term":[{"taxonomy":"product_brand","embeddable":true,"href":"https:\/\/airsps.com\/es\/wp-json\/wp\/v2\/product_brand?post=2238"},{"taxonomy":"product_cat","embeddable":true,"href":"https:\/\/airsps.com\/es\/wp-json\/wp\/v2\/product_cat?post=2238"},{"taxonomy":"product_tag","embeddable":true,"href":"https:\/\/airsps.com\/es\/wp-json\/wp\/v2\/product_tag?post=2238"}],"curies":[{"name":"wp","href":"https:\/\/api.w.org\/{rel}","templated":true}]}}