{"id":2237,"date":"2023-02-16T05:52:37","date_gmt":"2023-02-16T05:52:37","guid":{"rendered":"https:\/\/airsps.com\/stock\/sin%20categor\u00eda\/2005-mi-17-v5-transporte\/"},"modified":"2025-05-22T13:18:03","modified_gmt":"2025-05-22T13:18:03","slug":"2005-mi-17-v5-helicoptero-de-transporte-para-la-venta-1741","status":"publish","type":"product","link":"https:\/\/airsps.com\/es\/existencias\/aviones-en-venta\/helicopteros\/2005-mi-17-v5-helicoptero-de-transporte-para-la-venta-1741\/","title":{"rendered":"2005 Mi-17 V5 Transporte"},"content":{"rendered":"<p>El Mi-17 es un helic\u00f3ptero bimotor polivalente que puede configurarse para una amplia variedad de funciones, como transporte de tropas, transporte de carga, b\u00fasqueda y rescate y ambulancia a\u00e9rea. Su tama\u00f1o y capacidad de elevaci\u00f3n la hacen especialmente adecuada para operaciones en entornos remotos o dif\u00edciles, como regiones monta\u00f1osas o plataformas petrol\u00edferas en alta mar.<\/p>\n<p>Una de las caracter\u00edsticas que definen al Mi-17(Mi-8) es su gran fuselaje de forma ovalada. Esto proporciona un amplio espacio para pasajeros, carga y equipos, y permite una f\u00e1cil carga y descarga a trav\u00e9s de dos grandes puertas bivalvas en la parte trasera de la aeronave. La cabina est\u00e1 situada por encima de la cabina y por delante del conjunto del rotor principal, lo que proporciona al piloto una excelente visibilidad.<\/p>\n<p>El Mi-8 suele estar equipado con dos motores turboeje que, dependiendo de la variante, pueden ser motores Klimov o Isotov. Estos motores est\u00e1n montados sobre el fuselaje y conectados a los rotores mediante un complejo sistema de cajas de cambios y ejes. Las palas del rotor son de materiales compuestos y est\u00e1n dise\u00f1adas para proporcionar la m\u00e1xima sustentaci\u00f3n con el m\u00ednimo ruido.<\/p>\n<p>El Mi-8 tiene una autonom\u00eda de hasta 1.200 kil\u00f3metros y puede alcanzar una velocidad m\u00e1xima de unos 250 kil\u00f3metros por hora. Es capaz de funcionar a temperaturas que oscilan entre -50C y +50C, y puede volar a altitudes de hasta 6.000 metros.<\/p>\n<p>Adem\u00e1s de su funci\u00f3n principal como helic\u00f3ptero de transporte, el Mi-8 tambi\u00e9n se utiliza ampliamente en operaciones militares. Puede equiparse con diversas armas, como ametralladoras, cohetes y misiles antitanque, y a menudo se utiliza para transportar tropas a las zonas de combate.<\/p>\n<p>El helic\u00f3ptero de transporte Mi-8, tambi\u00e9n conocido como Mi-17 en algunas variantes, es un helic\u00f3ptero de transporte medio de fabricaci\u00f3n sovi\u00e9tica y rusa en servicio desde la d\u00e9cada de 1960. Fue dise\u00f1ado por la f\u00e1brica de helic\u00f3pteros Mil Moscow y se ha convertido en uno de los helic\u00f3pteros militares y civiles m\u00e1s utilizados del mundo, con m\u00e1s de 12.000 unidades producidas.<\/p>\n<p>En general, el helic\u00f3ptero de transporte Mi-8 ha demostrado ser una plataforma fiable y vers\u00e1til para una amplia variedad de aplicaciones militares y civiles. Su dise\u00f1o robusto, su gran capacidad de carga y su aptitud para funcionar en diversos entornos lo han convertido en una herramienta esencial para operadores de todo el mundo.<\/p>\n","protected":false},"excerpt":{"rendered":"<p>A\u00f1o: 2005<br \/>\nTiempo total: 1741<br \/>\nNotas: requiere reparaci\u00f3n, 947 horas antes de la revisi\u00f3n<\/p>\n<p>Una de las variantes m\u00e1s notables del Mi-8 es el Mi-17, que presenta una serie de actualizaciones y mejoras con respecto al dise\u00f1o original. Entre ellas se incluyen una avi\u00f3nica mejorada, motores m\u00e1s potentes y una mayor capacidad de combustible, lo que proporciona al Mi-17 una mayor autonom\u00eda operativa.<\/p>\n","protected":false},"featured_media":1891,"comment_status":"closed","ping_status":"closed","template":"","meta":[],"product_brand":[],"product_cat":[71],"product_tag":[],"class_list":{"0":"post-2237","1":"product","2":"type-product","3":"status-publish","4":"has-post-thumbnail","5":"","6":"product_cat-helicopteros","8":"first","9":"instock","10":"sold-individually","11":"shipping-taxable","12":"product-type-simple"},"yoast_head":"<!-- This site is optimized with the Yoast SEO Premium plugin v27.1 (Yoast SEO v27.1.1) - https:\/\/yoast.com\/product\/yoast-seo-premium-wordpress\/ -->\n<title>2005 Mi-17 V5 Helic\u00f3ptero de Transporte &#8212; Aviones y piezas para la venta<\/title>\n<meta name=\"description\" content=\"2005 Mi-17 V5 Helic\u00f3ptero de Transporte para la Venta | 947 horas antes de la revisi\u00f3n, TT: 1.741 horas. Helic\u00f3ptero m\u00e9dico Cuatro plazas para tripulaci\u00f3n + 20 plazas para pasajeros\" \/>\n<meta name=\"robots\" content=\"index, follow, max-snippet:-1, max-image-preview:large, max-video-preview:-1\" \/>\n<link rel=\"canonical\" href=\"https:\/\/airsps.com\/es\/existencias\/aviones-en-venta\/helicopteros\/2005-mi-17-v5-helicoptero-de-transporte-para-la-venta-1741\/\" \/>\n<script type=\"application\/ld+json\" class=\"yoast-schema-graph\">{\"@context\":\"https:\/\/schema.org\",\"@graph\":[{\"@type\":\"BreadcrumbList\",\"@id\":\"https:\/\/airsps.com\/es\/existencias\/aviones-en-venta\/helicopteros\/2005-mi-17-v5-helicoptero-de-transporte-para-la-venta-1741\/#breadcrumb\",\"itemListElement\":[{\"@type\":\"ListItem\",\"position\":1,\"name\":\"Inicio\",\"item\":\"https:\/\/airsps.com\/es\/\"},{\"@type\":\"ListItem\",\"position\":2,\"name\":\"Existencias\",\"item\":\"https:\/\/airsps.com\/es\/existencias\/\"},{\"@type\":\"ListItem\",\"position\":3,\"name\":\"Aviones en Venta\",\"item\":\"https:\/\/airsps.com\/es\/deposito\/aviones-en-venta\/\"},{\"@type\":\"ListItem\",\"position\":4,\"name\":\"Venta de helic\u00f3pteros\",\"item\":\"https:\/\/airsps.com\/es\/deposito\/aviones-en-venta\/helicopteros\/\"},{\"@type\":\"ListItem\",\"position\":5,\"name\":\"2005 Mi-17 V5 Transporte\"}]}]}<\/script>\n<!-- \/ Yoast SEO Premium plugin. -->","yoast_head_json":{"title":"2005 Mi-17 V5 Helic\u00f3ptero de Transporte &#8212; Aviones y piezas para la venta","description":"2005 Mi-17 V5 Helic\u00f3ptero de Transporte para la Venta | 947 horas antes de la revisi\u00f3n, TT: 1.741 horas. Helic\u00f3ptero m\u00e9dico Cuatro plazas para tripulaci\u00f3n + 20 plazas para pasajeros","robots":{"index":"index","follow":"follow","max-snippet":"max-snippet:-1","max-image-preview":"max-image-preview:large","max-video-preview":"max-video-preview:-1"},"canonical":"https:\/\/airsps.com\/es\/existencias\/aviones-en-venta\/helicopteros\/2005-mi-17-v5-helicoptero-de-transporte-para-la-venta-1741\/","schema":{"@context":"https:\/\/schema.org","@graph":[{"@type":"BreadcrumbList","@id":"https:\/\/airsps.com\/es\/existencias\/aviones-en-venta\/helicopteros\/2005-mi-17-v5-helicoptero-de-transporte-para-la-venta-1741\/#breadcrumb","itemListElement":[{"@type":"ListItem","position":1,"name":"Inicio","item":"https:\/\/airsps.com\/es\/"},{"@type":"ListItem","position":2,"name":"Existencias","item":"https:\/\/airsps.com\/es\/existencias\/"},{"@type":"ListItem","position":3,"name":"Aviones en Venta","item":"https:\/\/airsps.com\/es\/deposito\/aviones-en-venta\/"},{"@type":"ListItem","position":4,"name":"Venta de helic\u00f3pteros","item":"https:\/\/airsps.com\/es\/deposito\/aviones-en-venta\/helicopteros\/"},{"@type":"ListItem","position":5,"name":"2005 Mi-17 V5 Transporte"}]}]}},"_links":{"self":[{"href":"https:\/\/airsps.com\/es\/wp-json\/wp\/v2\/product\/2237","targetHints":{"allow":["GET"]}}],"collection":[{"href":"https:\/\/airsps.com\/es\/wp-json\/wp\/v2\/product"}],"about":[{"href":"https:\/\/airsps.com\/es\/wp-json\/wp\/v2\/types\/product"}],"replies":[{"embeddable":true,"href":"https:\/\/airsps.com\/es\/wp-json\/wp\/v2\/comments?post=2237"}],"wp:featuredmedia":[{"embeddable":true,"href":"https:\/\/airsps.com\/es\/wp-json\/wp\/v2\/media\/1891"}],"wp:attachment":[{"href":"https:\/\/airsps.com\/es\/wp-json\/wp\/v2\/media?parent=2237"}],"wp:term":[{"taxonomy":"product_brand","embeddable":true,"href":"https:\/\/airsps.com\/es\/wp-json\/wp\/v2\/product_brand?post=2237"},{"taxonomy":"product_cat","embeddable":true,"href":"https:\/\/airsps.com\/es\/wp-json\/wp\/v2\/product_cat?post=2237"},{"taxonomy":"product_tag","embeddable":true,"href":"https:\/\/airsps.com\/es\/wp-json\/wp\/v2\/product_tag?post=2237"}],"curies":[{"name":"wp","href":"https:\/\/api.w.org\/{rel}","templated":true}]}}