{"id":2236,"date":"2023-02-16T07:17:40","date_gmt":"2023-02-16T07:17:40","guid":{"rendered":"https:\/\/airsps.com\/stock\/sin%20categor\u00eda\/1990-l-410-uvp-e-cargo-tras-una-revision-a-fondo\/"},"modified":"2025-05-22T13:18:28","modified_gmt":"2025-05-22T13:18:28","slug":"l-410-uvp-e-avion-de-carga-en-venta-1990-1953","status":"publish","type":"product","link":"https:\/\/airsps.com\/es\/existencias\/aviones-en-venta\/aviones\/l-410-uvp-e-avion-de-carga-en-venta-1990-1953\/","title":{"rendered":"1990 L-410 UVP-E Cargo tras una revisi\u00f3n a fondo"},"content":{"rendered":"<p>Una de las principales diferencias entre la L-410 UVP-E y su predecesora, la L-410 UVP, es el motor mejorado. El L-410 UVP-E est\u00e1 equipado con el motor turboh\u00e9lice M601E, que ofrece una mayor eficiencia de combustible y una vida \u00fatil m\u00e1s larga en comparaci\u00f3n con los motores utilizados en modelos anteriores.<\/p>\n<p>Adem\u00e1s del nuevo motor, el L-410 UVP-E tambi\u00e9n cuenta con un sistema de h\u00e9lices redise\u00f1ado que proporciona m\u00e1s empuje y reduce los niveles de ruido, haciendo que la conducci\u00f3n sea m\u00e1s suave y c\u00f3moda. El avi\u00f3n tambi\u00e9n tiene una cabina m\u00e1s ancha que los modelos anteriores, lo que permite m\u00e1s espacio y comodidad tanto para los pasajeros como para la carga.<\/p>\n<p>El L-410 UVP-E tambi\u00e9n est\u00e1 equipado con sistemas de avi\u00f3nica de \u00faltima generaci\u00f3n, incluyendo navegaci\u00f3n GPS y capacidades de piloto autom\u00e1tico. Estas caracter\u00edsticas permiten una mayor precisi\u00f3n y seguridad durante el vuelo, haciendo del L-410 UVP-E una opci\u00f3n ideal tanto para uso comercial como privado.<\/p>\n<p>En general, la L-410 UVP-E ofrece una mejora significativa con respecto a los modelos L-410 anteriores, con una mayor eficiencia, niveles de ruido reducidos y caracter\u00edsticas de seguridad mejoradas. Tanto si busca un medio de transporte fiable para su negocio como si simplemente desea viajar con comodidad y estilo, el L-410 UVP-E seguro que satisfar\u00e1 sus necesidades.<\/p>\n<p>\u00bfPor qu\u00e9 esperar? Aproveche esta oportunidad \u00fanica de poseer uno de los aviones de transporte tecnol\u00f3gicamente m\u00e1s avanzados y eficientes del mercado actual. P\u00f3ngase en contacto con nosotros ahora para obtener m\u00e1s informaci\u00f3n sobre la L-410 UVP-E y c\u00f3mo puede beneficiarle a usted y a su empresa.<\/p>\n","protected":false},"excerpt":{"rendered":"<p>A\u00f1o: 1990<br \/>\nTiempo total: 1953<br \/>\nNotas: despu\u00e9s de una revisi\u00f3n a fondo<\/p>\n<p>\u00bfDesea adquirir un avi\u00f3n de transporte fiable y eficaz? No busque m\u00e1s: la L-410 UVP-E. Esta aeronave es la elecci\u00f3n perfecta para quienes necesitan un medio de transporte fiable y rentable.<\/p>\n","protected":false},"featured_media":2108,"comment_status":"closed","ping_status":"closed","template":"","meta":[],"product_brand":[],"product_cat":[72],"product_tag":[],"class_list":{"0":"post-2236","1":"product","2":"type-product","3":"status-publish","4":"has-post-thumbnail","5":"","6":"product_cat-aviones","8":"first","9":"instock","10":"sold-individually","11":"shipping-taxable","12":"product-type-simple"},"yoast_head":"<!-- This site is optimized with the Yoast SEO Premium plugin v27.1 (Yoast SEO v27.1.1) - https:\/\/yoast.com\/product\/yoast-seo-premium-wordpress\/ -->\n<title>1990 L-410 UVP-E avi\u00f3n de carga para la venta &#8212; Revisi\u00f3n general 1953 h<\/title>\n<meta name=\"description\" content=\"1990 L-410 UVP-E avi\u00f3n de carga para la venta | Despu\u00e9s de una revisi\u00f3n a fondo 1953 horas. Recurso asignado 20 000 horas \/ 30 000 aterrizajes. Compra r\u00e1pida\" \/>\n<meta name=\"robots\" content=\"index, follow, max-snippet:-1, max-image-preview:large, max-video-preview:-1\" \/>\n<link rel=\"canonical\" href=\"https:\/\/airsps.com\/es\/existencias\/aviones-en-venta\/aviones\/l-410-uvp-e-avion-de-carga-en-venta-1990-1953\/\" \/>\n<script type=\"application\/ld+json\" class=\"yoast-schema-graph\">{\"@context\":\"https:\/\/schema.org\",\"@graph\":[{\"@type\":\"BreadcrumbList\",\"@id\":\"https:\/\/airsps.com\/es\/existencias\/aviones-en-venta\/aviones\/l-410-uvp-e-avion-de-carga-en-venta-1990-1953\/#breadcrumb\",\"itemListElement\":[{\"@type\":\"ListItem\",\"position\":1,\"name\":\"Inicio\",\"item\":\"https:\/\/airsps.com\/es\/\"},{\"@type\":\"ListItem\",\"position\":2,\"name\":\"Existencias\",\"item\":\"https:\/\/airsps.com\/es\/existencias\/\"},{\"@type\":\"ListItem\",\"position\":3,\"name\":\"Aviones en Venta\",\"item\":\"https:\/\/airsps.com\/es\/deposito\/aviones-en-venta\/\"},{\"@type\":\"ListItem\",\"position\":4,\"name\":\"Aviones de Transporte y Carga en Venta\",\"item\":\"https:\/\/airsps.com\/es\/deposito\/aviones-en-venta\/aviones\/\"},{\"@type\":\"ListItem\",\"position\":5,\"name\":\"1990 L-410 UVP-E Cargo tras una revisi\u00f3n a fondo\"}]}]}<\/script>\n<!-- \/ Yoast SEO Premium plugin. -->","yoast_head_json":{"title":"1990 L-410 UVP-E avi\u00f3n de carga para la venta &#8212; Revisi\u00f3n general 1953 h","description":"1990 L-410 UVP-E avi\u00f3n de carga para la venta | Despu\u00e9s de una revisi\u00f3n a fondo 1953 horas. Recurso asignado 20 000 horas \/ 30 000 aterrizajes. Compra r\u00e1pida","robots":{"index":"index","follow":"follow","max-snippet":"max-snippet:-1","max-image-preview":"max-image-preview:large","max-video-preview":"max-video-preview:-1"},"canonical":"https:\/\/airsps.com\/es\/existencias\/aviones-en-venta\/aviones\/l-410-uvp-e-avion-de-carga-en-venta-1990-1953\/","schema":{"@context":"https:\/\/schema.org","@graph":[{"@type":"BreadcrumbList","@id":"https:\/\/airsps.com\/es\/existencias\/aviones-en-venta\/aviones\/l-410-uvp-e-avion-de-carga-en-venta-1990-1953\/#breadcrumb","itemListElement":[{"@type":"ListItem","position":1,"name":"Inicio","item":"https:\/\/airsps.com\/es\/"},{"@type":"ListItem","position":2,"name":"Existencias","item":"https:\/\/airsps.com\/es\/existencias\/"},{"@type":"ListItem","position":3,"name":"Aviones en Venta","item":"https:\/\/airsps.com\/es\/deposito\/aviones-en-venta\/"},{"@type":"ListItem","position":4,"name":"Aviones de Transporte y Carga en Venta","item":"https:\/\/airsps.com\/es\/deposito\/aviones-en-venta\/aviones\/"},{"@type":"ListItem","position":5,"name":"1990 L-410 UVP-E Cargo tras una revisi\u00f3n a fondo"}]}]}},"_links":{"self":[{"href":"https:\/\/airsps.com\/es\/wp-json\/wp\/v2\/product\/2236","targetHints":{"allow":["GET"]}}],"collection":[{"href":"https:\/\/airsps.com\/es\/wp-json\/wp\/v2\/product"}],"about":[{"href":"https:\/\/airsps.com\/es\/wp-json\/wp\/v2\/types\/product"}],"replies":[{"embeddable":true,"href":"https:\/\/airsps.com\/es\/wp-json\/wp\/v2\/comments?post=2236"}],"wp:featuredmedia":[{"embeddable":true,"href":"https:\/\/airsps.com\/es\/wp-json\/wp\/v2\/media\/2108"}],"wp:attachment":[{"href":"https:\/\/airsps.com\/es\/wp-json\/wp\/v2\/media?parent=2236"}],"wp:term":[{"taxonomy":"product_brand","embeddable":true,"href":"https:\/\/airsps.com\/es\/wp-json\/wp\/v2\/product_brand?post=2236"},{"taxonomy":"product_cat","embeddable":true,"href":"https:\/\/airsps.com\/es\/wp-json\/wp\/v2\/product_cat?post=2236"},{"taxonomy":"product_tag","embeddable":true,"href":"https:\/\/airsps.com\/es\/wp-json\/wp\/v2\/product_tag?post=2236"}],"curies":[{"name":"wp","href":"https:\/\/api.w.org\/{rel}","templated":true}]}}