{"id":2234,"date":"2023-03-22T06:42:38","date_gmt":"2023-03-22T06:42:38","guid":{"rendered":"https:\/\/airsps.com\/stock\/sin%20categor\u00eda\/1983-mi-8t-transporte-revision-mayo-2022\/"},"modified":"2025-05-22T13:21:21","modified_gmt":"2025-05-22T13:21:21","slug":"1983-mi-8t-helicoptero-de-transporte-para-la-venta-20114","status":"publish","type":"product","link":"https:\/\/airsps.com\/es\/existencias\/aviones-en-venta\/helicopteros\/1983-mi-8t-helicoptero-de-transporte-para-la-venta-20114\/","title":{"rendered":"1983 Mi-8T Transporte Revisi\u00f3n mayo 2022"},"content":{"rendered":"<p><strong>Dise\u00f1o y caracter\u00edsticas<\/strong><\/p>\n<p>El Mi-8T es un helic\u00f3ptero bimotor que puede transportar hasta 24 pasajeros o 4.000 kg de carga. Su velocidad m\u00e1xima es de 260 km\/h y su autonom\u00eda de vuelo es de hasta 800 km. El helic\u00f3ptero est\u00e1 equipado con una serie de modernos sistemas de avi\u00f3nica y navegaci\u00f3n, incluidos un alt\u00edmetro radar, un GPS y un radar meteorol\u00f3gico.<\/p>\n<p>Una de las caracter\u00edsticas m\u00e1s notables del Mi-8T es su gran cabina, que puede reconfigurarse f\u00e1cilmente para diferentes misiones. El helic\u00f3ptero puede utilizarse para transportar pasajeros, carga, evacuaci\u00f3n m\u00e9dica, b\u00fasqueda y rescate, extinci\u00f3n de incendios y muchos otros fines.<\/p>\n<p>El Mi-8T est\u00e1 equipado con dos motores turboh\u00e9lice Klimov TV2-117 con una potencia total de 3000 CV. Estos motores son conocidos por su fiabilidad y durabilidad, lo que convierte al Mi-8T en una elecci\u00f3n popular para operaciones en entornos remotos y dif\u00edciles.<\/p>\n<p><strong>Aplicaciones civiles<\/strong><\/p>\n<p>El Mi-8T se utiliza ampliamente en aplicaciones civiles por su versatilidad y fiabilidad. Se ha utilizado en prospecciones de petr\u00f3leo y gas, transporte de equipos pesados a zonas remotas, operaciones de b\u00fasqueda y rescate y lucha contra incendios. El helic\u00f3ptero tambi\u00e9n se ha utilizado para <a title=\"Pasajero VIP Mi-8AMT 2021 a la venta\" href=\"https:\/\/airsps.com\/es\/existencias\/aviones-en-venta\/helicopteros\/2011-mi-8amt-vip-passenger-en-venta-655\/\" rel=\"\">el transporte de personalidades<\/a> y como helic\u00f3ptero ambulancia.<\/p>\n<p>Una de las ventajas m\u00e1s significativas del Mi-8T es su capacidad para operar en zonas remotas y en condiciones dif\u00edciles. Su gran compartimento de carga permite transportar carga y equipos a zonas de dif\u00edcil acceso para apoyo log\u00edstico. La capacidad del helic\u00f3ptero para aterrizar en terrenos no preparados tambi\u00e9n lo convierte en una opci\u00f3n ideal para evacuaciones m\u00e9dicas de emergencia en zonas remotas.<\/p>\n","protected":false},"excerpt":{"rendered":"<p>A\u00f1o: 1983<br \/>\nTiempo total: 20114<br \/>\nA\u00f1o desde la revisi\u00f3n: Mayo, 2022<br \/>\nTime since revision: 0<br \/>\nCertificado de aeronavegabilidad: Jul.2022 &#8211; May.2030<\/p>\n<p>El <a title=\"Se vende helic\u00f3ptero de transporte Mi-8T de 1990\" href=\"\/?p=1095\" rel=\"\">helic\u00f3ptero de transporte Mi-8T<\/a> es una aeronave vers\u00e1til y fiable, que se utiliza para una amplia gama de fines civiles. Desarrollado por el fabricante de helic\u00f3pteros MIL, el Mi-8T es uno de los helic\u00f3pteros m\u00e1s producidos del mundo, con m\u00e1s de 17.000 unidades construidas hasta la fecha.<\/p>\n","protected":false},"featured_media":1683,"comment_status":"closed","ping_status":"closed","template":"","meta":[],"product_brand":[],"product_cat":[71],"product_tag":[],"class_list":{"0":"post-2234","1":"product","2":"type-product","3":"status-publish","4":"has-post-thumbnail","5":"","6":"product_cat-helicopteros","8":"first","9":"instock","10":"sold-individually","11":"shipping-taxable","12":"product-type-simple"},"yoast_head":"<!-- This site is optimized with the Yoast SEO Premium plugin v27.1 (Yoast SEO v27.1.1) - https:\/\/yoast.com\/product\/yoast-seo-premium-wordpress\/ -->\n<title>Se vende el helic\u00f3ptero de transporte Mi-8T de 1983 | Revisi\u00f3n de mayo de 2022<\/title>\n<meta name=\"description\" content=\"1983 Mi-8T helic\u00f3ptero de transporte para la venta | 2022, mayo - Tiempo desde la revisi\u00f3n: CERO horas. El helic\u00f3ptero es aeronavegable y est\u00e1 listo para transportar carga y pasajeros\" \/>\n<meta name=\"robots\" content=\"index, follow, max-snippet:-1, max-image-preview:large, max-video-preview:-1\" \/>\n<link rel=\"canonical\" href=\"https:\/\/airsps.com\/es\/existencias\/aviones-en-venta\/helicopteros\/1983-mi-8t-helicoptero-de-transporte-para-la-venta-20114\/\" \/>\n<script type=\"application\/ld+json\" class=\"yoast-schema-graph\">{\"@context\":\"https:\/\/schema.org\",\"@graph\":[{\"@type\":\"BreadcrumbList\",\"@id\":\"https:\/\/airsps.com\/es\/existencias\/aviones-en-venta\/helicopteros\/1983-mi-8t-helicoptero-de-transporte-para-la-venta-20114\/#breadcrumb\",\"itemListElement\":[{\"@type\":\"ListItem\",\"position\":1,\"name\":\"Inicio\",\"item\":\"https:\/\/airsps.com\/es\/\"},{\"@type\":\"ListItem\",\"position\":2,\"name\":\"Existencias\",\"item\":\"https:\/\/airsps.com\/es\/existencias\/\"},{\"@type\":\"ListItem\",\"position\":3,\"name\":\"Aviones en Venta\",\"item\":\"https:\/\/airsps.com\/es\/deposito\/aviones-en-venta\/\"},{\"@type\":\"ListItem\",\"position\":4,\"name\":\"Venta de helic\u00f3pteros\",\"item\":\"https:\/\/airsps.com\/es\/deposito\/aviones-en-venta\/helicopteros\/\"},{\"@type\":\"ListItem\",\"position\":5,\"name\":\"1983 Mi-8T Transporte Revisi\u00f3n mayo 2022\"}]}]}<\/script>\n<!-- \/ Yoast SEO Premium plugin. -->","yoast_head_json":{"title":"Se vende el helic\u00f3ptero de transporte Mi-8T de 1983 | Revisi\u00f3n de mayo de 2022","description":"1983 Mi-8T helic\u00f3ptero de transporte para la venta | 2022, mayo - Tiempo desde la revisi\u00f3n: CERO horas. El helic\u00f3ptero es aeronavegable y est\u00e1 listo para transportar carga y pasajeros","robots":{"index":"index","follow":"follow","max-snippet":"max-snippet:-1","max-image-preview":"max-image-preview:large","max-video-preview":"max-video-preview:-1"},"canonical":"https:\/\/airsps.com\/es\/existencias\/aviones-en-venta\/helicopteros\/1983-mi-8t-helicoptero-de-transporte-para-la-venta-20114\/","schema":{"@context":"https:\/\/schema.org","@graph":[{"@type":"BreadcrumbList","@id":"https:\/\/airsps.com\/es\/existencias\/aviones-en-venta\/helicopteros\/1983-mi-8t-helicoptero-de-transporte-para-la-venta-20114\/#breadcrumb","itemListElement":[{"@type":"ListItem","position":1,"name":"Inicio","item":"https:\/\/airsps.com\/es\/"},{"@type":"ListItem","position":2,"name":"Existencias","item":"https:\/\/airsps.com\/es\/existencias\/"},{"@type":"ListItem","position":3,"name":"Aviones en Venta","item":"https:\/\/airsps.com\/es\/deposito\/aviones-en-venta\/"},{"@type":"ListItem","position":4,"name":"Venta de helic\u00f3pteros","item":"https:\/\/airsps.com\/es\/deposito\/aviones-en-venta\/helicopteros\/"},{"@type":"ListItem","position":5,"name":"1983 Mi-8T Transporte Revisi\u00f3n mayo 2022"}]}]}},"_links":{"self":[{"href":"https:\/\/airsps.com\/es\/wp-json\/wp\/v2\/product\/2234","targetHints":{"allow":["GET"]}}],"collection":[{"href":"https:\/\/airsps.com\/es\/wp-json\/wp\/v2\/product"}],"about":[{"href":"https:\/\/airsps.com\/es\/wp-json\/wp\/v2\/types\/product"}],"replies":[{"embeddable":true,"href":"https:\/\/airsps.com\/es\/wp-json\/wp\/v2\/comments?post=2234"}],"wp:featuredmedia":[{"embeddable":true,"href":"https:\/\/airsps.com\/es\/wp-json\/wp\/v2\/media\/1683"}],"wp:attachment":[{"href":"https:\/\/airsps.com\/es\/wp-json\/wp\/v2\/media?parent=2234"}],"wp:term":[{"taxonomy":"product_brand","embeddable":true,"href":"https:\/\/airsps.com\/es\/wp-json\/wp\/v2\/product_brand?post=2234"},{"taxonomy":"product_cat","embeddable":true,"href":"https:\/\/airsps.com\/es\/wp-json\/wp\/v2\/product_cat?post=2234"},{"taxonomy":"product_tag","embeddable":true,"href":"https:\/\/airsps.com\/es\/wp-json\/wp\/v2\/product_tag?post=2234"}],"curies":[{"name":"wp","href":"https:\/\/api.w.org\/{rel}","templated":true}]}}