{"id":2233,"date":"2023-03-22T17:29:02","date_gmt":"2023-03-22T17:29:02","guid":{"rendered":"https:\/\/airsps.com\/stock\/sin%20categor\u00eda\/1989-mi-8t-transporte-julio-2020-revision-general\/"},"modified":"2025-05-22T13:22:22","modified_gmt":"2025-05-22T13:22:22","slug":"1989-mi-8t-transporte-revision-2020-10249","status":"publish","type":"product","link":"https:\/\/airsps.com\/es\/existencias\/aviones-en-venta\/helicopteros\/1989-mi-8t-transporte-revision-2020-10249\/","title":{"rendered":"1989 Mi-8T Transporte Julio 2020 Revisi\u00f3n general"},"content":{"rendered":"<p>El helic\u00f3ptero de <a title=\"1983 Mi-8T Transporte revisi\u00f3n 2022\" href=\"https:\/\/airsps.com\/es\/existencias\/aviones-en-venta\/helicopteros\/1983-mi-8t-helicoptero-de-transporte-para-la-venta-20114\/\" rel=\"\">transporte Mi-8T<\/a> es una aeronave vers\u00e1til que ha demostrado su eficacia en una amplia gama de aplicaciones civiles. Su espaciosa cabina y su dise\u00f1o flexible lo hacen id\u00f3neo para una gran variedad de misiones, y su fiabilidad y durabilidad lo han convertido en una elecci\u00f3n popular para entornos dif\u00edciles.<\/p>\n<p>Con m\u00e1s de 17.000 unidades fabricadas hasta la fecha, el Mi-8T es uno de los helic\u00f3pteros m\u00e1s utilizados del mundo. Su perdurable popularidad es testimonio de su versatilidad y eficacia como plataforma de transporte. Ya sea transportando carga o pasajeros, o realizando tareas especializadas como la extinci\u00f3n de incendios o la evacuaci\u00f3n m\u00e9dica, el Mi-8T sigue siendo una parte importante de las flotas de muchas organizaciones.<\/p>\n<ol>\n<li>De acuerdo con las recomendaciones del Dise\u00f1ador General del Proveedor tiene el derecho de cambiar la mencionada la calidad de los art\u00edculos del proveedor y agregados instalados en el helic\u00f3ptero con el acuerdo previo con el Cliente.<\/li>\n<li>El Proveedor se reserva el derecho de sustituir los art\u00edculos especificados por otros equivalentes, con iguales o mejores caracter\u00edsticas t\u00e9cnicas y operativas que los anteriormente enumerados previo acuerdo con el Cliente.<\/li>\n<\/ol>\n","protected":false},"excerpt":{"rendered":"<p>A\u00f1o: 1989<br \/>\nTiempo total: 10249<br \/>\nA\u00f1o desde la revisi\u00f3n: Julio, 2020<br \/>\nTime since revision: 0<\/p>\n<p>El recurso del helic\u00f3ptero tras la reparaci\u00f3n es de 2000 horas de vuelo durante la vida \u00fatil de 8 a\u00f1os.<\/p>\n","protected":false},"featured_media":1710,"comment_status":"closed","ping_status":"closed","template":"","meta":[],"product_brand":[],"product_cat":[71],"product_tag":[],"class_list":{"0":"post-2233","1":"product","2":"type-product","3":"status-publish","4":"has-post-thumbnail","5":"","6":"product_cat-helicopteros","8":"first","9":"instock","10":"sold-individually","11":"shipping-taxable","12":"product-type-simple"},"yoast_head":"<!-- This site is optimized with the Yoast SEO Premium plugin v27.1 (Yoast SEO v27.1.1) - https:\/\/yoast.com\/product\/yoast-seo-premium-wordpress\/ -->\n<title>Se vende el helic\u00f3ptero de transporte Mi-8T de 1989 | Revisi\u00f3n en julio de 2020<\/title>\n<meta name=\"description\" content=\"1989 Mi-8T helic\u00f3ptero de transporte para la venta | 2020, julio - Tiempo desde la revisi\u00f3n: CERO. El recurso del helic\u00f3ptero tras la reparaci\u00f3n es de 2000 horas u 8 a\u00f1os\" \/>\n<meta name=\"robots\" content=\"index, follow, max-snippet:-1, max-image-preview:large, max-video-preview:-1\" \/>\n<link rel=\"canonical\" href=\"https:\/\/airsps.com\/es\/existencias\/aviones-en-venta\/helicopteros\/1989-mi-8t-transporte-revision-2020-10249\/\" \/>\n<script type=\"application\/ld+json\" class=\"yoast-schema-graph\">{\"@context\":\"https:\/\/schema.org\",\"@graph\":[{\"@type\":\"BreadcrumbList\",\"@id\":\"https:\/\/airsps.com\/es\/existencias\/aviones-en-venta\/helicopteros\/1989-mi-8t-transporte-revision-2020-10249\/#breadcrumb\",\"itemListElement\":[{\"@type\":\"ListItem\",\"position\":1,\"name\":\"Inicio\",\"item\":\"https:\/\/airsps.com\/es\/\"},{\"@type\":\"ListItem\",\"position\":2,\"name\":\"Existencias\",\"item\":\"https:\/\/airsps.com\/es\/existencias\/\"},{\"@type\":\"ListItem\",\"position\":3,\"name\":\"Aviones en Venta\",\"item\":\"https:\/\/airsps.com\/es\/deposito\/aviones-en-venta\/\"},{\"@type\":\"ListItem\",\"position\":4,\"name\":\"Venta de helic\u00f3pteros\",\"item\":\"https:\/\/airsps.com\/es\/deposito\/aviones-en-venta\/helicopteros\/\"},{\"@type\":\"ListItem\",\"position\":5,\"name\":\"1989 Mi-8T Transporte Julio 2020 Revisi\u00f3n general\"}]}]}<\/script>\n<!-- \/ Yoast SEO Premium plugin. -->","yoast_head_json":{"title":"Se vende el helic\u00f3ptero de transporte Mi-8T de 1989 | Revisi\u00f3n en julio de 2020","description":"1989 Mi-8T helic\u00f3ptero de transporte para la venta | 2020, julio - Tiempo desde la revisi\u00f3n: CERO. El recurso del helic\u00f3ptero tras la reparaci\u00f3n es de 2000 horas u 8 a\u00f1os","robots":{"index":"index","follow":"follow","max-snippet":"max-snippet:-1","max-image-preview":"max-image-preview:large","max-video-preview":"max-video-preview:-1"},"canonical":"https:\/\/airsps.com\/es\/existencias\/aviones-en-venta\/helicopteros\/1989-mi-8t-transporte-revision-2020-10249\/","schema":{"@context":"https:\/\/schema.org","@graph":[{"@type":"BreadcrumbList","@id":"https:\/\/airsps.com\/es\/existencias\/aviones-en-venta\/helicopteros\/1989-mi-8t-transporte-revision-2020-10249\/#breadcrumb","itemListElement":[{"@type":"ListItem","position":1,"name":"Inicio","item":"https:\/\/airsps.com\/es\/"},{"@type":"ListItem","position":2,"name":"Existencias","item":"https:\/\/airsps.com\/es\/existencias\/"},{"@type":"ListItem","position":3,"name":"Aviones en Venta","item":"https:\/\/airsps.com\/es\/deposito\/aviones-en-venta\/"},{"@type":"ListItem","position":4,"name":"Venta de helic\u00f3pteros","item":"https:\/\/airsps.com\/es\/deposito\/aviones-en-venta\/helicopteros\/"},{"@type":"ListItem","position":5,"name":"1989 Mi-8T Transporte Julio 2020 Revisi\u00f3n general"}]}]}},"_links":{"self":[{"href":"https:\/\/airsps.com\/es\/wp-json\/wp\/v2\/product\/2233","targetHints":{"allow":["GET"]}}],"collection":[{"href":"https:\/\/airsps.com\/es\/wp-json\/wp\/v2\/product"}],"about":[{"href":"https:\/\/airsps.com\/es\/wp-json\/wp\/v2\/types\/product"}],"replies":[{"embeddable":true,"href":"https:\/\/airsps.com\/es\/wp-json\/wp\/v2\/comments?post=2233"}],"wp:featuredmedia":[{"embeddable":true,"href":"https:\/\/airsps.com\/es\/wp-json\/wp\/v2\/media\/1710"}],"wp:attachment":[{"href":"https:\/\/airsps.com\/es\/wp-json\/wp\/v2\/media?parent=2233"}],"wp:term":[{"taxonomy":"product_brand","embeddable":true,"href":"https:\/\/airsps.com\/es\/wp-json\/wp\/v2\/product_brand?post=2233"},{"taxonomy":"product_cat","embeddable":true,"href":"https:\/\/airsps.com\/es\/wp-json\/wp\/v2\/product_cat?post=2233"},{"taxonomy":"product_tag","embeddable":true,"href":"https:\/\/airsps.com\/es\/wp-json\/wp\/v2\/product_tag?post=2233"}],"curies":[{"name":"wp","href":"https:\/\/api.w.org\/{rel}","templated":true}]}}