{"id":2231,"date":"2023-04-08T15:57:19","date_gmt":"2023-04-08T15:57:19","guid":{"rendered":"https:\/\/airsps.com\/stock\/sin%20categor\u00eda\/2020-transporte-mi-8amt-245-horas\/"},"modified":"2024-08-02T19:50:41","modified_gmt":"2024-08-02T19:50:41","slug":"2020-helicoptero-de-transporte-mi-8amt-para-la-venta-245","status":"publish","type":"product","link":"https:\/\/airsps.com\/es\/existencias\/aviones-en-venta\/helicopteros\/2020-helicoptero-de-transporte-mi-8amt-para-la-venta-245\/","title":{"rendered":"2020 Transporte Mi-8AMT 245 horas"},"content":{"rendered":"<p>El helic\u00f3ptero est\u00e1 propulsado por dos motores, que proporcionan un excelente rendimiento y un alto nivel de seguridad. Tiene una velocidad de crucero de hasta 250 km\/h y puede transportar hasta 4.000 kg de carga.<\/p>\n<p>El Mi-8AMT tiene un alcance de m\u00e1s de 1.000 km, lo que lo hace ideal para transportar tropas y suministros a zonas remotas. Tambi\u00e9n puede utilizarse como ambulancia a\u00e9rea, con capacidad para transportar hasta 12 camillas y personal m\u00e9dico.<\/p>\n<p>Una de las principales caracter\u00edsticas del Mi-8AMT es su versatilidad. Puede equiparse con diversos sistemas de armas, incluidas ametralladoras y cohetes, lo que lo convierte en un eficaz helic\u00f3ptero de combate. Tambi\u00e9n puede equiparse con medios de extinci\u00f3n de incendios, por lo que resulta \u00fatil en la lucha contra los incendios forestales.<\/p>\n<p>La espaciosa cabina del helic\u00f3ptero puede acomodar hasta 24 pasajeros, lo que lo convierte en una opci\u00f3n popular para operaciones comerciales como la exploraci\u00f3n de petr\u00f3leo y gas en alta mar. Tambi\u00e9n puede configurarse para transporte VIP, con lujosos asientos y comodidades.<\/p>\n<p>El dise\u00f1o robusto del Mi-8AMT lo hace id\u00f3neo para operaciones en entornos dif\u00edciles. Puede funcionar a temperaturas comprendidas entre -50C y +50C y soportar r\u00e1fagas de viento de hasta 40 m\/s.<\/p>\n<p>El avanzado sistema de avi\u00f3nica del helic\u00f3ptero incluye un piloto autom\u00e1tico digital, radar meteorol\u00f3gico y navegaci\u00f3n por sat\u00e9lite. Esto permite un funcionamiento seguro y eficaz en todas las condiciones meteorol\u00f3gicas.<\/p>\n<p>En conclusi\u00f3n, el helic\u00f3ptero de transporte Mi-8AMT es una aeronave vers\u00e1til y fiable que ha demostrado su eficacia en una amplia gama de aplicaciones. Su combinaci\u00f3n de rendimiento, durabilidad y flexibilidad lo convierten en un valioso activo tanto para operadores militares como civiles.<\/p>\n","protected":false},"excerpt":{"rendered":"<p>A\u00f1o: 2020<br \/>\nTiempo total: 245<br \/>\nRecorrido helic\u00f3ptero: 18000<br \/>\nVida \u00fatil de la revisi\u00f3n del helic\u00f3ptero: 2000<br \/>\nRecurso restante: 17755<br \/>\nEl resto del recurso entre reparaciones: 1755<\/p>\n<p>El helic\u00f3ptero de transporte Mi-8AMT es un vers\u00e1til caballo de batalla en el mundo de la aviaci\u00f3n militar y civil. Su dise\u00f1o robusto y fiable la ha convertido en la favorita de los operadores de todo el mundo.<\/p>\n","protected":false},"featured_media":1988,"comment_status":"closed","ping_status":"closed","template":"","meta":[],"product_brand":[],"product_cat":[71],"product_tag":[],"class_list":{"0":"post-2231","1":"product","2":"type-product","3":"status-publish","4":"has-post-thumbnail","5":"","6":"product_cat-helicopteros","8":"first","9":"instock","10":"sold-individually","11":"shipping-taxable","12":"product-type-simple"},"yoast_head":"<!-- This site is optimized with the Yoast SEO Premium plugin v27.1 (Yoast SEO v27.1.1) - https:\/\/yoast.com\/product\/yoast-seo-premium-wordpress\/ -->\n<title>2020 Mi-8AMT Helic\u00f3ptero de Transporte para la Venta | Tiempo Total 245 horas<\/title>\n<meta name=\"description\" content=\"2020 Mi-8AMT Helic\u00f3ptero de Transporte para la Venta | Tiempo Total: 245 horas. El recurso del helic\u00f3ptero tras la reparaci\u00f3n es de 1755 horas\" \/>\n<meta name=\"robots\" content=\"index, follow, max-snippet:-1, max-image-preview:large, max-video-preview:-1\" \/>\n<link rel=\"canonical\" href=\"https:\/\/airsps.com\/es\/existencias\/aviones-en-venta\/helicopteros\/2020-helicoptero-de-transporte-mi-8amt-para-la-venta-245\/\" \/>\n<script type=\"application\/ld+json\" class=\"yoast-schema-graph\">{\"@context\":\"https:\/\/schema.org\",\"@graph\":[{\"@type\":\"BreadcrumbList\",\"@id\":\"https:\/\/airsps.com\/es\/existencias\/aviones-en-venta\/helicopteros\/2020-helicoptero-de-transporte-mi-8amt-para-la-venta-245\/#breadcrumb\",\"itemListElement\":[{\"@type\":\"ListItem\",\"position\":1,\"name\":\"Inicio\",\"item\":\"https:\/\/airsps.com\/es\/\"},{\"@type\":\"ListItem\",\"position\":2,\"name\":\"Existencias\",\"item\":\"https:\/\/airsps.com\/es\/existencias\/\"},{\"@type\":\"ListItem\",\"position\":3,\"name\":\"Aviones en Venta\",\"item\":\"https:\/\/airsps.com\/es\/deposito\/aviones-en-venta\/\"},{\"@type\":\"ListItem\",\"position\":4,\"name\":\"Venta de helic\u00f3pteros\",\"item\":\"https:\/\/airsps.com\/es\/deposito\/aviones-en-venta\/helicopteros\/\"},{\"@type\":\"ListItem\",\"position\":5,\"name\":\"2020 Transporte Mi-8AMT 245 horas\"}]}]}<\/script>\n<!-- \/ Yoast SEO Premium plugin. -->","yoast_head_json":{"title":"2020 Mi-8AMT Helic\u00f3ptero de Transporte para la Venta | Tiempo Total 245 horas","description":"2020 Mi-8AMT Helic\u00f3ptero de Transporte para la Venta | Tiempo Total: 245 horas. El recurso del helic\u00f3ptero tras la reparaci\u00f3n es de 1755 horas","robots":{"index":"index","follow":"follow","max-snippet":"max-snippet:-1","max-image-preview":"max-image-preview:large","max-video-preview":"max-video-preview:-1"},"canonical":"https:\/\/airsps.com\/es\/existencias\/aviones-en-venta\/helicopteros\/2020-helicoptero-de-transporte-mi-8amt-para-la-venta-245\/","schema":{"@context":"https:\/\/schema.org","@graph":[{"@type":"BreadcrumbList","@id":"https:\/\/airsps.com\/es\/existencias\/aviones-en-venta\/helicopteros\/2020-helicoptero-de-transporte-mi-8amt-para-la-venta-245\/#breadcrumb","itemListElement":[{"@type":"ListItem","position":1,"name":"Inicio","item":"https:\/\/airsps.com\/es\/"},{"@type":"ListItem","position":2,"name":"Existencias","item":"https:\/\/airsps.com\/es\/existencias\/"},{"@type":"ListItem","position":3,"name":"Aviones en Venta","item":"https:\/\/airsps.com\/es\/deposito\/aviones-en-venta\/"},{"@type":"ListItem","position":4,"name":"Venta de helic\u00f3pteros","item":"https:\/\/airsps.com\/es\/deposito\/aviones-en-venta\/helicopteros\/"},{"@type":"ListItem","position":5,"name":"2020 Transporte Mi-8AMT 245 horas"}]}]}},"_links":{"self":[{"href":"https:\/\/airsps.com\/es\/wp-json\/wp\/v2\/product\/2231","targetHints":{"allow":["GET"]}}],"collection":[{"href":"https:\/\/airsps.com\/es\/wp-json\/wp\/v2\/product"}],"about":[{"href":"https:\/\/airsps.com\/es\/wp-json\/wp\/v2\/types\/product"}],"replies":[{"embeddable":true,"href":"https:\/\/airsps.com\/es\/wp-json\/wp\/v2\/comments?post=2231"}],"wp:featuredmedia":[{"embeddable":true,"href":"https:\/\/airsps.com\/es\/wp-json\/wp\/v2\/media\/1988"}],"wp:attachment":[{"href":"https:\/\/airsps.com\/es\/wp-json\/wp\/v2\/media?parent=2231"}],"wp:term":[{"taxonomy":"product_brand","embeddable":true,"href":"https:\/\/airsps.com\/es\/wp-json\/wp\/v2\/product_brand?post=2231"},{"taxonomy":"product_cat","embeddable":true,"href":"https:\/\/airsps.com\/es\/wp-json\/wp\/v2\/product_cat?post=2231"},{"taxonomy":"product_tag","embeddable":true,"href":"https:\/\/airsps.com\/es\/wp-json\/wp\/v2\/product_tag?post=2231"}],"curies":[{"name":"wp","href":"https:\/\/api.w.org\/{rel}","templated":true}]}}