{"id":2230,"date":"2023-04-12T06:28:34","date_gmt":"2023-04-12T06:28:34","guid":{"rendered":"https:\/\/airsps.com\/stock\/sin%20categor\u00eda\/2017-mi-8-amt-transporte-1075-horas\/"},"modified":"2024-08-11T10:00:55","modified_gmt":"2024-08-11T10:00:55","slug":"2017-mi-8-amt-helicoptero-de-transporte-para-la-venta-1075","status":"publish","type":"product","link":"https:\/\/airsps.com\/es\/existencias\/aviones-en-venta\/helicopteros\/2017-mi-8-amt-helicoptero-de-transporte-para-la-venta-1075\/","title":{"rendered":"2017 Mi-8 AMT Transporte 1075 horas"},"content":{"rendered":"<p>El Mi-8 AMT se present\u00f3 por primera vez en la d\u00e9cada de 1980 como una versi\u00f3n mejorada del legendario helic\u00f3ptero Mi-8. !!!! sfsdfsdf La nueva versi\u00f3n contaba con una avi\u00f3nica mejorada, motores m\u00e1s potentes y una cabina redise\u00f1ada que la hac\u00eda m\u00e1s c\u00f3moda y funcional tanto para los pasajeros como para la tripulaci\u00f3n. A lo largo de los a\u00f1os, el Mi-8 AMT ha sido objeto de numerosas actualizaciones y modificaciones para adaptarse a la evoluci\u00f3n de las tecnolog\u00edas y a los requisitos cambiantes de las misiones.<\/p>\n<p>Una de las caracter\u00edsticas clave del Mi-8 AMT son sus potentes motores biturbina, que proporcionan potencia y velocidad de sobra para transportar carga pesada o pasajeros a largas distancias. Con un peso m\u00e1ximo al despegue de m\u00e1s de 13.000 kg y una autonom\u00eda de hasta 800 km, el Mi-8 AMT puede transportar hasta 24 pasajeros o 4.000 kg de carga, lo que lo convierte en la opci\u00f3n ideal para una amplia gama de misiones.<\/p>\n<p>Adem\u00e1s de su impresionante capacidad de transporte, el Mi-8 AMT tambi\u00e9n es famoso por su robustez y durabilidad. Construido para resistir entornos duros y condiciones meteorol\u00f3gicas extremas, este helic\u00f3ptero es una opci\u00f3n popular entre los operadores que necesitan una plataforma fiable y robusta para sus operaciones. Tanto si se trata de transportar equipos y suministros a lugares remotos, como de prestar apoyo en operaciones de b\u00fasqueda y rescate o de realizar misiones a\u00e9reas de extinci\u00f3n de incendios, el Mi-8 AMT est\u00e1 a la altura de las circunstancias.<\/p>\n<p>Otra ventaja clave del Mi-8 AMT es su versatilidad. Este helic\u00f3ptero puede equiparse con una amplia gama de sensores, c\u00e1maras y otros equipos para apoyar diversos tipos de misiones, incluidas las de vigilancia, control y reconocimiento. Tambi\u00e9n puede equiparse con dep\u00f3sitos de combustible externos y otros accesorios para ampliar su autonom\u00eda y sus capacidades.<\/p>\n<p>En general, el <a title=\"comprar un helic\u00f3ptero\" href=\"https:\/\/airsps.com\/depot\/aircraft-for-sale\/helicopters\/\" rel=\"\">helic\u00f3ptero de transporte<\/a> Mi-8 AMT es un activo valioso para cualquier organizaci\u00f3n que necesite una plataforma a\u00e9rea fiable y flexible. Con sus potentes motores, su gran capacidad de carga y su impresionante autonom\u00eda, este helic\u00f3ptero ha demostrado su val\u00eda una y otra vez en una amplia gama de operaciones y entornos. Ya sea para apoyar misiones militares, prestar ayuda humanitaria o transportar personal y equipos para proyectos comerciales, el Mi-8 AMT es un avi\u00f3n que cumple su cometido.<\/p>\n","protected":false},"excerpt":{"rendered":"<p>A\u00f1o: 2017<br \/>\nTiempo total: 1075<br \/>\nRecurso de helic\u00f3ptero: 18000<br \/>\nVida \u00fatil de la revisi\u00f3n del helic\u00f3ptero: 2000<br \/>\nRecurso restante: 16925<br \/>\nEl resto del recurso entre reparaciones: 925<br \/>\nVida \u00fatil: 35 a\u00f1os<\/p>\n<p>El helic\u00f3ptero de transporte Mi-8 AMT es una aeronave vers\u00e1til y fiable que se ha utilizado ampliamente en aplicaciones civiles y militares en todo el mundo.<\/p>\n<p>Con sus potentes motores, su gran capacidad de carga y su impresionante autonom\u00eda, el Mi-8 AMT es el helic\u00f3ptero al que recurren las organizaciones que necesitan una plataforma a\u00e9rea fiable y flexible.<\/p>\n","protected":false},"featured_media":2027,"comment_status":"closed","ping_status":"closed","template":"","meta":[],"product_brand":[],"product_cat":[71],"product_tag":[],"class_list":{"0":"post-2230","1":"product","2":"type-product","3":"status-publish","4":"has-post-thumbnail","5":"","6":"product_cat-helicopteros","8":"first","9":"instock","10":"sold-individually","11":"shipping-taxable","12":"product-type-simple"},"yoast_head":"<!-- This site is optimized with the Yoast SEO Premium plugin v27.1 (Yoast SEO v27.1.1) - https:\/\/yoast.com\/product\/yoast-seo-premium-wordpress\/ -->\n<title>2017 Mi-8 AMT Helic\u00f3ptero de Transporte para la Venta | Tiempo Total 1075 hr<\/title>\n<meta name=\"description\" content=\"2017 Mi-8 AMT helic\u00f3ptero de transporte para la venta | Tiempo total: 1075 horas. El recurso del helic\u00f3ptero tras la reparaci\u00f3n es de 925 horas\" \/>\n<meta name=\"robots\" content=\"index, follow, max-snippet:-1, max-image-preview:large, max-video-preview:-1\" \/>\n<link rel=\"canonical\" href=\"https:\/\/airsps.com\/es\/existencias\/aviones-en-venta\/helicopteros\/2017-mi-8-amt-helicoptero-de-transporte-para-la-venta-1075\/\" \/>\n<script type=\"application\/ld+json\" class=\"yoast-schema-graph\">{\"@context\":\"https:\/\/schema.org\",\"@graph\":[{\"@type\":\"BreadcrumbList\",\"@id\":\"https:\/\/airsps.com\/es\/existencias\/aviones-en-venta\/helicopteros\/2017-mi-8-amt-helicoptero-de-transporte-para-la-venta-1075\/#breadcrumb\",\"itemListElement\":[{\"@type\":\"ListItem\",\"position\":1,\"name\":\"Inicio\",\"item\":\"https:\/\/airsps.com\/es\/\"},{\"@type\":\"ListItem\",\"position\":2,\"name\":\"Existencias\",\"item\":\"https:\/\/airsps.com\/es\/existencias\/\"},{\"@type\":\"ListItem\",\"position\":3,\"name\":\"Aviones en Venta\",\"item\":\"https:\/\/airsps.com\/es\/deposito\/aviones-en-venta\/\"},{\"@type\":\"ListItem\",\"position\":4,\"name\":\"Venta de helic\u00f3pteros\",\"item\":\"https:\/\/airsps.com\/es\/deposito\/aviones-en-venta\/helicopteros\/\"},{\"@type\":\"ListItem\",\"position\":5,\"name\":\"2017 Mi-8 AMT Transporte 1075 horas\"}]}]}<\/script>\n<!-- \/ Yoast SEO Premium plugin. -->","yoast_head_json":{"title":"2017 Mi-8 AMT Helic\u00f3ptero de Transporte para la Venta | Tiempo Total 1075 hr","description":"2017 Mi-8 AMT helic\u00f3ptero de transporte para la venta | Tiempo total: 1075 horas. El recurso del helic\u00f3ptero tras la reparaci\u00f3n es de 925 horas","robots":{"index":"index","follow":"follow","max-snippet":"max-snippet:-1","max-image-preview":"max-image-preview:large","max-video-preview":"max-video-preview:-1"},"canonical":"https:\/\/airsps.com\/es\/existencias\/aviones-en-venta\/helicopteros\/2017-mi-8-amt-helicoptero-de-transporte-para-la-venta-1075\/","schema":{"@context":"https:\/\/schema.org","@graph":[{"@type":"BreadcrumbList","@id":"https:\/\/airsps.com\/es\/existencias\/aviones-en-venta\/helicopteros\/2017-mi-8-amt-helicoptero-de-transporte-para-la-venta-1075\/#breadcrumb","itemListElement":[{"@type":"ListItem","position":1,"name":"Inicio","item":"https:\/\/airsps.com\/es\/"},{"@type":"ListItem","position":2,"name":"Existencias","item":"https:\/\/airsps.com\/es\/existencias\/"},{"@type":"ListItem","position":3,"name":"Aviones en Venta","item":"https:\/\/airsps.com\/es\/deposito\/aviones-en-venta\/"},{"@type":"ListItem","position":4,"name":"Venta de helic\u00f3pteros","item":"https:\/\/airsps.com\/es\/deposito\/aviones-en-venta\/helicopteros\/"},{"@type":"ListItem","position":5,"name":"2017 Mi-8 AMT Transporte 1075 horas"}]}]}},"_links":{"self":[{"href":"https:\/\/airsps.com\/es\/wp-json\/wp\/v2\/product\/2230","targetHints":{"allow":["GET"]}}],"collection":[{"href":"https:\/\/airsps.com\/es\/wp-json\/wp\/v2\/product"}],"about":[{"href":"https:\/\/airsps.com\/es\/wp-json\/wp\/v2\/types\/product"}],"replies":[{"embeddable":true,"href":"https:\/\/airsps.com\/es\/wp-json\/wp\/v2\/comments?post=2230"}],"wp:featuredmedia":[{"embeddable":true,"href":"https:\/\/airsps.com\/es\/wp-json\/wp\/v2\/media\/2027"}],"wp:attachment":[{"href":"https:\/\/airsps.com\/es\/wp-json\/wp\/v2\/media?parent=2230"}],"wp:term":[{"taxonomy":"product_brand","embeddable":true,"href":"https:\/\/airsps.com\/es\/wp-json\/wp\/v2\/product_brand?post=2230"},{"taxonomy":"product_cat","embeddable":true,"href":"https:\/\/airsps.com\/es\/wp-json\/wp\/v2\/product_cat?post=2230"},{"taxonomy":"product_tag","embeddable":true,"href":"https:\/\/airsps.com\/es\/wp-json\/wp\/v2\/product_tag?post=2230"}],"curies":[{"name":"wp","href":"https:\/\/api.w.org\/{rel}","templated":true}]}}