{"id":2221,"date":"2023-02-25T12:24:36","date_gmt":"2023-02-25T12:24:36","guid":{"rendered":"https:\/\/airsps.com\/stock\/sin%20categor\u00eda\/1990-transporte-mi-8t\/"},"modified":"2025-08-12T15:52:56","modified_gmt":"2025-08-12T15:52:56","slug":"1990-mi-8t-helicoptero-de-transporte-para-la-venta-1476","status":"publish","type":"product","link":"https:\/\/airsps.com\/es\/existencias\/aviones-en-venta\/helicopteros\/1990-mi-8t-helicoptero-de-transporte-para-la-venta-1476\/","title":{"rendered":"1990 Transporte Mi-8T"},"content":{"rendered":"<p>El <a title=\"Oferta principal\" href=\"https:\/\/airsps.com\/main-aircraft-offerings\/\" rel=\"\">helic\u00f3ptero medio de transporte polivalente Mi-8T<\/a> tiene unas caracter\u00edsticas de vuelo y t\u00e9cnicas y operativas \u00fanicas. Su alta fiabilidad, facilidad de manejo y mantenimiento, y comodidad de manejo del helic\u00f3ptero le han permitido hacerse popular en todo el mundo.<\/p>\n<p>En la configuraci\u00f3n est\u00e1ndar, la versi\u00f3n de transporte del helic\u00f3ptero est\u00e1 dise\u00f1ada para el transporte de carga y pasajeros. En caso de necesidad, el helic\u00f3ptero puede equiparse con dep\u00f3sitos de combustible adicionales, equipos desmontables y puede utilizarse para la extinci\u00f3n de incendios, operaciones de b\u00fasqueda y rescate, fotograf\u00eda a\u00e9rea y otras operaciones.<\/p>\n<p>La robusta y amplia cabina de carga est\u00e1 dise\u00f1ada para transportar diversas configuraciones de carga, con un volumen total de hasta 23 metros c\u00fabicos. Hay una gran trampilla en la parte trasera y una puerta corredera en el lado izquierdo para facilitar la carga. La cabina dispone de asientos plegables extra\u00edbles para 22 pasajeros.<\/p>\n<p>Para la protecci\u00f3n contra la formaci\u00f3n de hielo, las palas de los rotores principal y de cola y las ventanas de la cabina est\u00e1n equipadas con un sistema antihielo electrot\u00e9rmico.<\/p>\n<p>Gracias a su dise\u00f1o y equipamiento, el helic\u00f3ptero puede operar en bases aut\u00f3nomas y emplazamientos no equipados.<\/p>\n","protected":false},"excerpt":{"rendered":"<p>A\u00f1o: 1990<br \/>\nTiempo total: 1476<br \/>\nNotes: requires revision<\/p>\n<p>El helic\u00f3ptero de transporte Mi-8T est\u00e1 dise\u00f1ado para la entrega de carga dentro de la cabina de carga, as\u00ed como para el transporte de carga sobredimensionada en una eslinga externa de hasta 6.600 libras (3 toneladas) y un cabrestante de hasta 330 libras (150 kg). El Mi-8T se utiliza para la construcci\u00f3n e instalaci\u00f3n y otros trabajos en zonas e instalaciones de dif\u00edcil acceso.<\/p>\n","protected":false},"featured_media":1100,"comment_status":"closed","ping_status":"closed","template":"","meta":[],"product_brand":[],"product_cat":[71],"product_tag":[],"class_list":{"0":"post-2221","1":"product","2":"type-product","3":"status-publish","4":"has-post-thumbnail","5":"","6":"product_cat-helicopteros","8":"first","9":"instock","10":"sold-individually","11":"shipping-taxable","12":"product-type-simple"},"yoast_head":"<!-- This site is optimized with the Yoast SEO Premium plugin v27.1 (Yoast SEO v27.1.1) - https:\/\/yoast.com\/product\/yoast-seo-premium-wordpress\/ -->\n<title>1990 Mi-8T Helic\u00f3ptero de Transporte &#8212; Aviones y piezas para la venta<\/title>\n<meta name=\"description\" content=\"1990 Mi-8T Helic\u00f3ptero de Transporte en Venta | Vers\u00e1til aeronave para el transporte de hasta 8.818 libras (4.000 kg) de carga por v\u00eda a\u00e9rea durante 300 millas (480 km).\" \/>\n<meta name=\"robots\" content=\"index, follow, max-snippet:-1, max-image-preview:large, max-video-preview:-1\" \/>\n<link rel=\"canonical\" href=\"https:\/\/airsps.com\/es\/existencias\/aviones-en-venta\/helicopteros\/1990-mi-8t-helicoptero-de-transporte-para-la-venta-1476\/\" \/>\n<script type=\"application\/ld+json\" class=\"yoast-schema-graph\">{\"@context\":\"https:\/\/schema.org\",\"@graph\":[{\"@type\":\"BreadcrumbList\",\"@id\":\"https:\/\/airsps.com\/es\/existencias\/aviones-en-venta\/helicopteros\/1990-mi-8t-helicoptero-de-transporte-para-la-venta-1476\/#breadcrumb\",\"itemListElement\":[{\"@type\":\"ListItem\",\"position\":1,\"name\":\"Inicio\",\"item\":\"https:\/\/airsps.com\/es\/\"},{\"@type\":\"ListItem\",\"position\":2,\"name\":\"Existencias\",\"item\":\"https:\/\/airsps.com\/es\/existencias\/\"},{\"@type\":\"ListItem\",\"position\":3,\"name\":\"Aviones en Venta\",\"item\":\"https:\/\/airsps.com\/es\/deposito\/aviones-en-venta\/\"},{\"@type\":\"ListItem\",\"position\":4,\"name\":\"Venta de helic\u00f3pteros\",\"item\":\"https:\/\/airsps.com\/es\/deposito\/aviones-en-venta\/helicopteros\/\"},{\"@type\":\"ListItem\",\"position\":5,\"name\":\"1990 Transporte Mi-8T\"}]}]}<\/script>\n<!-- \/ Yoast SEO Premium plugin. -->","yoast_head_json":{"title":"1990 Mi-8T Helic\u00f3ptero de Transporte &#8212; Aviones y piezas para la venta","description":"1990 Mi-8T Helic\u00f3ptero de Transporte en Venta | Vers\u00e1til aeronave para el transporte de hasta 8.818 libras (4.000 kg) de carga por v\u00eda a\u00e9rea durante 300 millas (480 km).","robots":{"index":"index","follow":"follow","max-snippet":"max-snippet:-1","max-image-preview":"max-image-preview:large","max-video-preview":"max-video-preview:-1"},"canonical":"https:\/\/airsps.com\/es\/existencias\/aviones-en-venta\/helicopteros\/1990-mi-8t-helicoptero-de-transporte-para-la-venta-1476\/","schema":{"@context":"https:\/\/schema.org","@graph":[{"@type":"BreadcrumbList","@id":"https:\/\/airsps.com\/es\/existencias\/aviones-en-venta\/helicopteros\/1990-mi-8t-helicoptero-de-transporte-para-la-venta-1476\/#breadcrumb","itemListElement":[{"@type":"ListItem","position":1,"name":"Inicio","item":"https:\/\/airsps.com\/es\/"},{"@type":"ListItem","position":2,"name":"Existencias","item":"https:\/\/airsps.com\/es\/existencias\/"},{"@type":"ListItem","position":3,"name":"Aviones en Venta","item":"https:\/\/airsps.com\/es\/deposito\/aviones-en-venta\/"},{"@type":"ListItem","position":4,"name":"Venta de helic\u00f3pteros","item":"https:\/\/airsps.com\/es\/deposito\/aviones-en-venta\/helicopteros\/"},{"@type":"ListItem","position":5,"name":"1990 Transporte Mi-8T"}]}]}},"_links":{"self":[{"href":"https:\/\/airsps.com\/es\/wp-json\/wp\/v2\/product\/2221","targetHints":{"allow":["GET"]}}],"collection":[{"href":"https:\/\/airsps.com\/es\/wp-json\/wp\/v2\/product"}],"about":[{"href":"https:\/\/airsps.com\/es\/wp-json\/wp\/v2\/types\/product"}],"replies":[{"embeddable":true,"href":"https:\/\/airsps.com\/es\/wp-json\/wp\/v2\/comments?post=2221"}],"wp:featuredmedia":[{"embeddable":true,"href":"https:\/\/airsps.com\/es\/wp-json\/wp\/v2\/media\/1100"}],"wp:attachment":[{"href":"https:\/\/airsps.com\/es\/wp-json\/wp\/v2\/media?parent=2221"}],"wp:term":[{"taxonomy":"product_brand","embeddable":true,"href":"https:\/\/airsps.com\/es\/wp-json\/wp\/v2\/product_brand?post=2221"},{"taxonomy":"product_cat","embeddable":true,"href":"https:\/\/airsps.com\/es\/wp-json\/wp\/v2\/product_cat?post=2221"},{"taxonomy":"product_tag","embeddable":true,"href":"https:\/\/airsps.com\/es\/wp-json\/wp\/v2\/product_tag?post=2221"}],"curies":[{"name":"wp","href":"https:\/\/api.w.org\/{rel}","templated":true}]}}