{"id":2220,"date":"2023-04-13T06:38:16","date_gmt":"2023-04-13T06:38:16","guid":{"rendered":"https:\/\/airsps.com\/stock\/sin%20categor\u00eda\/1981-1985-l-39-jet-trainer\/"},"modified":"2025-08-12T15:52:41","modified_gmt":"2025-08-12T15:52:41","slug":"l-39-jet-trainer-en-venta-1981-1985","status":"publish","type":"product","link":"https:\/\/airsps.com\/es\/existencias\/aviones-en-venta\/aviones\/l-39-jet-trainer-en-venta-1981-1985\/","title":{"rendered":"1981-1985 L-39 Jet Trainer"},"content":{"rendered":"<p>\u00bfEst\u00e1 buscando un avi\u00f3n de entrenamiento de alto rendimiento? No busque m\u00e1s: \u00a1el L-39 Albatros! Construido por Aero Vodochody, este avi\u00f3n vers\u00e1til y \u00e1gil ha sido utilizado por ej\u00e9rcitos de todo el mundo durante d\u00e9cadas.<\/p>\n<p>En AirSPS, nos especializamos en la venta de aviones L-39 Jet Trainer Albatros. Con nuestro amplio inventario y nuestro conocimiento experto de estos aviones, estamos seguros de que podemos ayudarle a encontrar el modelo perfecto para satisfacer sus necesidades.<\/p>\n<p>El L-39 Albatros es conocido por su excepcional maniobrabilidad, su potente motor y sus avanzados sistemas de avi\u00f3nica. Capaz de alcanzar velocidades de hasta 750 km\/h y de ascender a altitudes de m\u00e1s de 11.000 metros, este avi\u00f3n es ideal para los pilotos que buscan llevar sus habilidades al siguiente nivel.<\/p>\n<p>Pero la compra de una aeronave es una inversi\u00f3n importante, por lo que nuestro equipo de AirSPS se compromete a ofrecer a nuestros clientes el mejor servicio y asistencia posibles. Comprendemos la importancia de encontrar la aeronave adecuada, las opciones de financiaci\u00f3n y la organizaci\u00f3n de los servicios de entrega y mantenimiento.<\/p>\n<p>Adem\u00e1s de nuestra selecci\u00f3n de <a title=\"Aviones en venta\" href=\"https:\/\/airsps.com\/es\/deposito\/aviones-en-venta\/\" rel=\"\">aviones L-39 Jet Trainer Albatros en venta<\/a>, tambi\u00e9n ofrecemos una gama de servicios relacionados con la aviaci\u00f3n para ayudarle a sacar el m\u00e1ximo provecho de su inversi\u00f3n. Desde mantenimiento y reparaci\u00f3n hasta piezas y accesorios, tenemos todo lo que necesita para que su avi\u00f3n funcione a la perfecci\u00f3n.<\/p>\n<p>Nuestro equipo de expertos en aviaci\u00f3n est\u00e1 a su disposici\u00f3n para ayudarle en todo momento. Nos enorgullecemos de ofrecer a nuestros clientes una atenci\u00f3n personalizada y un servicio de primera calidad, garantizando que su experiencia con nosotros sea excepcional.<\/p>\n<p>As\u00ed que si usted est\u00e1 listo para tomar su vuelo al siguiente nivel con un L-39 Jet Trainer Albatros, p\u00f3ngase en contacto con nosotros hoy para aprender m\u00e1s acerca de nuestro inventario y servicios. Esperamos poder ayudarle a alcanzar sus objetivos en el campo de la aviaci\u00f3n y hacer realidad sus sue\u00f1os de volar.<\/p>\n","protected":false},"excerpt":{"rendered":"<p>#1<br \/>\nA\u00f1o: 1985<br \/>\nTiempo total: 1953<br \/>\nA\u00f1o de la \u00faltima revisi\u00f3n 1991<br \/>\nTiempo desde la \u00faltima revisi\u00f3n 454<\/p>\n<p>#2<br \/>\nA\u00f1o: 1981<br \/>\nTiempo total: 2122<br \/>\nA\u00f1o de la \u00faltima revisi\u00f3n 1992<br \/>\nTiempo desde la \u00faltima revisi\u00f3n 607<\/p>\n<p>#3<br \/>\nA\u00f1o: 1981<br \/>\nTiempo total: 1633<br \/>\nA\u00f1o de la \u00faltima revisi\u00f3n 1991<br \/>\nTiempo desde la \u00faltima revisi\u00f3n 230<\/p>\n<p>#4<br \/>\nA\u00f1o: 1981<br \/>\nTiempo total: 1599<br \/>\nA\u00f1o de la \u00faltima revisi\u00f3n 1992<br \/>\nTiempo desde la \u00faltima revisi\u00f3n 230<\/p>\n<p>#5<br \/>\nA\u00f1o: 1981<br \/>\nTiempo total: 1894<br \/>\nA\u00f1o de la \u00faltima revisi\u00f3n 1991<br \/>\nTiempo desde la \u00faltima revisi\u00f3n 470<\/p>\n","protected":false},"featured_media":2114,"comment_status":"closed","ping_status":"closed","template":"","meta":[],"product_brand":[],"product_cat":[72],"product_tag":[],"class_list":{"0":"post-2220","1":"product","2":"type-product","3":"status-publish","4":"has-post-thumbnail","5":"","6":"product_cat-aviones","8":"first","9":"instock","10":"sold-individually","11":"shipping-taxable","12":"product-type-simple"},"yoast_head":"<!-- This site is optimized with the Yoast SEO Premium plugin v27.1 (Yoast SEO v27.1.1) - https:\/\/yoast.com\/product\/yoast-seo-premium-wordpress\/ -->\n<title>1981-1985 L-39 Jet Trainer para la venta &#8212; Requiere revisi\u00f3n<\/title>\n<meta name=\"description\" content=\"L-39 Jet Trainer para la venta | Requiere revisi\u00f3n | En la actualidad, hay 5 aviones de entrenamiento producidos en 1981-1985. Compra r\u00e1pida\" \/>\n<meta name=\"robots\" content=\"index, follow, max-snippet:-1, max-image-preview:large, max-video-preview:-1\" \/>\n<link rel=\"canonical\" href=\"https:\/\/airsps.com\/es\/existencias\/aviones-en-venta\/aviones\/l-39-jet-trainer-en-venta-1981-1985\/\" \/>\n<script type=\"application\/ld+json\" class=\"yoast-schema-graph\">{\"@context\":\"https:\/\/schema.org\",\"@graph\":[{\"@type\":\"BreadcrumbList\",\"@id\":\"https:\/\/airsps.com\/es\/existencias\/aviones-en-venta\/aviones\/l-39-jet-trainer-en-venta-1981-1985\/#breadcrumb\",\"itemListElement\":[{\"@type\":\"ListItem\",\"position\":1,\"name\":\"Inicio\",\"item\":\"https:\/\/airsps.com\/es\/\"},{\"@type\":\"ListItem\",\"position\":2,\"name\":\"Existencias\",\"item\":\"https:\/\/airsps.com\/es\/existencias\/\"},{\"@type\":\"ListItem\",\"position\":3,\"name\":\"Aviones en Venta\",\"item\":\"https:\/\/airsps.com\/es\/deposito\/aviones-en-venta\/\"},{\"@type\":\"ListItem\",\"position\":4,\"name\":\"Aviones de Transporte y Carga en Venta\",\"item\":\"https:\/\/airsps.com\/es\/deposito\/aviones-en-venta\/aviones\/\"},{\"@type\":\"ListItem\",\"position\":5,\"name\":\"1981-1985 L-39 Jet Trainer\"}]}]}<\/script>\n<!-- \/ Yoast SEO Premium plugin. -->","yoast_head_json":{"title":"1981-1985 L-39 Jet Trainer para la venta &#8212; Requiere revisi\u00f3n","description":"L-39 Jet Trainer para la venta | Requiere revisi\u00f3n | En la actualidad, hay 5 aviones de entrenamiento producidos en 1981-1985. Compra r\u00e1pida","robots":{"index":"index","follow":"follow","max-snippet":"max-snippet:-1","max-image-preview":"max-image-preview:large","max-video-preview":"max-video-preview:-1"},"canonical":"https:\/\/airsps.com\/es\/existencias\/aviones-en-venta\/aviones\/l-39-jet-trainer-en-venta-1981-1985\/","schema":{"@context":"https:\/\/schema.org","@graph":[{"@type":"BreadcrumbList","@id":"https:\/\/airsps.com\/es\/existencias\/aviones-en-venta\/aviones\/l-39-jet-trainer-en-venta-1981-1985\/#breadcrumb","itemListElement":[{"@type":"ListItem","position":1,"name":"Inicio","item":"https:\/\/airsps.com\/es\/"},{"@type":"ListItem","position":2,"name":"Existencias","item":"https:\/\/airsps.com\/es\/existencias\/"},{"@type":"ListItem","position":3,"name":"Aviones en Venta","item":"https:\/\/airsps.com\/es\/deposito\/aviones-en-venta\/"},{"@type":"ListItem","position":4,"name":"Aviones de Transporte y Carga en Venta","item":"https:\/\/airsps.com\/es\/deposito\/aviones-en-venta\/aviones\/"},{"@type":"ListItem","position":5,"name":"1981-1985 L-39 Jet Trainer"}]}]}},"_links":{"self":[{"href":"https:\/\/airsps.com\/es\/wp-json\/wp\/v2\/product\/2220","targetHints":{"allow":["GET"]}}],"collection":[{"href":"https:\/\/airsps.com\/es\/wp-json\/wp\/v2\/product"}],"about":[{"href":"https:\/\/airsps.com\/es\/wp-json\/wp\/v2\/types\/product"}],"replies":[{"embeddable":true,"href":"https:\/\/airsps.com\/es\/wp-json\/wp\/v2\/comments?post=2220"}],"wp:featuredmedia":[{"embeddable":true,"href":"https:\/\/airsps.com\/es\/wp-json\/wp\/v2\/media\/2114"}],"wp:attachment":[{"href":"https:\/\/airsps.com\/es\/wp-json\/wp\/v2\/media?parent=2220"}],"wp:term":[{"taxonomy":"product_brand","embeddable":true,"href":"https:\/\/airsps.com\/es\/wp-json\/wp\/v2\/product_brand?post=2220"},{"taxonomy":"product_cat","embeddable":true,"href":"https:\/\/airsps.com\/es\/wp-json\/wp\/v2\/product_cat?post=2220"},{"taxonomy":"product_tag","embeddable":true,"href":"https:\/\/airsps.com\/es\/wp-json\/wp\/v2\/product_tag?post=2220"}],"curies":[{"name":"wp","href":"https:\/\/api.w.org\/{rel}","templated":true}]}}