{"id":2219,"date":"2023-04-17T07:30:27","date_gmt":"2023-04-17T07:30:27","guid":{"rendered":"https:\/\/airsps.com\/stock\/sin%20categor\u00eda\/2019-mi-8amt-transporte-519-horas\/"},"modified":"2025-10-18T11:19:18","modified_gmt":"2025-10-18T11:19:18","slug":"2019-helicoptero-mi-8amt-transporte-519-999","status":"publish","type":"product","link":"https:\/\/airsps.com\/es\/existencias\/aviones-en-venta\/helicopteros\/2019-helicoptero-mi-8amt-transporte-519-999\/","title":{"rendered":"2019 Mi-8AMT Transporte 519 horas"},"content":{"rendered":"<p>Una de las principales caracter\u00edsticas del Mi-8 es su multifuncionalidad: puede realizar una amplia gama de tareas, como transporte de pasajeros y carga, operaciones de b\u00fasqueda y rescate, extinci\u00f3n de incendios y apoyo en alta mar. Este helic\u00f3ptero tambi\u00e9n se utiliza ampliamente en el sector tur\u00edstico para ofrecer impresionantes aventuras tur\u00edsticas.<br \/>\nLas excepcionales prestaciones del Mi-8 lo hacen ideal para operar en condiciones extremas, como grandes altitudes, condiciones meteorol\u00f3gicas adversas y temperaturas elevadas. Su robusto dise\u00f1o y sus avanzados dispositivos de seguridad garantizan que los pasajeros y la tripulaci\u00f3n est\u00e9n protegidos en todo momento.<\/p>\n<p>Adem\u00e1s, el Mi-8 destaca por su fiabilidad y durabilidad, lo que lo convierte en una excelente inversi\u00f3n para empresas u organizaciones que buscan un helic\u00f3ptero de alta calidad capaz de realizar cualquier tarea. El <a href=\"https:\/\/airsps.com\/existencias\/aircraft-parts-sales\/tv3-117vm-helicopter-engine\/\"  data-wpil-monitor-id=\"2\">helic\u00f3ptero est\u00e1 equipado con potentes motores<\/a> que le permiten volar a altas velocidades durante largos periodos, lo que lo convierte en una opci\u00f3n popular para el transporte de larga distancia.<\/p>\n<p>Para las empresas que se lanzan a nuevas aventuras de transporte de carga, el Mi-8 es una opci\u00f3n excelente, ya que puede transportar hasta 4,5 toneladas de carga en distancias de hasta 480 km. Esto convierte al helic\u00f3ptero en la opci\u00f3n ideal para operaciones en zonas remotas donde otros medios de transporte pueden resultar poco pr\u00e1cticos.<br \/>\nLas innovadoras tecnolog\u00edas utilizadas en el Mi-8 lo hacen c\u00f3modo y seguro para los pasajeros. El helic\u00f3ptero est\u00e1 equipado con un piloto autom\u00e1tico, un sistema de control digital y un equipo de rescate de emergencia certificado, lo que garantiza la m\u00e1xima seguridad.<\/p>\n<p>Gracias a sus extraordinarias prestaciones, versatilidad y fiabilidad, el Mi-8 se ha convertido en parte integrante de la vida de muchas personas en diversos pa\u00edses del mundo. Si busca un helic\u00f3ptero capaz de resolver cualquier desaf\u00edo, el Mi-8 es una opci\u00f3n que merece la pena tener en cuenta.<\/p>\n","protected":false},"excerpt":{"rendered":"<p>A\u00f1o: 2017 (2 uds.)<br \/>\nRecurso de helic\u00f3ptero: 18000<br \/>\nTiempo entre revisiones: 2000<br \/>\nVida \u00fatil: 35 a\u00f1os<\/p>\n<p>#1<br \/>\nTiempo total: 519<br \/>\nRecurso restante: 17481<br \/>\nEl resto del recurso entre reparaciones: 1481<\/p>\n<p>#2<br \/>\nTiempo total: 999<br \/>\nRecurso restante: 17001<br \/>\nEl resto del recurso entre reparaciones: 1001<\/p>\n<p>El helic\u00f3ptero civil de transporte Mi-8 es una aeronave vers\u00e1til y fiable que lleva muchas d\u00e9cadas al servicio de diversas industrias. Con sus potentes motores, avanzados sistemas de avi\u00f3nica y espaciosa cabina, el Mi-8 es una excelente opci\u00f3n para el transporte de pasajeros y carga en diversos entornos.<\/p>\n","protected":false},"featured_media":2173,"comment_status":"closed","ping_status":"closed","template":"","meta":[],"product_brand":[],"product_cat":[71],"product_tag":[],"class_list":{"0":"post-2219","1":"product","2":"type-product","3":"status-publish","4":"has-post-thumbnail","5":"","6":"product_cat-helicopteros","8":"first","9":"instock","10":"sold-individually","11":"shipping-taxable","12":"product-type-simple"},"yoast_head":"<!-- This site is optimized with the Yoast SEO Premium plugin v27.1 (Yoast SEO v27.1.1) - https:\/\/yoast.com\/product\/yoast-seo-premium-wordpress\/ -->\n<title>2019 Mi-8AMT helic\u00f3ptero de transporte para la venta | Tiempo total 519 horas<\/title>\n<meta name=\"description\" content=\"Helic\u00f3ptero de transporte Mi-8AMT del a\u00f1o 2019 en venta | Tiempo total de 519 horas de operaci\u00f3n. El recurso del helic\u00f3ptero tras la reparaci\u00f3n es de 925 horas\" \/>\n<meta name=\"robots\" content=\"index, follow, max-snippet:-1, max-image-preview:large, max-video-preview:-1\" \/>\n<link rel=\"canonical\" href=\"https:\/\/airsps.com\/es\/existencias\/aviones-en-venta\/helicopteros\/2019-helicoptero-mi-8amt-transporte-519-999\/\" \/>\n<script type=\"application\/ld+json\" class=\"yoast-schema-graph\">{\"@context\":\"https:\/\/schema.org\",\"@graph\":[{\"@type\":\"BreadcrumbList\",\"@id\":\"https:\/\/airsps.com\/es\/existencias\/aviones-en-venta\/helicopteros\/2019-helicoptero-mi-8amt-transporte-519-999\/#breadcrumb\",\"itemListElement\":[{\"@type\":\"ListItem\",\"position\":1,\"name\":\"Inicio\",\"item\":\"https:\/\/airsps.com\/es\/\"},{\"@type\":\"ListItem\",\"position\":2,\"name\":\"Existencias\",\"item\":\"https:\/\/airsps.com\/es\/existencias\/\"},{\"@type\":\"ListItem\",\"position\":3,\"name\":\"Aviones en Venta\",\"item\":\"https:\/\/airsps.com\/es\/deposito\/aviones-en-venta\/\"},{\"@type\":\"ListItem\",\"position\":4,\"name\":\"Venta de helic\u00f3pteros\",\"item\":\"https:\/\/airsps.com\/es\/deposito\/aviones-en-venta\/helicopteros\/\"},{\"@type\":\"ListItem\",\"position\":5,\"name\":\"2019 Mi-8AMT Transporte 519 horas\"}]}]}<\/script>\n<!-- \/ Yoast SEO Premium plugin. -->","yoast_head_json":{"title":"2019 Mi-8AMT helic\u00f3ptero de transporte para la venta | Tiempo total 519 horas","description":"Helic\u00f3ptero de transporte Mi-8AMT del a\u00f1o 2019 en venta | Tiempo total de 519 horas de operaci\u00f3n. El recurso del helic\u00f3ptero tras la reparaci\u00f3n es de 925 horas","robots":{"index":"index","follow":"follow","max-snippet":"max-snippet:-1","max-image-preview":"max-image-preview:large","max-video-preview":"max-video-preview:-1"},"canonical":"https:\/\/airsps.com\/es\/existencias\/aviones-en-venta\/helicopteros\/2019-helicoptero-mi-8amt-transporte-519-999\/","schema":{"@context":"https:\/\/schema.org","@graph":[{"@type":"BreadcrumbList","@id":"https:\/\/airsps.com\/es\/existencias\/aviones-en-venta\/helicopteros\/2019-helicoptero-mi-8amt-transporte-519-999\/#breadcrumb","itemListElement":[{"@type":"ListItem","position":1,"name":"Inicio","item":"https:\/\/airsps.com\/es\/"},{"@type":"ListItem","position":2,"name":"Existencias","item":"https:\/\/airsps.com\/es\/existencias\/"},{"@type":"ListItem","position":3,"name":"Aviones en Venta","item":"https:\/\/airsps.com\/es\/deposito\/aviones-en-venta\/"},{"@type":"ListItem","position":4,"name":"Venta de helic\u00f3pteros","item":"https:\/\/airsps.com\/es\/deposito\/aviones-en-venta\/helicopteros\/"},{"@type":"ListItem","position":5,"name":"2019 Mi-8AMT Transporte 519 horas"}]}]}},"_links":{"self":[{"href":"https:\/\/airsps.com\/es\/wp-json\/wp\/v2\/product\/2219","targetHints":{"allow":["GET"]}}],"collection":[{"href":"https:\/\/airsps.com\/es\/wp-json\/wp\/v2\/product"}],"about":[{"href":"https:\/\/airsps.com\/es\/wp-json\/wp\/v2\/types\/product"}],"replies":[{"embeddable":true,"href":"https:\/\/airsps.com\/es\/wp-json\/wp\/v2\/comments?post=2219"}],"wp:featuredmedia":[{"embeddable":true,"href":"https:\/\/airsps.com\/es\/wp-json\/wp\/v2\/media\/2173"}],"wp:attachment":[{"href":"https:\/\/airsps.com\/es\/wp-json\/wp\/v2\/media?parent=2219"}],"wp:term":[{"taxonomy":"product_brand","embeddable":true,"href":"https:\/\/airsps.com\/es\/wp-json\/wp\/v2\/product_brand?post=2219"},{"taxonomy":"product_cat","embeddable":true,"href":"https:\/\/airsps.com\/es\/wp-json\/wp\/v2\/product_cat?post=2219"},{"taxonomy":"product_tag","embeddable":true,"href":"https:\/\/airsps.com\/es\/wp-json\/wp\/v2\/product_tag?post=2219"}],"curies":[{"name":"wp","href":"https:\/\/api.w.org\/{rel}","templated":true}]}}