{"id":674,"date":"2023-01-08T09:46:41","date_gmt":"2023-01-08T09:46:41","guid":{"rendered":"https:\/\/airsps.com\/oferta-principal\/"},"modified":"2025-09-07T12:34:38","modified_gmt":"2025-09-07T12:34:38","slug":"oferta-principal","status":"publish","type":"page","link":"https:\/\/airsps.com\/es\/oferta-principal\/","title":{"rendered":"Oferta principal"},"content":{"rendered":"<h2>Transporte A\u00e9reo de Carga Sobredimensionada<\/h2>\n<p>Entrega de <a title=\"Carga pesada y sobredimensionada\" href=\"https:\/\/airsps.com\/es\/carga-aerea\/\" rel=\"\">carga pesada y sobredimensionada<\/a> al aeropuerto, transporte a\u00e9reo de carga compleja y peligrosa. <a title=\"Transporte A\u00e9reo de Carga Sobredimensionada\" href=\"https:\/\/airsps.com\/air-freight\/air-freight-of-oversized-cargo\/\" rel=\"\">Carga a\u00e9rea sobredimensionada<\/a>: para este tipo de transporte, ofrecemos aviones <a title=\"1984 IL-76TD Cargo\/Freighter (V\u00e1lido)\" href=\"https:\/\/airsps.com\/stock\/aircraft-for-sale\/planes\/1984-il-76td-sale-cargo-plane-5620\/\" rel=\"\">IL-76TD<\/a> y AN-124 Ruslan \u00fanicos.<\/p>\n<h2>Transporte a\u00e9reo de carga consolidada y general<\/h2>\n<p>Entrega de carga en el aeropuerto, facturaci\u00f3n del vuelo, pago de tasas y almacenamiento. Para el <a title=\"Ch\u00e1rter de Carga A\u00e9rea\" href=\"https:\/\/airsps.com\/air-freight\/air-cargo-charter\/\" rel=\"\">transporte de carga est\u00e1ndar<\/a>, <a title=\"Transporte A\u00e9reo de Grupaje y Carga General\" href=\"https:\/\/airsps.com\/air-freight\/air-transportation-groupage-cargo\/\" rel=\"\">carga consolidada y carga general<\/a>, ofrecemos aviones de carga Boeing 747-400F y Airbus A330-200F.<\/p>\n<h2>Aeronaves en venta<\/h2>\n<h3>Oferta actual<\/h3>\n<ul>\n<li><strong>Helic\u00f3ptero de transporte Mi-17V-5<\/strong>, 2010-13, 500-600 horas, 8 unidades, revisi\u00f3n en 2025.<br \/>\nPrecio: 10 000 000 USD.<\/li>\n<li><strong>Helic\u00f3ptero de transporte Mi-171E<\/strong>, 2022, 0 horas, 2 unidades.<br \/>\nPrecio: 16 500 000 USD.<\/li>\n<li><strong>Helic\u00f3ptero de transporte\/carga Mi-8AMT<\/strong>, 2009, 6 horas, 2 unidades, revisi\u00f3n en 2025.<br \/>\nPrecio: 8 000 000 USD.<\/li>\n<li><strong>Helic\u00f3ptero de pasajeros Mi-8AMT<\/strong>, sal\u00f3n VIP, 2011, 800 horas, revisi\u00f3n en 2023, 0 horas.<br \/>\nPrecio: 10 500 000 USD.<\/li>\n<li><strong>Helic\u00f3ptero de pasajeros Mi-8MTV-1<\/strong>, sal\u00f3n VIP, 2022, 20 horas.<br \/>\nPrecio: 11 000 000 USD.<\/li>\n<li><strong>Helic\u00f3ptero de pasajeros Agusta AW139<\/strong>, 2013, sal\u00f3n VIP, 400 horas.<br \/>\nPrecio: 12 000 000 USD.<\/li>\n<li><strong>Helic\u00f3ptero de carga pesada Mi-26T<\/strong>, 1989, 3548 horas, revisi\u00f3n en 2012, 1226 horas.<br \/>\nPrecio: 16 000 000 USD.<\/li>\n<\/ul>\n<h3>Helic\u00f3pteros<\/h3>\n<ul>\n<li>Mi-8P (pasajeros) 1981, requiere revisi\u00f3n, 4974 horas &#8230; vendido<\/li>\n<li>Mi-8T (carga) 1990, necesita revisi\u00f3n, 1476 horas&#8230; vendido<\/li>\n<li>Mi-8T (pasajeros) 1992, renovaci\u00f3n requerida, 3020 horas &#8230; vendido<\/li>\n<li>Mi-8T (pasajeros) 1992, renovaci\u00f3n requerida, 3803 horas &#8230; vendido<\/li>\n<li>Mi-8T (carga) 1983, tras una revisi\u00f3n general en 2022, 2729 horas&#8230; 2 200 000 $.<\/li>\n<li>Mi-8T (carga) 1989, tras una revisi\u00f3n general en 2020, 10 249 horas&#8230; 2 200 000 $.<\/li>\n<li>Mi-8MTV-1 (carga) 1992, tras una revisi\u00f3n general en 2022, 1600 horas&#8230; 5 700 000 $.<\/li>\n<li>Mi-8MTV-1 (carga) 1992, requiere revisi\u00f3n a las 2404 horas&#8230; vendido.<\/li>\n<li>Mi-8MTV-1 (carga) 1992, necesita revisi\u00f3n, 2764 horas&#8230; vendido<\/li>\n<li>Mi-8AMT (carga) 2020, 245 horas&#8230; vendido<\/li>\n<li>Mi-8AMT (carga) 2017, 1075 horas&#8230; vendido<\/li>\n<li>Mi-8AMT (carga) 2008, revisi\u00f3n general en 2017, 1380 horas&#8230; vendido.<\/li>\n<li>Mi-8AMT (carga) 1992, tras una revisi\u00f3n general en 2022, 11 000 horas&#8230; 5 700 000 $.<\/li>\n<li>Mi-8AMT (pasajeros, sal\u00f3n VIP) 2011, despu\u00e9s de la revisi\u00f3n general 2021, 655 horas &#8230; $10.000.000<\/li>\n<li>Mi-26T (2 piezas, transporte) 1991, sin motores, 300 horas &#8230; $500.000<\/li>\n<li>MI-172 (carga) 2008, necesita reparaci\u00f3n, 555 horas antes de la revisi\u00f3n general, 2158 horas&#8230; vendido.<\/li>\n<li>MI-17 V5 (carga) 2005, necesita reparaci\u00f3n, 947 horas antes de la revisi\u00f3n general, 1741 horas&#8230; vendido.<\/li>\n<li>Mi-171VIP (pasajeros, sal\u00f3n VIP) 2008, reparaciones en curso (calendario), 1031 horas &#8230; $ 8,600,000<\/li>\n<\/ul>\n<h3>Aviones<\/h3>\n<ul>\n<li><span style=\"font-weight: 400;\">L-39 (5 piezas), 1981, requiere revisi\u00f3n &#8230; vendido<\/span><\/li>\n<li><span style=\"font-weight: 400;\">AN-26B (carga) 1974, despu\u00e9s de revisi\u00f3n, 11072 horas &#8230; vendido<\/span><\/li>\n<li><span style=\"font-weight: 400;\">L-410 UVP (carga) 1984, despu\u00e9s de revisi\u00f3n general, 6059 horas &#8230; vendido<\/span><\/li>\n<li><span style=\"font-weight: 400;\">L-410 UVP (carga) 1984, despu\u00e9s de revisi\u00f3n general, 1714 horas &#8230; vendido<\/span><\/li>\n<li><span style=\"font-weight: 400;\">L-410 UVP-E (carga) 1990, tras revisi\u00f3n general, 1953 horas &#8230; vendido<\/span><\/li>\n<li><a title=\"1984 IL-76TD Cargo\/Freighter (V\u00e1lido)\" href=\"https:\/\/airsps.com\/stock\/aircraft-for-sale\/planes\/1984-il-76td-sale-cargo-plane-5620\/\" rel=\"\">IL-76TD, 1984, certificado de aeronavegabilidad hasta el 28\/11\/2023, 5620 horas &#8230; vendido<\/a><\/li>\n<\/ul>\n<h2>Reparaci\u00f3n de Aeronaves<\/h2>\n<p>Una parte importante de nuestro negocio es la venta y el mantenimiento de aeronaves rusas en todo el mundo. Ofrecemos el transporte de sus helic\u00f3pteros rusos a f\u00e1bricas de aeronaves certificadas para su reparaci\u00f3n.<\/p>\n<h2>Informaci\u00f3n<\/h2>\n<p>Estamos dispuestos a suministrar otros modelos &#8211; env\u00edenos la LOI por correo electr\u00f3nico <a href=\"mailto:order@airsps.com\">order@airsps.com<\/a><\/p>\n\n<div class=\"wpcf7 no-js\" id=\"wpcf7-f500-o1\" lang=\"en-US\" dir=\"ltr\" data-wpcf7-id=\"500\">\n<div class=\"screen-reader-response\"><p role=\"status\" aria-live=\"polite\" aria-atomic=\"true\"><\/p> <ul><\/ul><\/div>\n<form action=\"\/es\/wp-json\/wp\/v2\/pages\/674#wpcf7-f500-o1\" method=\"post\" class=\"wpcf7-form init wpcf7-acceptance-as-validation\" aria-label=\"Contact form\" enctype=\"multipart\/form-data\" novalidate=\"novalidate\" data-status=\"init\">\n<fieldset class=\"hidden-fields-container\"><input type=\"hidden\" name=\"_wpcf7\" value=\"500\" \/><input type=\"hidden\" name=\"_wpcf7_version\" value=\"6.1.4\" \/><input type=\"hidden\" name=\"_wpcf7_locale\" value=\"en_US\" \/><input type=\"hidden\" name=\"_wpcf7_unit_tag\" value=\"wpcf7-f500-o1\" \/><input type=\"hidden\" name=\"_wpcf7_container_post\" value=\"0\" \/><input type=\"hidden\" name=\"_wpcf7_posted_data_hash\" value=\"\" \/>\n<\/fieldset>\n<p><span class=\"wpcf7-form-control-wrap\" data-name=\"your-name\"><input size=\"40\" maxlength=\"50\" class=\"wpcf7-form-control wpcf7-text wpcf7-validates-as-required contact-form__field\" aria-required=\"true\" aria-invalid=\"false\" placeholder=\"Your name*\" value=\"\" type=\"text\" name=\"your-name\" \/><\/span><br \/>\n<span class=\"wpcf7-form-control-wrap\" data-name=\"tel-117\"><input size=\"40\" maxlength=\"20\" class=\"wpcf7-form-control wpcf7-tel wpcf7-validates-as-required wpcf7-text wpcf7-validates-as-tel contact-form__field\" aria-required=\"true\" aria-invalid=\"false\" placeholder=\"Phone*\" value=\"\" type=\"tel\" name=\"tel-117\" \/><\/span><br \/>\n<span class=\"wpcf7-form-control-wrap\" data-name=\"your-email\"><input size=\"40\" maxlength=\"50\" class=\"wpcf7-form-control wpcf7-email wpcf7-validates-as-required wpcf7-text wpcf7-validates-as-email contact-form__field\" aria-required=\"true\" aria-invalid=\"false\" placeholder=\"Email*\" value=\"\" type=\"email\" name=\"your-email\" \/><\/span><br \/>\n<span class=\"wpcf7-form-control-wrap\" data-name=\"text-236\"><input size=\"40\" maxlength=\"70\" class=\"wpcf7-form-control wpcf7-text wpcf7-validates-as-required contact-form__field\" aria-required=\"true\" aria-invalid=\"false\" placeholder=\"You Country*\" value=\"\" type=\"text\" name=\"text-236\" \/><\/span><br \/>\n<span class=\"wpcf7-form-control-wrap\" data-name=\"your-message\"><textarea cols=\"40\" rows=\"5\" maxlength=\"2000\" minlength=\"10\" class=\"wpcf7-form-control wpcf7-textarea wpcf7-validates-as-required contact-form__field\" aria-required=\"true\" aria-invalid=\"false\" placeholder=\"Message*\" name=\"your-message\"><\/textarea><\/span><br \/>\n<label> If You Have a LOI, Please Attach It<br \/>\n<span class=\"wpcf7-form-control-wrap\" data-name=\"file-250\"><input size=\"40\" class=\"wpcf7-form-control wpcf7-file btn\" accept=\".doc,.docx,.txt,.xlsx,.xls,.csv,.pdf,.png,.jpg,.jpeg\" aria-invalid=\"false\" type=\"file\" name=\"file-250\" \/><\/span> <\/label><br \/>\n<label><br \/>\n<span class=\"wpcf7-form-control-wrap\" data-name=\"cmplz-acceptance\"><span class=\"wpcf7-form-control wpcf7-acceptance\"><span class=\"wpcf7-list-item\"><label><input type=\"checkbox\" name=\"cmplz-acceptance\" value=\"1\" aria-invalid=\"false\" \/><span class=\"wpcf7-list-item-label\">To submit this form, you need to accept our <a href=\"?cmplz_region_redirect=true\" target=\"_blank\" rel=\"noopener noreferrer\">Privacy Statement<\/a><\/span><\/label><\/span><\/span><\/span><\/label><br \/>\n<span class=\"wpcf7-form-control-wrap kc_captcha cf7ic-toggle\" data-name=\"kc_captcha\"><span class=\"wpcf7-form-control wpcf7-radio\"><span class=\"captcha-image\" style=\"display: none;\"><span class=\"cf7ic_instructions\">Please prove you are human by selecting the<span> car<\/span>.<\/span><label><input aria-label=\"1\" type=\"radio\" name=\"kc_captcha\" value=\"kc_human\" \/><svg aria-hidden=\"true\" role=\"img\" xmlns=\"http:\/\/www.w3.org\/2000\/svg\" viewBox=\"0 0 512 512\"><path fill=\"currentColor\" d=\"M500 168h-55l-8-21a127 127 0 00-120-83H195a127 127 0 00-120 83l-8 21H12c-8 0-14 8-11 16l8 24a12 12 0 0011 8h29a64 64 0 00-33 56v48c0 16 6 31 16 42v62c0 13 11 24 24 24h48c13 0 24-11 24-24v-40h256v40c0 13 11 24 24 24h48c13 0 24-11 24-24v-62c10-11 16-26 16-42v-48c0-24-13-45-33-56h29a12 12 0 0011-8l8-24c3-8-3-16-11-16zm-365 2c9-25 33-42 60-42h122c27 0 51 17 60 42l15 38H120l15-38zM88 328a32 32 0 010-64c18 0 48 30 48 48s-30 16-48 16zm336 0c-18 0-48 2-48-16s30-48 48-48 32 14 32 32-14 32-32 32z\"\/><\/svg><\/label><label><input aria-label=\"2\" type=\"radio\" name=\"kc_captcha\" value=\"bot\" \/><svg aria-hidden=\"true\" role=\"img\" xmlns=\"http:\/\/www.w3.org\/2000\/svg\" viewBox=\"0 0 512 512\"><path fill=\"currentColor\" d=\"M350 99c-54 0-98-35-166-35-25 0-47 4-68 12a56 56 0 004-24C118 24 95 1 66 0a56 56 0 00-34 102v386c0 13 11 24 24 24h16c13 0 24-11 24-24v-94c28-12 64-23 114-23 54 0 98 35 166 35 48 0 86-16 122-41 9-6 14-15 14-26V96c0-23-24-39-45-29-35 16-77 32-117 32z\"\/><\/svg><\/label><label><input aria-label=\"3\" type=\"radio\" name=\"kc_captcha\" value=\"bot\" \/><svg aria-hidden=\"true\" role=\"img\" xmlns=\"http:\/\/www.w3.org\/2000\/svg\" viewBox=\"0 0 576 512\"><path fill=\"currentColor\" d=\"M472 200H360L256 6a12 12 0 00-10-6h-58c-8 0-14 7-12 15l34 185H100l-35-58a12 12 0 00-10-6H12c-8 0-13 7-12 14l21 106L0 362c-1 7 4 14 12 14h43c4 0 8-2 10-6l35-58h110l-34 185c-2 8 4 15 12 15h58a12 12 0 0010-6l104-194h112c57 0 104-25 104-56s-47-56-104-56z\"\/><\/svg><\/label>\r\n    <\/span>\r\n    <span style=\"display:none\">\r\n        <input type=\"text\" name=\"kc_honeypot\">\r\n    <\/span><\/span><\/span><br \/>\n<input class=\"wpcf7-form-control wpcf7-submit has-spinner btn\" type=\"submit\" value=\"Send\" \/>\n<\/p>\n<p>This site is protected by reCAPTCHA and the Google<br \/>\n<a href=\"https:\/\/policies.google.com\/privacy\" target=\"_blank\" rel=\"noopener noreferrer\">Privacy Policy<\/a> and<br \/>\n<a href=\"https:\/\/policies.google.com\/terms\" target=\"_blank\" rel=\"noopener noreferrer\">Terms of Service<\/a> apply.\n<\/p><div class=\"wpcf7-response-output\" aria-hidden=\"true\"><\/div>\n<\/form>\n<\/div>\n\n","protected":false},"excerpt":{"rendered":"<p>Transporte A\u00e9reo de Carga Sobredimensionada Entrega de carga pesada y sobredimensionada al aeropuerto, transporte a\u00e9reo de carga compleja y peligrosa. Carga a\u00e9rea sobredimensionada: para este tipo de transporte, ofrecemos aviones IL-76TD y AN-124 Ruslan \u00fanicos. Transporte a\u00e9reo de carga consolidada y general Entrega de carga en el aeropuerto, facturaci\u00f3n del vuelo, pago de tasas y [&hellip;]<\/p>\n","protected":false},"author":1,"featured_media":527,"parent":0,"menu_order":0,"comment_status":"closed","ping_status":"closed","template":"","meta":{"footnotes":""},"class_list":["post-674","page","type-page","status-publish","has-post-thumbnail",""],"yoast_head":"<!-- This site is optimized with the Yoast SEO Premium plugin v27.1 (Yoast SEO v27.1.1) - https:\/\/yoast.com\/product\/yoast-seo-premium-wordpress\/ -->\n<title>Carga a\u00e9rea pesada y de gran tama\u00f1o. Aviones y helic\u00f3pteros en venta<\/title>\n<meta name=\"description\" content=\"Consulte nuestra lista de precios para la venta de aeronaves (aviones de carga, helic\u00f3pteros de transporte y helic\u00f3pteros VIP para pasajeros), as\u00ed como nuestra oferta para el transporte a\u00e9reo de carga sobredimensionada.\" \/>\n<meta name=\"robots\" content=\"index, follow, max-snippet:-1, max-image-preview:large, max-video-preview:-1\" \/>\n<link rel=\"canonical\" href=\"https:\/\/airsps.com\/es\/oferta-principal\/\" \/>\n<script type=\"application\/ld+json\" class=\"yoast-schema-graph\">{\"@context\":\"https:\/\/schema.org\",\"@graph\":[{\"@type\":\"BreadcrumbList\",\"@id\":\"https:\/\/airsps.com\/es\/oferta-principal\/#breadcrumb\",\"itemListElement\":[{\"@type\":\"ListItem\",\"position\":1,\"name\":\"Inicio\",\"item\":\"https:\/\/airsps.com\/es\/\"},{\"@type\":\"ListItem\",\"position\":2,\"name\":\"Oferta principal\"}]}]}<\/script>\n<!-- \/ Yoast SEO Premium plugin. -->","yoast_head_json":{"title":"Carga a\u00e9rea pesada y de gran tama\u00f1o. Aviones y helic\u00f3pteros en venta","description":"Consulte nuestra lista de precios para la venta de aeronaves (aviones de carga, helic\u00f3pteros de transporte y helic\u00f3pteros VIP para pasajeros), as\u00ed como nuestra oferta para el transporte a\u00e9reo de carga sobredimensionada.","robots":{"index":"index","follow":"follow","max-snippet":"max-snippet:-1","max-image-preview":"max-image-preview:large","max-video-preview":"max-video-preview:-1"},"canonical":"https:\/\/airsps.com\/es\/oferta-principal\/","schema":{"@context":"https:\/\/schema.org","@graph":[{"@type":"BreadcrumbList","@id":"https:\/\/airsps.com\/es\/oferta-principal\/#breadcrumb","itemListElement":[{"@type":"ListItem","position":1,"name":"Inicio","item":"https:\/\/airsps.com\/es\/"},{"@type":"ListItem","position":2,"name":"Oferta principal"}]}]}},"_links":{"self":[{"href":"https:\/\/airsps.com\/es\/wp-json\/wp\/v2\/pages\/674","targetHints":{"allow":["GET"]}}],"collection":[{"href":"https:\/\/airsps.com\/es\/wp-json\/wp\/v2\/pages"}],"about":[{"href":"https:\/\/airsps.com\/es\/wp-json\/wp\/v2\/types\/page"}],"author":[{"embeddable":true,"href":"https:\/\/airsps.com\/es\/wp-json\/wp\/v2\/users\/1"}],"replies":[{"embeddable":true,"href":"https:\/\/airsps.com\/es\/wp-json\/wp\/v2\/comments?post=674"}],"version-history":[{"count":1,"href":"https:\/\/airsps.com\/es\/wp-json\/wp\/v2\/pages\/674\/revisions"}],"predecessor-version":[{"id":4744,"href":"https:\/\/airsps.com\/es\/wp-json\/wp\/v2\/pages\/674\/revisions\/4744"}],"wp:featuredmedia":[{"embeddable":true,"href":"https:\/\/airsps.com\/es\/wp-json\/wp\/v2\/media\/527"}],"wp:attachment":[{"href":"https:\/\/airsps.com\/es\/wp-json\/wp\/v2\/media?parent=674"}],"curies":[{"name":"wp","href":"https:\/\/api.w.org\/{rel}","templated":true}]}}