{"id":5117,"date":"2025-10-27T17:22:17","date_gmt":"2025-10-27T17:22:17","guid":{"rendered":"https:\/\/airsps.com\/stock\/unkategorisiert\/mi-8amt-zu-verkaufen-2017-wenig-betriebener-hubschrauber-malaysia\/"},"modified":"2026-03-08T15:31:13","modified_gmt":"2026-03-08T15:31:13","slug":"mi-8amt-zu-verkaufen-2017-wenig-betriebener-hubschrauber-malaysia","status":"publish","type":"product","link":"https:\/\/airsps.com\/de\/aktie\/flugzeuge-zum-verkauf\/hubschrauber-zum-verkauf\/mi-8amt-zu-verkaufen-2017-wenig-betriebener-hubschrauber-malaysia\/","title":{"rendered":"Mi-8AMT (2017) Low Hours, Fully Equipped &#8211; Malaysia"},"content":{"rendered":"<h3 data-start=\"1267\" data-end=\"1292\"><strong data-start=\"1271\" data-end=\"1292\">\u00dcbersicht \u00fcber das Luftfahrzeug<\/strong><\/h3>\n<p data-start=\"1293\" data-end=\"1642\">Dieser 2017 hergestellte <a title=\"Mi-8AMT-Frachthelikopter zu verkaufen\" href=\"https:\/\/airsps.com\/stock\/aircraft-for-sale\/helicopters\/mi-8amt-cargo-helicopter-for-sale-2009-3506\/\" rel=\"\">Mil Mi-8AMT<\/a> (im Export auch als <a title=\"2005 Mi-17 V5 Transport\" href=\"https:\/\/airsps.com\/stock\/aircraft-for-sale\/helicopters\/2005-mi-17-v5-transport-helicopter-for-sale-1741\/\" rel=\"\">Mi-17-1V bezeichnet<\/a>) repr\u00e4sentiert die neueste Entwicklung der legend\u00e4ren Mi-8-Serie, die f\u00fcr ihre herausragende Vielseitigkeit, Nutzlastkapazit\u00e4t und Leistungsf\u00e4higkeit bei allen Wetterbedingungen bekannt ist.<br data-start=\"1546\" data-end=\"1549\">Der Hubschrauber befindet sich in <strong data-start=\"1558\" data-end=\"1570\">Malaysia <\/strong>und steht sofort zur Besichtigung und Auslieferung bereit.<\/p>\n<h3 data-start=\"1872\" data-end=\"1908\"><strong data-start=\"1876\" data-end=\"1908\">Leistung und F\u00e4higkeiten<\/strong><\/h3>\n<p data-start=\"1909\" data-end=\"2134\">Angetrieben von zwei TV3-117VM-Motoren bietet dieser Mi-8AMT au\u00dfergew\u00f6hnliche Zuverl\u00e4ssigkeit, Leistung bei hohen Temperaturen und H\u00f6hen sowie eine starke Hubkraft. Der Hubschrauber wurde sowohl f\u00fcr zivile als auch f\u00fcr Versorgungszwecke entwickelt und eignet sich ideal f\u00fcr:<\/p>\n<ul data-start=\"2135\" data-end=\"2298\">\n<li data-start=\"2135\" data-end=\"2166\">\n<p data-start=\"2137\" data-end=\"2166\">Passagier- und VIP-Transport<\/p>\n<\/li>\n<li data-start=\"2167\" data-end=\"2203\">\n<p data-start=\"2169\" data-end=\"2203\">Fracht- und Au\u00dfenlastmissionen<\/p>\n<\/li>\n<li data-start=\"2204\" data-end=\"2242\">\n<p data-start=\"2206\" data-end=\"2242\">Such- und Rettungsaktionen (SAR)<\/p>\n<\/li>\n<li data-start=\"2243\" data-end=\"2265\">\n<p data-start=\"2245\" data-end=\"2265\">Offshore-Logistik<\/p>\n<\/li>\n<li data-start=\"2266\" data-end=\"2298\">\n<p data-start=\"2268\" data-end=\"2298\">Medizinische Evakuierung (MEDEVAC)<\/p>\n<\/li>\n<\/ul>\n<p data-start=\"2300\" data-end=\"2504\">Der <strong data-start=\"2304\" data-end=\"2315\">Mi-8AMT<\/strong> wird wegen seiner robusten Flugzeugzelle, seiner langen Lebensdauer und der weltweiten Verf\u00fcgbarkeit von Ersatzteilen gesch\u00e4tzt \u2013 was ihn zu einer klugen Investition f\u00fcr Betreiber macht, die ein zuverl\u00e4ssiges Mehrzweck-Drehfl\u00fcgelflugzeug suchen.<\/p>\n<h3 data-start=\"2506\" data-end=\"2536\"><strong data-start=\"2510\" data-end=\"2536\">Avionik und Ausr\u00fcstung<\/strong><\/h3>\n<p data-start=\"2537\" data-end=\"2676\">Dieser Hubschrauber ist mit einer modernen Avionikausstattung ausgestattet, die optimale Flugsicherheit und Flexibilit\u00e4t bei der Mission gew\u00e4hrleistet. Zur Ausstattung geh\u00f6ren:<\/p>\n<ul data-start=\"2677\" data-end=\"2857\">\n<li data-start=\"2677\" data-end=\"2707\">\n<p data-start=\"2679\" data-end=\"2707\">Digitale Fluginstrumente<\/p>\n<\/li>\n<li data-start=\"2708\" data-end=\"2753\">\n<p data-start=\"2710\" data-end=\"2753\">Doppelte Navigations- und Kommunikationssysteme<\/p>\n<\/li>\n<li data-start=\"2754\" data-end=\"2785\">\n<p data-start=\"2756\" data-end=\"2785\">Wetterradar und Autopilot<\/p>\n<\/li>\n<li data-start=\"2786\" data-end=\"2857\">\n<p data-start=\"2788\" data-end=\"2857\">Optionale Einsatzkonfigurationen (Fracht, Passagiere oder gemischte Bestuhlung)<\/p>\n<\/li>\n<\/ul>\n<p data-start=\"2859\" data-end=\"2929\">Weitere Anpassungen oder \u00dcberholungen k\u00f6nnen auf Anfrage vereinbart werden.<\/p>\n<h3 data-start=\"2931\" data-end=\"2968\"><strong data-start=\"2935\" data-end=\"2968\">Wartung und Dokumentation<\/strong><\/h3>\n<p data-start=\"2969\" data-end=\"3063\">Alle Wartungsarbeiten wurden gem\u00e4\u00df den Hersteller- und beh\u00f6rdlichen Standards durchgef\u00fchrt.<\/p>\n<ul data-start=\"3064\" data-end=\"3198\">\n<li data-start=\"3064\" data-end=\"3106\">\n<p data-start=\"3066\" data-end=\"3106\">Vollst\u00e4ndige Wartungsunterlagen verf\u00fcgbar.<\/p>\n<\/li>\n<li data-start=\"3107\" data-end=\"3144\">\n<p data-start=\"3109\" data-end=\"3144\">Keine Unfall- oder Schadenshistorie<\/p>\n<\/li>\n<li data-start=\"3145\" data-end=\"3198\">\n<p data-start=\"3147\" data-end=\"3198\">Von zertifizierten Technikern gepr\u00fcft und gewartet.<\/p>\n<\/li>\n<\/ul>\n<p data-start=\"3200\" data-end=\"3279\">Das Flugzeug wird unter kontrollierten Bedingungen gelagert und bleibt <strong data-start=\"3260\" data-end=\"3276\">flugbereit<\/strong>.<\/p>\n<h3 data-start=\"3281\" data-end=\"3316\"><strong data-start=\"3285\" data-end=\"3316\">Warum dieser Mi-8AMT heraussticht<\/strong><\/h3>\n<p data-start=\"3317\" data-end=\"3531\">\u2705 Geringe Gesamtbetriebszeit \u2013 nur 1.252 Stunden<br data-start=\"3356\" data-end=\"3359\">\u2705 Hervorragender mechanischer Zustand<br data-start=\"3391\" data-end=\"3394\">\u2705 Ausgestattet mit TV3-117VM-Triebwerken<br data-start=\"3431\" data-end=\"3434\">\u2705 Strategisch g\u00fcnstige Lage im <strong data-start=\"3446\" data-end=\"3471\">asiatisch-pazifischen Raum (Malaysia)<\/strong> f\u00fcr einfache Lieferung<br data-start=\"3500\" data-end=\"3503\">\u2705 Wettbewerbsf\u00e4higer Marktpreis<\/p>\n<p data-start=\"3533\" data-end=\"3673\">Dieser Hubschrauber vereint sowjetische technische Zuverl\u00e4ssigkeit mit modernen Verbesserungen und bietet einen in seiner Klasse un\u00fcbertroffenen Betriebswert.<\/p>\n<h3 data-start=\"3675\" data-end=\"3712\"><strong data-start=\"3679\" data-end=\"3712\">Kontakt f\u00fcr Preis und Details<\/strong><\/h3>\n<p data-start=\"3713\" data-end=\"3899\">F\u00fcr vollst\u00e4ndige Spezifikationen, Preise und Besichtigungstermine wenden Sie sich bitte <a class=\"decorated-link cursor-pointer\" title=\"AirSPS Kontakte\" href=\"https:\/\/airsps.com\/contacts\/\" rel=\"\" data-start=\"3785\" data-end=\"3827\">direkt an uns<\/a>.<br data-start=\"3830\" data-end=\"3833\">Weltweite Exportunterst\u00fctzung und \u00dcberf\u00fchrungsfl\u00fcge sind verf\u00fcgbar.<\/p>\n","protected":false},"excerpt":{"rendered":"<p data-start=\"947\" data-end=\"1265\">Suchen Sie einen zuverl\u00e4ssigen <strong data-start=\"970\" data-end=\"1001\">Mi-8AMT-Hubschrauber zum Verkauf<\/strong>? Dieser Mi-8AMT aus dem Jahr 2017 bietet eine einzigartige Kombination aus geringen Flugstunden, bew\u00e4hrter Leistung und Einsatzbereitschaft. Mit nur <strong data-start=\"1127\" data-end=\"1158\">1.252 Gesamtbetriebsstunden seit seiner Auslieferung<\/strong> ist dieses Flugzeug eines der <a title=\"Hubschrauber zu verkaufen\" href=\"\/?product_cat=helicopters-for-sale\" rel=\"\">Mi-8-Modelle in bestem Zustand<\/a>, die derzeit auf dem Weltmarkt erh\u00e4ltlich sind.<\/p>\n<h2 data-start=\"857\" data-end=\"946\"><strong data-start=\"861\" data-end=\"946\">Zu verkaufen: Hubschrauber Mi-8AMT \u2013 in au\u00dfergew\u00f6hnlich gutem Zustand und betriebsbereit<\/strong><\/h2>\n<h3 data-start=\"1644\" data-end=\"1667\"><strong data-start=\"1644\" data-end=\"1667\">Wichtige Spezifikationen:<\/strong><\/h3>\n<ul data-start=\"1668\" data-end=\"1870\">\n<li data-start=\"1668\" data-end=\"1690\">\n<p data-start=\"1670\" data-end=\"1690\"><strong data-start=\"1670\" data-end=\"1680\">Modell<\/strong>: Mi-8AMT<\/p>\n<\/li>\n<li data-start=\"1691\" data-end=\"1724\">\n<p data-start=\"1693\" data-end=\"1724\"><strong data-start=\"1693\" data-end=\"1717\">Baujahr<\/strong>: 2017<\/p>\n<\/li>\n<li data-start=\"1725\" data-end=\"1758\">\n<p data-start=\"1727\" data-end=\"1758\"><strong data-start=\"1727\" data-end=\"1750\">Gesamtflugstunden<\/strong>: 1.252<\/p>\n<\/li>\n<li data-start=\"1759\" data-end=\"1800\">\n<p data-start=\"1761\" data-end=\"1800\"><strong data-start=\"1761\" data-end=\"1773\">Motoren<\/strong>: 2 \u00d7 <a title=\"TV3-117VM Hubschraubermotor zu verkaufen\" href=\"https:\/\/airsps.com\/stock\/aircraft-parts-sales\/tv3-117vm-helicopter-engine\/\" rel=\"\">Klimov TV3-117VM<\/a><\/p>\n<\/li>\n<li data-start=\"1801\" data-end=\"1827\">\n<p data-start=\"1803\" data-end=\"1827\"><strong data-start=\"1803\" data-end=\"1816\">Standort<\/strong>: Malaysia<\/p>\n<\/li>\n<li data-start=\"1828\" data-end=\"1870\">\n<p data-start=\"1830\" data-end=\"1870\"><strong data-start=\"1830\" data-end=\"1844\">Zustand<\/strong>: Ausgezeichnet, flugbereit<\/p>\n<\/li>\n<\/ul>\n","protected":false},"featured_media":4934,"comment_status":"closed","ping_status":"closed","template":"","meta":[],"product_brand":[],"product_cat":[111],"product_tag":[],"class_list":{"0":"post-5117","1":"product","2":"type-product","3":"status-publish","4":"has-post-thumbnail","5":"","6":"product_cat-hubschrauber-zum-verkauf","8":"first","9":"instock","10":"sold-individually","11":"shipping-taxable","12":"product-type-simple"},"yoast_head":"<!-- This site is optimized with the Yoast SEO Premium plugin v27.1 (Yoast SEO v27.1.1) - https:\/\/yoast.com\/product\/yoast-seo-premium-wordpress\/ -->\n<title>Mi-8AMT zu verkaufen (2017) | Hubschrauber mit wenigen Betriebsstunden | Malaysia<\/title>\n<meta name=\"description\" content=\"Kaufen Sie einen Hubschrauber vom Typ Mi-8AMT, Baujahr 2017, zum Verkauf in Malaysia \u2013 nur 1.252 Flugstunden, ausgestattet mit TV3-117VM-Triebwerken, in ausgezeichnetem Zustand und betriebsbereit. Kontaktieren Sie uns noch heute.\" \/>\n<meta name=\"robots\" content=\"index, follow, max-snippet:-1, max-image-preview:large, max-video-preview:-1\" \/>\n<link rel=\"canonical\" href=\"https:\/\/airsps.com\/de\/aktie\/flugzeuge-zum-verkauf\/hubschrauber-zum-verkauf\/mi-8amt-zu-verkaufen-2017-wenig-betriebener-hubschrauber-malaysia\/\" \/>\n<script type=\"application\/ld+json\" class=\"yoast-schema-graph\">{\"@context\":\"https:\/\/schema.org\",\"@graph\":[{\"@type\":\"BreadcrumbList\",\"@id\":\"https:\/\/airsps.com\/de\/aktie\/flugzeuge-zum-verkauf\/hubschrauber-zum-verkauf\/mi-8amt-zu-verkaufen-2017-wenig-betriebener-hubschrauber-malaysia\/#breadcrumb\",\"itemListElement\":[{\"@type\":\"ListItem\",\"position\":1,\"name\":\"Wichtigsten\",\"item\":\"https:\/\/airsps.com\/de\/\"},{\"@type\":\"ListItem\",\"position\":2,\"name\":\"Aktie\",\"item\":\"https:\/\/airsps.com\/de\/aktie\/\"},{\"@type\":\"ListItem\",\"position\":3,\"name\":\"Mi-8AMT (2017) Low Hours, Fully Equipped &#8211; Malaysia\"}]}]}<\/script>\n<!-- \/ Yoast SEO Premium plugin. -->","yoast_head_json":{"title":"Mi-8AMT zu verkaufen (2017) | Hubschrauber mit wenigen Betriebsstunden | Malaysia","description":"Kaufen Sie einen Hubschrauber vom Typ Mi-8AMT, Baujahr 2017, zum Verkauf in Malaysia \u2013 nur 1.252 Flugstunden, ausgestattet mit TV3-117VM-Triebwerken, in ausgezeichnetem Zustand und betriebsbereit. Kontaktieren Sie uns noch heute.","robots":{"index":"index","follow":"follow","max-snippet":"max-snippet:-1","max-image-preview":"max-image-preview:large","max-video-preview":"max-video-preview:-1"},"canonical":"https:\/\/airsps.com\/de\/aktie\/flugzeuge-zum-verkauf\/hubschrauber-zum-verkauf\/mi-8amt-zu-verkaufen-2017-wenig-betriebener-hubschrauber-malaysia\/","schema":{"@context":"https:\/\/schema.org","@graph":[{"@type":"BreadcrumbList","@id":"https:\/\/airsps.com\/de\/aktie\/flugzeuge-zum-verkauf\/hubschrauber-zum-verkauf\/mi-8amt-zu-verkaufen-2017-wenig-betriebener-hubschrauber-malaysia\/#breadcrumb","itemListElement":[{"@type":"ListItem","position":1,"name":"Wichtigsten","item":"https:\/\/airsps.com\/de\/"},{"@type":"ListItem","position":2,"name":"Aktie","item":"https:\/\/airsps.com\/de\/aktie\/"},{"@type":"ListItem","position":3,"name":"Mi-8AMT (2017) Low Hours, Fully Equipped &#8211; Malaysia"}]}]}},"_links":{"self":[{"href":"https:\/\/airsps.com\/de\/wp-json\/wp\/v2\/product\/5117","targetHints":{"allow":["GET"]}}],"collection":[{"href":"https:\/\/airsps.com\/de\/wp-json\/wp\/v2\/product"}],"about":[{"href":"https:\/\/airsps.com\/de\/wp-json\/wp\/v2\/types\/product"}],"replies":[{"embeddable":true,"href":"https:\/\/airsps.com\/de\/wp-json\/wp\/v2\/comments?post=5117"}],"wp:featuredmedia":[{"embeddable":true,"href":"https:\/\/airsps.com\/de\/wp-json\/wp\/v2\/media\/4934"}],"wp:attachment":[{"href":"https:\/\/airsps.com\/de\/wp-json\/wp\/v2\/media?parent=5117"}],"wp:term":[{"taxonomy":"product_brand","embeddable":true,"href":"https:\/\/airsps.com\/de\/wp-json\/wp\/v2\/product_brand?post=5117"},{"taxonomy":"product_cat","embeddable":true,"href":"https:\/\/airsps.com\/de\/wp-json\/wp\/v2\/product_cat?post=5117"},{"taxonomy":"product_tag","embeddable":true,"href":"https:\/\/airsps.com\/de\/wp-json\/wp\/v2\/product_tag?post=5117"}],"curies":[{"name":"wp","href":"https:\/\/api.w.org\/{rel}","templated":true}]}}